{"id":2767,"date":"2023-10-09T09:06:06","date_gmt":"2023-10-09T02:06:06","guid":{"rendered":""},"modified":"2023-10-09T09:09:09","modified_gmt":"2023-10-09T02:09:09","slug":"sculpturing-service","status":"publish","type":"page","link":"https:\/\/danangsculpture.com.vn\/vi\/sculpturing-service\/","title":{"rendered":"D\u1ecbch v\u1ee5 \u0111i\u00eau kh\u1eafc"},"content":{"rendered":"<h2 style=\"text-align: justify; color: #f25432; font-size: 16px;\">D\u1ecbch v\u1ee5 ch\u00ednh:<\/h2>\n<p style=\"text-align: justify;\"><span style=\"font-size: 16px;\">&#8211; S\u1ea3n xu\u1ea5t, gia c\u00f4ng t\u01b0\u1ee3ng \u0111i\u00eau kh\u1eafc, ch\u00e2n dung, ph\u00f9 \u0111i\u00eau v\u00e0 c\u00e1c s\u1ea3n ph\u1ea9m \u0111\u00e1 ph\u1ee5c v\u1ee5 c\u00e1c c\u00f4ng tr\u00ecnh ki\u1ebfn tr\u00fac, t\u1ea1o c\u1ea3nh quan, c\u00e1c c\u00f4ng tr\u00ecnh t\u01b0\u1ee3ng \u0111\u00e0i, c\u00f4ng vi\u00ean, v\u01b0\u1eddn, trang tr\u00ed n\u1ed9i, ngo\u1ea1i th\u1ea5t<br \/>\n&#8211; S\u1ea3n xu\u1ea5t, gia c\u00f4ng theo \u0111\u01a1n h\u00e0ng ho\u1eb7c theo d\u1ef1 \u00e1n theo y\u00eau c\u1ea7u ri\u00eang ho\u1eb7c theo m\u1eabu m\u00e3, h\u00ecnh \u1ea3nh, thi\u1ebft k\u1ebf c\u1ee7a kh\u00e1ch h\u00e0ng<\/span><\/p>\n<p style=\"text-align: center;\"><strong style=\"color: #f25432; font-size: 16px;\"><em>\u0110i\u00eau kh\u1eafc theo y\u00eau c\u1ea7u ri\u00eang c\u1ee7a t\u1eebng kh\u00e1ch h\u00e0ng l\u00e0 th\u1ebf m\u1ea1nh c\u1ee7a Qu\u1ef9 \u0110i\u00eau kh\u1eafc \u0110\u00e0 N\u1eb5ng!<\/em><\/strong><\/p>\n<p style=\"text-align: justify;\"><span style=\"font-size: 16px;\">&#8211; Ch\u00fang t\u00f4i hoan ngh\u00eanh qu\u00fd kh\u00e1ch g\u1eedi thi\u1ebft k\u1ebf, h\u00ecnh \u1ea3nh v\u00e0 quy c\u00e1ch ri\u00eang c\u1ee7a m\u00ecnh.<br \/>\n&#8211; Q<\/span><span style=\"font-size: 16px;\">u\u00fd kh\u00e1ch\u00a0<\/span><span style=\"font-size: 16px;\">c\u00f3 th\u1ec3 t\u00f9y ch\u1ecdn k\u00edch th\u01b0\u1edbc, nguy\u00ean li\u1ec7u, m\u00e0u s\u1eafc v\u00e0 phong c\u00e1ch t\u01b0\u1ee3ng theo s\u1edf th\u00edch ri\u00eang c\u1ee7a m\u00ecnh.<br \/>\n&#8211; Quy tr\u00ecnh s\u1ea3n xu\u1ea5t theo y\u00eau c\u1ea7u ri\u00eang:<\/span><\/p>\n<p style=\"text-align: justify;\"><span style=\"font-size: 16px;\">+ \u00dd t\u01b0\u1edfng ho\u1eb7c y\u00eau c\u1ea7u c\u1ee7a\u00a0<\/span><span style=\"font-size: 16px;\">qu\u00fd kh\u00e1ch\u00a0<\/span><span style=\"font-size: 16px;\">k\u1ebft h\u1ee3p v\u1edbi m\u1eabu c\u1ee7a ch\u00fang t\u00f4i:<\/span><\/p>\n<p style=\"text-align: center;\"><em><span style=\"font-size: 16px;\"><img decoding=\"async\" style=\"--smush-placeholder-width: 941px; --smush-placeholder-aspect-ratio: 941\/429;width: 90%;\" data-src=\"\/wp-content\/uploads\/image\/images\/shipment\/zzzz.jpg\" alt=\"\" src=\"data:image\/svg+xml;base64,PHN2ZyB3aWR0aD0iMSIgaGVpZ2h0PSIxIiB4bWxucz0iaHR0cDovL3d3dy53My5vcmcvMjAwMC9zdmciPjwvc3ZnPg==\" class=\"lazyload\" \/><\/span><\/em><\/p>\n<p style=\"text-align: justify;\"><span style=\"font-size: 16px;\">+ Thi\u1ebft k\u1ebf ho\u1eb7c m\u1eabu c\u1ee7a\u00a0<\/span><span style=\"font-size: 16px;\">qu\u00fd kh\u00e1ch<\/span><span style=\"font-size: 16px;\">:<\/span><\/p>\n<p style=\"text-align: center;\"><em><span style=\"font-size: 16px;\"><img decoding=\"async\" style=\"--smush-placeholder-width: 926px; --smush-placeholder-aspect-ratio: 926\/493;width: 90%;\" data-src=\"\/wp-content\/uploads\/image\/images\/shipment\/zczc.jpg\" alt=\"\" src=\"data:image\/svg+xml;base64,PHN2ZyB3aWR0aD0iMSIgaGVpZ2h0PSIxIiB4bWxucz0iaHR0cDovL3d3dy53My5vcmcvMjAwMC9zdmciPjwvc3ZnPg==\" class=\"lazyload\" \/><\/span><\/em><\/p>\n<h2 style=\"text-align: justify; color: #f25432; font-size: 16px;\">D\u1ecbch v\u1ee5 cho thu\u00ea nh\u00e0 x\u01b0\u1edfng \u0111i\u00eau kh\u1eafc<\/h2>\n<p><span style=\"font-size: 16px; text-align: justify;\">&#8211; Cho thu\u00ea nh\u00e0 x\u01b0\u1edfng, nh\u00e2n c\u00f4ng, v\u1eadt li\u1ec7u, c\u00e1c thi\u1ebft b\u1ecb c\u1ea7n thi\u1ebft c\u0169ng nh\u01b0 h\u1ed7 tr\u1ee3 d\u1ecbch v\u1ee5 v\u1eadn chuy\u1ec3n, l\u01b0u tr\u00fa cho c\u00e1c nh\u00e0 \u0111i\u00eau kh\u1eafc v\u00e0 ngh\u1ec7 nh\u00e2n l\u00e0m vi\u1ec7c v\u00e0 th\u1ef1c hi\u1ec7n t\u00e1c ph\u1ea9m \u0111i\u00eau kh\u1eafc<\/span><\/p>\n<p><iframe title=\"Qu\u1ef9 \u0110i\u00eau kh\u1eafc \u0110\u00e0 N\u1eb5ng - Danang Sculpture Foundation\" width=\"640\" height=\"480\" data-src=\"https:\/\/www.youtube.com\/embed\/AKKDz9ajvpU?feature=oembed\" frameborder=\"0\" allow=\"accelerometer; autoplay; clipboard-write; encrypted-media; gyroscope; picture-in-picture; web-share\" referrerpolicy=\"strict-origin-when-cross-origin\" allowfullscreen src=\"data:image\/svg+xml;base64,PHN2ZyB3aWR0aD0iMSIgaGVpZ2h0PSIxIiB4bWxucz0iaHR0cDovL3d3dy53My5vcmcvMjAwMC9zdmciPjwvc3ZnPg==\" class=\"lazyload\" data-load-mode=\"1\"><\/iframe><\/p>\n<h2 style=\"text-align: justify; color: #f25432; font-size: 16px;\"><a href=\"http:\/\/danangsculpture.com\/vn\/post\/57-tour-trai-nghiem-quotmot-hai-ngay-lam-dieu-khac-giaquot.html\"><span style=\"color: #ff8c00;\">Tour tr\u1ea3i nghi\u1ec7m &#8220;M\u1ed8T &#8211; HAI NG\u00c0Y L\u00c0M \u0110I\u00caU KH\u1eaeC GIA&#8221;<\/span><\/a><\/h2>\n<p style=\"text-align: center;\"><iframe data-src=\"https:\/\/www.youtube.com\/embed\/GzRj7Uti1ok?rel=0\" width=\"560px\" height=\"315\" frameborder=\"0\" scrolling=\"no\" allowfullscreen=\"allowfullscreen\" src=\"data:image\/svg+xml;base64,PHN2ZyB3aWR0aD0iMSIgaGVpZ2h0PSIxIiB4bWxucz0iaHR0cDovL3d3dy53My5vcmcvMjAwMC9zdmciPjwvc3ZnPg==\" class=\"lazyload\" data-load-mode=\"1\"><\/iframe><\/p>\n<p><strong><span style=\"color: #f25432; font-size: 16px; text-align: justify;\">C\u00e1c d\u1ecbch v\u1ee5 kh\u00e1c:<\/span><\/strong><\/p>\n<p style=\"text-align: justify;\"><span style=\"font-size: 16px;\">&#8211; T\u1ed5 ch\u1ee9c thi c\u00f4ng, th\u1ef1c hi\u1ec7n c\u00e1c tr\u1ea1i s\u00e1ng t\u00e1c \u0111i\u00eau kh\u1eafc<br \/>\n&#8211; T\u1ea1o s\u00e2n ch\u01a1i cho c\u00e1c nh\u00e0 \u0111i\u00eau kh\u1eafc chuy\u00ean nghi\u1ec7p v\u00e0 nghi\u1ec7p d\u01b0 trong v\u00e0 ngo\u00e0i n\u01b0\u1edbc nghi\u00ean c\u1ee9u, th\u1ef1c h\u00e0nh, trao \u0111\u1ed5i kinh nghi\u1ec7m, ki\u1ebfn th\u1ee9c<br \/>\n&#8211; T\u1ed5 ch\u1ee9c c\u00e1c nh\u00f3m, l\u1edbp h\u1ecdc \u0111i\u00eau kh\u1eafc v\u00e0 c\u00e1c chuy\u1ebfn \u0111i trao \u0111\u1ed5i v\u1ec1 \u0111i\u00eau kh\u1eafc v\u00e0 v\u0103n h\u00f3a cho nh\u1eefng ng\u01b0\u1eddi y\u00eau ngh\u1ec7 thu\u1eadt trong v\u00e0 ngo\u00e0i n\u01b0\u1edbc<\/span><\/p>\n<table style=\"width: 100%;\" border=\"0\" cellspacing=\"1\" cellpadding=\"1\" align=\"center\">\n<tbody>\n<tr>\n<td style=\"text-align: center;\"><em><img decoding=\"async\" style=\"width: 80%;\" data-src=\"\/wp-content\/uploads\/image\/images\/about\/Sculpturing%20Service\/1.png\" alt=\"\" src=\"data:image\/svg+xml;base64,PHN2ZyB3aWR0aD0iMSIgaGVpZ2h0PSIxIiB4bWxucz0iaHR0cDovL3d3dy53My5vcmcvMjAwMC9zdmciPjwvc3ZnPg==\" class=\"lazyload\" \/><\/em><\/td>\n<td style=\"text-align: center;\"><em><img decoding=\"async\" style=\"width: 80%;\" data-src=\"\/wp-content\/uploads\/image\/images\/about\/Sculpturing%20Service\/2.png\" alt=\"\" src=\"data:image\/svg+xml;base64,PHN2ZyB3aWR0aD0iMSIgaGVpZ2h0PSIxIiB4bWxucz0iaHR0cDovL3d3dy53My5vcmcvMjAwMC9zdmciPjwvc3ZnPg==\" class=\"lazyload\" \/><\/em><\/td>\n<td style=\"text-align: center;\"><em><img decoding=\"async\" style=\"width: 80%;\" data-src=\"\/wp-content\/uploads\/image\/images\/about\/Sculpturing%20Service\/3.png\" alt=\"\" src=\"data:image\/svg+xml;base64,PHN2ZyB3aWR0aD0iMSIgaGVpZ2h0PSIxIiB4bWxucz0iaHR0cDovL3d3dy53My5vcmcvMjAwMC9zdmciPjwvc3ZnPg==\" class=\"lazyload\" \/><\/em><em>\u00a0<\/em><\/td>\n<\/tr>\n<tr>\n<td style=\"text-align: center;\"><em><img decoding=\"async\" style=\"width: 80%;\" data-src=\"\/wp-content\/uploads\/image\/images\/about\/Sculpturing%20Service\/4.png\" alt=\"\" src=\"data:image\/svg+xml;base64,PHN2ZyB3aWR0aD0iMSIgaGVpZ2h0PSIxIiB4bWxucz0iaHR0cDovL3d3dy53My5vcmcvMjAwMC9zdmciPjwvc3ZnPg==\" class=\"lazyload\" \/><\/em><\/td>\n<td style=\"text-align: center;\"><em><img decoding=\"async\" style=\"text-align: left; width: 80%;\" data-src=\"\/wp-content\/uploads\/image\/images\/about\/Sculpturing%20Service\/5.png\" alt=\"\" src=\"data:image\/svg+xml;base64,PHN2ZyB3aWR0aD0iMSIgaGVpZ2h0PSIxIiB4bWxucz0iaHR0cDovL3d3dy53My5vcmcvMjAwMC9zdmciPjwvc3ZnPg==\" class=\"lazyload\" \/><\/em><\/td>\n<td>\n<p style=\"text-align: center;\"><em><img decoding=\"async\" style=\"width: 80%;\" data-src=\"\/wp-content\/uploads\/image\/images\/about\/Sculpturing%20Service\/6.png\" alt=\"\" src=\"data:image\/svg+xml;base64,PHN2ZyB3aWR0aD0iMSIgaGVpZ2h0PSIxIiB4bWxucz0iaHR0cDovL3d3dy53My5vcmcvMjAwMC9zdmciPjwvc3ZnPg==\" class=\"lazyload\" \/><\/em><\/p>\n<\/td>\n<\/tr>\n<tr>\n<td style=\"text-align: center;\"><em><img decoding=\"async\" style=\"width: 80%;\" data-src=\"\/wp-content\/uploads\/image\/images\/about\/Sculpturing%20Service\/7.png\" alt=\"\" src=\"data:image\/svg+xml;base64,PHN2ZyB3aWR0aD0iMSIgaGVpZ2h0PSIxIiB4bWxucz0iaHR0cDovL3d3dy53My5vcmcvMjAwMC9zdmciPjwvc3ZnPg==\" class=\"lazyload\" \/><\/em><\/td>\n<td style=\"text-align: center;\"><em><img decoding=\"async\" style=\"text-align: left; width: 80%;\" data-src=\"\/wp-content\/uploads\/image\/images\/about\/Sculpturing%20Service\/8.png\" alt=\"\" src=\"data:image\/svg+xml;base64,PHN2ZyB3aWR0aD0iMSIgaGVpZ2h0PSIxIiB4bWxucz0iaHR0cDovL3d3dy53My5vcmcvMjAwMC9zdmciPjwvc3ZnPg==\" class=\"lazyload\" \/><\/em><\/td>\n<td style=\"text-align: justify;\">\n<p style=\"text-align: center;\"><em><img decoding=\"async\" style=\"width: 80%;\" data-src=\"\/wp-content\/uploads\/image\/images\/about\/Sculpturing%20Service\/9.png\" alt=\"\" src=\"data:image\/svg+xml;base64,PHN2ZyB3aWR0aD0iMSIgaGVpZ2h0PSIxIiB4bWxucz0iaHR0cDovL3d3dy53My5vcmcvMjAwMC9zdmciPjwvc3ZnPg==\" class=\"lazyload\" \/><\/em><\/p>\n<\/td>\n<\/tr>\n<tr>\n<td>\n<p style=\"text-align: center;\"><em><img decoding=\"async\" style=\"width: 80%;\" data-src=\"\/wp-content\/uploads\/image\/images\/about\/Sculpturing%20Service\/10.png\" alt=\"\" src=\"data:image\/svg+xml;base64,PHN2ZyB3aWR0aD0iMSIgaGVpZ2h0PSIxIiB4bWxucz0iaHR0cDovL3d3dy53My5vcmcvMjAwMC9zdmciPjwvc3ZnPg==\" class=\"lazyload\" \/><\/em><\/p>\n<\/td>\n<td style=\"text-align: center;\"><em><img decoding=\"async\" style=\"text-align: left; width: 80%;\" data-src=\"\/wp-content\/uploads\/image\/images\/about\/Sculpturing%20Service\/11.png\" alt=\"\" src=\"data:image\/svg+xml;base64,PHN2ZyB3aWR0aD0iMSIgaGVpZ2h0PSIxIiB4bWxucz0iaHR0cDovL3d3dy53My5vcmcvMjAwMC9zdmciPjwvc3ZnPg==\" class=\"lazyload\" \/><\/em><\/td>\n<td style=\"text-align: justify;\">\n<p style=\"text-align: center;\"><em><img decoding=\"async\" style=\"width: 80%;\" data-src=\"\/wp-content\/uploads\/image\/images\/about\/Sculpturing%20Service\/12.png\" alt=\"\" src=\"data:image\/svg+xml;base64,PHN2ZyB3aWR0aD0iMSIgaGVpZ2h0PSIxIiB4bWxucz0iaHR0cDovL3d3dy53My5vcmcvMjAwMC9zdmciPjwvc3ZnPg==\" class=\"lazyload\" \/><\/em><\/p>\n<\/td>\n<\/tr>\n<tr>\n<td style=\"text-align: center;\"><em><img decoding=\"async\" style=\"width: 80%;\" data-src=\"\/wp-content\/uploads\/image\/images\/about\/Sculpturing%20Service\/13.png\" alt=\"\" src=\"data:image\/svg+xml;base64,PHN2ZyB3aWR0aD0iMSIgaGVpZ2h0PSIxIiB4bWxucz0iaHR0cDovL3d3dy53My5vcmcvMjAwMC9zdmciPjwvc3ZnPg==\" class=\"lazyload\" \/><\/em><\/td>\n<td style=\"text-align: center;\"><em><img decoding=\"async\" style=\"width: 80%;\" data-src=\"\/wp-content\/uploads\/image\/images\/about\/Sculpturing%20Service\/14.png\" alt=\"\" src=\"data:image\/svg+xml;base64,PHN2ZyB3aWR0aD0iMSIgaGVpZ2h0PSIxIiB4bWxucz0iaHR0cDovL3d3dy53My5vcmcvMjAwMC9zdmciPjwvc3ZnPg==\" class=\"lazyload\" \/><\/em><\/td>\n<td style=\"text-align: center;\"><em><img decoding=\"async\" style=\"width: 80%;\" data-src=\"\/wp-content\/uploads\/image\/images\/about\/Sculpturing%20Service\/15.png\" alt=\"\" src=\"data:image\/svg+xml;base64,PHN2ZyB3aWR0aD0iMSIgaGVpZ2h0PSIxIiB4bWxucz0iaHR0cDovL3d3dy53My5vcmcvMjAwMC9zdmciPjwvc3ZnPg==\" class=\"lazyload\" \/><\/em><\/td>\n<\/tr>\n<\/tbody>\n<\/table>\n","protected":false},"excerpt":{"rendered":"<p>D\u1ecbch v\u1ee5 ch\u00ednh: &#8211; S\u1ea3n xu\u1ea5t, gia c\u00f4ng t\u01b0\u1ee3ng \u0111i\u00eau kh\u1eafc, ch\u00e2n dung, ph\u00f9 \u0111i\u00eau v\u00e0 c\u00e1c s\u1ea3n ph\u1ea9m \u0111\u00e1 ph\u1ee5c v\u1ee5 c\u00e1c c\u00f4ng tr\u00ecnh ki\u1ebfn tr\u00fac, t\u1ea1o c\u1ea3nh quan, c\u00e1c c\u00f4ng tr\u00ecnh t\u01b0\u1ee3ng \u0111\u00e0i, c\u00f4ng vi\u00ean, v\u01b0\u1eddn, trang tr\u00ed n\u1ed9i, ngo\u1ea1i th\u1ea5t &#8211; S\u1ea3n xu\u1ea5t, gia c\u00f4ng theo \u0111\u01a1n h\u00e0ng ho\u1eb7c theo d\u1ef1 \u00e1n theo y\u00eau c\u1ea7u ri\u00eang ho\u1eb7c theo m\u1eabu m\u00e3, h\u00ecnh \u1ea3nh, thi\u1ebft k\u1ebf c\u1ee7a kh\u00e1ch h\u00e0ng&hellip;<\/p>\n","protected":false},"author":2,"featured_media":0,"parent":0,"menu_order":0,"comment_status":"closed","ping_status":"closed","template":"","meta":{"footnotes":""},"class_list":["post-2767","page","type-page","status-publish","hentry"],"yoast_head":"<!-- This site is optimized with the Yoast SEO plugin v16.6.1 - https:\/\/yoast.com\/wordpress\/plugins\/seo\/ -->\n<title>D\u1ecbch v\u1ee5 \u0111i\u00eau kh\u1eafc - Danang Sculpture Foundation<\/title>\n<meta name=\"robots\" content=\"index, follow, max-snippet:-1, max-image-preview:large, max-video-preview:-1\" \/>\n<link rel=\"canonical\" href=\"https:\/\/www.danangsculpture.com.vn\/vi\/sculpturing-service\/\" \/>\n<meta property=\"og:locale\" content=\"vi_VN\" \/>\n<meta property=\"og:type\" content=\"article\" \/>\n<meta property=\"og:title\" content=\"D\u1ecbch v\u1ee5 \u0111i\u00eau kh\u1eafc\" \/>\n<meta property=\"og:description\" content=\"\" \/>\n<meta property=\"og:url\" content=\"https:\/\/www.danangsculpture.com.vn\/vi\/sculpturing-service\/\" \/>\n<meta property=\"og:site_name\" content=\"Danang Sculpture Foundation\" \/>\n<meta property=\"article:modified_time\" content=\"2023-10-09T02:09:09+00:00\" \/>\n<meta property=\"og:image\" content=\"https:\/\/danangsculpture.com.vn\/wp-content\/uploads\/image\/images\/shipment\/shipment.jpg\" \/>\n<meta name=\"twitter:card\" content=\"summary_large_image\" \/>\n<meta name=\"twitter:label1\" content=\"\u01af\u1edbc t\u00ednh th\u1eddi gian \u0111\u1ecdc\" \/>\n\t<meta name=\"twitter:data1\" content=\"3 ph\u00fat\" \/>\n<script type=\"application\/ld+json\" class=\"yoast-schema-graph\">{\"@context\":\"https:\/\/schema.org\",\"@graph\":[{\"@type\":\"WebSite\",\"@id\":\"https:\/\/danangsculpture.com.vn\/#website\",\"url\":\"https:\/\/danangsculpture.com.vn\/\",\"name\":\"Danang Sculpture Foundation\",\"description\":\"Giving spirit to stones\",\"potentialAction\":[{\"@type\":\"SearchAction\",\"target\":{\"@type\":\"EntryPoint\",\"urlTemplate\":\"https:\/\/danangsculpture.com.vn\/?s={search_term_string}\"},\"query-input\":\"required name=search_term_string\"}],\"inLanguage\":\"vi\"},{\"@type\":\"ImageObject\",\"@id\":\"https:\/\/www.danangsculpture.com.vn\/vi\/sculpturing-service\/#primaryimage\",\"inLanguage\":\"vi\",\"url\":\"\/wp-content\/uploads\/image\/images\/shipment\/shipment.jpg\",\"contentUrl\":\"\/wp-content\/uploads\/image\/images\/shipment\/shipment.jpg\"},{\"@type\":\"WebPage\",\"@id\":\"https:\/\/www.danangsculpture.com.vn\/vi\/sculpturing-service\/#webpage\",\"url\":\"https:\/\/www.danangsculpture.com.vn\/vi\/sculpturing-service\/\",\"name\":\"[:en]Sculpturing service[:vi]D\\u1ecbch v\\u1ee5 \\u0111i\\u00eau kh\\u1eafc[:] - Danang Sculpture Foundation\",\"isPartOf\":{\"@id\":\"https:\/\/danangsculpture.com.vn\/#website\"},\"primaryImageOfPage\":{\"@id\":\"https:\/\/www.danangsculpture.com.vn\/vi\/sculpturing-service\/#primaryimage\"},\"datePublished\":\"2023-10-09T02:06:06+00:00\",\"dateModified\":\"2023-10-09T02:09:09+00:00\",\"breadcrumb\":{\"@id\":\"https:\/\/www.danangsculpture.com.vn\/vi\/sculpturing-service\/#breadcrumb\"},\"inLanguage\":\"vi\",\"potentialAction\":[{\"@type\":\"ReadAction\",\"target\":[\"https:\/\/www.danangsculpture.com.vn\/vi\/sculpturing-service\/\"]}]},{\"@type\":\"BreadcrumbList\",\"@id\":\"https:\/\/www.danangsculpture.com.vn\/vi\/sculpturing-service\/#breadcrumb\",\"itemListElement\":[{\"@type\":\"ListItem\",\"position\":1,\"name\":\"Home\",\"item\":\"https:\/\/danangsculpture.com.vn\/\"},{\"@type\":\"ListItem\",\"position\":2,\"name\":\"D\\u1ecbch v\\u1ee5 \\u0111i\\u00eau kh\\u1eafc\"}]}]}<\/script>\n<!-- \/ Yoast SEO plugin. -->","_links":{"self":[{"href":"https:\/\/danangsculpture.com.vn\/vi\/wp-json\/wp\/v2\/pages\/2767","targetHints":{"allow":["GET"]}}],"collection":[{"href":"https:\/\/danangsculpture.com.vn\/vi\/wp-json\/wp\/v2\/pages"}],"about":[{"href":"https:\/\/danangsculpture.com.vn\/vi\/wp-json\/wp\/v2\/types\/page"}],"author":[{"embeddable":true,"href":"https:\/\/danangsculpture.com.vn\/vi\/wp-json\/wp\/v2\/users\/2"}],"replies":[{"embeddable":true,"href":"https:\/\/danangsculpture.com.vn\/vi\/wp-json\/wp\/v2\/comments?post=2767"}],"version-history":[{"count":2,"href":"https:\/\/danangsculpture.com.vn\/vi\/wp-json\/wp\/v2\/pages\/2767\/revisions"}],"predecessor-version":[{"id":5255,"href":"https:\/\/danangsculpture.com.vn\/vi\/wp-json\/wp\/v2\/pages\/2767\/revisions\/5255"}],"wp:attachment":[{"href":"https:\/\/danangsculpture.com.vn\/vi\/wp-json\/wp\/v2\/media?parent=2767"}],"curies":[{"name":"wp","href":"https:\/\/api.w.org\/{rel}","templated":true}]}}