{"id":2771,"date":"-0001-11-30T00:00:00","date_gmt":"-0001-11-29T17:00:00","guid":{"rendered":""},"modified":"-0001-11-30T00:00:00","modified_gmt":"-0001-11-29T17:00:00","slug":"basis-process-of-stone-carving","status":"publish","type":"page","link":"https:\/\/danangsculpture.com.vn\/vi\/basis-process-of-stone-carving\/","title":{"rendered":"Quy tr\u00ecnh \u0111i\u00eau kh\u1eafc \u0111\u00e1 c\u01a1 b\u1ea3n"},"content":{"rendered":"<p style=\"text-align: justify;\">\n\t\u0110i&ecirc;u kh\u1eafc \u0111&aacute; l&agrave; qu&aacute; tr&igrave;nh ng\u01b0\u1eddi ngh\u1ec7 s\u1ef9, ngh\u1ec7 nh&acirc;n t\u1ea1o n&ecirc;n t\u01b0\u1ee3ng \u0111i&ecirc;u kh\u1eafc. \u0110&aacute; c&oacute; nhi\u1ec1u lo\u1ea1i kh&aacute;c nhau, \u0111em \u0111\u1ebfn cho ngh\u1ec7 nh&acirc;n nh\u1eefng l\u1ef1a ch\u1ecdn phong ph&uacute; v\u1ec1 m&agrave;u s\u1eafc, ch\u1ea5t l\u01b0\u1ee3ng, \u0111\u1ed9 c\u1ee9ng.&nbsp; \u0110&aacute; c&agrave;ng m\u1ec1m th&igrave; c&agrave;ng d\u1ec5 thao t&aacute;c. \u0110&aacute; m\u1ec1m nh\u01b0 \u0111&aacute; v&ocirc;i m\u1ec1m, \u0111&aacute; b\u1ecdt, \u0111&aacute; soapstone l&agrave; lo\u1ea1i m\u1ec1m nh\u1ea5t, d\u1ec5 d&agrave;ng \u0111i&ecirc;u kh\u1eafc v\u1edbi nh\u1eefng v\u1eadt d\u1ee5ng d\u1ec5 t&igrave;m nh\u01b0 \u0111&aacute; c\u1ee9ng h\u01a1n ho\u1eb7c ch\u1ec9 b\u1eb1ng m&oacute;ng tay. Nh\u1eefng lo\u1ea1i \u0111&aacute; nh\u01b0 th\u1ea1ch cao tuy\u1ebft hoa, \u0111&aacute; v&ocirc;i, sa th\u1ea1ch, x\u1ebfp h\u1ea1ng trung b&igrave;nh v\u1ec1 \u0111\u1ed9 c\u1ee9ng, c&oacute; th\u1ec3 \u0111\u01b0\u1ee3c \u0111i&ecirc;u kh\u1eafc b\u1edfi c&aacute;c d\u1ee5ng c\u1ee5 b\u1eb1ng s\u1eaft \u0111\u01a1n gi\u1ea3n ho\u1eb7c c&aacute;c c&ocirc;ng c\u1ee5 m&agrave;i m&ograve;n. Lo\u1ea1i \u0111&aacute; c\u1ee9ng nh\u1ea5t v&agrave; c&oacute; \u0111\u1ed9 b\u1ec1n cao nh\u1ea5t l&agrave; \u0111&aacute; n&uacute;i l\u1eeda, bao g\u1ed3m \u0111&aacute; hoa c\u01b0\u01a1ng, \u0111&aacute; diorit v&agrave; \u0111&aacute; bazan, r\u1ea5t kh&oacute; \u0111i&ecirc;u kh\u1eafc, ngay c\u1ea3 khi d&ugrave;ng c&aacute;c d\u1ee5ng c\u1ee5 c&oacute; m\u0169i b\u1eb1ng cacbua vonfram hay th&eacute;p c\u1ee9ng.<\/p>\n<p>\n\tB&ecirc;n c\u1ea1nh nh\u1eefng d\u1ee5ng c\u1ee5 truy\u1ec1n th\u1ed1ng nh\u01b0 c&aacute;c lo\u1ea1i \u0111\u1ee5c \u0111i\u1ec3m, \u0111\u1ee5c r\u0103ng c\u01b0a, \u0111\u1ee5c b\u1eb1ng, th\u1eb3ng v&agrave; b&uacute;a, c&aacute;c ngh\u1ec7 nh&acirc;n c&ograve;n d&ugrave;ng nh\u1eefng lo\u1ea1i m&aacute;y nh\u01b0 b&uacute;a h\u01a1i, m&aacute;y m&agrave;i g&oacute;c, m&aacute;y c\u1eaft tay v&agrave; nhi\u1ec1u lo\u1ea1i m&aacute;y khoan tay kh&aacute;c.<\/p>\n<p style=\"text-align: justify;\">\n\tNgh\u1ec7 nh&acirc;n c&oacute; th\u1ec3 \u0111\u1ee5c t\u01b0\u1ee3ng b\u1eb1ng ph\u01b0\u01a1ng ph&aacute;p \u0111i&ecirc;u kh\u1eafc tr\u1ef1c ti\u1ebfp, t\u1ee9c l&agrave; \u0111\u1ee5c tr\u1ef1c ti\u1ebfp tr&ecirc;n vi&ecirc;n \u0111&aacute; \u0111\u01b0\u1ee3c ch\u1ecdn, ch\u1ee7 y\u1ebfu d\u1ef1a v&agrave;o t&iacute;nh ch\u1ea5t v&agrave; h&igrave;nh d&aacute;ng t\u1ef1 nhi&ecirc;n c\u1ee7a \u0111&aacute; v&agrave; c&aacute;c ph&aacute;c th\u1ea3o ho\u1eb7c b\u1ea3n v\u1ebd \u0111\u1ec3 \u0111i&ecirc;u kh\u1eafc th&agrave;nh t\u01b0\u1ee3ng. Tuy nhi&ecirc;n, \u0111\u1ec3 t\u1ea1o \u0111\u01b0\u1ee3c nh\u1eefng t&aacute;c ph\u1ea9m \u0111i&ecirc;u kh\u1eafc ch\u1ea5t l\u01b0\u1ee3ng cao, h\u1ea7u h\u1ebft c&aacute;c ngh\u1ec7 nh&acirc;n \u0111\u1ec1u ch\u1ecdn ph\u01b0\u01a1ng ph&aacute;p \u0111i&ecirc;u kh\u1eafc gi&aacute;n ti\u1ebfp, t\u1ee9c l&agrave; s\u1eed d\u1ee5ng m\u1eabu chi ti\u1ebft theo t\u1ef7 l\u1ec7 thu nh\u1ecf ho\u1eb7c b\u1eb1ng k&iacute;ch th\u01b0\u1edbc th\u1eadt (m\u1eabu n&agrave;y \u0111\u01b0\u1ee3c l&ecirc;n t\u1eeb \u0111\u1ea5t s&eacute;t sau \u0111&oacute; \u0111\u1ed5 sang th\u1ea1ch cao, s&aacute;p ho\u1eb7c composite) \u0111\u1ec3 ch&eacute;p qua ch\u1ea5t li\u1ec7u \u0111&aacute; v\u1edbi c&aacute;c b\u01b0\u1edbc c\u01a1 b\u1ea3n sau:<br \/>\n\t&nbsp;<\/p>\n<h3 style=\"text-align: justify; font-size:14px; color:#f25432; \">\n\tRa ph&ocirc;i \u0111&aacute;<\/h3>\n<p style=\"text-align: justify;\">\n\tSau khi l\u1ef1a ch\u1ecdn vi&ecirc;n \u0111&aacute; th&iacute;ch h\u1ee3p, ngh\u1ec7 nh&acirc;n th\u01b0\u1eddng b\u1eaft \u0111\u1ea7u g\u1ecdt b\u1ecf nh\u1eefng m\u1ea3ng l\u1edbn ph\u1ea7n \u0111&aacute; kh&ocirc;ng c\u1ea7n \u0111\u1ebfn b\u1eb1ng d\u1ee5ng c\u1ee5 \u0111\u1ee5c \u0111i\u1ec3m, \u0111\u1ee5c n&ecirc;m v&agrave; b&uacute;a \u0111\u1ee5c \u0111&aacute;. C\u1ea1nh d\u1ee5ng c\u1ee5 \u0111\u1ee5c \u0111\u01b0\u1ee3c \u0111\u1eb7t t\u1ef1a v&agrave;o ph\u1ea7n \u0111&aacute; \u0111\u01b0\u1ee3c ch\u1ecdn v&agrave; d&ugrave;ng b&uacute;a g&otilde; r\u1edbt ra v\u1edbi m\u1ed9t l\u1ef1c \u0111\u01b0\u1ee3c ki\u1ec3m so&aacute;t m\u1ed9t c&aacute;ch kh&eacute;o l&eacute;o.<br \/>\n\t&nbsp;<\/p>\n<h3 style=\"text-align: justify; font-size:14px; color:#f25432; \">\n\tT\u1ea1o d&aacute;ng, ch\u1ec9nh h&igrave;nh<\/h3>\n<p style=\"text-align: justify;\">\n\tSau khi xong ph&ocirc;i t\u01b0\u1ee3ng, ngh\u1ec7 nh&acirc;n d&ugrave;ng ph\u1ea5n ho\u1eb7c b&uacute;t ch&igrave; \u0111&aacute;nh d\u1ea5u ch&iacute;nh x&aacute;c l&ecirc;n \u0111&aacute;, s\u1eed d\u1ee5ng c&aacute;c d\u1ee5ng c\u1ee5 kh&aacute;c nh\u01b0 \u0111\u1ee5c r\u0103ng c\u01b0a \u0111\u1ec3 ch\u1ec9nh h&igrave;nh, t\u1ea1o ma che cho t\u01b0\u1ee3ng.&nbsp; L&uacute;c n&agrave;y, ngh\u1ec7 nh&acirc;n d&ugrave;ng b&uacute;a v&agrave; \u0111\u1ee5c v\u1edbi l\u1ef1c n&ocirc;ng v&agrave; tinh t\u1ebf h\u01a1n.<br \/>\n\t&nbsp;<\/p>\n<h3 style=\"text-align: justify; font-size:14px; color:#f25432; \">\n\t\u0110i v&agrave;o chi ti\u1ebft v&agrave; ho&agrave;n thi\u1ec7n t\u01b0\u1ee3ng<\/h3>\n<p style=\"text-align: justify;\">\n\tSau khi t\u1ea1o \u0111\u01b0\u1ee3c h&igrave;nh d&aacute;ng c\u01a1 b\u1ea3n c\u1ee7a t\u01b0\u1ee3ng, ngh\u1ec7 nh&acirc;n d&ugrave;ng c&aacute;c d\u1ee5ng c\u1ee5 m&agrave;i gi\u0169a \u0111\u1ec3 \u0111\u01b0a t\u01b0\u1ee3ng v\u1ec1 \u0111&uacute;ng h&igrave;nh d\u1ea1ng cu\u1ed1i c&ugrave;ng, lo\u1ea1i b\u1ecf nh\u1eefng ph\u1ea7n \u0111&aacute; nh\u1ecf c&ograve;n d\u01b0 th\u1eeba.&nbsp; D\u1ee5ng c\u1ee5 m&agrave;i nh\u1ecf s\u1ebd \u0111\u01b0\u1ee3c d&ugrave;ng \u0111\u1ec3 t\u1ea1o nh\u1eefng chi ti\u1ebft tinh t\u1ebf nh\u01b0 c&aacute;c n\u1ebfp g\u1ea5p qu\u1ea7n &aacute;o, c&aacute;c l\u1ecdn t&oacute;c.<br \/>\n\t&nbsp;<\/p>\n<h3 style=\"text-align: justify; font-size:14px; color:#f25432; \">\n\t\u0110&aacute;nh b&oacute;ng<\/h3>\n<p style=\"text-align: justify;\">\n\tCu\u1ed1i c&ugrave;ng, t\u01b0\u1ee3ng \u0111\u01b0\u1ee3c m&agrave;i b&oacute;ng b\u1eb1ng gi\u1ea5y nh&aacute;m \u0111\u1ec3 l&agrave;m n\u1ed5i b\u1eadt m&agrave;u s\u1eafc \u0111&aacute;, c&aacute;c chi ti\u1ebft b\u1ec1 m\u1eb7t v&agrave; t\u1ea1o \u0111\u1ed9 s&aacute;ng b&oacute;ng cho t\u01b0\u1ee3ng. Ngh\u1ec7 nh&acirc;n d&ugrave;ng c&aacute;c d\u1ee5ng c\u1ee5 m&agrave;i b\u1eb1ng kim c\u01b0\u01a1ng \u0111\u1ec3 t\u0103ng \u0111\u1ed9 b&oacute;ng b\u1ec1 m\u1eb7t t\u01b0\u1ee3ng.<\/p>\n<table align=\"center\" border=\"2\" cellpadding=\"5\" cellspacing=\"0\" style=\"width: 100%\">\n<tbody>\n<tr>\n<td style=\"text-align: center;\">\n<p>\n\t\t\t\t\t<img decoding=\"async\" alt=\"\" data-src=\"\/wp-content\/uploads\/image\/images\/Stone-carving\/Stone%20carving%20process-Roughing.jpg\" style=\"width: 70%;\" src=\"data:image\/svg+xml;base64,PHN2ZyB3aWR0aD0iMSIgaGVpZ2h0PSIxIiB4bWxucz0iaHR0cDovL3d3dy53My5vcmcvMjAwMC9zdmciPjwvc3ZnPg==\" class=\"lazyload\" \/><\/p>\n<p>\n\t\t\t\t\tRa ph&ocirc;i \u0111&aacute;<\/p>\n<\/td>\n<td style=\"text-align: center;\">\n<p>\n\t\t\t\t\t<img decoding=\"async\" alt=\"\" data-src=\"\/wp-content\/uploads\/image\/images\/Stone-carving\/Stone%20carving%20process-Refining.jpg\" style=\"width: 70%;\" src=\"data:image\/svg+xml;base64,PHN2ZyB3aWR0aD0iMSIgaGVpZ2h0PSIxIiB4bWxucz0iaHR0cDovL3d3dy53My5vcmcvMjAwMC9zdmciPjwvc3ZnPg==\" class=\"lazyload\" \/><\/p>\n<p>\n\t\t\t\t\tT\u1ea1o d&aacute;ng, ch\u1ec9nh h&igrave;nh<\/p>\n<\/td>\n<td style=\"text-align: center;\">\n<p>\n\t\t\t\t\t<img decoding=\"async\" alt=\"\" data-src=\"\/wp-content\/uploads\/image\/images\/Stone-carving\/Stone%20carving%20process-Detailing.jpg\" style=\"width: 70%;\" src=\"data:image\/svg+xml;base64,PHN2ZyB3aWR0aD0iMSIgaGVpZ2h0PSIxIiB4bWxucz0iaHR0cDovL3d3dy53My5vcmcvMjAwMC9zdmciPjwvc3ZnPg==\" class=\"lazyload\" \/><\/p>\n<p>\n\t\t\t\t\t\u0110i v&agrave;o chi ti\u1ebft v&agrave; ho&agrave;n thi\u1ec7n t\u01b0\u1ee3ng<\/p>\n<\/td>\n<td style=\"text-align: center;\">\n<p>\n\t\t\t\t\t<img decoding=\"async\" alt=\"\" data-src=\"\/wp-content\/uploads\/image\/images\/Stone-carving\/Stone%20carving%20process-Polishing.jpg\" style=\"width: 70%;\" src=\"data:image\/svg+xml;base64,PHN2ZyB3aWR0aD0iMSIgaGVpZ2h0PSIxIiB4bWxucz0iaHR0cDovL3d3dy53My5vcmcvMjAwMC9zdmciPjwvc3ZnPg==\" class=\"lazyload\" \/><\/p>\n<p>\n\t\t\t\t\t\u0110&aacute;nh b&oacute;ng<\/p>\n<\/td>\n<td style=\"text-align: center;\">\n<p>\n\t\t\t\t\t<img decoding=\"async\" alt=\"\" data-src=\"\/wp-content\/uploads\/image\/images\/Stone-carving\/Stone%20carving%20process-Finishing.jpg\" style=\"width: 70%;\" src=\"data:image\/svg+xml;base64,PHN2ZyB3aWR0aD0iMSIgaGVpZ2h0PSIxIiB4bWxucz0iaHR0cDovL3d3dy53My5vcmcvMjAwMC9zdmciPjwvc3ZnPg==\" class=\"lazyload\" \/><\/p>\n<p>\n\t\t\t\t\tT\u01b0\u1ee3ng ho&agrave;n thi\u1ec7n<\/p>\n<\/td>\n<\/tr>\n<\/tbody>\n<\/table>\n<p>\n\t&nbsp;<\/p>\n","protected":false},"excerpt":{"rendered":"<p>\u0110i&ecirc;u kh\u1eafc \u0111&aacute; l&agrave; qu&aacute; tr&igrave;nh ng\u01b0\u1eddi ngh\u1ec7 s\u1ef9, ngh\u1ec7 nh&acirc;n t\u1ea1o n&ecirc;n t\u01b0\u1ee3ng \u0111i&ecirc;u kh\u1eafc. \u0110&aacute; c&oacute; nhi\u1ec1u lo\u1ea1i kh&aacute;c nhau, \u0111em \u0111\u1ebfn cho ngh\u1ec7 nh&acirc;n nh\u1eefng l\u1ef1a ch\u1ecdn phong ph&uacute; v\u1ec1 m&agrave;u s\u1eafc, ch\u1ea5t l\u01b0\u1ee3ng, \u0111\u1ed9 c\u1ee9ng.&nbsp; \u0110&aacute; c&agrave;ng m\u1ec1m th&igrave; c&agrave;ng d\u1ec5 thao t&aacute;c. \u0110&aacute; m\u1ec1m nh\u01b0 \u0111&aacute; v&ocirc;i m\u1ec1m, \u0111&aacute; b\u1ecdt, \u0111&aacute; soapstone l&agrave; lo\u1ea1i m\u1ec1m nh\u1ea5t, d\u1ec5 d&agrave;ng \u0111i&ecirc;u kh\u1eafc v\u1edbi nh\u1eefng v\u1eadt d\u1ee5ng d\u1ec5&hellip;<\/p>\n","protected":false},"author":0,"featured_media":0,"parent":0,"menu_order":0,"comment_status":"closed","ping_status":"closed","template":"","meta":{"footnotes":""},"class_list":["post-2771","page","type-page","status-publish","hentry"],"yoast_head":"<!-- This site is optimized with the Yoast SEO plugin v16.6.1 - https:\/\/yoast.com\/wordpress\/plugins\/seo\/ -->\n<title>Quy tr\u00ecnh \u0111i\u00eau kh\u1eafc \u0111\u00e1 c\u01a1 b\u1ea3n - Danang Sculpture Foundation<\/title>\n<meta name=\"robots\" content=\"index, follow, max-snippet:-1, max-image-preview:large, max-video-preview:-1\" \/>\n<link rel=\"canonical\" href=\"https:\/\/danangsculpture.com.vn\/vi\/basis-process-of-stone-carving\/\" \/>\n<meta property=\"og:locale\" content=\"vi_VN\" \/>\n<meta property=\"og:type\" content=\"article\" \/>\n<meta property=\"og:title\" content=\"Quy tr\u00ecnh \u0111i\u00eau kh\u1eafc \u0111\u00e1 c\u01a1 b\u1ea3n\" \/>\n<meta property=\"og:description\" content=\"\" \/>\n<meta property=\"og:url\" content=\"https:\/\/danangsculpture.com.vn\/vi\/basis-process-of-stone-carving\/\" \/>\n<meta property=\"og:site_name\" content=\"Danang Sculpture Foundation\" \/>\n<meta name=\"twitter:card\" content=\"summary_large_image\" \/>\n<meta name=\"twitter:label1\" content=\"\u01af\u1edbc t\u00ednh th\u1eddi gian \u0111\u1ecdc\" \/>\n\t<meta name=\"twitter:data1\" content=\"13 ph\u00fat\" \/>\n<script type=\"application\/ld+json\" class=\"yoast-schema-graph\">{\"@context\":\"https:\/\/schema.org\",\"@graph\":[{\"@type\":\"WebSite\",\"@id\":\"https:\/\/danangsculpture.com.vn\/#website\",\"url\":\"https:\/\/danangsculpture.com.vn\/\",\"name\":\"Danang Sculpture Foundation\",\"description\":\"Giving spirit to stones\",\"potentialAction\":[{\"@type\":\"SearchAction\",\"target\":{\"@type\":\"EntryPoint\",\"urlTemplate\":\"https:\/\/danangsculpture.com.vn\/?s={search_term_string}\"},\"query-input\":\"required name=search_term_string\"}],\"inLanguage\":\"vi\"},{\"@type\":\"WebPage\",\"@id\":\"https:\/\/danangsculpture.com.vn\/vi\/basis-process-of-stone-carving\/#webpage\",\"url\":\"https:\/\/danangsculpture.com.vn\/vi\/basis-process-of-stone-carving\/\",\"name\":\"[:en]Basis Process of Stone Carving[:vi]Quy tr\\u00ecnh \\u0111i\\u00eau kh\\u1eafc \\u0111\\u00e1 c\\u01a1 b\\u1ea3n[:] - Danang Sculpture Foundation\",\"isPartOf\":{\"@id\":\"https:\/\/danangsculpture.com.vn\/#website\"},\"datePublished\":\"-0001-11-30T00:00:00+00:00\",\"dateModified\":\"-0001-11-30T00:00:00+00:00\",\"breadcrumb\":{\"@id\":\"https:\/\/danangsculpture.com.vn\/vi\/basis-process-of-stone-carving\/#breadcrumb\"},\"inLanguage\":\"vi\",\"potentialAction\":[{\"@type\":\"ReadAction\",\"target\":[\"https:\/\/danangsculpture.com.vn\/vi\/basis-process-of-stone-carving\/\"]}]},{\"@type\":\"BreadcrumbList\",\"@id\":\"https:\/\/danangsculpture.com.vn\/vi\/basis-process-of-stone-carving\/#breadcrumb\",\"itemListElement\":[{\"@type\":\"ListItem\",\"position\":1,\"name\":\"Home\",\"item\":\"https:\/\/danangsculpture.com.vn\/\"},{\"@type\":\"ListItem\",\"position\":2,\"name\":\"Basis Process of Stone Carving\"}]}]}<\/script>\n<!-- \/ Yoast SEO plugin. -->","_links":{"self":[{"href":"https:\/\/danangsculpture.com.vn\/vi\/wp-json\/wp\/v2\/pages\/2771","targetHints":{"allow":["GET"]}}],"collection":[{"href":"https:\/\/danangsculpture.com.vn\/vi\/wp-json\/wp\/v2\/pages"}],"about":[{"href":"https:\/\/danangsculpture.com.vn\/vi\/wp-json\/wp\/v2\/types\/page"}],"replies":[{"embeddable":true,"href":"https:\/\/danangsculpture.com.vn\/vi\/wp-json\/wp\/v2\/comments?post=2771"}],"version-history":[{"count":0,"href":"https:\/\/danangsculpture.com.vn\/vi\/wp-json\/wp\/v2\/pages\/2771\/revisions"}],"wp:attachment":[{"href":"https:\/\/danangsculpture.com.vn\/vi\/wp-json\/wp\/v2\/media?parent=2771"}],"curies":[{"name":"wp","href":"https:\/\/api.w.org\/{rel}","templated":true}]}}