{"id":2773,"date":"-0001-11-30T00:00:00","date_gmt":"-0001-11-29T17:00:00","guid":{"rendered":""},"modified":"-0001-11-30T00:00:00","modified_gmt":"-0001-11-29T17:00:00","slug":"brief-history-of-stone-carving","status":"publish","type":"page","link":"https:\/\/danangsculpture.com.vn\/vi\/brief-history-of-stone-carving\/","title":{"rendered":"T\u00f3m l\u01b0\u1ee3c l\u1ecbch s\u1eed ngh\u1ec1 \u0111i\u00eau kh\u1eafc \u0111\u00e1"},"content":{"rendered":"<p style=\"text-align: justify;\">\n\t\u0110i&ecirc;u kh\u1eafc \u0111&aacute; l&agrave; m\u1ed9t trong nh\u1eefng ngh\u1ec1 l&acirc;u \u0111\u1eddi nh\u1ea5t trong l\u1ecbch s\u1eed nh&acirc;n lo\u1ea1i. Nh\u1edd t&iacute;nh b\u1ec1n v\u1eefng c\u1ee7a v\u1eadt li\u1ec7u, c&aacute;c c&ocirc;ng tr&igrave;nh b\u1eb1ng \u0111&aacute; \u0111\u01b0\u1ee3c t\u1ea1o ra t\u1eeb th\u1eddi ti\u1ec1n s\u1eed v\u1eabn c&ograve;n t\u1ed3n t\u1ea1i cho \u0111\u1ebfn ng&agrave;y h&ocirc;m nay. Ng\u01b0\u1eddi ti\u1ec1n s\u1eed d\u1ef1a ph\u1ea7n l\u1edbn v&agrave;o c&aacute;c th\u1ee3 \u0111i&ecirc;u kh\u1eafc \u0111&aacute; \u0111\u1ec3 x&acirc;y d\u1ef1ng nh\u1eefng di t&iacute;ch \u0111\u1ed3 s\u1ed9 v&agrave; t\u1ed3n t\u1ea1i l&acirc;u \u0111\u1eddi nh\u1ea5t c\u1ee7a m&igrave;nh.&nbsp; Ng\u01b0\u1eddi Ai C\u1eadp x&acirc;y d\u1ef1ng c&aacute;c kim t\u1ef1 th&aacute;p, n\u1ec1n v\u0103n minh Trung M\u1ef9 c\u0169ng c&oacute; c&aacute;c kim t\u1ef1 th&aacute;p b\u1eadc thang, ng\u01b0\u1eddi ba T\u01b0 c&oacute; c&aacute;c cung \u0111i\u1ec7n, ng\u01b0\u1eddi Hy L\u1ea1p c&oacute; c&aacute;c \u0111\u1ec1n \u0111&agrave;i v&agrave; ng\u01b0\u1eddi La M&atilde; c&oacute; c&aacute;c c&ocirc;ng tr&igrave;nh c&ocirc;ng c\u1ed9ng v&agrave; c&aacute;c k\u1ef3 quan.<\/p>\n<p style=\"text-align: justify;\">\n\tVi\u1ec7c x&acirc;y d\u1ef1ng l&acirc;u \u0111&agrave;i l&agrave; ngh\u1ec1 ch&iacute;nh c\u1ee7a c&aacute;c th\u1ee3 \u0111i&ecirc;u kh\u1eafc \u0111&aacute; th\u1eddi trung c\u1ed5. Khi \u0110\u1ebf qu\u1ed1c La M&atilde; ph\u01b0\u01a1ng T&acirc;y s\u1ee5p \u0111\u1ed5, ng&agrave;nh x&acirc;y d\u1ef1ng b\u1eb1ng \u0111&aacute; gi\u1ea3m s&uacute;t \u1edf h\u1ea7u h\u1ebft khu v\u1ef1c T&acirc;y &Acirc;u, d\u1eabn \u0111\u1ebfn s\u1ef1 ph&aacute;t tri\u1ec3n c\u1ee7a ng&agrave;nh x&acirc;y d\u1ef1ng d\u1ef1a tr&ecirc;n v\u1eadt li\u1ec7u g\u1ed7. Ngh\u1ec1 \u0111&aacute; l\u1ea1i h\u1ed3i sinh \u1edf giai \u0111o\u1ea1n th\u1ebf k\u1ef7 IX v&agrave; X \u1edf Ch&acirc;u &Acirc;u, v&agrave; \u0111\u1ebfn tr\u01b0\u1edbc th\u1ebf k\u1ef7 XII, nhi\u1ec7t huy\u1ebft \u0111\u1ed1i v\u1edbi t&ocirc;n gi&aacute;o \u0111&atilde; th&uacute;c \u0111\u1ea9y vi\u1ec7c x&acirc;y d\u1ef1ng h&agrave;ng ng&agrave;n nh&agrave; th\u1edd v&agrave; th&aacute;nh \u0111\u01b0\u1eddng n\u1ed5i b\u1eadt b\u1eb1ng \u0111&aacute; kh\u1eafp T&acirc;y &Acirc;u.<\/p>\n<p style=\"text-align: justify;\">\n\tNgh\u1ec1 \u0111i&ecirc;u kh\u1eafc \u0111&aacute; ph&aacute;t tri\u1ec3n \u0111\u1ec9nh cao v&agrave;o th\u1eddi k\u1ef3 ngh\u1ec7 thu\u1eadt Romanesque, sau \u0111&oacute; l&agrave; th\u1eddi k\u1ef3 ki\u1ebfn tr&uacute;c Gotic \u0111&atilde; s\u1ea3n sinh b\u1ed9 s\u01b0u t\u1eadp c&aacute;c t&aacute;c ph\u1ea9m ba chi\u1ec1u v\u0129 \u0111\u1ea1i nh\u1ea5t trong l\u1ecbch s\u1eed ng&agrave;nh \u0111i&ecirc;u kh\u1eafc. \u0110\u1ea3o Ph\u1ee5c sinh \u1edf Polynesia l&agrave; qu&ecirc; h\u01b0\u01a1ng c\u1ee7a nh\u1eefng t&aacute;c ph\u1ea9m tuy\u1ec7t \u0111\u1eb9p c\u1ee7a ngh\u1ec7 thu\u1eadt Oceanic, trong \u0111&oacute; c&oacute; 887 t\u01b0\u1ee3ng ng\u01b0\u1eddi Moai&nbsp; b\u1eb1ng \u0111&aacute; nguy&ecirc;n kh\u1ed1i. \u0110\u01b0\u1ee3c \u0111i&ecirc;u kh\u1eafc t\u1eeb \u0111&aacute; n&uacute;i l\u1eeda v&agrave;o nh\u1eefng n\u0103m 1250 and 1500 sau C&ocirc;ng nguy&ecirc;n b\u1edfi ng\u01b0\u1eddi Rapa Nui, nh\u1eefng ng&ocirc;i m\u1ed9 n&agrave;y th\u1ec3 hi\u1ec7n c&aacute;c m\u1eb7t \u0111\u1eddi s\u1ed1ng c\u1ee7a t\u1ed5 ti&ecirc;n. Sau th\u1eddi k\u1ef3 \u0111\u1ec9nh cao n&agrave;y, ngh\u1ec1 \u0111&aacute; \u0111&atilde; \u0111i xu\u1ed1ng nh\u01b0ng \u0111&aacute; v\u1eabn lu&ocirc;n l&agrave; m\u1ed9t trong nh\u1eefng ch\u1ea5t li\u1ec7u quan tr\u1ecdng nh\u1ea5t cho c&aacute;c c&ocirc;ng tr&igrave;nh quy m&ocirc; l\u1edbn ngo&agrave;i tr\u1eddi.<\/p>\n<p>\tCho \u0111\u1ebfn t\u1eadn th\u1ebf k\u1ef7 XX, h\u1ea7u h\u1ebft c&aacute;c nh&agrave; \u0111i&ecirc;u kh\u1eafc n\u1ed5i ti\u1ebfng c\u1ee7a k\u1ef7 nguy&ecirc;n hi\u1ec7n \u0111\u1ea1i v\u1eabn th\u1ef1c h&agrave;nh tr&ecirc;n \u0111&aacute; tr\u01b0\u1edbc khi \u0111i v&agrave;o c&aacute;c ch\u1ea5t li\u1ec7u kh&aacute;c nh\u01b0 \u0111\u1ed3ng, kim lo\u1ea1i ho\u1eb7c g\u1ed7.&nbsp;&nbsp; Ngh\u1ec7 thu\u1eadt th\u1ebf k\u1ef7 XX \u0111&atilde; ho&agrave;n to&agrave;n xem x&eacute;t l\u1ea1i, x&aacute;c \u0111\u1ecbnh l\u1ea1i v&agrave; \u0111\u01b0a ra \u0111\u1ecbnh ngh\u0129a m\u1edbi v\u1ec1 \u0111i&ecirc;u kh\u1eafc khi ra m\u1eaft c&aacute;c t&aacute;c ph\u1ea9m tr\u1eebu t\u01b0\u1ee3ng nh\u01b0ng \u0111\u1ed3ng th\u1eddi c\u0169ng \u0111em l\u1ea1i nh\u1eefng h\u01b0\u1edbng ti\u1ebfp c\u1eadn m\u1edbi v\u1edbi \u0111&aacute;. N\u0103m 1906, vi\u1ec7c Constantin Brancusi gi\u1edbi thi\u1ec7u quy tr&igrave;nh \u0111i&ecirc;u kh\u1eafc tr\u1ef1c ti\u1ebfp tr&ecirc;n \u0111&aacute; \u0111&atilde; t\u1ea1o n&ecirc;n m\u1ed9t cu\u1ed9c c&aacute;ch m\u1ea1ng \u0111\u1ed1i v\u1edbi truy\u1ec1n th\u1ed1ng \u0111i&ecirc;u kh\u1eafc \u0111&aacute;. Ph\u01b0\u01a1ng th\u1ee9c n&agrave;y ngay l\u1eadp t\u1ee9c \u0111&atilde; \u0111\u01b0\u1ee3c c&aacute;c ngh\u1ec7 s\u1ef9 n\u1ed5i b\u1eadt nh\u01b0 Barbara Hepworth, Jacob Epstein v&agrave; Henry Moore h\u01b0\u1edfng \u1ee9ng.<\/p>\n","protected":false},"excerpt":{"rendered":"<p>\u0110i&ecirc;u kh\u1eafc \u0111&aacute; l&agrave; m\u1ed9t trong nh\u1eefng ngh\u1ec1 l&acirc;u \u0111\u1eddi nh\u1ea5t trong l\u1ecbch s\u1eed nh&acirc;n lo\u1ea1i. Nh\u1edd t&iacute;nh b\u1ec1n v\u1eefng c\u1ee7a v\u1eadt li\u1ec7u, c&aacute;c c&ocirc;ng tr&igrave;nh b\u1eb1ng \u0111&aacute; \u0111\u01b0\u1ee3c t\u1ea1o ra t\u1eeb th\u1eddi ti\u1ec1n s\u1eed v\u1eabn c&ograve;n t\u1ed3n t\u1ea1i cho \u0111\u1ebfn ng&agrave;y h&ocirc;m nay. Ng\u01b0\u1eddi ti\u1ec1n s\u1eed d\u1ef1a ph\u1ea7n l\u1edbn v&agrave;o c&aacute;c th\u1ee3 \u0111i&ecirc;u kh\u1eafc \u0111&aacute; \u0111\u1ec3 x&acirc;y d\u1ef1ng nh\u1eefng di t&iacute;ch \u0111\u1ed3 s\u1ed9 v&agrave; t\u1ed3n t\u1ea1i l&acirc;u \u0111\u1eddi nh\u1ea5t&hellip;<\/p>\n","protected":false},"author":0,"featured_media":0,"parent":0,"menu_order":0,"comment_status":"closed","ping_status":"closed","template":"","meta":{"footnotes":""},"class_list":["post-2773","page","type-page","status-publish","hentry"],"yoast_head":"<!-- This site is optimized with the Yoast SEO plugin v16.6.1 - https:\/\/yoast.com\/wordpress\/plugins\/seo\/ -->\n<title>T\u00f3m l\u01b0\u1ee3c l\u1ecbch s\u1eed ngh\u1ec1 \u0111i\u00eau kh\u1eafc \u0111\u00e1 - Danang Sculpture Foundation<\/title>\n<meta name=\"robots\" content=\"index, follow, max-snippet:-1, max-image-preview:large, max-video-preview:-1\" \/>\n<link rel=\"canonical\" href=\"https:\/\/danangsculpture.com.vn\/brief-history-of-stone-carving\/\" \/>\n<meta property=\"og:locale\" content=\"vi_VN\" \/>\n<meta property=\"og:type\" content=\"article\" \/>\n<meta property=\"og:title\" content=\"T\u00f3m l\u01b0\u1ee3c l\u1ecbch s\u1eed ngh\u1ec1 \u0111i\u00eau kh\u1eafc \u0111\u00e1\" \/>\n<meta property=\"og:description\" content=\"\" \/>\n<meta property=\"og:url\" content=\"https:\/\/danangsculpture.com.vn\/brief-history-of-stone-carving\/\" \/>\n<meta property=\"og:site_name\" content=\"Danang Sculpture Foundation\" \/>\n<meta name=\"twitter:card\" content=\"summary_large_image\" \/>\n<meta name=\"twitter:label1\" content=\"\u01af\u1edbc t\u00ednh th\u1eddi gian \u0111\u1ecdc\" \/>\n\t<meta name=\"twitter:data1\" content=\"7 ph\u00fat\" \/>\n<script type=\"application\/ld+json\" class=\"yoast-schema-graph\">{\"@context\":\"https:\/\/schema.org\",\"@graph\":[{\"@type\":\"WebSite\",\"@id\":\"https:\/\/www.danangsculpture.com.vn\/#website\",\"url\":\"https:\/\/www.danangsculpture.com.vn\/\",\"name\":\"Danang Sculpture Foundation\",\"description\":\"Giving spirit to stones\",\"potentialAction\":[{\"@type\":\"SearchAction\",\"target\":{\"@type\":\"EntryPoint\",\"urlTemplate\":\"https:\/\/www.danangsculpture.com.vn\/?s={search_term_string}\"},\"query-input\":\"required name=search_term_string\"}],\"inLanguage\":\"vi\"},{\"@type\":\"WebPage\",\"@id\":\"https:\/\/danangsculpture.com.vn\/brief-history-of-stone-carving\/#webpage\",\"url\":\"https:\/\/danangsculpture.com.vn\/brief-history-of-stone-carving\/\",\"name\":\"[:en]Brief history of stone carving[:vi]T\\u00f3m l\\u01b0\\u1ee3c l\\u1ecbch s\\u1eed ngh\\u1ec1 \\u0111i\\u00eau kh\\u1eafc \\u0111\\u00e1[:] - Danang Sculpture Foundation\",\"isPartOf\":{\"@id\":\"https:\/\/www.danangsculpture.com.vn\/#website\"},\"datePublished\":\"-0001-11-30T00:00:00+00:00\",\"dateModified\":\"-0001-11-30T00:00:00+00:00\",\"breadcrumb\":{\"@id\":\"https:\/\/danangsculpture.com.vn\/brief-history-of-stone-carving\/#breadcrumb\"},\"inLanguage\":\"vi\",\"potentialAction\":[{\"@type\":\"ReadAction\",\"target\":[\"https:\/\/danangsculpture.com.vn\/brief-history-of-stone-carving\/\"]}]},{\"@type\":\"BreadcrumbList\",\"@id\":\"https:\/\/danangsculpture.com.vn\/brief-history-of-stone-carving\/#breadcrumb\",\"itemListElement\":[{\"@type\":\"ListItem\",\"position\":1,\"name\":\"Home\",\"item\":\"https:\/\/www.danangsculpture.com.vn\/\"},{\"@type\":\"ListItem\",\"position\":2,\"name\":\"Brief history of stone carving\"}]}]}<\/script>\n<!-- \/ Yoast SEO plugin. -->","_links":{"self":[{"href":"https:\/\/danangsculpture.com.vn\/vi\/wp-json\/wp\/v2\/pages\/2773","targetHints":{"allow":["GET"]}}],"collection":[{"href":"https:\/\/danangsculpture.com.vn\/vi\/wp-json\/wp\/v2\/pages"}],"about":[{"href":"https:\/\/danangsculpture.com.vn\/vi\/wp-json\/wp\/v2\/types\/page"}],"replies":[{"embeddable":true,"href":"https:\/\/danangsculpture.com.vn\/vi\/wp-json\/wp\/v2\/comments?post=2773"}],"version-history":[{"count":0,"href":"https:\/\/danangsculpture.com.vn\/vi\/wp-json\/wp\/v2\/pages\/2773\/revisions"}],"wp:attachment":[{"href":"https:\/\/danangsculpture.com.vn\/vi\/wp-json\/wp\/v2\/media?parent=2773"}],"curies":[{"name":"wp","href":"https:\/\/api.w.org\/{rel}","templated":true}]}}