{"id":2775,"date":"-0001-11-30T00:00:00","date_gmt":"-0001-11-29T17:00:00","guid":{"rendered":""},"modified":"-0001-11-30T00:00:00","modified_gmt":"-0001-11-29T17:00:00","slug":"basic-stone-care","status":"publish","type":"page","link":"https:\/\/danangsculpture.com.vn\/vi\/basic-stone-care\/","title":{"rendered":"C\u00e1ch b\u1ea3o d\u01b0\u1ee1ng \u0111\u00e1 c\u01a1 b\u1ea3n"},"content":{"rendered":"<p style=\"text-align: justify;\">\n\tCh\u1ec9 c\u1ea7n l\u01b0u &yacute; b\u1ea3o d\u01b0\u1ee1ng \u0111&aacute; m\u1ed9t c&aacute;ch \u0111\u01a1n gi\u1ea3n s\u1ebd gi&uacute;p b\u1ea1n gi\u1eef g&igrave;n c&aacute;c t\u01b0\u1ee3ng \u0111i&ecirc;u kh\u1eafc ho\u1eb7c c&aacute;c s\u1ea3n ph\u1ea9m \u0111&aacute; c\u1ee7a m&igrave;nh tr&ocirc;ng lu&ocirc;n m\u1edbi v&agrave; b\u1ec1n v\u1eefng sau nhi\u1ec1u n\u0103m. M\u1ecdi s\u1ea3n ph\u1ea9m b\u1eb1ng \u0111&aacute; \u0111\u1ec1u c&oacute; th\u1ec3 \u0111\u01b0\u1ee3c lau ch&ugrave;i th\u01b0\u1eddng xuy&ecirc;n cho s\u1ea1ch b\u1ee5i b&aacute;m th&ocirc;ng th\u01b0\u1eddng b\u1eb1ng n\u01b0\u1edbc \u1ea5m v&agrave; ch\u1ea5t t\u1ea9y r\u1eeda nh\u1eb9.<\/p>\n<p>\n\tMu\u1ed1n l\u1ef1a ch\u1ecdn s\u1ea3n ph\u1ea9m ch&ugrave;i r\u1eeda c\u1ea7n ph\u1ea3i ph&acirc;n bi\u1ec7t \u0111\u01b0\u1ee3c s\u1ef1 kh&aacute;c nhau gi\u1eefa c&aacute;c lo\u1ea1i \u0111&aacute;. \u0110&aacute; t\u1ef1 nhi&ecirc;n c&oacute; th\u1ec3 \u0111\u01b0\u1ee3c ph&acirc;n th&agrave;nh 2 lo\u1ea1i ch&iacute;nh d\u1ef1a theo th&agrave;nh ph\u1ea7n c\u1ea5u t\u1ea1o \u0111&aacute;: \u0111&aacute; silic v&agrave; \u0111&aacute; v&ocirc;i.<br \/>\n\t&#8211; \u0110&aacute; silic g\u1ed3m \u0111&aacute; hoa c\u01b0\u01a1ng, \u0111&aacute; phi\u1ebfn, sa th\u1ea1ch, th\u1ea1ch anh, \u0111\u01b0\u1ee3c c\u1ea5u t\u1ea1o ch\u1ee7 y\u1ebfu t\u1eeb c&aacute;c ph&acirc;n t\u1eed silica ho\u1eb7c th\u1ea1ch anh. Lo\u1ea1i \u0111&aacute; n&agrave;y r\u1ea5t b\u1ec1n v\u1eefng v&agrave; d\u1ec5 d&agrave;ng \u0111\u01b0\u1ee3c lau ch&ugrave;i b\u1edfi c&aacute;c ch\u1ea5t c&oacute; t&iacute;nh axit nh\u1eb9.<br \/>\n\t&#8211; \u0110&aacute; v&ocirc;i g\u1ed3m \u0111&aacute; c\u1ea9m th\u1ea1ch, travertin, \u0111&aacute; v&ocirc;i v&agrave; m&atilde; n&atilde;o, \u0111\u01b0\u1ee3c c\u1ea5u t\u1ea1o ch\u1ee7 y\u1ebfu t\u1eeb canxi carbonate n&ecirc;n s\u1ebd ph\u1ea3n \u1ee9ng v\u1edbi c&aacute;c lo\u1ea1i th\u1ee9c \u0103n c&oacute; ch\u1ee9a axit nh\u01b0 n\u01b0\u1edbc chanh, n\u01b0\u1edbc c&agrave; chua.&nbsp; Ph\u1ea3n \u1ee9ng h&oacute;a h\u1ecdc n&agrave;y s\u1ebd l&agrave;m m\u1edd v&agrave; thay \u0111\u1ed5i k\u1ebft c\u1ea5u b\u1ec1 m\u1eb7t t\u1ea1o, hay c&ograve;n g\u1ecdi l&agrave; &ldquo;kh\u1eafc axit&rdquo;.&nbsp; C&aacute;c ch\u1ea5t t\u1ea9y r\u1eeda chuy&ecirc;n d&ugrave;ng cho \u0111&aacute; silic s\u1ebd l&agrave;m t\u1ed5n h\u1ea1i b\u1ec1 m\u1eb7t \u0111&aacute; v&ocirc;i.<\/p>\n<p style=\"text-align: justify;\">\n\tNh&igrave;n chung, b\u1ea5t c\u1ee9 khi n&agrave;o c&oacute; v\u1ebft loang, c\u1ea7n l\u1eadp t\u1ee9c th\u1ea5m tr&agrave;n b\u1eb1ng kh\u0103n gi\u1ea5y. Kh&ocirc;ng lau r\u1ed9ng ra c\u1ea3 v&ugrave;ng v&igrave; s\u1ebd l&agrave;m v\u1ebft loang lan tr&agrave;n. R\u1eeda v\u1ebft loang b\u1eb1ng n\u01b0\u1edbc s\u1ea1ch v&agrave; ch\u1ea5t r\u1eeda ch&eacute;n nh\u1eb9. R\u1eeda s\u1ea1ch nhi\u1ec1u l\u1ea7n. Lau kh&ocirc; th\u1eadt k\u1ef9 v&ugrave;ng c&oacute; v\u1ebft loang b\u1eb1ng m\u1ed9t mi\u1ebfng v\u1ea3i m\u1ec1m.&nbsp;<\/p>\n<table align=\"center\" border=\"2\" cellpadding=\"1\" cellspacing=\"1\" style=\"width: 100%\">\n<tbody>\n<tr>\n<td>\n<p style=\"color: rgb(242, 84, 50); text-align: center;\">\n\t\t\t\t\tNh\u1eefng vi\u1ec7c N&Ecirc;N l&agrave;m v&agrave; KH&Ocirc;NG N&Ecirc;N l&agrave;m:<\/p>\n<ul>\n<li style=\"color: rgb(242, 84, 50); margin-left: 40px;\">\n\t\t\t\t\t\t&bull; N&Ecirc;N lau b\u1ee5i cho t\u01b0\u1ee3ng v&agrave; c&aacute;c s\u1ea3n ph\u1ea9m \u0111&aacute; th\u01b0\u1eddng xuy&ecirc;n<br \/>\n\t\t\t\t\t\t&bull; N&Ecirc;N lau ch&ugrave;i b\u1ec1 m\u1eb7t \u0111&aacute; th\u01b0\u1eddng xuy&ecirc;n b\u1eb1ng c&aacute;c ch\u1ea5t t\u1ea9y r\u1eeda trung t&iacute;nh chuy&ecirc;n d&ugrave;ng cho \u0111&aacute;<br \/>\n\t\t\t\t\t\t&bull; N&Ecirc;N d&ugrave;ng \u0111\u1ebf l&oacute;t d\u01b0\u1edbi ly, nh\u1ea5t l&agrave; khi ly ch\u1ee9a r\u01b0\u1ee3u ho\u1eb7c n\u01b0\u1edbc cam, n\u01b0\u1edbc chanh khi ti\u1ebfp x&uacute;c v\u1edbi v\u1eadt d\u1ee5ng b\u1eb1ng \u0111&aacute;<br \/>\n\t\t\t\t\t\t&bull; N&Ecirc;N d&ugrave;ng th\u1ea3m l&oacute;t d\u01b0\u1edbi c&aacute;c \u0111\u1ed3 d&ugrave;ng b\u1eb1ng s\u1ee9, g\u1ea1ch men ho\u1eb7c c&aacute;c v\u1eadt d\u1ee5ng c&oacute; th\u1ec3 l&agrave;m tr\u1ea7y x\u01b0\u1edbt b\u1ec1 m\u1eb7t \u0111&aacute;<br \/>\n\t\t\t\t\t\t&bull; N&Ecirc;N th\u1ea5m nhanh c&aacute;c v\u1ebft loang \u0111\u1ec3 gi\u1ea3m thi\u1ec3u h\u01b0 h\u1ea1i v\u0129nh vi\u1ec5n tr&ecirc;n \u0111&aacute;<\/p>\n<p>\t\t\t\t\t\t&bull; KH&Ocirc;NG N&Ecirc;N s\u1eed d\u1ee5ng c&aacute;c s\u1ea3n ph\u1ea9m c&oacute; ch\u1ee9a chanh, d\u1ea5m ho\u1eb7c c&aacute;c axit kh&aacute;c tr&ecirc;n \u0111&aacute; c\u1ea9m th\u1ea1ch v&agrave; \u0111&aacute; v&ocirc;i<br \/>\n\t\t\t\t\t\t&bull; KH&Ocirc;NG N&Ecirc;N d&ugrave;ng c&aacute;c ch\u1ea5t t\u1ea9y r\u1eeda \u0103n m&ograve;n nh\u01b0 ch\u1ea5t t\u1ea9y r\u1eeda kh&ocirc;, c&oacute; th\u1ec3 g&acirc;y tr\u1ea7y x\u01b0\u1edbt b\u1ec1 m\u1eb7t \u0111&aacute;.<br \/>\n\t\t\t\t\t\t&bull; KH&Ocirc;NG N&Ecirc;N d&ugrave;ng ch\u1ea5t t\u1ea9y r\u1eeda c&oacute; t&iacute;nh ki\u1ec1m kh&ocirc;ng chuy&ecirc;n d&ugrave;ng cho \u0111&aacute;<\/li>\n<\/ul>\n<\/td>\n<\/tr>\n<\/tbody>\n<\/table>\n<p>\n\t&nbsp;<\/p>\n","protected":false},"excerpt":{"rendered":"<p>Ch\u1ec9 c\u1ea7n l\u01b0u &yacute; b\u1ea3o d\u01b0\u1ee1ng \u0111&aacute; m\u1ed9t c&aacute;ch \u0111\u01a1n gi\u1ea3n s\u1ebd gi&uacute;p b\u1ea1n gi\u1eef g&igrave;n c&aacute;c t\u01b0\u1ee3ng \u0111i&ecirc;u kh\u1eafc ho\u1eb7c c&aacute;c s\u1ea3n ph\u1ea9m \u0111&aacute; c\u1ee7a m&igrave;nh tr&ocirc;ng lu&ocirc;n m\u1edbi v&agrave; b\u1ec1n v\u1eefng sau nhi\u1ec1u n\u0103m. M\u1ecdi s\u1ea3n ph\u1ea9m b\u1eb1ng \u0111&aacute; \u0111\u1ec1u c&oacute; th\u1ec3 \u0111\u01b0\u1ee3c lau ch&ugrave;i th\u01b0\u1eddng xuy&ecirc;n cho s\u1ea1ch b\u1ee5i b&aacute;m th&ocirc;ng th\u01b0\u1eddng b\u1eb1ng n\u01b0\u1edbc \u1ea5m v&agrave; ch\u1ea5t t\u1ea9y r\u1eeda nh\u1eb9. Mu\u1ed1n l\u1ef1a ch\u1ecdn s\u1ea3n ph\u1ea9m ch&ugrave;i r\u1eeda&hellip;<\/p>\n","protected":false},"author":0,"featured_media":0,"parent":0,"menu_order":0,"comment_status":"closed","ping_status":"closed","template":"","meta":{"footnotes":""},"class_list":["post-2775","page","type-page","status-publish","hentry"],"yoast_head":"<!-- This site is optimized with the Yoast SEO plugin v16.6.1 - https:\/\/yoast.com\/wordpress\/plugins\/seo\/ -->\n<title>C\u00e1ch b\u1ea3o d\u01b0\u1ee1ng \u0111\u00e1 c\u01a1 b\u1ea3n - Danang Sculpture Foundation<\/title>\n<meta name=\"robots\" content=\"index, follow, max-snippet:-1, max-image-preview:large, max-video-preview:-1\" \/>\n<link rel=\"canonical\" href=\"https:\/\/www.danangsculpture.com.vn\/basic-stone-care\/\" \/>\n<meta property=\"og:locale\" content=\"vi_VN\" \/>\n<meta property=\"og:type\" content=\"article\" \/>\n<meta property=\"og:title\" content=\"C\u00e1ch b\u1ea3o d\u01b0\u1ee1ng \u0111\u00e1 c\u01a1 b\u1ea3n\" \/>\n<meta property=\"og:description\" content=\"\" \/>\n<meta property=\"og:url\" content=\"https:\/\/www.danangsculpture.com.vn\/basic-stone-care\/\" \/>\n<meta property=\"og:site_name\" content=\"Danang Sculpture Foundation\" \/>\n<meta name=\"twitter:card\" content=\"summary_large_image\" \/>\n<meta name=\"twitter:label1\" content=\"\u01af\u1edbc t\u00ednh th\u1eddi gian \u0111\u1ecdc\" \/>\n\t<meta name=\"twitter:data1\" content=\"9 ph\u00fat\" \/>\n<script type=\"application\/ld+json\" class=\"yoast-schema-graph\">{\"@context\":\"https:\/\/schema.org\",\"@graph\":[{\"@type\":\"WebSite\",\"@id\":\"https:\/\/danangsculpture.com.vn\/#website\",\"url\":\"https:\/\/danangsculpture.com.vn\/\",\"name\":\"Danang Sculpture Foundation\",\"description\":\"Giving spirit to stones\",\"potentialAction\":[{\"@type\":\"SearchAction\",\"target\":{\"@type\":\"EntryPoint\",\"urlTemplate\":\"https:\/\/danangsculpture.com.vn\/?s={search_term_string}\"},\"query-input\":\"required name=search_term_string\"}],\"inLanguage\":\"vi\"},{\"@type\":\"WebPage\",\"@id\":\"https:\/\/www.danangsculpture.com.vn\/basic-stone-care\/#webpage\",\"url\":\"https:\/\/www.danangsculpture.com.vn\/basic-stone-care\/\",\"name\":\"[:en]Basic stone care[:vi]C\\u00e1ch b\\u1ea3o d\\u01b0\\u1ee1ng \\u0111\\u00e1 c\\u01a1 b\\u1ea3n[:] - Danang Sculpture Foundation\",\"isPartOf\":{\"@id\":\"https:\/\/danangsculpture.com.vn\/#website\"},\"datePublished\":\"-0001-11-30T00:00:00+00:00\",\"dateModified\":\"-0001-11-30T00:00:00+00:00\",\"breadcrumb\":{\"@id\":\"https:\/\/www.danangsculpture.com.vn\/basic-stone-care\/#breadcrumb\"},\"inLanguage\":\"vi\",\"potentialAction\":[{\"@type\":\"ReadAction\",\"target\":[\"https:\/\/www.danangsculpture.com.vn\/basic-stone-care\/\"]}]},{\"@type\":\"BreadcrumbList\",\"@id\":\"https:\/\/www.danangsculpture.com.vn\/basic-stone-care\/#breadcrumb\",\"itemListElement\":[{\"@type\":\"ListItem\",\"position\":1,\"name\":\"Home\",\"item\":\"https:\/\/danangsculpture.com.vn\/\"},{\"@type\":\"ListItem\",\"position\":2,\"name\":\"Basic stone care\"}]}]}<\/script>\n<!-- \/ Yoast SEO plugin. -->","_links":{"self":[{"href":"https:\/\/danangsculpture.com.vn\/vi\/wp-json\/wp\/v2\/pages\/2775","targetHints":{"allow":["GET"]}}],"collection":[{"href":"https:\/\/danangsculpture.com.vn\/vi\/wp-json\/wp\/v2\/pages"}],"about":[{"href":"https:\/\/danangsculpture.com.vn\/vi\/wp-json\/wp\/v2\/types\/page"}],"replies":[{"embeddable":true,"href":"https:\/\/danangsculpture.com.vn\/vi\/wp-json\/wp\/v2\/comments?post=2775"}],"version-history":[{"count":0,"href":"https:\/\/danangsculpture.com.vn\/vi\/wp-json\/wp\/v2\/pages\/2775\/revisions"}],"wp:attachment":[{"href":"https:\/\/danangsculpture.com.vn\/vi\/wp-json\/wp\/v2\/media?parent=2775"}],"curies":[{"name":"wp","href":"https:\/\/api.w.org\/{rel}","templated":true}]}}