{"id":2776,"date":"-0001-11-30T00:00:00","date_gmt":"-0001-11-29T17:00:00","guid":{"rendered":""},"modified":"-0001-11-30T00:00:00","modified_gmt":"-0001-11-29T17:00:00","slug":"guideline-to-removing-stains","status":"publish","type":"page","link":"https:\/\/danangsculpture.com.vn\/vi\/guideline-to-removing-stains\/","title":{"rendered":"H\u01b0\u1edbng d\u1eabn t\u1ea9y v\u1ebft \u1ed1 tr\u00ean \u0111\u00e1"},"content":{"rendered":"<p style=\"text-align: justify;\">\n\t\u0110&aacute; c\u1ea9m th\u1ea1ch v&agrave; \u0111&aacute; t\u1ef1 nhi&ecirc;n l&agrave; nh\u1eefng v\u1eadt li\u1ec7u c&oacute; kh\u1ea3 n\u0103ng th\u1ea9m th\u1ea5u. C&aacute;ch h\u1eefu hi\u1ec7u nh\u1ea5t \u0111\u1ec3 t\u1ea9y r\u1eeda v\u1ebft \u1ed1 l&agrave; c\u1ed1 g\u1eafng l&agrave;m \u0111\u1ea3o ng\u01b0\u1ee3c qu&aacute; tr&igrave;nh t\u1ea1o v\u1ebft \u1ed1 ban \u0111\u1ea7u. Ph\u01b0\u01a1ng ph&aacute;p d\u1ec5 nh\u1ea5t l&agrave; t&igrave;m c&aacute;ch h&uacute;t ch\u1ea5t g&acirc;y \u1ed1 sang m\u1ed9t ch\u1ea5t li\u1ec7u kh&aacute;c t\u1ea1m g\u1ecdi l&agrave; &ldquo;ch\u1ea5t \u0111\u1eafp trung gian&rdquo;. Ch\u1ea5t \u0111\u1eafp trung gian c&oacute; th\u1ec3 l&agrave;m t\u1eeb nhi\u1ec1u lo\u1ea1i s\u1ea3n ph\u1ea9m kh&aacute;c nhau nh\u01b0ng th&ocirc;ng th\u01b0\u1eddng nh\u1ea5t l&agrave; h\u1ed7n h\u1ee3p hydro peroxit v&agrave; b\u1ed9t l&agrave;m tr\u1eafng ho\u1eb7c ch\u1ea5t gi\u1ea3m ho\u1ea1t ch\u1ea5t, t&ugrave;y thu\u1ed9c v&agrave;o t&iacute;nh ch\u1ea5t c\u1ee7a v\u1ebft \u1ed1.<\/p>\n<p style=\"text-align: justify;\">\n\tM\u1ed9t s\u1ed1 lo\u1ea1i b\u1ed9t v&agrave; v\u1eadt li\u1ec7u l&agrave;m ch\u1ea5t \u0111\u1eafp trung gian th&ocirc;ng th\u01b0\u1eddng:&nbsp;<\/p>\n<table align=\"center\" border=\"2\" cellpadding=\"5\" cellspacing=\"0\" style=\"width: 100%\">\n<tbody>\n<tr>\n<td style=\"padding-left:10px; text-align: center;\">\n\t\t\t\t<strong>V\u1eadt li\u1ec7u l&agrave;m ch\u1ea5t \u0111\u1eafp trung gian<\/strong><\/td>\n<td style=\"padding-left:10px; text-align: center;\">\n\t\t\t\t<strong>B\u1ed9t l&agrave;m ch\u1ea5t \u0111\u1eafp trung gian<\/strong><\/td>\n<\/tr>\n<tr>\n<td style=\"padding-left:10px; text-align: justify;\">\n\t\t\t\t-V\u1ea3i b&ocirc;ng<br \/>\n\t\t\t\t-Cu\u1ed9n gi\u1ea5y<br \/>\n\t\t\t\t-Mi\u1ebfng g\u1ea1c<\/td>\n<td style=\"padding-left:10px; text-align: justify;\">\n\t\t\t\t-\u0110\u1ea5t s&eacute;t (Attapulgite, Cao lanh, \u0111\u1ea5t t\u1ea9y m&agrave;u)<br \/>\n\t\t\t\t-B\u1ed9t tan<br \/>\n\t\t\t\t-B\u1ed9t ph\u1ea5n<br \/>\n\t\t\t\t-Sepiolite (Silicat Ma-gi&ecirc; ng\u1eadm n\u01b0\u1edbc)<br \/>\n\t\t\t\t-Diatomic<br \/>\n\t\t\t\t-Methyl Xen-lu-l&ocirc;<\/td>\n<\/tr>\n<\/tbody>\n<\/table>\n<p style=\"text-align: justify;\">\n\t&nbsp;<\/p>\n<p style=\"text-align: justify;\">\n\t\u0110\u1ea5t s&eacute;t th\u01b0\u1eddng l&agrave; t\u1ed1t nh\u1ea5t. <strong>Kh&ocirc;ng \u0111\u01b0\u1ee3c s\u1eed d\u1ee5ng \u0111\u1ea5t s&eacute;t l&agrave;m tr\u1eafng ho\u1eb7c \u0111\u1ea5t s&eacute;t c&oacute; lim lo\u1ea1i nh\u01b0 \u0111\u1ea5t s&eacute;t t\u1ea9y m&agrave;u v\u1edbi h&oacute;a ch\u1ea5t c&oacute; t&iacute;nh axit<\/strong> v&igrave; ph\u1ea3n \u1ee9ng h&oacute;a h\u1ecdc s\u1ebd xu\u1ea5t hi\u1ec7n, h\u1ee7y \u0111i t&aacute;c d\u1ee5ng c\u1ee7a ch\u1ea5t \u0111\u1eafp trung gian. Nhi\u1ec1u v\u1ebft \u1ed1 c&oacute; th\u1ec3 th\u1ea5m r\u1ea5t s&acirc;u \u0111\u1ebfn n\u1ed7i ch\u1ea5t \u0111\u1eafp trung gian c\u0169ng kh&ocirc;ng \u0111em l\u1ea1i hi\u1ec7u qu\u1ea3 t\u1ed1t. Do \u0111&oacute; c\u1ea7n b\u1ed5 sung gi\u1ea3i ph&aacute;p h&oacute;a h\u1ecdc \u0111\u1ed1i v\u1edbi ch\u1ea5t \u0111\u1eafp trung gian nh\u1eb1m l&agrave;m lo&atilde;ng b\u1edbt v&agrave;\/ho\u1eb7c t&aacute;c \u0111\u1ed9ng \u0111\u1ebfn v\u1ebft \u1ed1. Khi ch\u1ea5t \u0111\u1eafp trung gian v&agrave; h&oacute;a ch\u1ea5t h\u1ea5p thu v&agrave;o \u0111&aacute;, h&oacute;a ch\u1ea5t ph\u1ea3n \u1ee9ng v\u1edbi v\u1ebft \u1ed1 v&agrave; t&aacute;i h\u1ea5p thu v&agrave;o v\u1eadt li\u1ec7u l&agrave;m trung gian.<br \/>\n\t&nbsp;<\/p>\n<h2 style=\"text-align: justify; color:#f25432; font-size:16px;\">\n\tH&oacute;a ch\u1ea5t t\u1ea9y v\u1ebft \u1ed1<\/h2>\n<p style=\"text-align: justify;\">\n\t\u0110\u1ec3 l\u1ef1a ch\u1ecdn \u0111&uacute;ng lo\u1ea1i h&oacute;a ch\u1ea5t c\u1ea7n d&ugrave;ng, tr\u01b0\u1edbc h\u1ebft, b\u1ea1n c\u1ea7n x&aacute;c \u0111\u1ecbnh lo\u1ea1i v\u1ebft \u1ed1. Sau \u0111&oacute;, b\u1ea1n theo h\u01b0\u1edbng d\u1eabn t\u1ea9y v\u1ebft \u1ed1 b&ecirc;n d\u01b0\u1edbi \u0111\u1ec3 ch\u1ecdn h&oacute;a ch\u1ea5t ph&ugrave; h\u1ee3p. N\u1ebfu ch\u01b0a r&otilde; ngu\u1ed3n g\u1ed1c v\u1ebft \u1ed1, b\u1ea1n c\u1ea7n th\u1ef1c hi\u1ec7n th\u1eed nghi\u1ec7m m\u1eabu. M&agrave;u s\u1eafc v\u1ebft \u1ed1 c\u0169ng c&oacute; th\u1ec3 gi&uacute;p x&aacute;c \u0111\u1ecbnh nguy&ecirc;n nh&acirc;n g&acirc;y \u1ed1 (v&iacute; d\u1ee5 v\u1ebft \u1ed1 c&oacute; m&agrave;u n&acirc;u \u0111\u1eadm c&oacute; th\u1ec3 do c&aacute;c ch\u1ea5t ch\u1ee9a s\u1eaft ho\u1eb7c g\u1ec9 s\u1eaft g&acirc;y ra. H&igrave;nh d\u1ea1ng v\u1ebft \u1ed1 c\u0169ng gi&uacute;p x&aacute;c \u0111\u1ecbnh nguy&ecirc;n nh&acirc;n g&acirc;y \u1ed1. N\u1ebfu sau khi xem x&eacute;t k\u1ef9 c&agrave;ng m&agrave; v\u1eabn kh&ocirc;ng x&aacute;c \u0111\u1ecbnh \u0111\u01b0\u1ee3c ngu\u1ed3n g\u1ed1c v\u1ebft \u1ed1 th&igrave; c\u1ea7n ti\u1ebfn h&agrave;nh c&aacute;c th\u1eed nghi\u1ec7m l\u1ea5y m\u1eabu t\u1ea1i ch\u1ed7.<\/p>\n<p style=\"text-align: justify;\">\n\tM\u1ed9t s\u1ed1 v\u1ebft \u1ed1 th&ocirc;ng d\u1ee5ng \u0111\u01b0\u1ee3c chia l&agrave;m c&aacute;c lo\u1ea1i sau:<\/p>\n<p style=\"text-align: justify;\">\n\t-V\u1ebft \u1ed1 g\u1ed1c d\u1ea7u: v\u1ebft d\u1ea7u m\u1ee1, h\u1eafc &iacute;n, d\u1ea7u \u0103n v&agrave; th\u1ef1c ph\u1ea9m<br \/>\n\t-V\u1ebft \u1ed1 h\u1eefu c\u01a1: c&agrave; ph&ecirc;, tr&agrave;, tr&aacute;i c&acirc;y, thu\u1ed1c l&aacute;, m\u1ef9 ph\u1ea9m, v\u1ecf c&acirc;y ho\u1eb7c l&aacute; x\u1ea3 r&aacute;c<br \/>\n\t-V\u1ebft \u1ed1 kim lo\u1ea1i: s\u1eaft, g\u1ec9 s\u1eaft, \u0111\u1ed3ng \u0111\u1ecf, \u0111\u1ed3ng thi\u1ebfc&#8230;<br \/>\n\t-V\u1ebft \u1ed1 sinh h\u1ecdc: t\u1ea3o, n\u1ea5m m\u1ed1c<br \/>\n\t-V\u1ebft \u1ed1 m\u1ef1c: b&uacute;t, m\u1ef1c..<br \/>\n\t&nbsp;<\/p>\n<h2 style=\"text-align: justify; color:#f25432; font-size:16px;\">\n\tS\u1eed d\u1ee5ng ch\u1ea5t \u0111\u1eafp trung gian<\/h2>\n<p style=\"text-align: justify;\">\n\tSau khi x&aacute;c \u0111\u1ecbnh \u0111\u01b0\u1ee3c lo\u1ea1i v\u1ebft \u1ed1, b\u1ea1n vui l&ograve;ng l&agrave;m theo c&aacute;c b\u01b0\u1edbc sau:<\/p>\n<p style=\"text-align: justify;\">\n\t-L&agrave;m \u01b0\u1edbt khu v\u1ef1c c&oacute; v\u1ebft \u1ed1 b\u1eb1ng n\u01b0\u1edbc c\u1ea5t.&nbsp; Vi\u1ec7c n&agrave;y gi&uacute;p l\u1ea5p \u0111\u1ea7y c&aacute;c khe h\u1ee1 c\u1ee7a \u0111&aacute; &#8211; c&aacute;ch ly v\u1ebft b\u1ea9n v&agrave; \u0111\u1ea9y nhanh vi\u1ec7c lo\u1ea1i b\u1ecf v\u1ebft b\u1ea9n b\u1eb1ng h&oacute;a ch\u1ea5t.<br \/>\n\t-Chu\u1ea9n b\u1ecb ch\u1ea5t trung gian. N\u1ebfu s\u1eed d\u1ee5ng b\u1ed9t, tr\u1ed9n tr\u01b0\u1edbc b\u1ed9t v\u1edbi h&oacute;a ch\u1ea5t \u0111\u01b0\u1ee3c ch\u1ecdn v&agrave;o mi\u1ebfng d&aacute;n d&agrave;y.<\/p>\n<p>\n\tN\u1ebfu d&ugrave;ng gi\u1ea5y l&agrave;m ch\u1ea5t \u0111\u1eafp trung gian, ng&acirc;m gi\u1ea5y v&agrave;o h&oacute;a ch\u1ea5t. L\u1ea5y gi\u1ea5y ra kh\u1ecfi h&oacute;a ch\u1ea5t v&agrave; \u0111\u1ec3 n&oacute; t\u1ef1 ch\u1ea3y cho \u0111\u1ebfn khi d\u1eebng nh\u1ecf gi\u1ecdt.<\/p>\n<p style=\"text-align: justify;\">\n\t-D&aacute;n ch\u1ea5t \u0111\u1eafp trung gian v&agrave;o v\u1ebft \u1ed1, c\u1ea9n th\u1eadn kh&ocirc;ng \u0111\u1ec3 tr&agrave;n ra nh\u1eefng v&ugrave;ng kh&aacute;c. D&aacute;n d&agrave;y kho\u1ea3ng 3mm v&agrave; r\u1ed9ng ra xung quanh kho\u1ea3ng 10mm \u0111&egrave; l&ecirc;n v&ugrave;ng v\u1ebft \u1ed1.<br \/>\n\t-Ph\u1ee7 ch\u1ea5t \u0111\u1eafp trung gian b\u1eb1ng ph&iacute;m nh\u1ef1a. D&aacute;n l\u1edbp nh\u1ef1a xu\u1ed1ng \u0111\u1ec3 b\u1ecbt k&iacute;n c&aacute;c c\u1ea1nh.<\/p>\n<p style=\"text-align: justify;\">\n\t\u0110\u1ec3 ch\u1ea5t \u0111\u1eafp trung gian kh&ocirc; ho&agrave;n to&agrave;n. Trong qu&aacute; tr&igrave;nh ch\u1ea5t \u0111\u1eafp trung gian kh&ocirc;, v\u1ebft \u1ed1 s\u1ebd t\u1eeb \u0111&aacute; th\u1ea5m v&agrave;o ch\u1ea5t \u0111\u1eafp trung gian. N\u1ebfu ch\u1ea5t \u0111\u1eafp trung gian kh&ocirc;ng \u0111\u01b0\u1ee3c l&agrave;m kh&ocirc;, v\u1ebft \u1ed1 s\u1ebd kh&ocirc;ng \u0111\u01b0\u1ee3c x\u1eed l&yacute; tri\u1ec7t \u0111\u1ec3. Qu&aacute; tr&igrave;nh kh&ocirc; th\u01b0\u1eddng m\u1ea5t 24 &ndash; 48 gi\u1edd.&nbsp;<\/p>\n<p>\n\tLo\u1ea1i b\u1ecf ch\u1ea5t \u0111\u1eafp trung gian kh\u1ecfi v\u1ebft \u1ed1. R\u1eeda s\u1ea1ch v\u1edbi n\u01b0\u1edbc c\u1ea5t v&agrave; lau kh&ocirc; b\u1eb1ng v\u1ea3i m\u1ec1m. N\u1ebfu v\u1ebft \u1ed1 v\u1eabn c&ograve;n th&igrave; d&ugrave;ng ch\u1ea5t \u0111\u1eafp trung gian th&ecirc;m l\u1ea7n n\u1eefa. \u0110\u1ed1i v\u1edbi c&aacute;c v\u1ebft \u1ed1 kh&oacute;, c&oacute; th\u1ec3 ph\u1ea3i l&agrave;m \u0111i l&agrave;m l\u1ea1i nhi\u1ec1u l\u1ea7n.<\/p>\n<p style=\"text-align: justify;\">\n\tXin l\u01b0u &yacute; l&agrave; m\u1ed9t s\u1ed1 h&oacute;a ch\u1ea5t c&oacute; th\u1ec3 \u0103n m&ograve;n b\u1ec1 m\u1eb7t \u0111&aacute; c\u1ea9m th\u1ea1ch. N\u1ebfu vi\u1ec7c n&agrave;y x\u1ea3y ra, d&ugrave;ng b\u1ed9t \u0111&aacute;nh b&oacute;ng v&agrave; lau b&oacute;ng b\u1eb1ng m\u1ed9t mi\u1ebfng v\u1ea3i b\u1ed1 \u0111\u1ec3 ph\u1ee5c h\u1ed3i \u0111\u1ed9 b&oacute;ng.<\/p>\n<p style=\"text-align: justify;\">\n\t&nbsp;<\/p>\n<h2 style=\"text-align: justify; color:#f25432; font-size:16px;\">\n\tC&aacute;c gi\u1ea3i ph&aacute;p t\u1ea9y v\u1ebft \u1ed1<\/h2>\n<p style=\"text-align: justify;\">\n\tC&aacute;c g\u1ee3i &yacute; b&ecirc;n d\u01b0\u1edbi \u0111\u01b0\u1ee3c s\u1eafp x\u1ebfp theo th\u1ee9 t\u1ef1, bi\u1ec7n ph&aacute;p kh\u1eafc ph\u1ee5c nh\u1eb9 nh&agrave;ng \u0111\u01b0\u1ee3c li\u1ec7t k&ecirc; \u0111\u1ea7u ti&ecirc;n v&agrave; bi\u1ec7n ph&aacute;p kh\u1eafc ph\u1ee5c nghi&ecirc;m tr\u1ecdng nh\u1ea5t \u0111\u01b0\u1ee3c li\u1ec7t k&ecirc; cu\u1ed1i c&ugrave;ng.&nbsp;<\/p>\n<table border=\"2\" cellpadding=\"5\" cellspacing=\"0\" style=\"width: 100%\">\n<tbody>\n<tr>\n<td style=\"padding-left:10px; width:190px;\">\n<p style=\"text-align: center;\">\n\t\t\t\t\t<strong>S\u1ef1 c\u1ed1<\/strong><\/p>\n<\/td>\n<td style=\"padding-left:10px; width:435px;\">\n<p style=\"text-align: center;\">\n\t\t\t\t\t<strong>Gi\u1ea3i ph&aacute;p<\/strong><\/p>\n<\/td>\n<\/tr>\n<tr>\n<td style=\"padding-left:10px; width:190px;\">\n<p style=\"text-align: justify;\">\n\t\t\t\t\tV\u1ebft \u1ed1 do s\u1eaft ho\u1eb7c g\u1ec9 s\u1eaft<\/p>\n<\/td>\n<td style=\"padding-left:10px; width:435px;\">\n<p style=\"text-align: justify;\">\n\t\t\t\t\tD&ugrave;ng m\u1ed9t trong c&aacute;c ch\u1ea5t \u0111\u1eafp trung gian sau:<\/p>\n<p>\n\t\t\t\t\t-Xi-tr&aacute;t Na-tri v&agrave; Glycerin<br \/>\n\t\t\t\t\t-Oxalat Ammoni<br \/>\n\t\t\t\t\t-Axit Oxalic<br \/>\n\t\t\t\t\t-Axit ph\u1ed1t-pho-ric v&agrave; mu\u1ed1i natri c\u1ee7a axit h\u1eefu c\u01a1 m\u1ea1nh EDTA trong n\u01b0\u1edbc<br \/>\n\t\t\t\t\t-Axit flohydric pha lo&atilde;ng<br \/>\n\t\t\t\t\t-Kh&ocirc;ng th\u1ec3 lo\u1ea1i b\u1ecf v&igrave; n\u1eb1m trong th&agrave;nh ph\u1ea7n c\u1ee7a \u0111&aacute;<\/p>\n<\/td>\n<\/tr>\n<tr>\n<td style=\"padding-left:10px; width:190px;\">\n<p style=\"text-align: justify;\">\n\t\t\t\t\tM\u1ef1c<\/p>\n<\/td>\n<td style=\"padding-left:10px; width:435px;\">\n<p style=\"text-align: justify;\">\n\t\t\t\t\tD&ugrave;ng m\u1ed9t trong c&aacute;c ch\u1ea5t \u0111\u1eafp trung gian sau:<\/p>\n<p>\n\t\t\t\t\t-Nh\u1eefng lo\u1ea1i \u0111&aacute; c\u1ea9m th\u1ea1ch m&agrave;u nh\u1eb9 ch\u1ec9 s\u1eed d\u1ee5ng ch\u1ea5t t\u1ea9y tr\u1eafng ho\u1eb7c hy\u0111r&ocirc; peroxit<br \/>\n\t\t\t\t\t-Nh\u1eefng lo\u1ea1i \u0111&aacute; c\u1ea9m th\u1ea1ch m&agrave;u s\u1eabm th&igrave; s\u1eed d\u1ee5ng ch\u1ea5t pha lo&atilde;ng s\u01a1n m&agrave;i ho\u1eb7c acetone.<br \/>\n\t\t\t\t\t-Methyl Clorit<\/p>\n<\/td>\n<\/tr>\n<tr>\n<td style=\"padding-left:10px; width:190px;\">\n<p style=\"text-align: justify;\">\n\t\t\t\t\tV\u1ebft \u1ed1 g\u1ed1c d\u1ea7u<br \/>\n\t\t\t\t\t(v\u1ebft d\u1ea7u m\u1ee1, h\u1eafc &iacute;n, d\u1ea7u \u0103n v&agrave; th\u1ef1c ph\u1ea9m&#8230;)<\/p>\n<\/td>\n<td style=\"padding-left:10px; width:435px;\">\n<p style=\"text-align: justify;\">\n\t\t\t\t\tCh&ugrave;i r\u1eeda b\u1eb1ng:<\/p>\n<p>\n\t\t\t\t\t-B\u1ed9t kh&ocirc; \u0111\u1ec3 c\u1ecd r\u1eeda b\u1eb1ng ch\u1ea5t t\u1ea9y r\u1eeda<br \/>\n\t\t\t\t\t-Ch\u1ea5t t\u1ea9y r\u1eeda gia d\u1ee5ng<br \/>\n\t\t\t\t\t-Amoniac<br \/>\n\t\t\t\t\t-Methyl Clorit<\/p>\n<\/td>\n<\/tr>\n<tr>\n<td style=\"padding-left:10px; width:190px;\">\n\t\t\t\tV\u1ebft \u1ed1 h\u1eefu c\u01a1<br \/>\n\t\t\t\t(gi\u1ea5y, c&agrave; ph&ecirc;, tr&agrave;, tr&aacute;i c&acirc;y, thu\u1ed1c l&aacute;, m\u1ef9 ph\u1ea9m, v\u1ecf c&acirc;y ho\u1eb7c l&aacute; x\u1ea3 r&aacute;c&#8230;)<\/td>\n<td style=\"padding-left:10px; width:435px;\">\n\t\t\t\t-\u0110\u1ed5 Hydro Peroxit 35% tr\u1ef1c ti\u1ebfp v&agrave;o v\u1ebft \u1ed1 v&agrave; th&ecirc;m v&agrave;i gi\u1ecdt amoniac. \u0110\u1ec3 nguy&ecirc;n nh\u01b0 v\u1eady cho \u0111\u1ebfn khi ng\u1eebng s\u1ee7i b\u1ecdt.<br \/>\n\t\t\t\t-L\u1eb7p l\u1ea1i h&agrave;nh \u0111\u1ed9ng tr&ecirc;n v&agrave; th&ecirc;m ch\u1ea5t trung gian<br \/>\n\t\t\t\t-D&ugrave;ng Acetone ho\u1eb7c Toluene ho\u1eb7c Xylene<\/td>\n<\/tr>\n<tr>\n<td style=\"padding-left:10px; width:190px;\">\n<p style=\"text-align: justify;\">\n\t\t\t\t\tR&atilde; th&agrave;nh b\u1ed9t<\/p>\n<\/td>\n<td style=\"padding-left:10px; width:435px;\">\n<p style=\"text-align: justify;\">\n\t\t\t\t\tD&ugrave;ng ch\u1ea5t trung gian b\u1eb1ng n\u01b0\u1edbc c\u1ea5t<\/p>\n<\/td>\n<\/tr>\n<tr>\n<td style=\"padding-left:10px; width:190px;\">\n<p style=\"text-align: justify;\">\n\t\t\t\t\tV\u1ebft \u1ed1 \u0111\u1ed3ng<\/p>\n<\/td>\n<td style=\"padding-left:10px; width:435px;\">\n<p style=\"text-align: justify;\">\n\t\t\t\t\tD&ugrave;ng ch\u1ea5t trung gian b\u1eb1ng Ammoni Clorit ho\u1eb7c Ammoni Hydroxit<\/p>\n<\/td>\n<\/tr>\n<tr>\n<td style=\"padding-left:10px; width:190px;\">\n<p style=\"text-align: justify;\">\n\t\t\t\t\tV\u1ebft \u1ed1 sinh h\u1ecdc<br \/>\n\t\t\t\t\t(t\u1ea3o, n\u1ea5m r&ecirc;u, n\u1ea5m m\u1ed1c)<\/p>\n<\/td>\n<td style=\"padding-left:10px; width:435px;\">\n<p style=\"text-align: justify;\">\n\t\t\t\t\tCh&ugrave;i r\u1eeda b\u1eb1ng:<br \/>\n\t\t\t\t\t-Amoniac ho\u1eb7c ch\u1ea5t t\u1ea9y tr\u1eafng pha lo&atilde;ng<br \/>\n\t\t\t\t\t-Hydro Peroxit ho\u1eb7c Natri clorit<\/p>\n<\/td>\n<\/tr>\n<tr>\n<td style=\"padding-left:10px; width:190px;\">\n<p style=\"text-align: justify;\">\n\t\t\t\t\tN\u1ebfn, s&aacute;p<br \/>\n\t\t\t\t\t(l\u1edbp ph\u1ee7 acrylic v&agrave;ng)<\/p>\n<\/td>\n<td style=\"padding-left:10px; width:435px;\">\n<p style=\"text-align: justify;\">\n\t\t\t\t\tCh&ugrave;i r\u1eeda b\u1eb1ng:<br \/>\n\t\t\t\t\t-M\u1ea3nh ki\u1ec1m<\/p>\n<\/td>\n<\/tr>\n<tr>\n<td style=\"padding-left:10px; width:190px;\">\n<p style=\"text-align: justify;\">\n\t\t\t\t\tL\u1edbp ph\u1ee7 Urethane<\/p>\n<\/td>\n<td style=\"padding-left:10px; width:435px;\">\n\t\t\t\t-Methyl Clorit ho\u1eb7c nghi\u1ec1n<\/td>\n<\/tr>\n<tr>\n<td style=\"padding-left:10px; width:190px;\">\n\t\t\t\tL\u1edbp ph\u1ee7 k\u1ebft tinh h&oacute;a<\/td>\n<td style=\"padding-left:10px; width:435px;\">\n\t\t\t\t-L\u1ed9t b\u1ecf b\u1eb1ng l\u1edbp l\u1ed9t g\u1ed1c Axit Oxalic<br \/>\n\t\t\t\t-Nghi\u1ec1n<\/td>\n<\/tr>\n<tr>\n<td style=\"padding-left:10px; width:190px;\">\n\t\t\t\tS\u01a1n<\/td>\n<td style=\"padding-left:10px; width:435px;\">\n\t\t\t\t-Ch\u1ea5t lo\u1ea1i b\u1ecf s\u01a1n ki\u1ec1m<br \/>\n\t\t\t\t-Methyl Clorit<\/td>\n<\/tr>\n<tr>\n<td style=\"padding-left:10px; width:190px;\">\n\t\t\t\tV\u1eefa d\u01b0 ra<\/td>\n<td style=\"padding-left:10px; width:435px;\">\n\t\t\t\t-Ch&ugrave;i b\u1eb1ng ch\u1ea5t r\u1eeda trung t&iacute;nh v&agrave; mi\u1ebfng th\u1ea5m l&oacute;t<br \/>\n\t\t\t\t-M&agrave;i l\u1ea1i<\/td>\n<\/tr>\n<tr>\n<td style=\"padding-left:10px; width:190px;\">\n\t\t\t\tV\u1ebft tr\u1ea7y x\u01b0\u1edbt<\/td>\n<td style=\"padding-left:10px; width:435px;\">\n\t\t\t\t-\u0110&aacute;nh b&oacute;ng l\u1ea1i<br \/>\n\t\t\t\t-M&agrave;i nh\u1eb5n l\u1ea1i<\/td>\n<\/tr>\n<tr>\n<td style=\"padding-left:10px; width:190px;\">\n\t\t\t\tV\u1ebft s\u1ecdc<\/td>\n<td style=\"padding-left:10px; width:435px;\">\n\t\t\t\t-Ch&ugrave;i b&oacute;ng b\u1eb1ng mi\u1ebfng th\u1ea5t l&oacute;t kh&ocirc;<br \/>\n\t\t\t\t-\u0110&aacute;nh b&oacute;ng l\u1ea1i<\/td>\n<\/tr>\n<tr>\n<td style=\"padding-left:10px; width:190px;\">\n\t\t\t\tV\u1ebft \u0111\u1ed1m n\u01b0\u1edbc<\/td>\n<td style=\"padding-left:10px; width:435px;\">\n\t\t\t\t-Ch&ugrave;i b&oacute;ng b\u1eb1ng b&ugrave;i nh&ugrave;i kim lo\u1ea1i kh&ocirc;<\/p>\n<p>\n\t\t\t\t\t-\u0110&aacute;nh b&oacute;ng l\u1ea1i ho\u1eb7c m&agrave;i nh\u1eb5n l\u1ea1i&nbsp;<\/p>\n<\/td>\n<\/tr>\n<\/tbody>\n<\/table>\n<p style=\"text-align: justify;\">\n\t<strong>L\u01afU &Yacute;: Khi g\u1eb7p s\u1ef1 c\u1ed1 c&oacute; t&iacute;nh ch\u1ea5t nghi&ecirc;m tr\u1ecdng ho\u1eb7c di\u1ec7n t&iacute;ch l\u1edbn, xin vui l&ograve;ng li&ecirc;n h\u1ec7 v\u1edbi \u0111\u01a1n v\u1ecb lau ch&ugrave;i \u0111&aacute; chuy&ecirc;n nghi\u1ec7p.<\/strong><\/p>\n","protected":false},"excerpt":{"rendered":"<p>\u0110&aacute; c\u1ea9m th\u1ea1ch v&agrave; \u0111&aacute; t\u1ef1 nhi&ecirc;n l&agrave; nh\u1eefng v\u1eadt li\u1ec7u c&oacute; kh\u1ea3 n\u0103ng th\u1ea9m th\u1ea5u. C&aacute;ch h\u1eefu hi\u1ec7u nh\u1ea5t \u0111\u1ec3 t\u1ea9y r\u1eeda v\u1ebft \u1ed1 l&agrave; c\u1ed1 g\u1eafng l&agrave;m \u0111\u1ea3o ng\u01b0\u1ee3c qu&aacute; tr&igrave;nh t\u1ea1o v\u1ebft \u1ed1 ban \u0111\u1ea7u. Ph\u01b0\u01a1ng ph&aacute;p d\u1ec5 nh\u1ea5t l&agrave; t&igrave;m c&aacute;ch h&uacute;t ch\u1ea5t g&acirc;y \u1ed1 sang m\u1ed9t ch\u1ea5t li\u1ec7u kh&aacute;c t\u1ea1m g\u1ecdi l&agrave; &ldquo;ch\u1ea5t \u0111\u1eafp trung gian&rdquo;. Ch\u1ea5t \u0111\u1eafp trung gian c&oacute; th\u1ec3 l&agrave;m t\u1eeb nhi\u1ec1u&hellip;<\/p>\n","protected":false},"author":0,"featured_media":0,"parent":0,"menu_order":0,"comment_status":"closed","ping_status":"closed","template":"","meta":{"footnotes":""},"class_list":["post-2776","page","type-page","status-publish","hentry"],"yoast_head":"<!-- This site is optimized with the Yoast SEO plugin v16.6.1 - https:\/\/yoast.com\/wordpress\/plugins\/seo\/ -->\n<title>H\u01b0\u1edbng d\u1eabn t\u1ea9y v\u1ebft \u1ed1 tr\u00ean \u0111\u00e1 - Danang Sculpture Foundation<\/title>\n<meta name=\"robots\" content=\"index, follow, max-snippet:-1, max-image-preview:large, max-video-preview:-1\" \/>\n<link rel=\"canonical\" href=\"https:\/\/www.danangsculpture.com.vn\/guideline-to-removing-stains\/\" \/>\n<meta property=\"og:locale\" content=\"vi_VN\" \/>\n<meta property=\"og:type\" content=\"article\" \/>\n<meta property=\"og:title\" content=\"H\u01b0\u1edbng d\u1eabn t\u1ea9y v\u1ebft \u1ed1 tr\u00ean \u0111\u00e1\" \/>\n<meta property=\"og:description\" content=\"\" \/>\n<meta property=\"og:url\" content=\"https:\/\/www.danangsculpture.com.vn\/guideline-to-removing-stains\/\" \/>\n<meta property=\"og:site_name\" content=\"Danang Sculpture Foundation\" \/>\n<meta name=\"twitter:card\" content=\"summary_large_image\" \/>\n<meta name=\"twitter:label1\" content=\"\u01af\u1edbc t\u00ednh th\u1eddi gian \u0111\u1ecdc\" \/>\n\t<meta name=\"twitter:data1\" content=\"29 ph\u00fat\" \/>\n<script type=\"application\/ld+json\" class=\"yoast-schema-graph\">{\"@context\":\"https:\/\/schema.org\",\"@graph\":[{\"@type\":\"WebSite\",\"@id\":\"https:\/\/danangsculpture.com.vn\/#website\",\"url\":\"https:\/\/danangsculpture.com.vn\/\",\"name\":\"Danang Sculpture Foundation\",\"description\":\"Giving spirit to stones\",\"potentialAction\":[{\"@type\":\"SearchAction\",\"target\":{\"@type\":\"EntryPoint\",\"urlTemplate\":\"https:\/\/danangsculpture.com.vn\/?s={search_term_string}\"},\"query-input\":\"required name=search_term_string\"}],\"inLanguage\":\"vi\"},{\"@type\":\"WebPage\",\"@id\":\"https:\/\/www.danangsculpture.com.vn\/guideline-to-removing-stains\/#webpage\",\"url\":\"https:\/\/www.danangsculpture.com.vn\/guideline-to-removing-stains\/\",\"name\":\"[:en]Guideline to Removing Stains[:vi]H\\u01b0\\u1edbng d\\u1eabn t\\u1ea9y v\\u1ebft \\u1ed1 tr\\u00ean \\u0111\\u00e1[:] - Danang Sculpture Foundation\",\"isPartOf\":{\"@id\":\"https:\/\/danangsculpture.com.vn\/#website\"},\"datePublished\":\"-0001-11-30T00:00:00+00:00\",\"dateModified\":\"-0001-11-30T00:00:00+00:00\",\"breadcrumb\":{\"@id\":\"https:\/\/www.danangsculpture.com.vn\/guideline-to-removing-stains\/#breadcrumb\"},\"inLanguage\":\"vi\",\"potentialAction\":[{\"@type\":\"ReadAction\",\"target\":[\"https:\/\/www.danangsculpture.com.vn\/guideline-to-removing-stains\/\"]}]},{\"@type\":\"BreadcrumbList\",\"@id\":\"https:\/\/www.danangsculpture.com.vn\/guideline-to-removing-stains\/#breadcrumb\",\"itemListElement\":[{\"@type\":\"ListItem\",\"position\":1,\"name\":\"Home\",\"item\":\"https:\/\/danangsculpture.com.vn\/\"},{\"@type\":\"ListItem\",\"position\":2,\"name\":\"Guideline to Removing Stains\"}]}]}<\/script>\n<!-- \/ Yoast SEO plugin. -->","_links":{"self":[{"href":"https:\/\/danangsculpture.com.vn\/vi\/wp-json\/wp\/v2\/pages\/2776","targetHints":{"allow":["GET"]}}],"collection":[{"href":"https:\/\/danangsculpture.com.vn\/vi\/wp-json\/wp\/v2\/pages"}],"about":[{"href":"https:\/\/danangsculpture.com.vn\/vi\/wp-json\/wp\/v2\/types\/page"}],"replies":[{"embeddable":true,"href":"https:\/\/danangsculpture.com.vn\/vi\/wp-json\/wp\/v2\/comments?post=2776"}],"version-history":[{"count":0,"href":"https:\/\/danangsculpture.com.vn\/vi\/wp-json\/wp\/v2\/pages\/2776\/revisions"}],"wp:attachment":[{"href":"https:\/\/danangsculpture.com.vn\/vi\/wp-json\/wp\/v2\/media?parent=2776"}],"curies":[{"name":"wp","href":"https:\/\/api.w.org\/{rel}","templated":true}]}}