{"id":2778,"date":"2021-07-06T17:34:49","date_gmt":"2021-07-06T10:34:49","guid":{"rendered":""},"modified":"2021-12-29T15:13:11","modified_gmt":"2021-12-29T08:13:11","slug":"domestic-delivery","status":"publish","type":"page","link":"https:\/\/danangsculpture.com.vn\/vi\/domestic-delivery\/","title":{"rendered":"V\u1eadn chuy\u1ec3n trong n\u01b0\u1edbc"},"content":{"rendered":"<h2>\u0110\u00d3NG G\u00d3I<\/h2>\n<p>Vi\u1ec7c \u0111\u1ea3m b\u1ea3o cho m\u1ed7i t\u01b0\u1ee3ng \u0111i\u00eau kh\u1eafc v\u00e0 m\u1ed7i s\u1ea3n ph\u1ea9m \u0111\u00e1 \u0111\u01b0\u1ee3c giao \u0111\u1ebfn n\u01a1i an to\u00e0n v\u00e0 tr\u1ecdn v\u1eb9n, kh\u00f4ng b\u1ecb h\u01b0 h\u1ea1i l\u00e0 r\u1ea5t quan tr\u1ecdng \u0111\u1ed1i v\u1edbi\u00a0Qu\u1ef9 \u0110i\u00eau kh\u1eafc \u0110\u00e0 N\u1eb5ng. Ch\u00fang t\u00f4i quan t\u00e2m \u0111\u1eb7c bi\u1ec7t v\u1edbi vi\u1ec7c \u0111\u00f3ng g\u00f3i v\u00e0 v\u1eadn chuy\u1ec3n h\u00e0ng.<\/p>\n<p>C\u00e1c t\u01b0\u1ee3ng \u0111\u00e1 \u0111\u1ec1u \u0111\u01b0\u1ee3c \u0111\u00f3ng g\u00f3i k\u1ef9 c\u00e0ng trong th\u00f9ng carton v\u1edbi x\u1ed1p n\u00eam ch\u1eb7c b\u00ean trong ho\u1eb7c th\u00f9ng x\u1ed1p \u0111\u1eb7c khi v\u1eadn chuy\u1ec3n b\u1eb1ng \u0111\u01b0\u1eddng h\u00e0ng kh\u00f4ng (\u0111\u1ed1i v\u1edbi t\u01b0\u1ee3ng nh\u1ecf d\u01b0\u1edbi 20 kg) v\u00e0 trong ki\u1ec7n g\u1ed7 ch\u1eafc ch\u1eafn (\u0111\u1ed1i v\u1edbi t\u01b0\u1ee3ng c\u00f3 k\u00edch th\u01b0\u1edbc l\u1edbn h\u01a1n) \u0111\u1ec3 \u0111\u1ea3m b\u1ea3o kh\u00f4ng b\u1ecb h\u01b0 h\u1ecfng trong qu\u00e1 tr\u00ecnh v\u1eadn chuy\u1ec3n.<\/p>\n<p>\u0110\u1ed1i v\u1edbi nh\u1eefng t\u01b0\u1ee3ng ho\u1eb7c s\u1ea3n ph\u1ea9m \u0111\u00e1 c\u00f3 k\u00edch th\u01b0\u1edbc l\u1edbn v\u00e0 n\u1eb7ng, ch\u00fang t\u00f4i \u0111\u00f3ng ri\u00eang ki\u1ec7n g\u1ed7 v\u1eeba kh\u00edt v\u1edbi k\u00edch th\u01b0\u1edbc t\u1eebng s\u1ea3n ph\u1ea9m \u0111\u1ec3 \u0111\u1ea3m b\u1ea3o an to\u00e0n khi v\u1eadn chuy\u1ec3n. B\u00ean d\u01b0\u1edbi ki\u1ec7n g\u1ed7 c\u00f3 pallet gi\u00fap d\u1ec5 d\u00e0ng n\u00e2ng b\u1eb1ng xe n\u00e2ng (forklift) ho\u1eb7c xe c\u1ea9u trong qu\u00e1 tr\u00ecnh giao h\u00e0ng. C\u00e1c n\u00eam g\u1ed7 \u0111\u01b0\u1ee3c \u0111\u00f3ng b\u00ean trong ki\u1ec7n khi\u1ebfn s\u1ea3n ph\u1ea9m kh\u00f4ng di chuy\u1ec3n \u0111\u01b0\u1ee3c trong khi v\u1eadn chuy\u1ec3n.<\/p>\n<table class=\" cke_show_border\" border=\"0\" cellspacing=\"0\" cellpadding=\"5\" align=\"center\">\n<tbody>\n<tr>\n<td><img decoding=\"async\" data-src=\"http:\/\/danangsculpture.com\/uploads\/image\/images\/shipment\/Packing.jpg\" alt=\"\" data-cke-saved-src=\"\/uploads\/image\/images\/shipment\/Packing.jpg\" src=\"data:image\/svg+xml;base64,PHN2ZyB3aWR0aD0iMSIgaGVpZ2h0PSIxIiB4bWxucz0iaHR0cDovL3d3dy53My5vcmcvMjAwMC9zdmciPjwvc3ZnPg==\" class=\"lazyload\" \/><img decoding=\"async\" data-src=\"http:\/\/danangsculpture.com\/uploads\/image\/images\/shipment\/Packing%202.jpg\" alt=\"\" data-cke-saved-src=\"\/uploads\/image\/images\/shipment\/Packing%202.jpg\" src=\"data:image\/svg+xml;base64,PHN2ZyB3aWR0aD0iMSIgaGVpZ2h0PSIxIiB4bWxucz0iaHR0cDovL3d3dy53My5vcmcvMjAwMC9zdmciPjwvc3ZnPg==\" class=\"lazyload\" \/><\/td>\n<\/tr>\n<tr>\n<td style=\"text-align: center;\">Ki\u1ec7n g\u1ed7 \u0111\u00f3ng ch\u1eafc ch\u1eafn cho c\u00e1c t\u01b0\u1ee3ng l\u1edbn<\/td>\n<\/tr>\n<tr>\n<td><img decoding=\"async\" data-src=\"http:\/\/danangsculpture.com\/uploads\/image\/images\/shipment\/Packing%203.jpg\" alt=\"\" data-cke-saved-src=\"\/uploads\/image\/images\/shipment\/Packing%203.jpg\" src=\"data:image\/svg+xml;base64,PHN2ZyB3aWR0aD0iMSIgaGVpZ2h0PSIxIiB4bWxucz0iaHR0cDovL3d3dy53My5vcmcvMjAwMC9zdmciPjwvc3ZnPg==\" class=\"lazyload\" \/><img decoding=\"async\" data-src=\"http:\/\/danangsculpture.com\/uploads\/image\/images\/shipment\/Packing%204.jpg\" alt=\"\" data-cke-saved-src=\"\/uploads\/image\/images\/shipment\/Packing%204.jpg\" src=\"data:image\/svg+xml;base64,PHN2ZyB3aWR0aD0iMSIgaGVpZ2h0PSIxIiB4bWxucz0iaHR0cDovL3d3dy53My5vcmcvMjAwMC9zdmciPjwvc3ZnPg==\" class=\"lazyload\" \/><\/td>\n<\/tr>\n<tr>\n<td style=\"text-align: center;\">\u00a0\u00a0Qu\u1ea5n x\u1ed1p b\u00ean trong v\u00e0 \u0111\u00f3ng ki\u1ec7n g\u1ed7 b\u00ean ngo\u00e0i \u0111\u1ed1i v\u1edbi t\u01b0\u1ee3ng nh\u1ecf<\/td>\n<\/tr>\n<\/tbody>\n<\/table>\n<h2><\/h2>\n<h2>V\u1eacN CHUY\u1ec2N, GIAO H\u00c0NG<\/h2>\n<p><span style=\"font-size: 14px;\">Qu\u1ef9 \u0110i\u00eau kh\u1eafc \u0110\u00e0 N\u1eb5ng h\u1ee3p t\u00e1c v\u1edbi c\u00e1c \u0111\u01a1n v\u1ecb v\u1eadn chuy\u1ec3n uy t\u00edn nh\u01b0 T\u1ed5ng c\u1ee5c B\u01b0u ch\u00ednh Vi\u1ec7t Nam, B\u01b0u ch\u00ednh Viettel, Nh\u1ea5t Phong V\u1eadn, Ecotrans, Ho\u00e0ng Long\u2026 \u0111\u1ec3 v\u1eadn chuy\u1ec3n h\u00e0ng kh\u00f4ng v\u00e0 \u0111\u01b0\u1eddng b\u1ed9 trong n\u01b0\u1edbc.<\/span><\/p>\n<p><span style=\"font-size: 14px;\">Xin vui l\u00f2ng email cho ch\u00fang t\u00f4i theo \u0111\u1ecba ch\u1ec9<\/span><span style=\"font-size: 14px;\">\u00a0<a href=\"mailto:info@danangsculpture.org\" target=\"_blank\" rel=\"noopener\">info@danangsculpture.org<\/a>,\u00a0<\/span><span style=\"font-size: 14px;\">ho\u1eb7c \u0111i\u1ec7n tho\u1ea1i \u0111\u1ebfn<span style=\"color: #ff8c00;\"> <span style=\"font-size: 16px;\">0236 &#8211; 3968120<\/span> <\/span>k\u00e8m th\u00f4ng tin m\u00e3 s\u1ea3n ph\u1ea9m m\u00e0 b\u1ea1n mu\u1ed1n mua, \u0111\u1ecba ch\u1ec9 c\u1ea7n giao h\u00e0ng \u0111\u1ebfn \u0111\u1ec3 nh\u1eadn b\u00e1o gi\u00e1 chi ph\u00ed giao h\u00e0ng.<\/span><\/p>\n<p><span style=\"font-size: 14px;\">\u0110\u1ed1i v\u1edbi nh\u1eefng s\u1ea3n ph\u1ea9m k\u00edch th\u01b0\u1edbc nh\u1ecf v\u00e0 d\u01b0\u1edbi 10 kg, v\u1eadn chuy\u1ec3n h\u00e0ng kh\u00f4ng l\u00e0 ph\u01b0\u01a1ng th\u1ee9c t\u1ed1i \u01b0u c\u1ea3 v\u1ec1 th\u1eddi gian v\u00e0 kinh ph\u00ed.<br \/>\n\u0110\u1ed1i v\u1edbi nh\u1eefng s\u1ea3n ph\u1ea9m k\u00edch th\u01b0\u1edbc l\u1edbn v\u00e0 t\u1eeb 10 kg tr\u1edf l\u00ean, b\u1ea1n n\u00ean ch\u1ecdn ph\u01b0\u01a1ng th\u1ee9c v\u1eadn chuy\u1ec3n \u0111\u01b0\u1eddng b\u1ed9 \u0111\u1ec3 ti\u1ebft ki\u1ec7m kinh ph\u00ed.<\/span><\/p>\n<p><span style=\"font-size: 14px;\">Th\u1eddi gian v\u1eadn chuy\u1ec3n: (kh\u00f4ng t\u00ednh ng\u00e0y ngh\u1ec9 cu\u1ed1i tu\u1ea7n, ng\u00e0y l\u1ec5)<br \/>\n&#8211; Giao h\u00e0ng nhanh: 1 \u2013 2 ng\u00e0y t\u1eeb \u0110\u00e0 N\u1eb5ng \u0111\u1ebfn c\u00e1c th\u00e0nh ph\u1ed1 l\u1edbn v\u00e0 2- 4 ng\u00e0y t\u1eeb \u0110\u00e0 N\u1eb5ng \u0111\u1ebfn c\u00e1c v\u00f9ng kh\u00e1c xa h\u01a1n<br \/>\n&#8211; Giao h\u00e0ng th\u01b0\u1eddng: 5 \u2013 10 ng\u00e0y t\u00f9y theo v\u00f9ng<\/span><\/p>\n<p><a href=\"https:\/\/danangsculpture.com.vn\/vi\/international-shipment\/\" target=\"_blank\" rel=\"noopener\"><strong><span style=\"font-size: 14px;\"><span style=\"color: #ff8c00;\">V\u1eadn chuy\u1ec3n qu\u1ed1c t\u1ebf<\/span><\/span><\/strong><\/a><\/p>\n","protected":false},"excerpt":{"rendered":"<p>\u0110\u00d3NG G\u00d3I Vi\u1ec7c \u0111\u1ea3m b\u1ea3o cho m\u1ed7i t\u01b0\u1ee3ng \u0111i\u00eau kh\u1eafc v\u00e0 m\u1ed7i s\u1ea3n ph\u1ea9m \u0111\u00e1 \u0111\u01b0\u1ee3c giao \u0111\u1ebfn n\u01a1i an to\u00e0n v\u00e0 tr\u1ecdn v\u1eb9n, kh\u00f4ng b\u1ecb h\u01b0 h\u1ea1i l\u00e0 r\u1ea5t quan tr\u1ecdng \u0111\u1ed1i v\u1edbi\u00a0Qu\u1ef9 \u0110i\u00eau kh\u1eafc \u0110\u00e0 N\u1eb5ng. Ch\u00fang t\u00f4i quan t\u00e2m \u0111\u1eb7c bi\u1ec7t v\u1edbi vi\u1ec7c \u0111\u00f3ng g\u00f3i v\u00e0 v\u1eadn chuy\u1ec3n h\u00e0ng. C\u00e1c t\u01b0\u1ee3ng \u0111\u00e1 \u0111\u1ec1u \u0111\u01b0\u1ee3c \u0111\u00f3ng g\u00f3i k\u1ef9 c\u00e0ng trong th\u00f9ng carton v\u1edbi x\u1ed1p n\u00eam ch\u1eb7c b\u00ean trong&hellip;<\/p>\n","protected":false},"author":2,"featured_media":0,"parent":0,"menu_order":0,"comment_status":"closed","ping_status":"closed","template":"","meta":{"footnotes":""},"class_list":["post-2778","page","type-page","status-publish","hentry"],"yoast_head":"<!-- This site is optimized with the Yoast SEO plugin v16.6.1 - https:\/\/yoast.com\/wordpress\/plugins\/seo\/ -->\n<title>V\u1eadn chuy\u1ec3n trong n\u01b0\u1edbc - Danang Sculpture Foundation<\/title>\n<meta name=\"robots\" content=\"index, follow, max-snippet:-1, max-image-preview:large, max-video-preview:-1\" \/>\n<link rel=\"canonical\" href=\"https:\/\/danangsculpture.com.vn\/domestic-delivery\/\" \/>\n<meta property=\"og:locale\" content=\"vi_VN\" \/>\n<meta property=\"og:type\" content=\"article\" \/>\n<meta property=\"og:title\" content=\"V\u1eadn chuy\u1ec3n trong n\u01b0\u1edbc\" \/>\n<meta property=\"og:description\" content=\"\" \/>\n<meta property=\"og:url\" content=\"https:\/\/danangsculpture.com.vn\/domestic-delivery\/\" \/>\n<meta property=\"og:site_name\" content=\"Danang Sculpture Foundation\" \/>\n<meta property=\"article:modified_time\" content=\"2021-12-29T08:13:11+00:00\" \/>\n<meta property=\"og:image\" content=\"http:\/\/danangsculpture.com.vn\/wp-content\/uploads\/image\/images\/shipment\/Packing.jpg\" \/>\n<meta name=\"twitter:card\" content=\"summary_large_image\" \/>\n<meta name=\"twitter:label1\" content=\"\u01af\u1edbc t\u00ednh th\u1eddi gian \u0111\u1ecdc\" \/>\n\t<meta name=\"twitter:data1\" content=\"3 ph\u00fat\" \/>\n<script type=\"application\/ld+json\" class=\"yoast-schema-graph\">{\"@context\":\"https:\/\/schema.org\",\"@graph\":[{\"@type\":\"WebSite\",\"@id\":\"https:\/\/danangsculpture.com.vn\/#website\",\"url\":\"https:\/\/danangsculpture.com.vn\/\",\"name\":\"Danang Sculpture Foundation\",\"description\":\"Giving spirit to stones\",\"potentialAction\":[{\"@type\":\"SearchAction\",\"target\":{\"@type\":\"EntryPoint\",\"urlTemplate\":\"https:\/\/danangsculpture.com.vn\/?s={search_term_string}\"},\"query-input\":\"required name=search_term_string\"}],\"inLanguage\":\"vi\"},{\"@type\":\"ImageObject\",\"@id\":\"https:\/\/danangsculpture.com.vn\/domestic-delivery\/#primaryimage\",\"inLanguage\":\"vi\",\"url\":\"http:\/\/danangsculpture.com.vn\/wp-content\/uploads\/image\/images\/shipment\/Packing.jpg\",\"contentUrl\":\"http:\/\/danangsculpture.com.vn\/wp-content\/uploads\/image\/images\/shipment\/Packing.jpg\"},{\"@type\":\"WebPage\",\"@id\":\"https:\/\/danangsculpture.com.vn\/domestic-delivery\/#webpage\",\"url\":\"https:\/\/danangsculpture.com.vn\/domestic-delivery\/\",\"name\":\"[:en]Domestic Delivery[:vi]V\\u1eadn chuy\\u1ec3n trong n\\u01b0\\u1edbc[:] - Danang Sculpture Foundation\",\"isPartOf\":{\"@id\":\"https:\/\/danangsculpture.com.vn\/#website\"},\"primaryImageOfPage\":{\"@id\":\"https:\/\/danangsculpture.com.vn\/domestic-delivery\/#primaryimage\"},\"datePublished\":\"2021-07-06T10:34:49+00:00\",\"dateModified\":\"2021-12-29T08:13:11+00:00\",\"breadcrumb\":{\"@id\":\"https:\/\/danangsculpture.com.vn\/domestic-delivery\/#breadcrumb\"},\"inLanguage\":\"vi\",\"potentialAction\":[{\"@type\":\"ReadAction\",\"target\":[\"https:\/\/danangsculpture.com.vn\/domestic-delivery\/\"]}]},{\"@type\":\"BreadcrumbList\",\"@id\":\"https:\/\/danangsculpture.com.vn\/domestic-delivery\/#breadcrumb\",\"itemListElement\":[{\"@type\":\"ListItem\",\"position\":1,\"name\":\"Home\",\"item\":\"https:\/\/danangsculpture.com.vn\/\"},{\"@type\":\"ListItem\",\"position\":2,\"name\":\"V\\u1eadn chuy\\u1ec3n trong n\\u01b0\\u1edbc\"}]}]}<\/script>\n<!-- \/ Yoast SEO plugin. -->","_links":{"self":[{"href":"https:\/\/danangsculpture.com.vn\/vi\/wp-json\/wp\/v2\/pages\/2778","targetHints":{"allow":["GET"]}}],"collection":[{"href":"https:\/\/danangsculpture.com.vn\/vi\/wp-json\/wp\/v2\/pages"}],"about":[{"href":"https:\/\/danangsculpture.com.vn\/vi\/wp-json\/wp\/v2\/types\/page"}],"author":[{"embeddable":true,"href":"https:\/\/danangsculpture.com.vn\/vi\/wp-json\/wp\/v2\/users\/2"}],"replies":[{"embeddable":true,"href":"https:\/\/danangsculpture.com.vn\/vi\/wp-json\/wp\/v2\/comments?post=2778"}],"version-history":[{"count":4,"href":"https:\/\/danangsculpture.com.vn\/vi\/wp-json\/wp\/v2\/pages\/2778\/revisions"}],"predecessor-version":[{"id":4815,"href":"https:\/\/danangsculpture.com.vn\/vi\/wp-json\/wp\/v2\/pages\/2778\/revisions\/4815"}],"wp:attachment":[{"href":"https:\/\/danangsculpture.com.vn\/vi\/wp-json\/wp\/v2\/media?parent=2778"}],"curies":[{"name":"wp","href":"https:\/\/api.w.org\/{rel}","templated":true}]}}