{"id":2784,"date":"2021-08-02T15:57:47","date_gmt":"2021-08-02T08:57:47","guid":{"rendered":""},"modified":"2021-08-02T15:57:51","modified_gmt":"2021-08-02T08:57:51","slug":"domestic-packing","status":"publish","type":"page","link":"https:\/\/danangsculpture.com.vn\/vi\/domestic-packing\/","title":{"rendered":"\u0110\u00f3ng g\u00f3i trong n\u01b0\u1edbc"},"content":{"rendered":"<p style=\"text-align: justify;\">\n\tVi\u1ec7c \u0111\u1ea3m b\u1ea3o cho m\u1ed7i t\u01b0\u1ee3ng \u0111i&ecirc;u kh\u1eafc v&agrave; m\u1ed7i s\u1ea3n ph\u1ea9m \u0111&aacute; \u0111\u01b0\u1ee3c giao \u0111\u1ebfn n\u01a1i an to&agrave;n v&agrave; tr\u1ecdn v\u1eb9n, kh&ocirc;ng b\u1ecb h\u01b0 h\u1ea1i l&agrave; r\u1ea5t quan tr\u1ecdng \u0111\u1ed1i v\u1edbi&nbsp;<span style=\"font-size: 14px;\">Qu\u1ef9 \u0110i&ecirc;u kh\u1eafc \u0110&agrave; N\u1eb5ng<\/span>. Ch&uacute;ng t&ocirc;i quan t&acirc;m \u0111\u1eb7c bi\u1ec7t v\u1edbi vi\u1ec7c \u0111&oacute;ng g&oacute;i v&agrave; v\u1eadn chuy\u1ec3n h&agrave;ng.<\/p>\n<p>\n\tC&aacute;c t\u01b0\u1ee3ng \u0111&aacute; \u0111\u1ec1u \u0111\u01b0\u1ee3c \u0111&oacute;ng g&oacute;i k\u1ef9 c&agrave;ng trong th&ugrave;ng carton v\u1edbi x\u1ed1p n&ecirc;m ch\u1eb7c b&ecirc;n trong ho\u1eb7c th&ugrave;ng x\u1ed1p \u0111\u1eb7c khi v\u1eadn chuy\u1ec3n b\u1eb1ng \u0111\u01b0\u1eddng h&agrave;ng kh&ocirc;ng (\u0111\u1ed1i v\u1edbi t\u01b0\u1ee3ng nh\u1ecf d\u01b0\u1edbi 10 kg) v&agrave; trong ki\u1ec7n g\u1ed7 ch\u1eafc ch\u1eafn (\u0111\u1ed1i v\u1edbi t\u01b0\u1ee3ng c&oacute; k&iacute;ch th\u01b0\u1edbc l\u1edbn h\u01a1n) \u0111\u1ec3 \u0111\u1ea3m b\u1ea3o kh&ocirc;ng b\u1ecb h\u01b0 h\u1ecfng trong qu&aacute; tr&igrave;nh v\u1eadn chuy\u1ec3n.<\/p>\n<p style=\"text-align: justify;\">\n\t\u0110\u1ed1i v\u1edbi nh\u1eefng t\u01b0\u1ee3ng ho\u1eb7c s\u1ea3n ph\u1ea9m \u0111&aacute; c&oacute; k&iacute;ch th\u01b0\u1edbc l\u1edbn v&agrave; n\u1eb7ng, ch&uacute;ng t&ocirc;i \u0111&oacute;ng ri&ecirc;ng ki\u1ec7n g\u1ed7 v\u1eeba kh&iacute;t v\u1edbi k&iacute;ch th\u01b0\u1edbc t\u1eebng s\u1ea3n ph\u1ea9m \u0111\u1ec3 \u0111\u1ea3m b\u1ea3o an to&agrave;n khi v\u1eadn chuy\u1ec3n. B&ecirc;n d\u01b0\u1edbi ki\u1ec7n g\u1ed7 c&oacute; pallet gi&uacute;p d\u1ec5 d&agrave;ng n&acirc;ng b\u1eb1ng xe forklift ho\u1eb7c c\u1ea9u trong qu&aacute; tr&igrave;nh giao h&agrave;ng. C&aacute;c n&ecirc;m g\u1ed7 \u0111\u01b0\u1ee3c \u0111&oacute;ng b&ecirc;n trong ki\u1ec7n khi\u1ebfn s\u1ea3n ph\u1ea9m kh&ocirc;ng di chuy\u1ec3n \u0111\u01b0\u1ee3c trong khi v\u1eadn chuy\u1ec3n.<\/p>\n<p style=\"text-align: justify;\">\n\t&nbsp;<\/p>\n<table align=\"center\" border=\"0\" cellpadding=\"5\" cellspacing=\"0\" style=\"width: 100%\">\n<tbody>\n<tr>\n<td style=\"text-align: center;\">\n\t\t\t\t<span style=\"font-size:14px;\"><img decoding=\"async\" alt=\"\" data-src=\"\/wp-content\/uploads\/image\/images\/shipment\/Packing.jpg\" style=\"--smush-placeholder-width: 350px; --smush-placeholder-aspect-ratio: 350\/250;width: 40%;\" src=\"data:image\/svg+xml;base64,PHN2ZyB3aWR0aD0iMSIgaGVpZ2h0PSIxIiB4bWxucz0iaHR0cDovL3d3dy53My5vcmcvMjAwMC9zdmciPjwvc3ZnPg==\" class=\"lazyload\" \/><img decoding=\"async\" alt=\"\" data-src=\"\/wp-content\/uploads\/image\/images\/shipment\/Packing%202.jpg\" style=\"width: 40%;\" src=\"data:image\/svg+xml;base64,PHN2ZyB3aWR0aD0iMSIgaGVpZ2h0PSIxIiB4bWxucz0iaHR0cDovL3d3dy53My5vcmcvMjAwMC9zdmciPjwvc3ZnPg==\" class=\"lazyload\" \/><\/span><\/td>\n<\/tr>\n<tr>\n<td style=\"text-align: center;\">\n\t\t\t\tKi\u1ec7n g\u1ed7 \u0111&oacute;ng ch\u1eafc ch\u1eafn cho c&aacute;c t\u01b0\u1ee3ng l\u1edbn<\/td>\n<\/tr>\n<tr>\n<td style=\"text-align: center;\">\n\t\t\t\t<span style=\"font-size:14px;\"><img decoding=\"async\" alt=\"\" data-src=\"\/wp-content\/uploads\/image\/images\/shipment\/Packing%203.jpg\" style=\"width: 40%;\" src=\"data:image\/svg+xml;base64,PHN2ZyB3aWR0aD0iMSIgaGVpZ2h0PSIxIiB4bWxucz0iaHR0cDovL3d3dy53My5vcmcvMjAwMC9zdmciPjwvc3ZnPg==\" class=\"lazyload\" \/><img decoding=\"async\" alt=\"\" data-src=\"\/wp-content\/uploads\/image\/images\/shipment\/Packing%204.jpg\" style=\"width: 40%;\" src=\"data:image\/svg+xml;base64,PHN2ZyB3aWR0aD0iMSIgaGVpZ2h0PSIxIiB4bWxucz0iaHR0cDovL3d3dy53My5vcmcvMjAwMC9zdmciPjwvc3ZnPg==\" class=\"lazyload\" \/><\/span><\/td>\n<\/tr>\n<tr>\n<td style=\"text-align: center;\">\n\t\t\t\t<span style=\"font-size:14px;\">&nbsp;<\/span>&nbsp;Qu\u1ea5n x\u1ed1p b&ecirc;n trong v&agrave; \u0111&oacute;ng ki\u1ec7n g\u1ed7 b&ecirc;n ngo&agrave;i \u0111\u1ed1i v\u1edbi t\u01b0\u1ee3ng nh\u1ecf<\/td>\n<\/tr>\n<\/tbody>\n<\/table>\n<p>\n\t<a href=\"http:\/\/danangfoundation.tinhve.biz\/vn\/post\/2-international-shipment.html\" target=\"_blank\" rel=\"noopener\">V\u1eadn chuy\u1ec3n qu\u1ed1c t\u1ebf<\/a><\/p>\n","protected":false},"excerpt":{"rendered":"<p>Vi\u1ec7c \u0111\u1ea3m b\u1ea3o cho m\u1ed7i t\u01b0\u1ee3ng \u0111i&ecirc;u kh\u1eafc v&agrave; m\u1ed7i s\u1ea3n ph\u1ea9m \u0111&aacute; \u0111\u01b0\u1ee3c giao \u0111\u1ebfn n\u01a1i an to&agrave;n v&agrave; tr\u1ecdn v\u1eb9n, kh&ocirc;ng b\u1ecb h\u01b0 h\u1ea1i l&agrave; r\u1ea5t quan tr\u1ecdng \u0111\u1ed1i v\u1edbi&nbsp;Qu\u1ef9 \u0110i&ecirc;u kh\u1eafc \u0110&agrave; N\u1eb5ng. Ch&uacute;ng t&ocirc;i quan t&acirc;m \u0111\u1eb7c bi\u1ec7t v\u1edbi vi\u1ec7c \u0111&oacute;ng g&oacute;i v&agrave; v\u1eadn chuy\u1ec3n h&agrave;ng. C&aacute;c t\u01b0\u1ee3ng \u0111&aacute; \u0111\u1ec1u \u0111\u01b0\u1ee3c \u0111&oacute;ng g&oacute;i k\u1ef9 c&agrave;ng trong th&ugrave;ng carton v\u1edbi x\u1ed1p n&ecirc;m ch\u1eb7c b&ecirc;n trong ho\u1eb7c th&ugrave;ng&hellip;<\/p>\n","protected":false},"author":2,"featured_media":0,"parent":0,"menu_order":0,"comment_status":"closed","ping_status":"closed","template":"","meta":{"footnotes":""},"class_list":["post-2784","page","type-page","status-publish","hentry"],"yoast_head":"<!-- This site is optimized with the Yoast SEO plugin v16.6.1 - https:\/\/yoast.com\/wordpress\/plugins\/seo\/ -->\n<title>\u0110\u00f3ng g\u00f3i trong n\u01b0\u1edbc - Danang Sculpture Foundation<\/title>\n<meta name=\"robots\" content=\"index, follow, max-snippet:-1, max-image-preview:large, max-video-preview:-1\" \/>\n<link rel=\"canonical\" href=\"https:\/\/danangsculpture.com.vn\/domestic-packing\/\" \/>\n<meta property=\"og:locale\" content=\"vi_VN\" \/>\n<meta property=\"og:type\" content=\"article\" \/>\n<meta property=\"og:title\" content=\"\u0110\u00f3ng g\u00f3i trong n\u01b0\u1edbc\" \/>\n<meta property=\"og:description\" content=\"\" \/>\n<meta property=\"og:url\" content=\"https:\/\/danangsculpture.com.vn\/domestic-packing\/\" \/>\n<meta property=\"og:site_name\" content=\"Danang Sculpture Foundation\" \/>\n<meta property=\"article:modified_time\" content=\"2021-08-02T08:57:51+00:00\" \/>\n<meta property=\"og:image\" content=\"https:\/\/danangsculpture.com.vn\/wp-content\/uploads\/image\/images\/shipment\/Packing.jpg\" \/>\n<meta name=\"twitter:card\" content=\"summary_large_image\" \/>\n<meta name=\"twitter:label1\" content=\"\u01af\u1edbc t\u00ednh th\u1eddi gian \u0111\u1ecdc\" \/>\n\t<meta name=\"twitter:data1\" content=\"2 ph\u00fat\" \/>\n<script type=\"application\/ld+json\" class=\"yoast-schema-graph\">{\"@context\":\"https:\/\/schema.org\",\"@graph\":[{\"@type\":\"WebSite\",\"@id\":\"https:\/\/danangsculpture.com.vn\/#website\",\"url\":\"https:\/\/danangsculpture.com.vn\/\",\"name\":\"Danang Sculpture Foundation\",\"description\":\"Giving spirit to stones\",\"potentialAction\":[{\"@type\":\"SearchAction\",\"target\":{\"@type\":\"EntryPoint\",\"urlTemplate\":\"https:\/\/danangsculpture.com.vn\/?s={search_term_string}\"},\"query-input\":\"required name=search_term_string\"}],\"inLanguage\":\"vi\"},{\"@type\":\"ImageObject\",\"@id\":\"https:\/\/danangsculpture.com.vn\/domestic-packing\/#primaryimage\",\"inLanguage\":\"vi\",\"url\":\"\/wp-content\/uploads\/image\/images\/shipment\/Packing.jpg\",\"contentUrl\":\"\/wp-content\/uploads\/image\/images\/shipment\/Packing.jpg\"},{\"@type\":\"WebPage\",\"@id\":\"https:\/\/danangsculpture.com.vn\/domestic-packing\/#webpage\",\"url\":\"https:\/\/danangsculpture.com.vn\/domestic-packing\/\",\"name\":\"[:en]Domestic Packing[:vi]\\u0110\\u00f3ng g\\u00f3i trong n\\u01b0\\u1edbc[:] - Danang Sculpture Foundation\",\"isPartOf\":{\"@id\":\"https:\/\/danangsculpture.com.vn\/#website\"},\"primaryImageOfPage\":{\"@id\":\"https:\/\/danangsculpture.com.vn\/domestic-packing\/#primaryimage\"},\"datePublished\":\"2021-08-02T08:57:47+00:00\",\"dateModified\":\"2021-08-02T08:57:51+00:00\",\"breadcrumb\":{\"@id\":\"https:\/\/danangsculpture.com.vn\/domestic-packing\/#breadcrumb\"},\"inLanguage\":\"vi\",\"potentialAction\":[{\"@type\":\"ReadAction\",\"target\":[\"https:\/\/danangsculpture.com.vn\/domestic-packing\/\"]}]},{\"@type\":\"BreadcrumbList\",\"@id\":\"https:\/\/danangsculpture.com.vn\/domestic-packing\/#breadcrumb\",\"itemListElement\":[{\"@type\":\"ListItem\",\"position\":1,\"name\":\"Home\",\"item\":\"https:\/\/danangsculpture.com.vn\/\"},{\"@type\":\"ListItem\",\"position\":2,\"name\":\"Domestic Packing\"}]}]}<\/script>\n<!-- \/ Yoast SEO plugin. -->","_links":{"self":[{"href":"https:\/\/danangsculpture.com.vn\/vi\/wp-json\/wp\/v2\/pages\/2784","targetHints":{"allow":["GET"]}}],"collection":[{"href":"https:\/\/danangsculpture.com.vn\/vi\/wp-json\/wp\/v2\/pages"}],"about":[{"href":"https:\/\/danangsculpture.com.vn\/vi\/wp-json\/wp\/v2\/types\/page"}],"author":[{"embeddable":true,"href":"https:\/\/danangsculpture.com.vn\/vi\/wp-json\/wp\/v2\/users\/2"}],"replies":[{"embeddable":true,"href":"https:\/\/danangsculpture.com.vn\/vi\/wp-json\/wp\/v2\/comments?post=2784"}],"version-history":[{"count":0,"href":"https:\/\/danangsculpture.com.vn\/vi\/wp-json\/wp\/v2\/pages\/2784\/revisions"}],"wp:attachment":[{"href":"https:\/\/danangsculpture.com.vn\/vi\/wp-json\/wp\/v2\/media?parent=2784"}],"curies":[{"name":"wp","href":"https:\/\/api.w.org\/{rel}","templated":true}]}}