{"id":1029,"date":"2021-06-14T11:44:36","date_gmt":"2021-06-14T04:44:36","guid":{"rendered":"http:\/\/wordpress.dsp.vn\/?post_type=product&#038;p=1029"},"modified":"2021-06-14T11:49:19","modified_gmt":"2021-06-14T04:49:19","slug":"enyellow-marble-flower-potvichau-hoa-bang-da-vang","status":"publish","type":"product","link":"https:\/\/danangsculpture.com.vn\/vi\/product\/enyellow-marble-flower-potvichau-hoa-bang-da-vang\/","title":{"rendered":"Ch\u1eadu hoa b\u1eb1ng \u0111\u00e1 v\u00e0ng"},"content":{"rendered":"<p>\n\tCh\u1eadu hoa \u0111\u01b0\u1ee3c \u0111i&ecirc;u kh\u1eafc b\u1eb1ng tay v&agrave; trang tr&iacute; nhi\u1ec1u hoa v\u0103n hoa l&aacute; t\u1eeb \u0111&aacute; c\u1ea9m th\u1ea1ch v&agrave;ng t\u1ef1 nhi&ecirc;n, \u0111em l\u1ea1i \u0111i\u1ec3m nh\u1ea5n m\u1edbi l\u1ea1 cho kh&ocirc;ng gian ki\u1ebfn tr&uacute;c n\u1ed9i th\u1ea5t, ngo\u1ea1i th\u1ea5t c\u1ee7a b\u1ea1n. M\u1eddi b\u1ea1n xem th&ecirc;m nhi\u1ec1u lo\u1ea1i ch\u1eadu hoa, l\u1ecd hoa, t\u01b0\u1ee3ng trang tr&iacute;, \u0111&agrave;i phun n\u01b0\u1edbc v&agrave; \u0111&egrave;n trang tr&iacute; b\u1eb1ng \u0111&aacute; kh&aacute;c t\u1ea1i&nbsp;<u><strong><a href=\"http:\/\/danangsculpture.com\/vn\/product-cat\/11-tuong-va-san-pham-san-vuon\/\">DanangSculpture.com<\/a><a href=\"http:\/\/danangsculpture.com\/vn\/product-cat\/20-ban-ghe\/\">.<\/a><\/strong><\/u><\/p>\n<p>\n\t&nbsp;<\/p>\n<table border=\"1\" cellpadding=\"0\" cellspacing=\"0\" style=\"width: 784px;\" width=\"784\">\n<tbody>\n<tr>\n<td style=\"width: 161px;\">\n<p>\n\t\t\t\t\t1. K&iacute;ch th\u01b0\u1edbc:<\/p>\n<\/td>\n<td style=\"width: 624px;\">\n<p>\n\t\t\t\t\tTheo y&ecirc;u c\u1ea7u ri&ecirc;ng c\u1ee7a b\u1ea1n<\/p>\n<\/td>\n<\/tr>\n<tr>\n<td style=\"width: 161px;\">\n<p>\n\t\t\t\t\t2. Nguy&ecirc;n v\u1eadt li\u1ec7u:<\/p>\n<\/td>\n<td style=\"width: 624px;\">\n<p>\n\t\t\t\t\t\u0110&aacute; c\u1ea9m th\u1ea1ch, sa th\u1ea1ch ho\u1eb7c \u0111&aacute; hoa c\u01b0\u01a1ng t\u1ef1 nhi&ecirc;n&nbsp;<\/p>\n<\/td>\n<\/tr>\n<tr>\n<td style=\"width: 161px;\">\n<p>\n\t\t\t\t\t3. M&agrave;u s\u1eafc:<\/p>\n<\/td>\n<td style=\"width: 624px;\">\n<p>\n\t\t\t\t\tTr\u1eafng\/V&agrave;ng\/\u0110en\/X&aacute;m\/H\u1ed3ng\/\u0110\u1ecf&hellip; theo y&ecirc;u c\u1ea7u ri&ecirc;ng c\u1ee7a b\u1ea1n&nbsp;<\/p>\n<\/td>\n<\/tr>\n<tr>\n<td style=\"width: 161px;\">\n<p>\n\t\t\t\t\t4. K\u1ef9 thu\u1eadt:<\/p>\n<\/td>\n<td style=\"width: 624px;\">\n<p>\n\t\t\t\t\t\u0110i&ecirc;u kh\u1eafc b\u1eb1ng tay, b\u1ec1 m\u1eb7t trong \u0111&aacute;nh b&oacute;ng, b\u1ec1 m\u1eb7t ngo&agrave;i \u0111&aacute;nh b&oacute;ng ho\u1eb7c m&agrave;i nh\u1eb5n ho\u1eb7c bu nh&aacute;m<\/p>\n<\/td>\n<\/tr>\n<tr>\n<td style=\"width: 161px;\">\n<p>\n\t\t\t\t\t5. Phong c&aacute;ch:<\/p>\n<\/td>\n<td style=\"width: 624px;\">\n<p>\n\t\t\t\t\tC\u1ed5 \u0111i\u1ec3n ho\u1eb7c hi\u1ec7n \u0111\u1ea1i, ph\u01b0\u01a1ng \u0110&ocirc;ng ho\u1eb7c ph\u01b0\u01a1ng T&acirc;y t&ugrave;y theo y&ecirc;u c\u1ea7u ri&ecirc;ng c\u1ee7a b\u1ea1n&nbsp;<\/p>\n<\/td>\n<\/tr>\n<tr>\n<td style=\"width: 161px;\">\n<p>\n\t\t\t\t\t6. C&aacute;ch s\u1eed d\u1ee5ng:<\/p>\n<\/td>\n<td style=\"width: 624px;\">\n<p>\n\t\t\t\t\tTrang tr&iacute; n\u1ed9i th\u1ea5t, ngo\u1ea1i th\u1ea5t cho nh&agrave; ri&ecirc;ng, bi\u1ec7t th\u1ef1, kh&aacute;ch s\u1ea1n, khu ngh\u1ec9 m&aacute;t&#8230;<\/p>\n<\/td>\n<\/tr>\n<tr>\n<td style=\"width: 161px;\">\n<p>\n\t\t\t\t\t7. \u0110i\u1ec1u kho\u1ea3n mua b&aacute;n:<\/p>\n<\/td>\n<td style=\"width: 624px;\">\n<p>\n\t\t\t\t\tEXW, FOB, CFR, CIF, CPT, CIP t&ugrave;y theo y&ecirc;u c\u1ea7u ri&ecirc;ng c\u1ee7a b\u1ea1n&nbsp;<\/p>\n<\/td>\n<\/tr>\n<tr>\n<td style=\"width: 161px;\">\n<p>\n\t\t\t\t\t8. Ph\u01b0\u01a1ng th\u1ee9c thanh to&aacute;n: &nbsp;&nbsp;<\/p>\n<\/td>\n<td style=\"width: 624px;\">\n<p>\n\t\t\t\t\tChuy\u1ec3n kho\u1ea3n, th\u1ebb t&iacute;n d\u1ee5ng trong n\u01b0\u1edbc v&agrave; qu\u1ed1c t\u1ebf, Western Union ho\u1eb7c L\/C&nbsp;tr\u1ea3 ngay<\/p>\n<\/td>\n<\/tr>\n<tr>\n<td style=\"width: 161px;\">\n<p>\n\t\t\t\t\t9. \u0110&oacute;ng g&oacute;i:<\/p>\n<\/td>\n<td style=\"width: 624px;\">\n<p>\n\t\t\t\t\t\u0110&oacute;ng trong ki\u1ec7n g\u1ed7 ch\u1eafc ch\u1eafn (c&oacute; ch&egrave;n carton, n&ecirc;m g\u1ed7 ho\u1eb7c x\u1ed1p b&ecirc;n trong) \u0111\u1ed1i v\u1edbi v\u1eadn chuy\u1ec3n \u0111\u01b0\u1eddng bi\u1ec3n ho\u1eb7c \u0111\u01b0\u1eddng b\u1ed9 v&agrave; trong th&ugrave;ng x\u1ed1p \u0111\u1eb7c \u0111\u1ed1i v\u1edbi v\u1eadn chuy\u1ec3n h&agrave;ng kh&ocirc;ng<\/p>\n<\/td>\n<\/tr>\n<tr>\n<td style=\"width: 161px;\">\n<p>\n\t\t\t\t\t10. Th\u1eddi h\u1ea1n giao h&agrave;ng:<\/p>\n<\/td>\n<td style=\"width: 624px;\">\n<p>\n\t\t\t\t\t20-45 ng&agrave;y sau khi nh\u1eadn \u0111\u01b0\u1ee3c ti\u1ec1n \u0111\u1eb7t c\u1ecdc t&ugrave;y theo t\u1eebng \u0111\u01a1n h&agrave;ng c\u1ee5 th\u1ec3<\/p>\n<\/td>\n<\/tr>\n<\/tbody>\n<\/table>\n<p>\n\t&nbsp;<\/p>\n","protected":false},"excerpt":{"rendered":"<p>Ch\u1eadu hoa \u0111\u01b0\u1ee3c \u0111i\u00eau kh\u1eafc b\u1eb1ng tay v\u00e0 trang tr\u00ed nhi\u1ec1u hoa v\u0103n hoa l\u00e1 t\u1eeb \u0111\u00e1 c\u1ea9m th\u1ea1ch v\u00e0ng t\u1ef1 nhi\u00ean, \u0111em l\u1ea1i \u0111i\u1ec3m nh\u1ea5n m\u1edbi l\u1ea1 cho kh\u00f4ng gian ki\u1ebfn tr\u00fac n\u1ed9i th\u1ea5t, ngo\u1ea1i th\u1ea5t c\u1ee7a b\u1ea1n. M\u1eddi  b\u1ea1n xem th\u00eam nhi\u1ec1u t\u01b0\u1ee3ng, ch\u1eadu hoa, \u0111\u00e0i phun n\u01b0\u1edbc<\/p>\n","protected":false},"featured_media":1084,"comment_status":"open","ping_status":"closed","template":"","meta":[],"product_cat":[97],"product_tag":[],"class_list":["post-1029","product","type-product","status-publish","has-post-thumbnail","hentry","product_cat-vases-flower-pots"],"yoast_head":"<!-- This site is optimized with the Yoast SEO plugin v16.6.1 - https:\/\/yoast.com\/wordpress\/plugins\/seo\/ -->\n<title>Ch\u1eadu hoa b\u1eb1ng \u0111\u00e1 v\u00e0ng - Danang Sculpture Foundation<\/title>\n<meta name=\"robots\" content=\"index, follow, max-snippet:-1, max-image-preview:large, max-video-preview:-1\" \/>\n<link rel=\"canonical\" href=\"https:\/\/danangsculpture.com.vn\/vi\/product\/enyellow-marble-flower-potvichau-hoa-bang-da-vang\/\" \/>\n<meta property=\"og:locale\" content=\"vi_VN\" \/>\n<meta property=\"og:type\" content=\"article\" \/>\n<meta property=\"og:title\" content=\"Ch\u1eadu hoa b\u1eb1ng \u0111\u00e1 v\u00e0ng\" \/>\n<meta property=\"og:description\" content=\"Ch\u1eadu hoa \u0111\u01b0\u1ee3c \u0111i\u00eau kh\u1eafc b\u1eb1ng tay v\u00e0 trang tr\u00ed nhi\u1ec1u hoa v\u0103n hoa l\u00e1 t\u1eeb \u0111\u00e1 c\u1ea9m th\u1ea1ch v\u00e0ng t\u1ef1 nhi\u00ean, \u0111em l\u1ea1i \u0111i\u1ec3m nh\u1ea5n m\u1edbi l\u1ea1 cho kh\u00f4ng gian ki\u1ebfn tr\u00fac n\u1ed9i th\u1ea5t, ngo\u1ea1i th\u1ea5t c\u1ee7a b\u1ea1n. M\u1eddi b\u1ea1n xem th\u00eam nhi\u1ec1u t\u01b0\u1ee3ng, ch\u1eadu hoa, \u0111\u00e0i phun n\u01b0\u1edbc\" \/>\n<meta property=\"og:url\" content=\"https:\/\/danangsculpture.com.vn\/vi\/product\/enyellow-marble-flower-potvichau-hoa-bang-da-vang\/\" \/>\n<meta property=\"og:site_name\" content=\"Danang Sculpture Foundation\" \/>\n<meta property=\"article:modified_time\" content=\"2021-06-14T04:49:19+00:00\" \/>\n<meta property=\"og:image\" content=\"http:\/\/danangsculpture.com.vn\/wp-content\/uploads\/2021\/06\/1489992995.jpg\" \/>\n\t<meta property=\"og:image:width\" content=\"450\" \/>\n\t<meta property=\"og:image:height\" content=\"600\" \/>\n<meta name=\"twitter:card\" content=\"summary_large_image\" \/>\n<meta name=\"twitter:label1\" content=\"\u01af\u1edbc t\u00ednh th\u1eddi gian \u0111\u1ecdc\" \/>\n\t<meta name=\"twitter:data1\" content=\"9 ph\u00fat\" \/>\n<script type=\"application\/ld+json\" class=\"yoast-schema-graph\">{\"@context\":\"https:\/\/schema.org\",\"@graph\":[{\"@type\":\"WebSite\",\"@id\":\"https:\/\/www.danangsculpture.com.vn\/#website\",\"url\":\"https:\/\/www.danangsculpture.com.vn\/\",\"name\":\"Danang Sculpture Foundation\",\"description\":\"Giving spirit to stones\",\"potentialAction\":[{\"@type\":\"SearchAction\",\"target\":{\"@type\":\"EntryPoint\",\"urlTemplate\":\"https:\/\/www.danangsculpture.com.vn\/?s={search_term_string}\"},\"query-input\":\"required name=search_term_string\"}],\"inLanguage\":\"vi\"},{\"@type\":\"ImageObject\",\"@id\":\"https:\/\/danangsculpture.com.vn\/vi\/product\/enyellow-marble-flower-potvichau-hoa-bang-da-vang\/#primaryimage\",\"inLanguage\":\"vi\",\"url\":\"https:\/\/danangsculpture.com.vn\/wp-content\/uploads\/2021\/06\/1489992995.jpg\",\"contentUrl\":\"https:\/\/danangsculpture.com.vn\/wp-content\/uploads\/2021\/06\/1489992995.jpg\",\"width\":450,\"height\":600},{\"@type\":\"WebPage\",\"@id\":\"https:\/\/danangsculpture.com.vn\/vi\/product\/enyellow-marble-flower-potvichau-hoa-bang-da-vang\/#webpage\",\"url\":\"https:\/\/danangsculpture.com.vn\/vi\/product\/enyellow-marble-flower-potvichau-hoa-bang-da-vang\/\",\"name\":\"[:en]Yellow Marble Flower Pot[:vi]Ch\\u1eadu hoa b\\u1eb1ng \\u0111\\u00e1 v\\u00e0ng[:] - Danang Sculpture Foundation\",\"isPartOf\":{\"@id\":\"https:\/\/www.danangsculpture.com.vn\/#website\"},\"primaryImageOfPage\":{\"@id\":\"https:\/\/danangsculpture.com.vn\/vi\/product\/enyellow-marble-flower-potvichau-hoa-bang-da-vang\/#primaryimage\"},\"datePublished\":\"2021-06-14T04:44:36+00:00\",\"dateModified\":\"2021-06-14T04:49:19+00:00\",\"breadcrumb\":{\"@id\":\"https:\/\/danangsculpture.com.vn\/vi\/product\/enyellow-marble-flower-potvichau-hoa-bang-da-vang\/#breadcrumb\"},\"inLanguage\":\"vi\",\"potentialAction\":[{\"@type\":\"ReadAction\",\"target\":[\"https:\/\/danangsculpture.com.vn\/vi\/product\/enyellow-marble-flower-potvichau-hoa-bang-da-vang\/\"]}]},{\"@type\":\"BreadcrumbList\",\"@id\":\"https:\/\/danangsculpture.com.vn\/vi\/product\/enyellow-marble-flower-potvichau-hoa-bang-da-vang\/#breadcrumb\",\"itemListElement\":[{\"@type\":\"ListItem\",\"position\":1,\"name\":\"Home\",\"item\":\"https:\/\/www.danangsculpture.com.vn\/\"},{\"@type\":\"ListItem\",\"position\":2,\"name\":\"Shop\",\"item\":\"https:\/\/danangsculpture.com.vn\/vi\/shop\/\"},{\"@type\":\"ListItem\",\"position\":3,\"name\":\"Yellow Marble Flower Pot\"}]}]}<\/script>\n<!-- \/ Yoast SEO plugin. -->","_links":{"self":[{"href":"https:\/\/danangsculpture.com.vn\/vi\/wp-json\/wp\/v2\/product\/1029","targetHints":{"allow":["GET"]}}],"collection":[{"href":"https:\/\/danangsculpture.com.vn\/vi\/wp-json\/wp\/v2\/product"}],"about":[{"href":"https:\/\/danangsculpture.com.vn\/vi\/wp-json\/wp\/v2\/types\/product"}],"replies":[{"embeddable":true,"href":"https:\/\/danangsculpture.com.vn\/vi\/wp-json\/wp\/v2\/comments?post=1029"}],"wp:featuredmedia":[{"embeddable":true,"href":"https:\/\/danangsculpture.com.vn\/vi\/wp-json\/wp\/v2\/media\/1084"}],"wp:attachment":[{"href":"https:\/\/danangsculpture.com.vn\/vi\/wp-json\/wp\/v2\/media?parent=1029"}],"wp:term":[{"taxonomy":"product_cat","embeddable":true,"href":"https:\/\/danangsculpture.com.vn\/vi\/wp-json\/wp\/v2\/product_cat?post=1029"},{"taxonomy":"product_tag","embeddable":true,"href":"https:\/\/danangsculpture.com.vn\/vi\/wp-json\/wp\/v2\/product_tag?post=1029"}],"curies":[{"name":"wp","href":"https:\/\/api.w.org\/{rel}","templated":true}]}}