{"id":1129,"date":"2021-06-14T11:53:45","date_gmt":"2021-06-14T04:53:45","guid":{"rendered":"http:\/\/wordpress.dsp.vn\/?post_type=product&#038;p=1129"},"modified":"2021-06-14T11:58:01","modified_gmt":"2021-06-14T04:58:01","slug":"enlarge-neptune-and-girls-stone-fountain-pool-dsf-dp23viho-phun-nuoc-than-bien-ca-va-cac-co-gai-dsf-dp23","status":"publish","type":"product","link":"https:\/\/danangsculpture.com.vn\/vi\/product\/enlarge-neptune-and-girls-stone-fountain-pool-dsf-dp23viho-phun-nuoc-than-bien-ca-va-cac-co-gai-dsf-dp23\/","title":{"rendered":"H\u1ed3 phun n\u01b0\u1edbc Th\u1ea7n bi\u1ec3n c\u1ea3 v\u00e0 c\u00e1c c\u00f4 g\u00e1i DSF-DP23"},"content":{"rendered":"<p style=\"text-align: justify;\">\n\t<span style=\"font-size:14px;\">H\u1ec7 th\u1ed1ng h\u1ed3 phun n\u01b0\u1edbc g\u1ed3m h\u1ed3 n\u01b0\u1edbc l\u1edbn h&igrave;nh tr&ograve;n, \u1edf trung t&acirc;m h\u1ed3 l&agrave; \u0111&agrave;i phun 3 t\u1ea7ng v\u1edbi t\u01b0\u1ee3ng 3 c&ocirc; g&aacute;i ng\u1ed3i \u1edf t\u1ea7ng 1, t\u01b0\u1ee3ng 4 thi&ecirc;n th\u1ea7n bi\u1ec3n \u1edf t\u1ea7ng 2 v&agrave; t\u01b0\u1ee3ng Th\u1ea7n Bi\u1ec3n c\u1ea3 &nbsp;\u1edf t\u1ea7ng tr&ecirc;n c&ugrave;ng. \u0110&acirc;y th\u1ef1c s\u1ef1 l&agrave; m\u1ed9t c&ocirc;ng tr&igrave;nh ngh\u1ec7 thu\u1eadt, \u0111\u01b0\u1ee3c \u0111i&ecirc;u kh\u1eafc tinh t\u1ebf t\u1eeb \u0111&aacute; c\u1ea9m th\u1ea1ch tr\u1eafng t\u1ef1 nhi&ecirc;n, l&agrave; \u0111i\u1ec3m nh\u1ea5n trung t&acirc;m cho kh&ocirc;ng gian s&acirc;n v\u01b0\u1eddn&nbsp;c\u1ee7a b\u1ea1n. M\u1eddi b\u1ea1n xem th&ecirc;m nhi\u1ec1u lo\u1ea1i \u0111&agrave;i phun n\u01b0\u1edbc, t\u01b0\u1ee3ng trang tr&iacute;,&nbsp;\u0111&egrave;n \u0111&aacute;, ch\u1eadu hoa b\u1eb1ng \u0111&aacute; kh&aacute;c t\u1ea1i&nbsp;<u><strong><a href=\"http:\/\/danangsculpture.com\/vn\/product-cat\/11-tuong-va-san-pham-san-vuon\/\">DanangSculpture.com<\/a><a href=\"http:\/\/danangsculpture.com\/vn\/product-cat\/20-ban-ghe\/\">.<\/a><\/strong><\/u><\/span><\/p>\n<p>\n\t&nbsp;<\/p>\n<table border=\"1\" cellpadding=\"0\" cellspacing=\"0\" style=\"width: 100%\" width=\"784\">\n<tbody>\n<tr>\n<td style=\"width: 161px;\">\n<p>\n\t\t\t\t\t<span style=\"font-size:14px;\">1. K&iacute;ch th\u01b0\u1edbc:<\/span><\/p>\n<\/td>\n<td style=\"width: 624px;\">\n<p>\n\t\t\t\t\t<span style=\"font-size:14px;\">Theo y&ecirc;u c\u1ea7u ri&ecirc;ng c\u1ee7a b\u1ea1n<\/span><\/p>\n<\/td>\n<\/tr>\n<tr>\n<td style=\"width: 161px;\">\n<p>\n\t\t\t\t\t<span style=\"font-size:14px;\">2. Nguy&ecirc;n v\u1eadt li\u1ec7u:<\/span><\/p>\n<\/td>\n<td style=\"width: 624px;\">\n<p>\n\t\t\t\t\t<span style=\"font-size:14px;\">\u0110&aacute; c\u1ea9m th\u1ea1ch, sa th\u1ea1ch ho\u1eb7c \u0111&aacute; granite t\u1ef1 nhi&ecirc;n&nbsp;<\/span><\/p>\n<\/td>\n<\/tr>\n<tr>\n<td style=\"width: 161px;\">\n<p>\n\t\t\t\t\t<span style=\"font-size:14px;\">3. M&agrave;u s\u1eafc:<\/span><\/p>\n<\/td>\n<td style=\"width: 624px;\">\n<p>\n\t\t\t\t\t<span style=\"font-size:14px;\">Tr\u1eafng\/V&agrave;ng\/\u0110en\/X&aacute;m\/H\u1ed3ng\/\u0110\u1ecf&hellip; theo y&ecirc;u c\u1ea7u ri&ecirc;ng c\u1ee7a b\u1ea1n&nbsp;<\/span><\/p>\n<\/td>\n<\/tr>\n<tr>\n<td style=\"width: 161px;\">\n<p>\n\t\t\t\t\t<span style=\"font-size:14px;\">4. K\u1ef9 thu\u1eadt:<\/span><\/p>\n<\/td>\n<td style=\"width: 624px;\">\n<p>\n\t\t\t\t\t<span style=\"font-size:14px;\">\u0110i&ecirc;u kh\u1eafc b\u1eb1ng tay, b\u1ec1 m\u1eb7t trong \u0111&aacute;nh b&oacute;ng, b\u1ec1 m\u1eb7t ngo&agrave;i \u0111&aacute;nh b&oacute;ng ho\u1eb7c m&agrave;i nh\u1eb5n ho\u1eb7c bu nh&aacute;m<\/span><\/p>\n<\/td>\n<\/tr>\n<tr>\n<td style=\"width: 161px;\">\n<p>\n\t\t\t\t\t<span style=\"font-size:14px;\">5. Phong c&aacute;ch:<\/span><\/p>\n<\/td>\n<td style=\"width: 624px;\">\n<p>\n\t\t\t\t\t<span style=\"font-size:14px;\">C\u1ed5 \u0111i\u1ec3n ho\u1eb7c hi\u1ec7n \u0111\u1ea1i, ph\u01b0\u01a1ng \u0110&ocirc;ng ho\u1eb7c ph\u01b0\u01a1ng T&acirc;y t&ugrave;y theo y&ecirc;u c\u1ea7u ri&ecirc;ng c\u1ee7a b\u1ea1n&nbsp;<\/span><\/p>\n<\/td>\n<\/tr>\n<tr>\n<td style=\"width: 161px;\">\n<p>\n\t\t\t\t\t<span style=\"font-size:14px;\">6. C&aacute;ch s\u1eed d\u1ee5ng:<\/span><\/p>\n<\/td>\n<td style=\"width: 624px;\">\n<p>\n\t\t\t\t\t<span style=\"font-size:14px;\">Trang tr&iacute; n\u1ed9i th\u1ea5t ho\u1eb7c s&acirc;n v\u01b0\u1eddn nh&agrave; ri&ecirc;ng, bi\u1ec7t th\u1ef1, kh&aacute;ch s\u1ea1n, khu ngh\u1ec9 m&aacute;t&#8230;<\/span><\/p>\n<\/td>\n<\/tr>\n<tr>\n<td style=\"width: 161px;\">\n<p>\n\t\t\t\t\t<span style=\"font-size:14px;\">7. \u0110i\u1ec1u kho\u1ea3n mua b&aacute;n:<\/span><\/p>\n<\/td>\n<td style=\"width: 624px;\">\n<p>\n\t\t\t\t\t<span style=\"font-size:14px;\">EXW, FOB, CFR, CIF, CPT, CIP t&ugrave;y theo y&ecirc;u c\u1ea7u ri&ecirc;ng c\u1ee7a b\u1ea1n&nbsp;<\/span><\/p>\n<\/td>\n<\/tr>\n<tr>\n<td style=\"width: 161px;\">\n<p>\n\t\t\t\t\t<span style=\"font-size:14px;\">8. Ph\u01b0\u01a1ng th\u1ee9c thanh to&aacute;n: &nbsp;&nbsp;<\/span><\/p>\n<\/td>\n<td style=\"width: 624px;\">\n<p>\n\t\t\t\t\t<span style=\"font-size:14px;\">Chuy\u1ec3n kho\u1ea3n, th\u1ebb t&iacute;n d\u1ee5ng trong n\u01b0\u1edbc v&agrave; qu\u1ed1c t\u1ebf, Western Union ho\u1eb7c L\/C&nbsp;tr\u1ea3 ngay<\/span><\/p>\n<\/td>\n<\/tr>\n<tr>\n<td style=\"width: 161px;\">\n<p>\n\t\t\t\t\t<span style=\"font-size:14px;\">9. \u0110&oacute;ng g&oacute;i:<\/span><\/p>\n<\/td>\n<td style=\"width: 624px;\">\n<p>\n\t\t\t\t\t<span style=\"font-size:14px;\">\u0110&oacute;ng trong ki\u1ec7n g\u1ed7 ch\u1eafc ch\u1eafn (c&oacute; ch&egrave;n carton, n&ecirc;m g\u1ed7 ho\u1eb7c x\u1ed1p b&ecirc;n trong) \u0111\u1ed1i v\u1edbi v\u1eadn chuy\u1ec3n \u0111\u01b0\u1eddng bi\u1ec3n ho\u1eb7c \u0111\u01b0\u1eddng b\u1ed9 v&agrave; trong th&ugrave;ng x\u1ed1p \u0111\u1eb7c \u0111\u1ed1i v\u1edbi v\u1eadn chuy\u1ec3n h&agrave;ng kh&ocirc;ng<\/span><\/p>\n<\/td>\n<\/tr>\n<tr>\n<td style=\"width: 161px;\">\n<p>\n\t\t\t\t\t<span style=\"font-size:14px;\">10. Th\u1eddi h\u1ea1n giao h&agrave;ng:<\/span><\/p>\n<\/td>\n<td style=\"width: 624px;\">\n<p>\n\t\t\t\t\t<span style=\"font-size:14px;\">60-80 ng&agrave;y sau khi nh\u1eadn \u0111\u01b0\u1ee3c ti\u1ec1n \u0111\u1eb7t c\u1ecdc t&ugrave;y theo t\u1eebng \u0111\u01a1n h&agrave;ng c\u1ee5 th\u1ec3<\/span><\/p>\n<div>\n\t\t\t\t\t&nbsp;<\/div>\n<\/td>\n<\/tr>\n<\/tbody>\n<\/table>\n<p>\n\t&nbsp;<\/p>\n","protected":false},"excerpt":{"rendered":"<p>H\u1ec7 th\u1ed1ng h\u1ed3 phun n\u01b0\u1edbc g\u1ed3m h\u1ed3 n\u01b0\u1edbc l\u1edbn h\u00ecnh tr\u00f2n, \u1edf trung t\u00e2m h\u1ed3 l\u00e0 \u0111\u00e0i phun 3 t\u1ea7ng v\u1edbi t\u01b0\u1ee3ng 3 c\u00f4 g\u00e1i ng\u1ed3i \u1edf t\u1ea7ng 1, t\u01b0\u1ee3ng 4 thi\u00ean th\u1ea7n bi\u1ec3n \u1edf t\u1ea7ng 2 v\u00e0 t\u01b0\u1ee3ng Th\u1ea7n Bi\u1ec3n c\u1ea3  \u1edf t\u1ea7ng tr\u00ean c\u00f9ng. \u0110\u00e2y th\u1ef1c s\u1ef1 l\u00e0 m\u1ed9t c\u00f4ng tr\u00ecnh ngh\u1ec7 thu\u1eadt, \u0111\u01b0\u1ee3c \u0111i\u00eau kh\u1eafc tinh t\u1ebf<\/p>\n","protected":false},"featured_media":1177,"comment_status":"open","ping_status":"closed","template":"","meta":[],"product_cat":[76],"product_tag":[],"class_list":["post-1129","product","type-product","status-publish","has-post-thumbnail","hentry","product_cat-fountains"],"yoast_head":"<!-- This site is optimized with the Yoast SEO plugin v16.6.1 - https:\/\/yoast.com\/wordpress\/plugins\/seo\/ -->\n<title>H\u1ed3 phun n\u01b0\u1edbc Th\u1ea7n bi\u1ec3n c\u1ea3 v\u00e0 c\u00e1c c\u00f4 g\u00e1i DSF-DP23 - Danang Sculpture Foundation<\/title>\n<meta name=\"robots\" content=\"index, follow, max-snippet:-1, max-image-preview:large, max-video-preview:-1\" \/>\n<link rel=\"canonical\" href=\"https:\/\/www.danangsculpture.com.vn\/product\/enlarge-neptune-and-girls-stone-fountain-pool-dsf-dp23viho-phun-nuoc-than-bien-ca-va-cac-co-gai-dsf-dp23\/\" \/>\n<meta property=\"og:locale\" content=\"vi_VN\" \/>\n<meta property=\"og:type\" content=\"article\" \/>\n<meta property=\"og:title\" content=\"H\u1ed3 phun n\u01b0\u1edbc Th\u1ea7n bi\u1ec3n c\u1ea3 v\u00e0 c\u00e1c c\u00f4 g\u00e1i DSF-DP23\" \/>\n<meta property=\"og:description\" content=\"H\u1ec7 th\u1ed1ng h\u1ed3 phun n\u01b0\u1edbc g\u1ed3m h\u1ed3 n\u01b0\u1edbc l\u1edbn h\u00ecnh tr\u00f2n, \u1edf trung t\u00e2m h\u1ed3 l\u00e0 \u0111\u00e0i phun 3 t\u1ea7ng v\u1edbi t\u01b0\u1ee3ng 3 c\u00f4 g\u00e1i ng\u1ed3i \u1edf t\u1ea7ng 1, t\u01b0\u1ee3ng 4 thi\u00ean th\u1ea7n bi\u1ec3n \u1edf t\u1ea7ng 2 v\u00e0 t\u01b0\u1ee3ng Th\u1ea7n Bi\u1ec3n c\u1ea3 \u1edf t\u1ea7ng tr\u00ean c\u00f9ng. \u0110\u00e2y th\u1ef1c s\u1ef1 l\u00e0 m\u1ed9t c\u00f4ng tr\u00ecnh ngh\u1ec7 thu\u1eadt, \u0111\u01b0\u1ee3c \u0111i\u00eau kh\u1eafc tinh t\u1ebf\" \/>\n<meta property=\"og:url\" content=\"https:\/\/www.danangsculpture.com.vn\/product\/enlarge-neptune-and-girls-stone-fountain-pool-dsf-dp23viho-phun-nuoc-than-bien-ca-va-cac-co-gai-dsf-dp23\/\" \/>\n<meta property=\"og:site_name\" content=\"Danang Sculpture Foundation\" \/>\n<meta property=\"article:modified_time\" content=\"2021-06-14T04:58:01+00:00\" \/>\n<meta property=\"og:image\" content=\"http:\/\/danangsculpture.com.vn\/wp-content\/uploads\/2021\/06\/1490842964.jpg\" \/>\n\t<meta property=\"og:image:width\" content=\"450\" \/>\n\t<meta property=\"og:image:height\" content=\"598\" \/>\n<meta name=\"twitter:card\" content=\"summary_large_image\" \/>\n<meta name=\"twitter:label1\" content=\"\u01af\u1edbc t\u00ednh th\u1eddi gian \u0111\u1ecdc\" \/>\n\t<meta name=\"twitter:data1\" content=\"12 ph\u00fat\" \/>\n<script type=\"application\/ld+json\" class=\"yoast-schema-graph\">{\"@context\":\"https:\/\/schema.org\",\"@graph\":[{\"@type\":\"WebSite\",\"@id\":\"https:\/\/danangsculpture.com.vn\/#website\",\"url\":\"https:\/\/danangsculpture.com.vn\/\",\"name\":\"Danang Sculpture Foundation\",\"description\":\"Giving spirit to stones\",\"potentialAction\":[{\"@type\":\"SearchAction\",\"target\":{\"@type\":\"EntryPoint\",\"urlTemplate\":\"https:\/\/danangsculpture.com.vn\/?s={search_term_string}\"},\"query-input\":\"required name=search_term_string\"}],\"inLanguage\":\"vi\"},{\"@type\":\"ImageObject\",\"@id\":\"https:\/\/www.danangsculpture.com.vn\/product\/enlarge-neptune-and-girls-stone-fountain-pool-dsf-dp23viho-phun-nuoc-than-bien-ca-va-cac-co-gai-dsf-dp23\/#primaryimage\",\"inLanguage\":\"vi\",\"url\":\"https:\/\/danangsculpture.com.vn\/wp-content\/uploads\/2021\/06\/1490842964.jpg\",\"contentUrl\":\"https:\/\/danangsculpture.com.vn\/wp-content\/uploads\/2021\/06\/1490842964.jpg\",\"width\":450,\"height\":598},{\"@type\":\"WebPage\",\"@id\":\"https:\/\/www.danangsculpture.com.vn\/product\/enlarge-neptune-and-girls-stone-fountain-pool-dsf-dp23viho-phun-nuoc-than-bien-ca-va-cac-co-gai-dsf-dp23\/#webpage\",\"url\":\"https:\/\/www.danangsculpture.com.vn\/product\/enlarge-neptune-and-girls-stone-fountain-pool-dsf-dp23viho-phun-nuoc-than-bien-ca-va-cac-co-gai-dsf-dp23\/\",\"name\":\"[:en]Large Neptune and Girls stone fountain pool DSF-DP23[:vi]H\\u1ed3 phun n\\u01b0\\u1edbc Th\\u1ea7n bi\\u1ec3n c\\u1ea3 v\\u00e0 c\\u00e1c c\\u00f4 g\\u00e1i DSF-DP23[:] - Danang Sculpture Foundation\",\"isPartOf\":{\"@id\":\"https:\/\/danangsculpture.com.vn\/#website\"},\"primaryImageOfPage\":{\"@id\":\"https:\/\/www.danangsculpture.com.vn\/product\/enlarge-neptune-and-girls-stone-fountain-pool-dsf-dp23viho-phun-nuoc-than-bien-ca-va-cac-co-gai-dsf-dp23\/#primaryimage\"},\"datePublished\":\"2021-06-14T04:53:45+00:00\",\"dateModified\":\"2021-06-14T04:58:01+00:00\",\"breadcrumb\":{\"@id\":\"https:\/\/www.danangsculpture.com.vn\/product\/enlarge-neptune-and-girls-stone-fountain-pool-dsf-dp23viho-phun-nuoc-than-bien-ca-va-cac-co-gai-dsf-dp23\/#breadcrumb\"},\"inLanguage\":\"vi\",\"potentialAction\":[{\"@type\":\"ReadAction\",\"target\":[\"https:\/\/www.danangsculpture.com.vn\/product\/enlarge-neptune-and-girls-stone-fountain-pool-dsf-dp23viho-phun-nuoc-than-bien-ca-va-cac-co-gai-dsf-dp23\/\"]}]},{\"@type\":\"BreadcrumbList\",\"@id\":\"https:\/\/www.danangsculpture.com.vn\/product\/enlarge-neptune-and-girls-stone-fountain-pool-dsf-dp23viho-phun-nuoc-than-bien-ca-va-cac-co-gai-dsf-dp23\/#breadcrumb\",\"itemListElement\":[{\"@type\":\"ListItem\",\"position\":1,\"name\":\"Home\",\"item\":\"https:\/\/danangsculpture.com.vn\/\"},{\"@type\":\"ListItem\",\"position\":2,\"name\":\"Shop\",\"item\":\"https:\/\/www.danangsculpture.com.vn\/shop\/\"},{\"@type\":\"ListItem\",\"position\":3,\"name\":\"Large Neptune and Girls stone fountain pool DSF-DP23\"}]}]}<\/script>\n<!-- \/ Yoast SEO plugin. -->","_links":{"self":[{"href":"https:\/\/danangsculpture.com.vn\/vi\/wp-json\/wp\/v2\/product\/1129","targetHints":{"allow":["GET"]}}],"collection":[{"href":"https:\/\/danangsculpture.com.vn\/vi\/wp-json\/wp\/v2\/product"}],"about":[{"href":"https:\/\/danangsculpture.com.vn\/vi\/wp-json\/wp\/v2\/types\/product"}],"replies":[{"embeddable":true,"href":"https:\/\/danangsculpture.com.vn\/vi\/wp-json\/wp\/v2\/comments?post=1129"}],"wp:featuredmedia":[{"embeddable":true,"href":"https:\/\/danangsculpture.com.vn\/vi\/wp-json\/wp\/v2\/media\/1177"}],"wp:attachment":[{"href":"https:\/\/danangsculpture.com.vn\/vi\/wp-json\/wp\/v2\/media?parent=1129"}],"wp:term":[{"taxonomy":"product_cat","embeddable":true,"href":"https:\/\/danangsculpture.com.vn\/vi\/wp-json\/wp\/v2\/product_cat?post=1129"},{"taxonomy":"product_tag","embeddable":true,"href":"https:\/\/danangsculpture.com.vn\/vi\/wp-json\/wp\/v2\/product_tag?post=1129"}],"curies":[{"name":"wp","href":"https:\/\/api.w.org\/{rel}","templated":true}]}}