{"id":1561,"date":"2021-06-14T12:25:12","date_gmt":"2021-06-14T05:25:12","guid":{"rendered":"http:\/\/wordpress.dsp.vn\/?post_type=product&#038;p=1561"},"modified":"2024-09-11T16:22:39","modified_gmt":"2024-09-11T09:22:39","slug":"enmini-elephant-marble-statuevituong-voi-nho-bang-da","status":"publish","type":"product","link":"https:\/\/danangsculpture.com.vn\/vi\/product\/enmini-elephant-marble-statuevituong-voi-nho-bang-da\/","title":{"rendered":"T\u01b0\u1ee3ng voi nh\u1ecf b\u1eb1ng \u0111\u00e1"},"content":{"rendered":"<p>T\u01b0\u1ee3ng voi con \u0111\u01b0\u1ee3c \u0111i\u00eau kh\u1eafc tinh t\u1ebf t\u1eeb \u0111\u00e1 c\u1ea9m th\u1ea1ch t\u1ef1 nhi\u00ean v\u00e0 \u0111\u00e1nh b\u00f3ng, r\u1ea5t th\u00edch h\u1ee3p trang tr\u00ed n\u1ed9i th\u1ea5t, trang tr\u00ed b\u00e0n l\u00e0m vi\u1ec7c, l\u00e0m qu\u00e0 l\u01b0u ni\u1ec7m&#8230;<\/p>\n<p>M\u1eddi qu\u00fd kh\u00e1ch gh\u00e9 xem th\u00eam b\u1ed9 s\u01b0u t\u1eadp \u0111a d\u1ea1ng c\u00e1c lo\u1ea1i t\u01b0\u1ee3ng m\u1ef9 ngh\u1ec7 k\u00edch th\u01b0\u1edbc nh\u1ecf, d\u1ec5 d\u00e0ng l\u00e0m t\u1eb7ng ph\u1ea9m l\u01b0u ni\u1ec7m, trang tr\u00ed b\u00e0n l\u00e0m vi\u1ec7c, t\u1ee7 t\u01b0\u1eddng, g\u1ed3m c\u00e1c t\u01b0\u1ee3ng Ph\u1eadt, t\u01b0\u1ee3ng Ch\u00faa, t\u01b0\u1ee3ng th\u00fa v\u00e0 nhi\u1ec1u t\u01b0\u1ee3ng kh\u00e1c b\u1eb1ng ch\u1ea5t li\u1ec7u \u0111\u00e1 t\u1ef1 nhi\u00ean ho\u1eb7c \u0111\u00e1 nh\u00e2n t\u1ea1o t\u1ea1i\u00a0<u><strong><a href=\"http:\/\/danangsculpture.com\/vn\/product-cat\/17-tuong-my-nghe-nho\/\"><span style=\"color: #ff8c00;\">DanangSculpture.com<\/span><\/a><a href=\"http:\/\/danangsculpture.com\/vn\/product-cat\/20-ban-ghe\/\"><span style=\"color: #ff8c00;\">.<\/span><\/a><\/strong><\/u><\/p>\n<table style=\"width: 896px;\" border=\"1\" width=\"896\" cellspacing=\"0\" cellpadding=\"0\">\n<tbody>\n<tr>\n<td style=\"width: 273px;\">1. K\u00edch th\u01b0\u1edbc:<\/td>\n<td style=\"width: 623px;\">20cm tr\u1edf l\u00ean<\/td>\n<\/tr>\n<tr>\n<td style=\"width: 273px;\">2. Nguy\u00ean v\u1eadt li\u1ec7u:<\/td>\n<td style=\"width: 623px;\">\u0110\u00e1 c\u1ea9m th\u1ea1ch t\u1ef1 nhi\u00ean<\/td>\n<\/tr>\n<tr>\n<td style=\"width: 273px;\">3. M\u00e0u s\u1eafc:<\/td>\n<td style=\"width: 623px;\">Tr\u1eafng\/V\u00e0ng\/\u0110en<\/td>\n<\/tr>\n<tr>\n<td style=\"width: 273px;\">4. K\u1ef9 thu\u1eadt:<\/td>\n<td style=\"width: 623px;\">\u0110i\u00eau kh\u1eafc b\u1eb1ng tay, b\u1ec1 m\u1eb7t \u0111\u00e1nh b\u00f3ng<\/td>\n<\/tr>\n<tr>\n<td style=\"width: 273px;\">5. C\u00e1ch s\u1eed d\u1ee5ng:<\/td>\n<td style=\"width: 623px;\">Trang tr\u00ed n\u1ed9i th\u1ea5t, b\u00e0n l\u00e0m vi\u1ec7c, t\u1ee7 t\u01b0\u1eddng, l\u00e0m t\u1eb7ng ph\u1ea9m l\u01b0u ni\u1ec7m&#8230;<\/td>\n<\/tr>\n<tr>\n<td style=\"width: 273px;\">6. \u0110i\u1ec1u kho\u1ea3n mua b\u00e1n:<\/td>\n<td style=\"width: 623px;\">EXW, FOB, CFR, CIF, CPT, CIP t\u00f9y theo y\u00eau c\u1ea7u ri\u00eang c\u1ee7a b\u1ea1n<\/td>\n<\/tr>\n<tr>\n<td style=\"width: 273px;\">7. Ph\u01b0\u01a1ng th\u1ee9c thanh to\u00e1n:<\/td>\n<td style=\"width: 623px;\">Chuy\u1ec3n kho\u1ea3n, th\u1ebb t\u00edn d\u1ee5ng trong n\u01b0\u1edbc v\u00e0 qu\u1ed1c t\u1ebf, Western Union ho\u1eb7c L\/C\u00a0tr\u1ea3 ngay<\/td>\n<\/tr>\n<tr>\n<td style=\"width: 273px;\">8. \u0110\u00f3ng g\u00f3i:<\/td>\n<td style=\"width: 623px;\">\u0110\u00f3ng trong ki\u1ec7n g\u1ed7 ch\u1eafc ch\u1eafn (c\u00f3 ch\u00e8n carton, n\u00eam g\u1ed7 ho\u1eb7c x\u1ed1p b\u00ean trong) \u0111\u1ed1i v\u1edbi v\u1eadn chuy\u1ec3n \u0111\u01b0\u1eddng bi\u1ec3n ho\u1eb7c \u0111\u01b0\u1eddng b\u1ed9 v\u00e0 trong th\u00f9ng x\u1ed1p \u0111\u1eb7c \u0111\u1ed1i v\u1edbi v\u1eadn chuy\u1ec3n h\u00e0ng kh\u00f4ng<\/td>\n<\/tr>\n<tr>\n<td style=\"width: 273px;\">9. Th\u1eddi h\u1ea1n giao h\u00e0ng:<\/td>\n<td style=\"width: 623px;\">10-15 ng\u00e0y sau khi nh\u1eadn \u0111\u01b0\u1ee3c ti\u1ec1n \u0111\u1eb7t c\u1ecdc t\u00f9y theo t\u1eebng \u0111\u01a1n h\u00e0ng c\u1ee5 th\u1ec3<\/td>\n<\/tr>\n<\/tbody>\n<\/table>\n<p>&nbsp;<\/p>\n","protected":false},"excerpt":{"rendered":"<p>T\u01b0\u1ee3ng voi con \u0111\u01b0\u1ee3c \u0111i\u00eau kh\u1eafc tinh t\u1ebf t\u1eeb \u0111\u00e1 c\u1ea9m th\u1ea1ch t\u1ef1 nhi\u00ean v\u00e0 \u0111\u00e1nh b\u00f3ng, r\u1ea5t th\u00edch h\u1ee3p trang tr\u00ed n\u1ed9i th\u1ea5t, trang tr\u00ed b\u00e0n l\u00e0m vi\u1ec7c, l\u00e0m qu\u00e0 l\u01b0u ni\u1ec7m&#8230; M\u1eddi qu\u00fd kh\u00e1ch gh\u00e9 xem th\u00eam b\u1ed9 s\u01b0u t\u1eadp \u0111a d<\/p>\n","protected":false},"featured_media":1630,"comment_status":"open","ping_status":"closed","template":"","meta":[],"product_cat":[107],"product_tag":[],"class_list":["post-1561","product","type-product","status-publish","has-post-thumbnail","hentry","product_cat-stone-handicrafts"],"yoast_head":"<!-- This site is optimized with the Yoast SEO plugin v16.6.1 - https:\/\/yoast.com\/wordpress\/plugins\/seo\/ -->\n<title>T\u01b0\u1ee3ng voi nh\u1ecf b\u1eb1ng \u0111\u00e1 - Danang Sculpture Foundation<\/title>\n<meta name=\"robots\" content=\"index, follow, max-snippet:-1, max-image-preview:large, max-video-preview:-1\" \/>\n<link rel=\"canonical\" href=\"https:\/\/danangsculpture.com.vn\/vi\/product\/enmini-elephant-marble-statuevituong-voi-nho-bang-da\/\" \/>\n<meta property=\"og:locale\" content=\"vi_VN\" \/>\n<meta property=\"og:type\" content=\"article\" \/>\n<meta property=\"og:title\" content=\"T\u01b0\u1ee3ng voi nh\u1ecf b\u1eb1ng \u0111\u00e1\" \/>\n<meta property=\"og:description\" content=\"T\u01b0\u1ee3ng voi con \u0111\u01b0\u1ee3c \u0111i\u00eau kh\u1eafc tinh t\u1ebf t\u1eeb \u0111\u00e1 c\u1ea9m th\u1ea1ch t\u1ef1 nhi\u00ean v\u00e0 \u0111\u00e1nh b\u00f3ng, r\u1ea5t th\u00edch h\u1ee3p trang tr\u00ed n\u1ed9i th\u1ea5t, trang tr\u00ed b\u00e0n l\u00e0m vi\u1ec7c, l\u00e0m qu\u00e0 l\u01b0u ni\u1ec7m... M\u1eddi qu\u00fd kh\u00e1ch gh\u00e9 xem th\u00eam b\u1ed9 s\u01b0u t\u1eadp \u0111a d\" \/>\n<meta property=\"og:url\" content=\"https:\/\/danangsculpture.com.vn\/vi\/product\/enmini-elephant-marble-statuevituong-voi-nho-bang-da\/\" \/>\n<meta property=\"og:site_name\" content=\"Danang Sculpture Foundation\" \/>\n<meta property=\"article:modified_time\" content=\"2024-09-11T09:22:39+00:00\" \/>\n<meta property=\"og:image\" content=\"https:\/\/danangsculpture.com.vn\/wp-content\/uploads\/2021\/06\/1492582578.jpg\" \/>\n\t<meta property=\"og:image:width\" content=\"450\" \/>\n\t<meta property=\"og:image:height\" content=\"600\" \/>\n<meta name=\"twitter:card\" content=\"summary_large_image\" \/>\n<meta name=\"twitter:label1\" content=\"\u01af\u1edbc t\u00ednh th\u1eddi gian \u0111\u1ecdc\" \/>\n\t<meta name=\"twitter:data1\" content=\"3 ph\u00fat\" \/>\n<script type=\"application\/ld+json\" class=\"yoast-schema-graph\">{\"@context\":\"https:\/\/schema.org\",\"@graph\":[{\"@type\":\"WebSite\",\"@id\":\"https:\/\/danangsculpture.com.vn\/#website\",\"url\":\"https:\/\/danangsculpture.com.vn\/\",\"name\":\"Danang Sculpture Foundation\",\"description\":\"Giving spirit to stones\",\"potentialAction\":[{\"@type\":\"SearchAction\",\"target\":{\"@type\":\"EntryPoint\",\"urlTemplate\":\"https:\/\/danangsculpture.com.vn\/?s={search_term_string}\"},\"query-input\":\"required name=search_term_string\"}],\"inLanguage\":\"vi\"},{\"@type\":\"ImageObject\",\"@id\":\"https:\/\/danangsculpture.com.vn\/vi\/product\/enmini-elephant-marble-statuevituong-voi-nho-bang-da\/#primaryimage\",\"inLanguage\":\"vi\",\"url\":\"https:\/\/danangsculpture.com.vn\/wp-content\/uploads\/2021\/06\/1492582578.jpg\",\"contentUrl\":\"https:\/\/danangsculpture.com.vn\/wp-content\/uploads\/2021\/06\/1492582578.jpg\",\"width\":450,\"height\":600},{\"@type\":\"WebPage\",\"@id\":\"https:\/\/danangsculpture.com.vn\/vi\/product\/enmini-elephant-marble-statuevituong-voi-nho-bang-da\/#webpage\",\"url\":\"https:\/\/danangsculpture.com.vn\/vi\/product\/enmini-elephant-marble-statuevituong-voi-nho-bang-da\/\",\"name\":\"[:en]Mini Elephant Marble Statue[:vi]T\\u01b0\\u1ee3ng voi nh\\u1ecf b\\u1eb1ng \\u0111\\u00e1[:] - Danang Sculpture Foundation\",\"isPartOf\":{\"@id\":\"https:\/\/danangsculpture.com.vn\/#website\"},\"primaryImageOfPage\":{\"@id\":\"https:\/\/danangsculpture.com.vn\/vi\/product\/enmini-elephant-marble-statuevituong-voi-nho-bang-da\/#primaryimage\"},\"datePublished\":\"2021-06-14T05:25:12+00:00\",\"dateModified\":\"2024-09-11T09:22:39+00:00\",\"breadcrumb\":{\"@id\":\"https:\/\/danangsculpture.com.vn\/vi\/product\/enmini-elephant-marble-statuevituong-voi-nho-bang-da\/#breadcrumb\"},\"inLanguage\":\"vi\",\"potentialAction\":[{\"@type\":\"ReadAction\",\"target\":[\"https:\/\/danangsculpture.com.vn\/vi\/product\/enmini-elephant-marble-statuevituong-voi-nho-bang-da\/\"]}]},{\"@type\":\"BreadcrumbList\",\"@id\":\"https:\/\/danangsculpture.com.vn\/vi\/product\/enmini-elephant-marble-statuevituong-voi-nho-bang-da\/#breadcrumb\",\"itemListElement\":[{\"@type\":\"ListItem\",\"position\":1,\"name\":\"Home\",\"item\":\"https:\/\/danangsculpture.com.vn\/\"},{\"@type\":\"ListItem\",\"position\":2,\"name\":\"Shop\",\"item\":\"https:\/\/danangsculpture.com.vn\/vi\/shop\/\"},{\"@type\":\"ListItem\",\"position\":3,\"name\":\"Mini Elephant Marble Statue\"}]}]}<\/script>\n<!-- \/ Yoast SEO plugin. -->","_links":{"self":[{"href":"https:\/\/danangsculpture.com.vn\/vi\/wp-json\/wp\/v2\/product\/1561","targetHints":{"allow":["GET"]}}],"collection":[{"href":"https:\/\/danangsculpture.com.vn\/vi\/wp-json\/wp\/v2\/product"}],"about":[{"href":"https:\/\/danangsculpture.com.vn\/vi\/wp-json\/wp\/v2\/types\/product"}],"replies":[{"embeddable":true,"href":"https:\/\/danangsculpture.com.vn\/vi\/wp-json\/wp\/v2\/comments?post=1561"}],"wp:featuredmedia":[{"embeddable":true,"href":"https:\/\/danangsculpture.com.vn\/vi\/wp-json\/wp\/v2\/media\/1630"}],"wp:attachment":[{"href":"https:\/\/danangsculpture.com.vn\/vi\/wp-json\/wp\/v2\/media?parent=1561"}],"wp:term":[{"taxonomy":"product_cat","embeddable":true,"href":"https:\/\/danangsculpture.com.vn\/vi\/wp-json\/wp\/v2\/product_cat?post=1561"},{"taxonomy":"product_tag","embeddable":true,"href":"https:\/\/danangsculpture.com.vn\/vi\/wp-json\/wp\/v2\/product_tag?post=1561"}],"curies":[{"name":"wp","href":"https:\/\/api.w.org\/{rel}","templated":true}]}}