{"id":1598,"date":"2021-06-14T12:28:02","date_gmt":"2021-06-14T05:28:02","guid":{"rendered":"http:\/\/wordpress.dsp.vn\/?post_type=product&#038;p=1598"},"modified":"2021-06-14T12:32:51","modified_gmt":"2021-06-14T05:32:51","slug":"enmini-mother-and-child-abstract-statuevituong-mau-tu-truu-tuong-nho","status":"publish","type":"product","link":"https:\/\/danangsculpture.com.vn\/vi\/product\/enmini-mother-and-child-abstract-statuevituong-mau-tu-truu-tuong-nho\/","title":{"rendered":"T\u01b0\u1ee3ng m\u1eabu t\u1eed tr\u1eebu t\u01b0\u1ee3ng nh\u1ecf"},"content":{"rendered":"<p>\n\t<span style=\"font-size:14px;\">T\u01b0\u1ee3ng T&igrave;nh m\u1eabu t\u1eed theo phong c&aacute;ch tr\u1eebu t\u01b0\u1ee3ng \u0111\u01b0\u1ee3c \u0111i&ecirc;u kh\u1eafc tinh t\u1ebf t\u1eeb \u0111&aacute; sa th\u1ea1ch t\u1ef1 nhi&ecirc;n, r\u1ea5t th&iacute;ch h\u1ee3p trang tr&iacute; n\u1ed9i th\u1ea5t, trang tr&iacute; b&agrave;n l&agrave;m vi\u1ec7c, l&agrave;m qu&agrave; l\u01b0u ni\u1ec7m&#8230;<\/span><\/p>\n<p>\n\t<span style=\"font-size:14px;\">M\u1eddi qu&yacute; kh&aacute;ch gh&eacute; xem th&ecirc;m b\u1ed9 s\u01b0u t\u1eadp \u0111a d\u1ea1ng c&aacute;c lo\u1ea1i t\u01b0\u1ee3ng m\u1ef9 ngh\u1ec7 k&iacute;ch th\u01b0\u1edbc nh\u1ecf, d\u1ec5 d&agrave;ng l&agrave;m t\u1eb7ng ph\u1ea9m l\u01b0u ni\u1ec7m, trang tr&iacute; b&agrave;n l&agrave;m vi\u1ec7c, t\u1ee7 t\u01b0\u1eddng, g\u1ed3m c&aacute;c t\u01b0\u1ee3ng Ph\u1eadt, t\u01b0\u1ee3ng Ch&uacute;a, t\u01b0\u1ee3ng th&uacute; v&agrave; nhi\u1ec1u t\u01b0\u1ee3ng kh&aacute;c b\u1eb1ng ch\u1ea5t li\u1ec7u \u0111&aacute; t\u1ef1 nhi&ecirc;n ho\u1eb7c \u0111&aacute; nh&acirc;n t\u1ea1o t\u1ea1i&nbsp;<u><strong><a href=\"http:\/\/danangsculpture.com\/vn\/product-cat\/17-tuong-my-nghe-nho\/\"><span style=\"color:#ff8c00;\">DanangSculpture.com<\/span><\/a><a href=\"http:\/\/danangsculpture.com\/vn\/product-cat\/20-ban-ghe\/\"><span style=\"color:#ff8c00;\">.<\/span><\/a><\/strong><\/u><\/span><\/p>\n<table border=\"1\" cellpadding=\"0\" cellspacing=\"0\" style=\"width:896px;\" width=\"896\">\n<tbody>\n<tr>\n<td style=\"width:273px;\">\n<p>\n\t\t\t\t\t<span style=\"font-size:14px;\">1. K&iacute;ch th\u01b0\u1edbc:<\/span><\/p>\n<\/td>\n<td style=\"width:623px;\">\n<p>\n\t\t\t\t\t<span style=\"font-size:14px;\">30cm<\/span><\/p>\n<\/td>\n<\/tr>\n<tr>\n<td style=\"width:273px;\">\n<p>\n\t\t\t\t\t<span style=\"font-size:14px;\">2. Nguy&ecirc;n v\u1eadt li\u1ec7u:<\/span><\/p>\n<\/td>\n<td style=\"width:623px;\">\n<p>\n\t\t\t\t\t<span style=\"font-size:14px;\">\u0110&aacute; sa th\u1ea1ch t\u1ef1 nhi&ecirc;n<\/span><\/p>\n<\/td>\n<\/tr>\n<tr>\n<td style=\"width:273px;\">\n<p>\n\t\t\t\t\t<span style=\"font-size:14px;\">3. M&agrave;u s\u1eafc:<\/span><\/p>\n<\/td>\n<td style=\"width:623px;\">\n<p>\n\t\t\t\t\t<span style=\"font-size:14px;\">X&aacute;m<\/span><\/p>\n<\/td>\n<\/tr>\n<tr>\n<td style=\"width:273px;\">\n<p>\n\t\t\t\t\t<span style=\"font-size:14px;\">4. K\u1ef9 thu\u1eadt:<\/span><\/p>\n<\/td>\n<td style=\"width:623px;\">\n<p>\n\t\t\t\t\t<span style=\"font-size:14px;\">\u0110i&ecirc;u kh\u1eafc b\u1eb1ng tay<\/span><\/p>\n<\/td>\n<\/tr>\n<tr>\n<td style=\"width:273px;\">\n<p>\n\t\t\t\t\t<span style=\"font-size:14px;\">5. C&aacute;ch s\u1eed d\u1ee5ng:<\/span><\/p>\n<\/td>\n<td style=\"width:623px;\">\n<p>\n\t\t\t\t\t<span style=\"font-size:14px;\">L&agrave;m t\u1eb7ng ph\u1ea9m l\u01b0u ni\u1ec7m, trang tr&iacute; b&agrave;n l&agrave;m vi\u1ec7c, t\u1ee7 t\u01b0\u1eddng&#8230;<\/span><\/p>\n<\/td>\n<\/tr>\n<tr>\n<td style=\"width:273px;\">\n<p>\n\t\t\t\t\t<span style=\"font-size:14px;\">6. \u0110i\u1ec1u kho\u1ea3n mua b&aacute;n:<\/span><\/p>\n<\/td>\n<td style=\"width:623px;\">\n<p>\n\t\t\t\t\t<span style=\"font-size:14px;\">EXW, FOB, CFR, CIF, CPT, CIP t&ugrave;y theo y&ecirc;u c\u1ea7u ri&ecirc;ng c\u1ee7a b\u1ea1n&nbsp;<\/span><\/p>\n<\/td>\n<\/tr>\n<tr>\n<td style=\"width:273px;\">\n<p>\n\t\t\t\t\t<span style=\"font-size:14px;\">7. Ph\u01b0\u01a1ng th\u1ee9c thanh to&aacute;n: &nbsp;&nbsp;<\/span><\/p>\n<\/td>\n<td style=\"width:623px;\">\n<p>\n\t\t\t\t\t<span style=\"font-size:14px;\">Chuy\u1ec3n kho\u1ea3n, th\u1ebb t&iacute;n d\u1ee5ng trong n\u01b0\u1edbc v&agrave; qu\u1ed1c t\u1ebf, Western Union ho\u1eb7c L\/C&nbsp;tr\u1ea3 ngay<\/span><\/p>\n<\/td>\n<\/tr>\n<tr>\n<td style=\"width:273px;\">\n<p>\n\t\t\t\t\t<span style=\"font-size:14px;\">8. \u0110&oacute;ng g&oacute;i:<\/span><\/p>\n<\/td>\n<td style=\"width:623px;\">\n<p>\n\t\t\t\t\t<span style=\"font-size:14px;\">\u0110&oacute;ng trong ki\u1ec7n g\u1ed7 ch\u1eafc ch\u1eafn (c&oacute; ch&egrave;n carton, n&ecirc;m g\u1ed7 ho\u1eb7c x\u1ed1p b&ecirc;n trong) \u0111\u1ed1i v\u1edbi v\u1eadn chuy\u1ec3n \u0111\u01b0\u1eddng bi\u1ec3n ho\u1eb7c \u0111\u01b0\u1eddng b\u1ed9 v&agrave; trong th&ugrave;ng x\u1ed1p \u0111\u1eb7c \u0111\u1ed1i v\u1edbi v\u1eadn chuy\u1ec3n h&agrave;ng kh&ocirc;ng<\/span><\/p>\n<\/td>\n<\/tr>\n<tr>\n<td style=\"width:273px;\">\n<p>\n\t\t\t\t\t<span style=\"font-size:14px;\">9. Th\u1eddi h\u1ea1n giao h&agrave;ng:<\/span><\/p>\n<\/td>\n<td style=\"width:623px;\">\n<p>\n\t\t\t\t\t<span style=\"font-size:14px;\">02-10 ng&agrave;y sau khi nh\u1eadn \u0111\u01b0\u1ee3c ti\u1ec1n \u0111\u1eb7t c\u1ecdc t&ugrave;y theo t\u1eebng \u0111\u01a1n h&agrave;ng c\u1ee5 th\u1ec3<\/span><\/p>\n<\/td>\n<\/tr>\n<\/tbody>\n<\/table>\n<p>\n\t&nbsp;<\/p>\n","protected":false},"excerpt":{"rendered":"<p>T\u01b0\u1ee3ng T\u00ecnh m\u1eabu t\u1eed theo phong c\u00e1ch tr\u1eebu t\u01b0\u1ee3ng \u0111\u01b0\u1ee3c \u0111i\u00eau kh\u1eafc tinh t\u1ebf t\u1eeb \u0111\u00e1 sa th\u1ea1ch t\u1ef1 nhi\u00ean, r\u1ea5t th\u00edch h\u1ee3p trang tr\u00ed n\u1ed9i th\u1ea5t, trang tr\u00ed b\u00e0n l\u00e0m vi\u1ec7c, l\u00e0m qu\u00e0 l\u01b0u ni\u1ec7m&#8230; M\u1eddi qu\u00fd kh\u00e1ch gh\u00e9 xem th\u00eam b\u1ed9 s\u01b0u t\u1eadp \u0111a d\u1ea1ng c\u00e1c lo\u1ea1i t\u01b0\u1ee3ng m<\/p>\n","protected":false},"featured_media":1677,"comment_status":"open","ping_status":"closed","template":"","meta":[],"product_cat":[107],"product_tag":[],"class_list":["post-1598","product","type-product","status-publish","has-post-thumbnail","hentry","product_cat-stone-handicrafts"],"yoast_head":"<!-- This site is optimized with the Yoast SEO plugin v16.6.1 - https:\/\/yoast.com\/wordpress\/plugins\/seo\/ -->\n<title>T\u01b0\u1ee3ng m\u1eabu t\u1eed tr\u1eebu t\u01b0\u1ee3ng nh\u1ecf - Danang Sculpture Foundation<\/title>\n<meta name=\"robots\" content=\"index, follow, max-snippet:-1, max-image-preview:large, max-video-preview:-1\" \/>\n<link rel=\"canonical\" href=\"https:\/\/www.danangsculpture.com.vn\/vi\/product\/enmini-mother-and-child-abstract-statuevituong-mau-tu-truu-tuong-nho\/\" \/>\n<meta property=\"og:locale\" content=\"vi_VN\" \/>\n<meta property=\"og:type\" content=\"article\" \/>\n<meta property=\"og:title\" content=\"T\u01b0\u1ee3ng m\u1eabu t\u1eed tr\u1eebu t\u01b0\u1ee3ng nh\u1ecf\" \/>\n<meta property=\"og:description\" content=\"T\u01b0\u1ee3ng T\u00ecnh m\u1eabu t\u1eed theo phong c\u00e1ch tr\u1eebu t\u01b0\u1ee3ng \u0111\u01b0\u1ee3c \u0111i\u00eau kh\u1eafc tinh t\u1ebf t\u1eeb \u0111\u00e1 sa th\u1ea1ch t\u1ef1 nhi\u00ean, r\u1ea5t th\u00edch h\u1ee3p trang tr\u00ed n\u1ed9i th\u1ea5t, trang tr\u00ed b\u00e0n l\u00e0m vi\u1ec7c, l\u00e0m qu\u00e0 l\u01b0u ni\u1ec7m... M\u1eddi qu\u00fd kh\u00e1ch gh\u00e9 xem th\u00eam b\u1ed9 s\u01b0u t\u1eadp \u0111a d\u1ea1ng c\u00e1c lo\u1ea1i t\u01b0\u1ee3ng m\" \/>\n<meta property=\"og:url\" content=\"https:\/\/www.danangsculpture.com.vn\/vi\/product\/enmini-mother-and-child-abstract-statuevituong-mau-tu-truu-tuong-nho\/\" \/>\n<meta property=\"og:site_name\" content=\"Danang Sculpture Foundation\" \/>\n<meta property=\"article:modified_time\" content=\"2021-06-14T05:32:51+00:00\" \/>\n<meta property=\"og:image\" content=\"http:\/\/danangsculpture.com.vn\/wp-content\/uploads\/2021\/06\/1492661304.jpg\" \/>\n\t<meta property=\"og:image:width\" content=\"450\" \/>\n\t<meta property=\"og:image:height\" content=\"600\" \/>\n<meta name=\"twitter:card\" content=\"summary_large_image\" \/>\n<meta name=\"twitter:label1\" content=\"\u01af\u1edbc t\u00ednh th\u1eddi gian \u0111\u1ecdc\" \/>\n\t<meta name=\"twitter:data1\" content=\"10 ph\u00fat\" \/>\n<script type=\"application\/ld+json\" class=\"yoast-schema-graph\">{\"@context\":\"https:\/\/schema.org\",\"@graph\":[{\"@type\":\"WebSite\",\"@id\":\"https:\/\/danangsculpture.com.vn\/#website\",\"url\":\"https:\/\/danangsculpture.com.vn\/\",\"name\":\"Danang Sculpture Foundation\",\"description\":\"Giving spirit to stones\",\"potentialAction\":[{\"@type\":\"SearchAction\",\"target\":{\"@type\":\"EntryPoint\",\"urlTemplate\":\"https:\/\/danangsculpture.com.vn\/?s={search_term_string}\"},\"query-input\":\"required name=search_term_string\"}],\"inLanguage\":\"vi\"},{\"@type\":\"ImageObject\",\"@id\":\"https:\/\/www.danangsculpture.com.vn\/vi\/product\/enmini-mother-and-child-abstract-statuevituong-mau-tu-truu-tuong-nho\/#primaryimage\",\"inLanguage\":\"vi\",\"url\":\"https:\/\/danangsculpture.com.vn\/wp-content\/uploads\/2021\/06\/1492661304.jpg\",\"contentUrl\":\"https:\/\/danangsculpture.com.vn\/wp-content\/uploads\/2021\/06\/1492661304.jpg\",\"width\":450,\"height\":600},{\"@type\":\"WebPage\",\"@id\":\"https:\/\/www.danangsculpture.com.vn\/vi\/product\/enmini-mother-and-child-abstract-statuevituong-mau-tu-truu-tuong-nho\/#webpage\",\"url\":\"https:\/\/www.danangsculpture.com.vn\/vi\/product\/enmini-mother-and-child-abstract-statuevituong-mau-tu-truu-tuong-nho\/\",\"name\":\"[:en]Mini Mother and Child Abstract Statue[:vi]T\\u01b0\\u1ee3ng m\\u1eabu t\\u1eed tr\\u1eebu t\\u01b0\\u1ee3ng nh\\u1ecf[:] - Danang Sculpture Foundation\",\"isPartOf\":{\"@id\":\"https:\/\/danangsculpture.com.vn\/#website\"},\"primaryImageOfPage\":{\"@id\":\"https:\/\/www.danangsculpture.com.vn\/vi\/product\/enmini-mother-and-child-abstract-statuevituong-mau-tu-truu-tuong-nho\/#primaryimage\"},\"datePublished\":\"2021-06-14T05:28:02+00:00\",\"dateModified\":\"2021-06-14T05:32:51+00:00\",\"breadcrumb\":{\"@id\":\"https:\/\/www.danangsculpture.com.vn\/vi\/product\/enmini-mother-and-child-abstract-statuevituong-mau-tu-truu-tuong-nho\/#breadcrumb\"},\"inLanguage\":\"vi\",\"potentialAction\":[{\"@type\":\"ReadAction\",\"target\":[\"https:\/\/www.danangsculpture.com.vn\/vi\/product\/enmini-mother-and-child-abstract-statuevituong-mau-tu-truu-tuong-nho\/\"]}]},{\"@type\":\"BreadcrumbList\",\"@id\":\"https:\/\/www.danangsculpture.com.vn\/vi\/product\/enmini-mother-and-child-abstract-statuevituong-mau-tu-truu-tuong-nho\/#breadcrumb\",\"itemListElement\":[{\"@type\":\"ListItem\",\"position\":1,\"name\":\"Home\",\"item\":\"https:\/\/danangsculpture.com.vn\/\"},{\"@type\":\"ListItem\",\"position\":2,\"name\":\"Shop\",\"item\":\"https:\/\/danangsculpture.com.vn\/vi\/shop\/\"},{\"@type\":\"ListItem\",\"position\":3,\"name\":\"Mini Mother and Child Abstract Statue\"}]}]}<\/script>\n<!-- \/ Yoast SEO plugin. -->","_links":{"self":[{"href":"https:\/\/danangsculpture.com.vn\/vi\/wp-json\/wp\/v2\/product\/1598","targetHints":{"allow":["GET"]}}],"collection":[{"href":"https:\/\/danangsculpture.com.vn\/vi\/wp-json\/wp\/v2\/product"}],"about":[{"href":"https:\/\/danangsculpture.com.vn\/vi\/wp-json\/wp\/v2\/types\/product"}],"replies":[{"embeddable":true,"href":"https:\/\/danangsculpture.com.vn\/vi\/wp-json\/wp\/v2\/comments?post=1598"}],"wp:featuredmedia":[{"embeddable":true,"href":"https:\/\/danangsculpture.com.vn\/vi\/wp-json\/wp\/v2\/media\/1677"}],"wp:attachment":[{"href":"https:\/\/danangsculpture.com.vn\/vi\/wp-json\/wp\/v2\/media?parent=1598"}],"wp:term":[{"taxonomy":"product_cat","embeddable":true,"href":"https:\/\/danangsculpture.com.vn\/vi\/wp-json\/wp\/v2\/product_cat?post=1598"},{"taxonomy":"product_tag","embeddable":true,"href":"https:\/\/danangsculpture.com.vn\/vi\/wp-json\/wp\/v2\/product_tag?post=1598"}],"curies":[{"name":"wp","href":"https:\/\/api.w.org\/{rel}","templated":true}]}}