{"id":1658,"date":"2021-06-14T12:31:33","date_gmt":"2021-06-14T05:31:33","guid":{"rendered":"http:\/\/wordpress.dsp.vn\/?post_type=product&#038;p=1658"},"modified":"2021-06-14T12:36:24","modified_gmt":"2021-06-14T05:36:24","slug":"ensitting-lion-yellow-marble-statue-dsf-t149visu-tu-ngoi-da-vang-dsf-t149","status":"publish","type":"product","link":"https:\/\/danangsculpture.com.vn\/vi\/product\/ensitting-lion-yellow-marble-statue-dsf-t149visu-tu-ngoi-da-vang-dsf-t149\/","title":{"rendered":"S\u01b0 t\u1eed ng\u1ed3i \u0111\u00e1 v\u00e0ng DSF-T149"},"content":{"rendered":"<p>\n\t<span style=\"font-size:14px;\">T\u01b0\u1ee3ng S\u01b0 t\u1eed d\u0169ng m&atilde;nh \u0111ang ng\u1ed3i \u0111\u01b0\u1ee3c \u0111i&ecirc;u kh\u1eafc tinh t\u1ebf t\u1eeb \u0111&aacute; c\u1ea9m th\u1ea1ch v&agrave;ng t\u1ef1 nhi&ecirc;n v&agrave; \u0111&aacute;nh b&oacute;ng, th&iacute;ch h\u1ee3p trang tr&iacute; n\u1ed9i th\u1ea5t, s&acirc;n v\u01b0\u1eddn nh&agrave; ri&ecirc;ng, v\u0103n ph&ograve;ng, kh&aacute;ch s\u1ea1n, khu ngh\u1ec9 m&aacute;t&#8230;<\/span><\/p>\n<p>\n\t<span style=\"font-size:14px;\">M\u1eddi qu&yacute; kh&aacute;ch gh&eacute; xem b\u1ed9 s\u01b0u t\u1eadp \u0111a d\u1ea1ng c&aacute;c lo\u1ea1i t\u01b0\u1ee3ng \u0111i&ecirc;u kh\u1eafc th&uacute; b\u1eb1ng \u0111&aacute; t\u1ef1 nhi&ecirc;n, g\u1ed3m l&acirc;n, ngh&ecirc;, t\u1ef3 h\u01b0u, s\u01b0 t\u1eed, voi, ng\u1ef1a, chim, c&aacute; v&agrave; nhi\u1ec1u t\u01b0\u1ee3ng th&uacute; kh&aacute;c c\u1ee7a Qu\u1ef9 \u0110i&ecirc;u kh\u1eafc \u0110&agrave; N\u1eb5ng t\u1ea1i&nbsp;<u><strong><a href=\"http:\/\/danangsculpture.com\/vn\/product-cat\/16-tuong-thu\/\"><span style=\"color:#ff8c00;\">DanangSculpture.com<\/span><\/a><a href=\"http:\/\/danangsculpture.com\/vn\/product-cat\/20-ban-ghe\/\"><span style=\"color:#ff8c00;\">.<\/span><\/a><\/strong><\/u><\/span><\/p>\n<table border=\"1\" cellpadding=\"0\" cellspacing=\"0\" style=\"width: 100%\" width=\"896\">\n<tbody>\n<tr>\n<td style=\"width:273px;\">\n<p>\n\t\t\t\t\t<span style=\"font-size:14px;\">1. K&iacute;ch th\u01b0\u1edbc:<\/span><\/p>\n<\/td>\n<td style=\"width:623px;\">\n<p>\n\t\t\t\t\t<span style=\"font-size:14px;\">T\u1eeb 80cm tr\u1edf l&ecirc;n theo y&ecirc;u c\u1ea7u ri&ecirc;ng c\u1ee7a qu&yacute; kh&aacute;ch<\/span><\/p>\n<\/td>\n<\/tr>\n<tr>\n<td style=\"width:273px;\">\n<p>\n\t\t\t\t\t<span style=\"font-size:14px;\">2. Nguy&ecirc;n v\u1eadt li\u1ec7u:<\/span><\/p>\n<\/td>\n<td style=\"width:623px;\">\n<p>\n\t\t\t\t\t<span style=\"font-size:14px;\">\u0110&aacute; c\u1ea9m th\u1ea1ch t\u1ef1 nhi&ecirc;n<\/span><\/p>\n<\/td>\n<\/tr>\n<tr>\n<td style=\"width:273px;\">\n<p>\n\t\t\t\t\t<span style=\"font-size:14px;\">3. M&agrave;u s\u1eafc:<\/span><\/p>\n<\/td>\n<td style=\"width:623px;\">\n<p>\n\t\t\t\t\t<span style=\"font-size:14px;\">Tr\u1eafng\/\u0110en\/V&agrave;ng\/\u0110\u1ecf\/Xanh nh\u1ea1t<\/span><\/p>\n<\/td>\n<\/tr>\n<tr>\n<td style=\"width:273px;\">\n<p>\n\t\t\t\t\t<span style=\"font-size:14px;\">4. K\u1ef9 thu\u1eadt:<\/span><\/p>\n<\/td>\n<td style=\"width:623px;\">\n<p>\n\t\t\t\t\t<span style=\"font-size:14px;\">\u0110i&ecirc;u kh\u1eafc b\u1eb1ng tay, b\u1ec1 m\u1eb7t \u0111&aacute;nh b&oacute;ng<\/span><\/p>\n<\/td>\n<\/tr>\n<tr>\n<td style=\"width:273px;\">\n<p>\n\t\t\t\t\t<span style=\"font-size:14px;\">5. C&aacute;ch s\u1eed d\u1ee5ng:<\/span><\/p>\n<\/td>\n<td style=\"width:623px;\">\n<p>\n\t\t\t\t\t<span style=\"font-size:14px;\">Trang tr&iacute; n\u1ed9i th\u1ea5t, ngo\u1ea1i th\u1ea5t, s&acirc;n v\u01b0\u1eddn cho nh&agrave; ri&ecirc;ng, v\u0103n ph&ograve;ng, kh&aacute;ch s\u1ea1n, nh&agrave; h&agrave;ng&#8230;<\/span><\/p>\n<\/td>\n<\/tr>\n<tr>\n<td style=\"width:273px;\">\n<p>\n\t\t\t\t\t<span style=\"font-size:14px;\">6. \u0110i\u1ec1u kho\u1ea3n mua b&aacute;n:<\/span><\/p>\n<\/td>\n<td style=\"width:623px;\">\n<p>\n\t\t\t\t\t<span style=\"font-size:14px;\">EXW, FOB, CFR, CIF, CPT, CIP t&ugrave;y theo y&ecirc;u c\u1ea7u ri&ecirc;ng c\u1ee7a b\u1ea1n&nbsp;<\/span><\/p>\n<\/td>\n<\/tr>\n<tr>\n<td style=\"width:273px;\">\n<p>\n\t\t\t\t\t<span style=\"font-size:14px;\">7. Ph\u01b0\u01a1ng th\u1ee9c thanh to&aacute;n: &nbsp;&nbsp;<\/span><\/p>\n<\/td>\n<td style=\"width:623px;\">\n<p>\n\t\t\t\t\t<span style=\"font-size:14px;\">Chuy\u1ec3n kho\u1ea3n, th\u1ebb t&iacute;n d\u1ee5ng trong n\u01b0\u1edbc v&agrave; qu\u1ed1c t\u1ebf, Western Union ho\u1eb7c L\/C&nbsp;tr\u1ea3 ngay<\/span><\/p>\n<\/td>\n<\/tr>\n<tr>\n<td style=\"width:273px;\">\n<p>\n\t\t\t\t\t<span style=\"font-size:14px;\">8. \u0110&oacute;ng g&oacute;i:<\/span><\/p>\n<\/td>\n<td style=\"width:623px;\">\n<p>\n\t\t\t\t\t<span style=\"font-size:14px;\">\u0110&oacute;ng trong ki\u1ec7n g\u1ed7 ch\u1eafc ch\u1eafn (c&oacute; ch&egrave;n carton, n&ecirc;m g\u1ed7 ho\u1eb7c x\u1ed1p b&ecirc;n trong) \u0111\u1ed1i v\u1edbi v\u1eadn chuy\u1ec3n \u0111\u01b0\u1eddng bi\u1ec3n ho\u1eb7c \u0111\u01b0\u1eddng b\u1ed9 v&agrave; trong th&ugrave;ng x\u1ed1p \u0111\u1eb7c \u0111\u1ed1i v\u1edbi v\u1eadn chuy\u1ec3n h&agrave;ng kh&ocirc;ng<\/span><\/p>\n<\/td>\n<\/tr>\n<tr>\n<td style=\"width:273px;\">\n<p>\n\t\t\t\t\t<span style=\"font-size:14px;\">9. Th\u1eddi h\u1ea1n giao h&agrave;ng:<\/span><\/p>\n<\/td>\n<td style=\"width:623px;\">\n<p>\n\t\t\t\t\t<span style=\"font-size:14px;\">10 &#8211; 20 ng&agrave;y sau khi nh\u1eadn \u0111\u01b0\u1ee3c ti\u1ec1n \u0111\u1eb7t c\u1ecdc t&ugrave;y theo t\u1eebng \u0111\u01a1n h&agrave;ng c\u1ee5 th\u1ec3<\/span><\/p>\n<\/td>\n<\/tr>\n<\/tbody>\n<\/table>\n<p>\n\t&nbsp;<\/p>\n","protected":false},"excerpt":{"rendered":"<p>T\u01b0\u1ee3ng S\u01b0 t\u1eed d\u0169ng m\u00e3nh \u0111ang ng\u1ed3i \u0111\u01b0\u1ee3c \u0111i\u00eau kh\u1eafc tinh t\u1ebf t\u1eeb \u0111\u00e1 c\u1ea9m th\u1ea1ch v\u00e0ng t\u1ef1 nhi\u00ean v\u00e0 \u0111\u00e1nh b\u00f3ng, th\u00edch h\u1ee3p trang tr\u00ed n\u1ed9i th\u1ea5t, s\u00e2n v\u01b0\u1eddn nh\u00e0 ri\u00eang, v\u0103n ph\u00f2ng, kh\u00e1ch s\u1ea1n, khu ngh\u1ec9 m\u00e1t&#8230; M\u1eddi qu\u00fd kh\u00e1ch gh\u00e9 DanangSculpture.com xem b\u1ed9 s\u01b0u t\u1eadp \u0111a d\u1ea1ng c\u00e1c lo\u1ea1<\/p>\n","protected":false},"featured_media":1725,"comment_status":"open","ping_status":"closed","template":"","meta":[],"product_cat":[110],"product_tag":[],"class_list":["post-1658","product","type-product","status-publish","has-post-thumbnail","hentry","product_cat-foo-dogs-dragon-dogs-lions"],"yoast_head":"<!-- This site is optimized with the Yoast SEO plugin v16.6.1 - https:\/\/yoast.com\/wordpress\/plugins\/seo\/ -->\n<title>S\u01b0 t\u1eed ng\u1ed3i \u0111\u00e1 v\u00e0ng DSF-T149 - Danang Sculpture Foundation<\/title>\n<meta name=\"robots\" content=\"index, follow, max-snippet:-1, max-image-preview:large, max-video-preview:-1\" \/>\n<link rel=\"canonical\" href=\"https:\/\/www.danangsculpture.com.vn\/vi\/product\/ensitting-lion-yellow-marble-statue-dsf-t149visu-tu-ngoi-da-vang-dsf-t149\/\" \/>\n<meta property=\"og:locale\" content=\"vi_VN\" \/>\n<meta property=\"og:type\" content=\"article\" \/>\n<meta property=\"og:title\" content=\"S\u01b0 t\u1eed ng\u1ed3i \u0111\u00e1 v\u00e0ng DSF-T149\" \/>\n<meta property=\"og:description\" content=\"T\u01b0\u1ee3ng S\u01b0 t\u1eed d\u0169ng m\u00e3nh \u0111ang ng\u1ed3i \u0111\u01b0\u1ee3c \u0111i\u00eau kh\u1eafc tinh t\u1ebf t\u1eeb \u0111\u00e1 c\u1ea9m th\u1ea1ch v\u00e0ng t\u1ef1 nhi\u00ean v\u00e0 \u0111\u00e1nh b\u00f3ng, th\u00edch h\u1ee3p trang tr\u00ed n\u1ed9i th\u1ea5t, s\u00e2n v\u01b0\u1eddn nh\u00e0 ri\u00eang, v\u0103n ph\u00f2ng, kh\u00e1ch s\u1ea1n, khu ngh\u1ec9 m\u00e1t... M\u1eddi qu\u00fd kh\u00e1ch gh\u00e9 DanangSculpture.com xem b\u1ed9 s\u01b0u t\u1eadp \u0111a d\u1ea1ng c\u00e1c lo\u1ea1\" \/>\n<meta property=\"og:url\" content=\"https:\/\/www.danangsculpture.com.vn\/vi\/product\/ensitting-lion-yellow-marble-statue-dsf-t149visu-tu-ngoi-da-vang-dsf-t149\/\" \/>\n<meta property=\"og:site_name\" content=\"Danang Sculpture Foundation\" \/>\n<meta property=\"article:modified_time\" content=\"2021-06-14T05:36:24+00:00\" \/>\n<meta property=\"og:image\" content=\"http:\/\/danangsculpture.com.vn\/wp-content\/uploads\/2021\/06\/1492763891.jpg\" \/>\n\t<meta property=\"og:image:width\" content=\"450\" \/>\n\t<meta property=\"og:image:height\" content=\"600\" \/>\n<meta name=\"twitter:card\" content=\"summary_large_image\" \/>\n<meta name=\"twitter:label1\" content=\"\u01af\u1edbc t\u00ednh th\u1eddi gian \u0111\u1ecdc\" \/>\n\t<meta name=\"twitter:data1\" content=\"10 ph\u00fat\" \/>\n<script type=\"application\/ld+json\" class=\"yoast-schema-graph\">{\"@context\":\"https:\/\/schema.org\",\"@graph\":[{\"@type\":\"WebSite\",\"@id\":\"https:\/\/danangsculpture.com.vn\/#website\",\"url\":\"https:\/\/danangsculpture.com.vn\/\",\"name\":\"Danang Sculpture Foundation\",\"description\":\"Giving spirit to stones\",\"potentialAction\":[{\"@type\":\"SearchAction\",\"target\":{\"@type\":\"EntryPoint\",\"urlTemplate\":\"https:\/\/danangsculpture.com.vn\/?s={search_term_string}\"},\"query-input\":\"required name=search_term_string\"}],\"inLanguage\":\"vi\"},{\"@type\":\"ImageObject\",\"@id\":\"https:\/\/www.danangsculpture.com.vn\/vi\/product\/ensitting-lion-yellow-marble-statue-dsf-t149visu-tu-ngoi-da-vang-dsf-t149\/#primaryimage\",\"inLanguage\":\"vi\",\"url\":\"https:\/\/danangsculpture.com.vn\/wp-content\/uploads\/2021\/06\/1492763891.jpg\",\"contentUrl\":\"https:\/\/danangsculpture.com.vn\/wp-content\/uploads\/2021\/06\/1492763891.jpg\",\"width\":450,\"height\":600},{\"@type\":\"WebPage\",\"@id\":\"https:\/\/www.danangsculpture.com.vn\/vi\/product\/ensitting-lion-yellow-marble-statue-dsf-t149visu-tu-ngoi-da-vang-dsf-t149\/#webpage\",\"url\":\"https:\/\/www.danangsculpture.com.vn\/vi\/product\/ensitting-lion-yellow-marble-statue-dsf-t149visu-tu-ngoi-da-vang-dsf-t149\/\",\"name\":\"[:en]Sitting Lion Yellow Marble Statue DSF-T149[:vi]S\\u01b0 t\\u1eed ng\\u1ed3i \\u0111\\u00e1 v\\u00e0ng DSF-T149[:] - Danang Sculpture Foundation\",\"isPartOf\":{\"@id\":\"https:\/\/danangsculpture.com.vn\/#website\"},\"primaryImageOfPage\":{\"@id\":\"https:\/\/www.danangsculpture.com.vn\/vi\/product\/ensitting-lion-yellow-marble-statue-dsf-t149visu-tu-ngoi-da-vang-dsf-t149\/#primaryimage\"},\"datePublished\":\"2021-06-14T05:31:33+00:00\",\"dateModified\":\"2021-06-14T05:36:24+00:00\",\"breadcrumb\":{\"@id\":\"https:\/\/www.danangsculpture.com.vn\/vi\/product\/ensitting-lion-yellow-marble-statue-dsf-t149visu-tu-ngoi-da-vang-dsf-t149\/#breadcrumb\"},\"inLanguage\":\"vi\",\"potentialAction\":[{\"@type\":\"ReadAction\",\"target\":[\"https:\/\/www.danangsculpture.com.vn\/vi\/product\/ensitting-lion-yellow-marble-statue-dsf-t149visu-tu-ngoi-da-vang-dsf-t149\/\"]}]},{\"@type\":\"BreadcrumbList\",\"@id\":\"https:\/\/www.danangsculpture.com.vn\/vi\/product\/ensitting-lion-yellow-marble-statue-dsf-t149visu-tu-ngoi-da-vang-dsf-t149\/#breadcrumb\",\"itemListElement\":[{\"@type\":\"ListItem\",\"position\":1,\"name\":\"Home\",\"item\":\"https:\/\/danangsculpture.com.vn\/\"},{\"@type\":\"ListItem\",\"position\":2,\"name\":\"Shop\",\"item\":\"https:\/\/www.danangsculpture.com.vn\/shop\/\"},{\"@type\":\"ListItem\",\"position\":3,\"name\":\"Sitting Lion Yellow Marble Statue DSF-T149\"}]}]}<\/script>\n<!-- \/ Yoast SEO plugin. -->","_links":{"self":[{"href":"https:\/\/danangsculpture.com.vn\/vi\/wp-json\/wp\/v2\/product\/1658","targetHints":{"allow":["GET"]}}],"collection":[{"href":"https:\/\/danangsculpture.com.vn\/vi\/wp-json\/wp\/v2\/product"}],"about":[{"href":"https:\/\/danangsculpture.com.vn\/vi\/wp-json\/wp\/v2\/types\/product"}],"replies":[{"embeddable":true,"href":"https:\/\/danangsculpture.com.vn\/vi\/wp-json\/wp\/v2\/comments?post=1658"}],"wp:featuredmedia":[{"embeddable":true,"href":"https:\/\/danangsculpture.com.vn\/vi\/wp-json\/wp\/v2\/media\/1725"}],"wp:attachment":[{"href":"https:\/\/danangsculpture.com.vn\/vi\/wp-json\/wp\/v2\/media?parent=1658"}],"wp:term":[{"taxonomy":"product_cat","embeddable":true,"href":"https:\/\/danangsculpture.com.vn\/vi\/wp-json\/wp\/v2\/product_cat?post=1658"},{"taxonomy":"product_tag","embeddable":true,"href":"https:\/\/danangsculpture.com.vn\/vi\/wp-json\/wp\/v2\/product_tag?post=1658"}],"curies":[{"name":"wp","href":"https:\/\/api.w.org\/{rel}","templated":true}]}}