{"id":1808,"date":"2021-06-14T12:45:13","date_gmt":"2021-06-14T05:45:13","guid":{"rendered":"http:\/\/wordpress.dsp.vn\/?post_type=product&#038;p=1808"},"modified":"2021-06-14T12:50:46","modified_gmt":"2021-06-14T05:50:46","slug":"enflute-man-cham-hindu-stone-reliefvituong-cham-nguoi-thoi-sao-bang-da","status":"publish","type":"product","link":"https:\/\/danangsculpture.com.vn\/vi\/product\/enflute-man-cham-hindu-stone-reliefvituong-cham-nguoi-thoi-sao-bang-da\/","title":{"rendered":"T\u01b0\u1ee3ng Ch\u0103m ng\u01b0\u1eddi th\u1ed5i s\u00e1o b\u1eb1ng \u0111\u00e1"},"content":{"rendered":"<p>\n\t<span style=\"font-size:14px;\">Ph&ugrave; \u0111i&ecirc;u ng\u01b0\u1eddi ng\u1ed3i th\u1ed5i s&aacute;o, c\u1ea3nh sinh ho\u1ea1t \u0111\u1eddi th\u01b0\u1eddng c\u1ee7a ng\u01b0\u1eddi Ch\u0103m<\/span><span style=\"font-size: 14px;\">&nbsp;\u0111\u01b0\u1ee3c \u0111i&ecirc;u kh\u1eafc tinh t\u1ebf t\u1eeb \u0111&aacute; sa th\u1ea1ch x&aacute;m t\u1ef1 nhi&ecirc;n, b\u1ec1 m\u1eb7t bu nh&aacute;m v&agrave; m&agrave;i nh\u1eb5n, th&iacute;ch h\u1ee3p trang tr&iacute; n\u1ed9i th\u1ea5t, s&acirc;n v\u01b0\u1eddn nh&agrave; ri&ecirc;ng, v\u0103n ph&ograve;ng, kh&aacute;ch s\u1ea1n, khu ngh\u1ec9 m&aacute;t&#8230;<\/span><\/p>\n<p style=\"text-align: justify;\">\n\t<span style=\"font-size:14px;\">M\u1eddi qu&yacute; kh&aacute;ch gh&eacute; xem b\u1ed9 s\u01b0u t\u1eadp \u0111a d\u1ea1ng c&aacute;c lo\u1ea1i&nbsp;t\u01b0\u1ee3ng \u0111i&ecirc;u kh\u1eafc ngh\u1ec7 thu\u1eadt Ch&agrave;m&nbsp;b\u1eb1ng \u0111&aacute; t\u1ef1 nhi&ecirc;n c\u1ee7a Qu\u1ef9 \u0110i&ecirc;u kh\u1eafc \u0110&agrave; N\u1eb5ng t\u1ea1i&nbsp;<u style=\"font-size: 14px;\"><strong><a href=\"http:\/\/danangsculpture.com\/vn\/product-cat\/14-tuong-cham\/\"><span style=\"color:#ff8c00;\">DanangSculpture.com<\/span><\/a><a href=\"http:\/\/danangsculpture.com\/vn\/product-cat\/20-ban-ghe\/\"><span style=\"color:#ff8c00;\">.<\/span><\/a><\/strong><\/u><\/span><\/p>\n<table border=\"1\" cellpadding=\"0\" cellspacing=\"0\" style=\"width:896px;\" width=\"896\">\n<tbody>\n<tr>\n<td style=\"width:273px;\">\n<p>\n\t\t\t\t\t<span style=\"font-size:14px;\">1. K&iacute;ch th\u01b0\u1edbc:<\/span><\/p>\n<\/td>\n<td style=\"width:623px;\">\n<p>\n\t\t\t\t\t<span style=\"font-size:14px;\">T\u1eeb 50cm tr\u1edf l&ecirc;n theo y&ecirc;u c\u1ea7u ri&ecirc;ng c\u1ee7a qu&yacute; kh&aacute;ch<\/span><\/p>\n<\/td>\n<\/tr>\n<tr>\n<td style=\"width:273px;\">\n<p>\n\t\t\t\t\t<span style=\"font-size:14px;\">2. Nguy&ecirc;n v\u1eadt li\u1ec7u:<\/span><\/p>\n<\/td>\n<td style=\"width:623px;\">\n<p>\n\t\t\t\t\t<span style=\"font-size:14px;\">\u0110&aacute; sa th\u1ea1ch ho\u1eb7c c\u1ea9m th\u1ea1ch t\u1ef1 nhi&ecirc;n<\/span><\/p>\n<\/td>\n<\/tr>\n<tr>\n<td style=\"width:273px;\">\n<p>\n\t\t\t\t\t<span style=\"font-size:14px;\">3. M&agrave;u s\u1eafc:<\/span><\/p>\n<\/td>\n<td style=\"width:623px;\">\n<p>\n\t\t\t\t\t<span style=\"font-size:14px;\">X&aacute;m\/Tr\u1eafng\/\u0110en\/V&agrave;ng\/\u0110\u1ecf<\/span><\/p>\n<\/td>\n<\/tr>\n<tr>\n<td style=\"width:273px;\">\n<p>\n\t\t\t\t\t<span style=\"font-size:14px;\">4. K\u1ef9 thu\u1eadt:<\/span><\/p>\n<\/td>\n<td style=\"width:623px;\">\n<p>\n\t\t\t\t\t<span style=\"font-size:14px;\">\u0110i&ecirc;u kh\u1eafc b\u1eb1ng tay, b\u1ec1 m\u1eb7t bu nh&aacute;m ho\u1eb7c m&agrave;i nh\u1eb5n<\/span><\/p>\n<\/td>\n<\/tr>\n<tr>\n<td style=\"width:273px;\">\n<p>\n\t\t\t\t\t<span style=\"font-size:14px;\">5. C&aacute;ch s\u1eed d\u1ee5ng:<\/span><\/p>\n<\/td>\n<td style=\"width:623px;\">\n<p>\n\t\t\t\t\t<span style=\"font-size:14px;\">Trang tr&iacute; n\u1ed9i th\u1ea5t, ngo\u1ea1i th\u1ea5t, s&acirc;n v\u01b0\u1eddn cho nh&agrave; ri&ecirc;ng, v\u0103n ph&ograve;ng, kh&aacute;ch s\u1ea1n, nh&agrave; h&agrave;ng&#8230;<\/span><\/p>\n<\/td>\n<\/tr>\n<tr>\n<td style=\"width:273px;\">\n<p>\n\t\t\t\t\t<span style=\"font-size:14px;\">6. \u0110i\u1ec1u kho\u1ea3n mua b&aacute;n:<\/span><\/p>\n<\/td>\n<td style=\"width:623px;\">\n<p>\n\t\t\t\t\t<span style=\"font-size:14px;\">EXW, FOB, CFR, CIF, CPT, CIP t&ugrave;y theo y&ecirc;u c\u1ea7u ri&ecirc;ng c\u1ee7a b\u1ea1n&nbsp;<\/span><\/p>\n<\/td>\n<\/tr>\n<tr>\n<td style=\"width:273px;\">\n<p>\n\t\t\t\t\t<span style=\"font-size:14px;\">7. Ph\u01b0\u01a1ng th\u1ee9c thanh to&aacute;n: &nbsp;&nbsp;<\/span><\/p>\n<\/td>\n<td style=\"width:623px;\">\n<p>\n\t\t\t\t\t<span style=\"font-size:14px;\">Chuy\u1ec3n kho\u1ea3n, th\u1ebb t&iacute;n d\u1ee5ng trong n\u01b0\u1edbc v&agrave; qu\u1ed1c t\u1ebf, Western Union ho\u1eb7c L\/C&nbsp;tr\u1ea3 ngay<\/span><\/p>\n<\/td>\n<\/tr>\n<tr>\n<td style=\"width:273px;\">\n<p>\n\t\t\t\t\t<span style=\"font-size:14px;\">8. \u0110&oacute;ng g&oacute;i:<\/span><\/p>\n<\/td>\n<td style=\"width:623px;\">\n<p>\n\t\t\t\t\t<span style=\"font-size:14px;\">\u0110&oacute;ng trong ki\u1ec7n g\u1ed7 ch\u1eafc ch\u1eafn (c&oacute; ch&egrave;n carton, n&ecirc;m g\u1ed7 ho\u1eb7c x\u1ed1p b&ecirc;n trong) \u0111\u1ed1i v\u1edbi v\u1eadn chuy\u1ec3n \u0111\u01b0\u1eddng bi\u1ec3n ho\u1eb7c \u0111\u01b0\u1eddng b\u1ed9 v&agrave; trong th&ugrave;ng x\u1ed1p \u0111\u1eb7c \u0111\u1ed1i v\u1edbi v\u1eadn chuy\u1ec3n h&agrave;ng kh&ocirc;ng<\/span><\/p>\n<\/td>\n<\/tr>\n<tr>\n<td style=\"width:273px;\">\n<p>\n\t\t\t\t\t<span style=\"font-size:14px;\">9. Th\u1eddi h\u1ea1n giao h&agrave;ng:<\/span><\/p>\n<\/td>\n<td style=\"width:623px;\">\n<p>\n\t\t\t\t\t<span style=\"font-size:14px;\">20 &#8211; 40 ng&agrave;y sau khi nh\u1eadn \u0111\u01b0\u1ee3c ti\u1ec1n \u0111\u1eb7t c\u1ecdc t&ugrave;y theo t\u1eebng \u0111\u01a1n h&agrave;ng c\u1ee5 th\u1ec3<\/span><\/p>\n<\/td>\n<\/tr>\n<\/tbody>\n<\/table>\n<p>\n\t&nbsp;<\/p>\n","protected":false},"excerpt":{"rendered":"<p>Ph\u00f9 \u0111i\u00eau ng\u01b0\u1eddi ng\u1ed3i th\u1ed5i s\u00e1o, c\u1ea3nh sinh ho\u1ea1t \u0111\u1eddi th\u01b0\u1eddng c\u1ee7a ng\u01b0\u1eddi Ch\u0103m \u0111\u01b0\u1ee3c \u0111i\u00eau kh\u1eafc tinh t\u1ebf t\u1eeb \u0111\u00e1 sa th\u1ea1ch x\u00e1m t\u1ef1 nhi\u00ean, b\u1ec1 m\u1eb7t bu nh\u00e1m v\u00e0 m\u00e0i nh\u1eb5n, th\u00edch h\u1ee3p trang tr\u00ed n\u1ed9i th\u1ea5t, s\u00e2n v\u01b0\u1eddn nh\u00e0 ri\u00eang, v\u0103n ph\u00f2ng, kh\u00e1ch s\u1ea1n, khu ngh\u1ec9 m\u00e1t&#8230; M\u1eddi qu\u00fd kh\u00e1ch gh<\/p>\n","protected":false},"featured_media":1865,"comment_status":"open","ping_status":"closed","template":"","meta":[],"product_cat":[119],"product_tag":[],"class_list":["post-1808","product","type-product","status-publish","has-post-thumbnail","hentry","product_cat-champa-and-hindu-statues"],"yoast_head":"<!-- This site is optimized with the Yoast SEO plugin v16.6.1 - https:\/\/yoast.com\/wordpress\/plugins\/seo\/ -->\n<title>T\u01b0\u1ee3ng Ch\u0103m ng\u01b0\u1eddi th\u1ed5i s\u00e1o b\u1eb1ng \u0111\u00e1 - Danang Sculpture Foundation<\/title>\n<meta name=\"robots\" content=\"index, follow, max-snippet:-1, max-image-preview:large, max-video-preview:-1\" \/>\n<link rel=\"canonical\" href=\"https:\/\/danangsculpture.com.vn\/vi\/product\/enflute-man-cham-hindu-stone-reliefvituong-cham-nguoi-thoi-sao-bang-da\/\" \/>\n<meta property=\"og:locale\" content=\"vi_VN\" \/>\n<meta property=\"og:type\" content=\"article\" \/>\n<meta property=\"og:title\" content=\"T\u01b0\u1ee3ng Ch\u0103m ng\u01b0\u1eddi th\u1ed5i s\u00e1o b\u1eb1ng \u0111\u00e1\" \/>\n<meta property=\"og:description\" content=\"Ph\u00f9 \u0111i\u00eau ng\u01b0\u1eddi ng\u1ed3i th\u1ed5i s\u00e1o, c\u1ea3nh sinh ho\u1ea1t \u0111\u1eddi th\u01b0\u1eddng c\u1ee7a ng\u01b0\u1eddi Ch\u0103m \u0111\u01b0\u1ee3c \u0111i\u00eau kh\u1eafc tinh t\u1ebf t\u1eeb \u0111\u00e1 sa th\u1ea1ch x\u00e1m t\u1ef1 nhi\u00ean, b\u1ec1 m\u1eb7t bu nh\u00e1m v\u00e0 m\u00e0i nh\u1eb5n, th\u00edch h\u1ee3p trang tr\u00ed n\u1ed9i th\u1ea5t, s\u00e2n v\u01b0\u1eddn nh\u00e0 ri\u00eang, v\u0103n ph\u00f2ng, kh\u00e1ch s\u1ea1n, khu ngh\u1ec9 m\u00e1t... M\u1eddi qu\u00fd kh\u00e1ch gh\" \/>\n<meta property=\"og:url\" content=\"https:\/\/danangsculpture.com.vn\/vi\/product\/enflute-man-cham-hindu-stone-reliefvituong-cham-nguoi-thoi-sao-bang-da\/\" \/>\n<meta property=\"og:site_name\" content=\"Danang Sculpture Foundation\" \/>\n<meta property=\"article:modified_time\" content=\"2021-06-14T05:50:46+00:00\" \/>\n<meta property=\"og:image\" content=\"http:\/\/danangsculpture.com.vn\/wp-content\/uploads\/2021\/06\/1493891002.jpg\" \/>\n\t<meta property=\"og:image:width\" content=\"450\" \/>\n\t<meta property=\"og:image:height\" content=\"600\" \/>\n<meta name=\"twitter:card\" content=\"summary_large_image\" \/>\n<meta name=\"twitter:label1\" content=\"\u01af\u1edbc t\u00ednh th\u1eddi gian \u0111\u1ecdc\" \/>\n\t<meta name=\"twitter:data1\" content=\"10 ph\u00fat\" \/>\n<script type=\"application\/ld+json\" class=\"yoast-schema-graph\">{\"@context\":\"https:\/\/schema.org\",\"@graph\":[{\"@type\":\"WebSite\",\"@id\":\"https:\/\/danangsculpture.com.vn\/#website\",\"url\":\"https:\/\/danangsculpture.com.vn\/\",\"name\":\"Danang Sculpture Foundation\",\"description\":\"Giving spirit to stones\",\"potentialAction\":[{\"@type\":\"SearchAction\",\"target\":{\"@type\":\"EntryPoint\",\"urlTemplate\":\"https:\/\/danangsculpture.com.vn\/?s={search_term_string}\"},\"query-input\":\"required name=search_term_string\"}],\"inLanguage\":\"vi\"},{\"@type\":\"ImageObject\",\"@id\":\"https:\/\/danangsculpture.com.vn\/vi\/product\/enflute-man-cham-hindu-stone-reliefvituong-cham-nguoi-thoi-sao-bang-da\/#primaryimage\",\"inLanguage\":\"vi\",\"url\":\"https:\/\/danangsculpture.com.vn\/wp-content\/uploads\/2021\/06\/1493891002.jpg\",\"contentUrl\":\"https:\/\/danangsculpture.com.vn\/wp-content\/uploads\/2021\/06\/1493891002.jpg\",\"width\":450,\"height\":600},{\"@type\":\"WebPage\",\"@id\":\"https:\/\/danangsculpture.com.vn\/vi\/product\/enflute-man-cham-hindu-stone-reliefvituong-cham-nguoi-thoi-sao-bang-da\/#webpage\",\"url\":\"https:\/\/danangsculpture.com.vn\/vi\/product\/enflute-man-cham-hindu-stone-reliefvituong-cham-nguoi-thoi-sao-bang-da\/\",\"name\":\"[:en]Flute Man Cham Hindu Stone Relief[:vi]T\\u01b0\\u1ee3ng Ch\\u0103m ng\\u01b0\\u1eddi th\\u1ed5i s\\u00e1o b\\u1eb1ng \\u0111\\u00e1[:] - Danang Sculpture Foundation\",\"isPartOf\":{\"@id\":\"https:\/\/danangsculpture.com.vn\/#website\"},\"primaryImageOfPage\":{\"@id\":\"https:\/\/danangsculpture.com.vn\/vi\/product\/enflute-man-cham-hindu-stone-reliefvituong-cham-nguoi-thoi-sao-bang-da\/#primaryimage\"},\"datePublished\":\"2021-06-14T05:45:13+00:00\",\"dateModified\":\"2021-06-14T05:50:46+00:00\",\"breadcrumb\":{\"@id\":\"https:\/\/danangsculpture.com.vn\/vi\/product\/enflute-man-cham-hindu-stone-reliefvituong-cham-nguoi-thoi-sao-bang-da\/#breadcrumb\"},\"inLanguage\":\"vi\",\"potentialAction\":[{\"@type\":\"ReadAction\",\"target\":[\"https:\/\/danangsculpture.com.vn\/vi\/product\/enflute-man-cham-hindu-stone-reliefvituong-cham-nguoi-thoi-sao-bang-da\/\"]}]},{\"@type\":\"BreadcrumbList\",\"@id\":\"https:\/\/danangsculpture.com.vn\/vi\/product\/enflute-man-cham-hindu-stone-reliefvituong-cham-nguoi-thoi-sao-bang-da\/#breadcrumb\",\"itemListElement\":[{\"@type\":\"ListItem\",\"position\":1,\"name\":\"Home\",\"item\":\"https:\/\/danangsculpture.com.vn\/\"},{\"@type\":\"ListItem\",\"position\":2,\"name\":\"Shop\",\"item\":\"https:\/\/danangsculpture.com.vn\/shop\/\"},{\"@type\":\"ListItem\",\"position\":3,\"name\":\"Flute Man Cham Hindu Stone Relief\"}]}]}<\/script>\n<!-- \/ Yoast SEO plugin. -->","_links":{"self":[{"href":"https:\/\/danangsculpture.com.vn\/vi\/wp-json\/wp\/v2\/product\/1808","targetHints":{"allow":["GET"]}}],"collection":[{"href":"https:\/\/danangsculpture.com.vn\/vi\/wp-json\/wp\/v2\/product"}],"about":[{"href":"https:\/\/danangsculpture.com.vn\/vi\/wp-json\/wp\/v2\/types\/product"}],"replies":[{"embeddable":true,"href":"https:\/\/danangsculpture.com.vn\/vi\/wp-json\/wp\/v2\/comments?post=1808"}],"wp:featuredmedia":[{"embeddable":true,"href":"https:\/\/danangsculpture.com.vn\/vi\/wp-json\/wp\/v2\/media\/1865"}],"wp:attachment":[{"href":"https:\/\/danangsculpture.com.vn\/vi\/wp-json\/wp\/v2\/media?parent=1808"}],"wp:term":[{"taxonomy":"product_cat","embeddable":true,"href":"https:\/\/danangsculpture.com.vn\/vi\/wp-json\/wp\/v2\/product_cat?post=1808"},{"taxonomy":"product_tag","embeddable":true,"href":"https:\/\/danangsculpture.com.vn\/vi\/wp-json\/wp\/v2\/product_tag?post=1808"}],"curies":[{"name":"wp","href":"https:\/\/api.w.org\/{rel}","templated":true}]}}