{"id":1880,"date":"2021-06-14T12:52:31","date_gmt":"2021-06-14T05:52:31","guid":{"rendered":"http:\/\/wordpress.dsp.vn\/?post_type=product&#038;p=1880"},"modified":"2023-03-23T13:42:05","modified_gmt":"2023-03-23T06:42:05","slug":"tuong-phat-di-lac-dung-tren-lung-rua-bang-da-p50-laughing-buddha-on-turtle-statue","status":"publish","type":"product","link":"https:\/\/danangsculpture.com.vn\/vi\/product\/tuong-phat-di-lac-dung-tren-lung-rua-bang-da-p50-laughing-buddha-on-turtle-statue\/","title":{"rendered":"T\u01b0\u1ee3ng Ph\u1eadt Di L\u1eb7c \u0111\u1ee9ng tr\u00ean l\u01b0ng r\u00f9a \u0111\u00e1 v\u00e0ng DSF-P50"},"content":{"rendered":"<p style=\"text-align: justify;\"><span style=\"font-size: 14px;\">T\u01b0\u1ee3ng Ph\u1eadt Di L\u1eb7c \u0111\u1ee9ng tr\u00ean l\u01b0ng r\u00f9a, tay c\u1ea7m qu\u1ea1t, tay c\u1ea7m c\u00e1 ch\u00e9p trong t\u01b0 th\u1ebf h\u1ebft s\u1ee9c vui v\u1ebb, sinh \u0111\u1ed9ng \u0111\u01b0\u1ee3c \u0111i\u00eau kh\u1eafc tinh t\u1ebf t\u1eeb \u0111\u00e1 c\u1ea9m th\u1ea1ch v\u00e0ng t\u1ef1 nhi\u00ean v\u00e0 \u0111\u00e1nh b\u00f3ng b\u1edfi b\u00e0n tay t\u00e0i hoa c\u1ee7a nh\u1eefng th\u1ee3 \u0111i\u00eau kh\u1eafc Non N\u01b0\u1edbc. &#8220;Ph\u1eadt C\u01b0\u1eddi&#8221; Di L\u1eb7c l\u00e0 bi\u1ec3u t\u01b0\u1ee3ng tuy\u1ec7t \u0111\u1ed1i c\u1ee7a h\u1ea1nh ph\u00fac trong phong th\u1ee7y. Tr\u01b0ng b\u00e0y t\u01b0\u1ee3ng Di L\u1eb7c\u00a0s\u1ebd mang l\u1ea1i May m\u1eafn, T\u00e0i L\u1ed9c, H\u1ea1nh ph\u00fac cho gia \u0111\u00ecnh, v\u0103n ph\u00f2ng, c\u01a1 quan, c\u1eeda h\u00e0ng&#8230; c\u1ee7a b\u1ea1n.<\/span><\/p>\n<p style=\"text-align: justify;\"><span style=\"font-size: 14px;\">M\u1eddi qu\u00fd kh\u00e1ch gh\u00e9 xem b\u1ed9 s\u01b0u t\u1eadp \u0111a d\u1ea1ng c\u00e1c lo\u1ea1i t\u01b0\u1ee3ng Ph\u1eadt Th\u00edch Ca, Ph\u1eadt Quan \u00c2m, Ph\u1eadt Di L\u1eb7c v\u00e0 nhi\u1ec1u t\u01b0\u1ee3ng ph\u1eadt kh\u00e1c b\u1eb1ng \u0111\u00e1 t\u1ef1 nhi\u00ean c\u1ee7a Qu\u1ef9 \u0110i\u00eau kh\u1eafc \u0110\u00e0 N\u1eb5ng t\u1ea1i\u00a0<u><strong><a href=\"http:\/\/danangsculpture.com\/vn\/product-cat\/1-tuong-phat\/\"><span style=\"color: #ff8c00;\">DanangSculpture.com<\/span><\/a><a href=\"http:\/\/danangsculpture.com\/vn\/product-cat\/20-ban-ghe\/\"><span style=\"color: #ff8c00;\">.<\/span><\/a><\/strong><\/u><\/span><\/p>\n<table style=\"width: 100%;\" border=\"1\" width=\"896\" cellspacing=\"0\" cellpadding=\"0\">\n<tbody>\n<tr>\n<td style=\"width: 273px;\"><span style=\"font-size: 14px;\">1. K\u00edch th\u01b0\u1edbc:<\/span><\/td>\n<td style=\"width: 623px;\"><span style=\"font-size: 14px;\">T\u1eeb 80cm tr\u1edf l\u00ean theo y\u00eau c\u1ea7u ri\u00eang c\u1ee7a qu\u00fd kh\u00e1ch<\/span><\/td>\n<\/tr>\n<tr>\n<td style=\"width: 273px;\"><span style=\"font-size: 14px;\">2. Nguy\u00ean v\u1eadt li\u1ec7u:<\/span><\/td>\n<td style=\"width: 623px;\"><span style=\"font-size: 14px;\">\u0110\u00e1 c\u1ea9m th\u1ea1ch, granite t\u1ef1 nhi\u00ean<\/span><\/td>\n<\/tr>\n<tr>\n<td style=\"width: 273px;\"><span style=\"font-size: 14px;\">3. M\u00e0u s\u1eafc:<\/span><\/td>\n<td style=\"width: 623px;\"><span style=\"font-size: 14px;\">Tr\u1eafng\/X\u00e1m\/\u0110en\/V\u00e0ng\/\u0110\u1ecf\/Xanh nh\u1ea1t<\/span><\/td>\n<\/tr>\n<tr>\n<td style=\"width: 273px;\"><span style=\"font-size: 14px;\">4. K\u1ef9 thu\u1eadt:<\/span><\/td>\n<td style=\"width: 623px;\"><span style=\"font-size: 14px;\">\u0110i\u00eau kh\u1eafc b\u1eb1ng tay, b\u1ec1 m\u1eb7t m\u00e0i nh\u1eb5n ho\u1eb7c \u0111\u00e1nh b\u00f3ng<\/span><\/td>\n<\/tr>\n<tr>\n<td style=\"width: 273px;\"><span style=\"font-size: 14px;\">5. C\u00e1ch s\u1eed d\u1ee5ng:<\/span><\/td>\n<td style=\"width: 623px;\"><span style=\"font-size: 14px;\">Th\u1edd c\u00fang, trang tr\u00ed n\u1ed9i th\u1ea5t, ngo\u1ea1i th\u1ea5t, s\u00e2n v\u01b0\u1eddn cho nh\u00e0 ri\u00eang, v\u0103n ph\u00f2ng, kh\u00e1ch s\u1ea1n, khu ngh\u1ec9 m\u00e1t, nh\u00e0 h\u00e0ng&#8230;<\/span><\/td>\n<\/tr>\n<tr>\n<td style=\"width: 273px;\"><span style=\"font-size: 14px;\">6. \u0110i\u1ec1u kho\u1ea3n mua b\u00e1n:<\/span><\/td>\n<td style=\"width: 623px;\"><span style=\"font-size: 14px;\">EXW, FOB, CFR, CIF, CPT, CIP t\u00f9y theo y\u00eau c\u1ea7u ri\u00eang c\u1ee7a b\u1ea1n\u00a0<\/span><\/td>\n<\/tr>\n<tr>\n<td style=\"width: 273px;\"><span style=\"font-size: 14px;\">7. Ph\u01b0\u01a1ng th\u1ee9c thanh to\u00e1n: \u00a0\u00a0<\/span><\/td>\n<td style=\"width: 623px;\"><span style=\"font-size: 14px;\">Chuy\u1ec3n kho\u1ea3n, th\u1ebb t\u00edn d\u1ee5ng trong n\u01b0\u1edbc v\u00e0 qu\u1ed1c t\u1ebf, Western Union ho\u1eb7c L\/C\u00a0tr\u1ea3 ngay<\/span><\/td>\n<\/tr>\n<tr>\n<td style=\"width: 273px;\"><span style=\"font-size: 14px;\">8. \u0110\u00f3ng g\u00f3i:<\/span><\/td>\n<td style=\"width: 623px;\"><span style=\"font-size: 14px;\">\u0110\u00f3ng trong ki\u1ec7n g\u1ed7 ch\u1eafc ch\u1eafn (c\u00f3 ch\u00e8n carton, n\u00eam g\u1ed7 ho\u1eb7c x\u1ed1p b\u00ean trong) \u0111\u1ed1i v\u1edbi v\u1eadn chuy\u1ec3n \u0111\u01b0\u1eddng bi\u1ec3n ho\u1eb7c \u0111\u01b0\u1eddng b\u1ed9 v\u00e0 trong th\u00f9ng x\u1ed1p \u0111\u1eb7c \u0111\u1ed1i v\u1edbi v\u1eadn chuy\u1ec3n h\u00e0ng kh\u00f4ng<\/span><\/td>\n<\/tr>\n<tr>\n<td style=\"width: 273px;\"><span style=\"font-size: 14px;\">9. Th\u1eddi h\u1ea1n giao h\u00e0ng:<\/span><\/td>\n<td style=\"width: 623px;\"><span style=\"font-size: 14px;\">20 &#8211; 40 ng\u00e0y sau khi nh\u1eadn \u0111\u01b0\u1ee3c ti\u1ec1n \u0111\u1eb7t c\u1ecdc t\u00f9y theo t\u1eebng \u0111\u01a1n h\u00e0ng c\u1ee5 th\u1ec3<\/span><\/p>\n<div><\/div>\n<\/td>\n<\/tr>\n<\/tbody>\n<\/table>\n<p>&nbsp;<\/p>\n","protected":false},"excerpt":{"rendered":"<p>T\u01b0\u1ee3ng Ph\u1eadt Di L\u1eb7c \u0111\u1ee9ng tr\u00ean l\u01b0ng r\u00f9a, tay c\u1ea7m qu\u1ea1t, tay c\u1ea7m c\u00e1 ch\u00e9p trong t\u01b0 th\u1ebf h\u1ebft s\u1ee9c vui v\u1ebb, sinh \u0111\u1ed9ng \u0111\u01b0\u1ee3c \u0111i\u00eau kh\u1eafc tinh t\u1ebf t\u1eeb \u0111\u00e1 c\u1ea9m th\u1ea1ch v\u00e0ng t\u1ef1 nhi\u00ean v\u00e0 \u0111\u00e1nh b\u00f3ng b\u1edfi b\u00e0n tay t\u00e0i hoa c\u1ee7a nh\u1eefng th\u1ee3 \u0111i\u00eau kh\u1eafc Non N\u01b0\u1edbc. Tr\u01b0ng b\u00e0y t\u01b0\u1ee3ng Di L\u1eb7c s\u1ebd m<\/p>\n","protected":false},"featured_media":1931,"comment_status":"open","ping_status":"closed","template":"","meta":[],"product_cat":[45,46],"product_tag":[],"class_list":["post-1880","product","type-product","status-publish","has-post-thumbnail","hentry","product_cat-buddhist-statues","product_cat-happy-buddha-lucky-buddha"],"yoast_head":"<!-- This site is optimized with the Yoast SEO plugin v16.6.1 - https:\/\/yoast.com\/wordpress\/plugins\/seo\/ -->\n<title>T\u01b0\u1ee3ng Ph\u1eadt Di L\u1eb7c \u0111\u1ee9ng tr\u00ean l\u01b0ng r\u00f9a \u0111\u00e1 v\u00e0ng DSF-P50 - Danang Sculpture Foundation<\/title>\n<meta name=\"robots\" content=\"index, follow, max-snippet:-1, max-image-preview:large, max-video-preview:-1\" \/>\n<link rel=\"canonical\" href=\"https:\/\/www.danangsculpture.com.vn\/product\/tuong-phat-di-lac-dung-tren-lung-rua-bang-da-p50-laughing-buddha-on-turtle-statue\/\" \/>\n<meta property=\"og:locale\" content=\"vi_VN\" \/>\n<meta property=\"og:type\" content=\"article\" \/>\n<meta property=\"og:title\" content=\"T\u01b0\u1ee3ng Ph\u1eadt Di L\u1eb7c \u0111\u1ee9ng tr\u00ean l\u01b0ng r\u00f9a \u0111\u00e1 v\u00e0ng DSF-P50\" \/>\n<meta property=\"og:description\" content=\"T\u01b0\u1ee3ng Ph\u1eadt Di L\u1eb7c \u0111\u1ee9ng tr\u00ean l\u01b0ng r\u00f9a, tay c\u1ea7m qu\u1ea1t, tay c\u1ea7m c\u00e1 ch\u00e9p trong t\u01b0 th\u1ebf h\u1ebft s\u1ee9c vui v\u1ebb, sinh \u0111\u1ed9ng \u0111\u01b0\u1ee3c \u0111i\u00eau kh\u1eafc tinh t\u1ebf t\u1eeb \u0111\u00e1 c\u1ea9m th\u1ea1ch v\u00e0ng t\u1ef1 nhi\u00ean v\u00e0 \u0111\u00e1nh b\u00f3ng b\u1edfi b\u00e0n tay t\u00e0i hoa c\u1ee7a nh\u1eefng th\u1ee3 \u0111i\u00eau kh\u1eafc Non N\u01b0\u1edbc. Tr\u01b0ng b\u00e0y t\u01b0\u1ee3ng Di L\u1eb7c s\u1ebd m\" \/>\n<meta property=\"og:url\" content=\"https:\/\/www.danangsculpture.com.vn\/product\/tuong-phat-di-lac-dung-tren-lung-rua-bang-da-p50-laughing-buddha-on-turtle-statue\/\" \/>\n<meta property=\"og:site_name\" content=\"Danang Sculpture Foundation\" \/>\n<meta property=\"article:modified_time\" content=\"2023-03-23T06:42:05+00:00\" \/>\n<meta property=\"og:image\" content=\"https:\/\/danangsculpture.com.vn\/wp-content\/uploads\/2021\/06\/1494573488.jpg\" \/>\n\t<meta property=\"og:image:width\" content=\"450\" \/>\n\t<meta property=\"og:image:height\" content=\"600\" \/>\n<meta name=\"twitter:card\" content=\"summary_large_image\" \/>\n<meta name=\"twitter:label1\" content=\"\u01af\u1edbc t\u00ednh th\u1eddi gian \u0111\u1ecdc\" \/>\n\t<meta name=\"twitter:data1\" content=\"3 ph\u00fat\" \/>\n<script type=\"application\/ld+json\" class=\"yoast-schema-graph\">{\"@context\":\"https:\/\/schema.org\",\"@graph\":[{\"@type\":\"WebSite\",\"@id\":\"https:\/\/danangsculpture.com.vn\/#website\",\"url\":\"https:\/\/danangsculpture.com.vn\/\",\"name\":\"Danang Sculpture Foundation\",\"description\":\"Giving spirit to stones\",\"potentialAction\":[{\"@type\":\"SearchAction\",\"target\":{\"@type\":\"EntryPoint\",\"urlTemplate\":\"https:\/\/danangsculpture.com.vn\/?s={search_term_string}\"},\"query-input\":\"required name=search_term_string\"}],\"inLanguage\":\"vi\"},{\"@type\":\"ImageObject\",\"@id\":\"https:\/\/www.danangsculpture.com.vn\/product\/tuong-phat-di-lac-dung-tren-lung-rua-bang-da-p50-laughing-buddha-on-turtle-statue\/#primaryimage\",\"inLanguage\":\"vi\",\"url\":\"https:\/\/danangsculpture.com.vn\/wp-content\/uploads\/2021\/06\/1494573488.jpg\",\"contentUrl\":\"https:\/\/danangsculpture.com.vn\/wp-content\/uploads\/2021\/06\/1494573488.jpg\",\"width\":450,\"height\":600},{\"@type\":\"WebPage\",\"@id\":\"https:\/\/www.danangsculpture.com.vn\/product\/tuong-phat-di-lac-dung-tren-lung-rua-bang-da-p50-laughing-buddha-on-turtle-statue\/#webpage\",\"url\":\"https:\/\/www.danangsculpture.com.vn\/product\/tuong-phat-di-lac-dung-tren-lung-rua-bang-da-p50-laughing-buddha-on-turtle-statue\/\",\"name\":\"[:en]DSF-P50 Yellow Marble Laughing Buddha on Turtle Statue[:vi]T\\u01b0\\u1ee3ng Ph\\u1eadt Di L\\u1eb7c \\u0111\\u1ee9ng tr\\u00ean l\\u01b0ng r\\u00f9a \\u0111\\u00e1 v\\u00e0ng DSF-P50[:] - Danang Sculpture Foundation\",\"isPartOf\":{\"@id\":\"https:\/\/danangsculpture.com.vn\/#website\"},\"primaryImageOfPage\":{\"@id\":\"https:\/\/www.danangsculpture.com.vn\/product\/tuong-phat-di-lac-dung-tren-lung-rua-bang-da-p50-laughing-buddha-on-turtle-statue\/#primaryimage\"},\"datePublished\":\"2021-06-14T05:52:31+00:00\",\"dateModified\":\"2023-03-23T06:42:05+00:00\",\"breadcrumb\":{\"@id\":\"https:\/\/www.danangsculpture.com.vn\/product\/tuong-phat-di-lac-dung-tren-lung-rua-bang-da-p50-laughing-buddha-on-turtle-statue\/#breadcrumb\"},\"inLanguage\":\"vi\",\"potentialAction\":[{\"@type\":\"ReadAction\",\"target\":[\"https:\/\/www.danangsculpture.com.vn\/product\/tuong-phat-di-lac-dung-tren-lung-rua-bang-da-p50-laughing-buddha-on-turtle-statue\/\"]}]},{\"@type\":\"BreadcrumbList\",\"@id\":\"https:\/\/www.danangsculpture.com.vn\/product\/tuong-phat-di-lac-dung-tren-lung-rua-bang-da-p50-laughing-buddha-on-turtle-statue\/#breadcrumb\",\"itemListElement\":[{\"@type\":\"ListItem\",\"position\":1,\"name\":\"Home\",\"item\":\"https:\/\/danangsculpture.com.vn\/\"},{\"@type\":\"ListItem\",\"position\":2,\"name\":\"Shop\",\"item\":\"https:\/\/www.danangsculpture.com.vn\/shop\/\"},{\"@type\":\"ListItem\",\"position\":3,\"name\":\"T\\u01b0\\u1ee3ng Ph\\u1eadt Di L\\u1eb7c \\u0111\\u1ee9ng tr\\u00ean l\\u01b0ng r\\u00f9a \\u0111\\u00e1 v\\u00e0ng DSF-P50\"}]}]}<\/script>\n<!-- \/ Yoast SEO plugin. -->","_links":{"self":[{"href":"https:\/\/danangsculpture.com.vn\/vi\/wp-json\/wp\/v2\/product\/1880","targetHints":{"allow":["GET"]}}],"collection":[{"href":"https:\/\/danangsculpture.com.vn\/vi\/wp-json\/wp\/v2\/product"}],"about":[{"href":"https:\/\/danangsculpture.com.vn\/vi\/wp-json\/wp\/v2\/types\/product"}],"replies":[{"embeddable":true,"href":"https:\/\/danangsculpture.com.vn\/vi\/wp-json\/wp\/v2\/comments?post=1880"}],"wp:featuredmedia":[{"embeddable":true,"href":"https:\/\/danangsculpture.com.vn\/vi\/wp-json\/wp\/v2\/media\/1931"}],"wp:attachment":[{"href":"https:\/\/danangsculpture.com.vn\/vi\/wp-json\/wp\/v2\/media?parent=1880"}],"wp:term":[{"taxonomy":"product_cat","embeddable":true,"href":"https:\/\/danangsculpture.com.vn\/vi\/wp-json\/wp\/v2\/product_cat?post=1880"},{"taxonomy":"product_tag","embeddable":true,"href":"https:\/\/danangsculpture.com.vn\/vi\/wp-json\/wp\/v2\/product_tag?post=1880"}],"curies":[{"name":"wp","href":"https:\/\/api.w.org\/{rel}","templated":true}]}}