{"id":2099,"date":"2021-06-14T13:15:12","date_gmt":"2021-06-14T06:15:12","guid":{"rendered":"http:\/\/wordpress.dsp.vn\/?post_type=product&#038;p=2099"},"modified":"2021-06-14T13:20:58","modified_gmt":"2021-06-14T06:20:58","slug":"enjesus-condemned-to-death-first-station-of-the-cross-stone-statue-dsf-c102vituong-chang-duong-thanh-gia-chua-gie-su-bi-xu-an-bang-da-dsf-c102","status":"publish","type":"product","link":"https:\/\/danangsculpture.com.vn\/vi\/product\/enjesus-condemned-to-death-first-station-of-the-cross-stone-statue-dsf-c102vituong-chang-duong-thanh-gia-chua-gie-su-bi-xu-an-bang-da-dsf-c102\/","title":{"rendered":"T\u01b0\u1ee3ng Ch\u1eb7ng \u0111\u01b0\u1eddng Th\u00e1nh gi\u00e1 Ch\u00faa Gi\u00ea su b\u1ecb x\u1eed \u00e1n b\u1eb1ng \u0111\u00e1 DSF-C102"},"content":{"rendered":"<p style=\"text-align: justify;\">\n\t<span style=\"font-size:14px;\">T\u01b0\u1ee3ng m&ocirc; t\u1ea3 c\u1ea3nh Ch&uacute;a Gi&ecirc;su b\u1ecb x\u1eed &aacute;n ch\u1ebft th\u1ef1c s\u1ef1 l&agrave; m\u1ed9t t&aacute;c ph\u1ea9m ngh\u1ec7 thu\u1eadt. T\u01b0\u1ee3ng \u0111\u01b0\u1ee3c \u0111i&ecirc;u kh\u1eafc tinh t\u1ebf t\u1eeb \u0111&aacute; c\u1ea9m th\u1ea1ch tr\u1eafng t\u1ef1 nhi&ecirc;n b\u1edfi b&agrave;n tay c\u1ee7a nh\u1eefng th\u1ee3 \u0111i&ecirc;u kh\u1eafc&nbsp;t&agrave;i hoa, th&iacute;ch h\u1ee3p trang tr&iacute; ngo&agrave;i tr\u1eddi, t\u1ea1o \u0111i\u1ec3m nh\u1ea5n \u0111\u1eb7c bi\u1ec7t \u1ea5n t\u01b0\u1ee3ng cho kh&ocirc;ng gian ki\u1ebfn tr&uacute;c.<\/span><\/p>\n<p style=\"text-align: justify;\">\n\t<span style=\"font-size:14px;\">T\u01b0\u1ee3ng th\u1ec3 hi\u1ec7n Ch\u1eb7ng th\u1ee9 nh\u1ea5t trong 14 Ch\u1eb7ng \u0111\u01b0\u1eddng Th&aacute;nh gi&aacute;&nbsp;m&ocirc; t\u1ea3&nbsp;di\u1ec5n ti\u1ebfn&nbsp;cu\u1ed9c kh\u1ed5 n\u1ea1n c\u1ee7a Ch&uacute;a Gi&ecirc;su, t\u1eeb khi Ng&agrave;i b\u1ecb k\u1ebft &aacute;n \u0111\u1ebfn khi b\u1ecb \u0111&oacute;ng \u0111inh tr&ecirc;n th\u1eadp gi&aacute; v&agrave; cu\u1ed1i c&ugrave;ng l&agrave; an t&aacute;ng trong h\u1ea7m m\u1ed9.<\/span><\/p>\n<table border=\"1\" cellpadding=\"0\" cellspacing=\"0\" style=\"width: 100%\" width=\"896\">\n<tbody>\n<tr>\n<td style=\"width: 273px;\">\n<p>\n\t\t\t\t\t<span style=\"font-size: 14px;\">1. K&iacute;ch th\u01b0\u1edbc:<\/span><\/p>\n<\/td>\n<td style=\"width: 623px;\">\n<p>\n\t\t\t\t\t<span style=\"font-size: 14px;\">T\u1eeb 120cm tr\u1edf l&ecirc;n theo y&ecirc;u c\u1ea7u ri&ecirc;ng c\u1ee7a qu&yacute; kh&aacute;ch<\/span><\/p>\n<\/td>\n<\/tr>\n<tr>\n<td style=\"width: 273px;\">\n<p>\n\t\t\t\t\t<span style=\"font-size: 14px;\">2. Nguy&ecirc;n v\u1eadt li\u1ec7u:<\/span><\/p>\n<\/td>\n<td style=\"width: 623px;\">\n<p>\n\t\t\t\t\t<span style=\"font-size: 14px;\">\u0110&aacute; c\u1ea9m th\u1ea1ch, sa th\u1ea1ch, granite t\u1ef1 nhi&ecirc;n<\/span><\/p>\n<\/td>\n<\/tr>\n<tr>\n<td style=\"width: 273px;\">\n<p>\n\t\t\t\t\t<span style=\"font-size: 14px;\">3. M&agrave;u s\u1eafc:<\/span><\/p>\n<\/td>\n<td style=\"width: 623px;\">\n<p>\n\t\t\t\t\t<span style=\"font-size: 14px;\">Tr\u1eafng\/X&aacute;m\/\u0110en\/V&agrave;ng\/\u0110\u1ecf\/Xanh nh\u1ea1t<\/span><\/p>\n<\/td>\n<\/tr>\n<tr>\n<td style=\"width: 273px;\">\n<p>\n\t\t\t\t\t<span style=\"font-size: 14px;\">4. K\u1ef9 thu\u1eadt:<\/span><\/p>\n<\/td>\n<td style=\"width: 623px;\">\n<p>\n\t\t\t\t\t<span style=\"font-size: 14px;\">\u0110i&ecirc;u kh\u1eafc b\u1eb1ng tay, b\u1ec1 m\u1eb7t m&agrave;i nh\u1eb5n ho\u1eb7c \u0111&aacute;nh b&oacute;ng<\/span><\/p>\n<\/td>\n<\/tr>\n<tr>\n<td style=\"width: 273px;\">\n<p>\n\t\t\t\t\t<span style=\"font-size: 14px;\">5. C&aacute;ch s\u1eed d\u1ee5ng:<\/span><\/p>\n<\/td>\n<td style=\"width: 623px;\">\n<p>\n\t\t\t\t\t<span style=\"font-size: 14px;\">Th\u1edd c&uacute;ng trong nh&agrave; ho\u1eb7c ngo&agrave;i tr\u1eddi, qu&agrave; bi\u1ebfu t\u1eb7ng, hi\u1ebfn t\u1eb7ng&#8230;<\/span><\/p>\n<\/td>\n<\/tr>\n<tr>\n<td style=\"width: 273px;\">\n<p>\n\t\t\t\t\t<span style=\"font-size: 14px;\">6. \u0110i\u1ec1u kho\u1ea3n mua b&aacute;n:<\/span><\/p>\n<\/td>\n<td style=\"width: 623px;\">\n<p>\n\t\t\t\t\t<span style=\"font-size: 14px;\">EXW, FOB, CFR, CIF, CPT, CIP t&ugrave;y theo y&ecirc;u c\u1ea7u ri&ecirc;ng c\u1ee7a b\u1ea1n&nbsp;<\/span><\/p>\n<\/td>\n<\/tr>\n<tr>\n<td style=\"width: 273px;\">\n<p>\n\t\t\t\t\t<span style=\"font-size: 14px;\">7. Ph\u01b0\u01a1ng th\u1ee9c thanh to&aacute;n: &nbsp;&nbsp;<\/span><\/p>\n<\/td>\n<td style=\"width: 623px;\">\n<p>\n\t\t\t\t\t<span style=\"font-size: 14px;\">Chuy\u1ec3n kho\u1ea3n, th\u1ebb t&iacute;n d\u1ee5ng trong n\u01b0\u1edbc v&agrave; qu\u1ed1c t\u1ebf, Western Union ho\u1eb7c L\/C&nbsp;tr\u1ea3 ngay<\/span><\/p>\n<\/td>\n<\/tr>\n<tr>\n<td style=\"width: 273px;\">\n<p>\n\t\t\t\t\t<span style=\"font-size: 14px;\">8. \u0110&oacute;ng g&oacute;i:<\/span><\/p>\n<\/td>\n<td style=\"width: 623px;\">\n<p>\n\t\t\t\t\t<span style=\"font-size: 14px;\">\u0110&oacute;ng trong ki\u1ec7n g\u1ed7 ch\u1eafc ch\u1eafn (c&oacute; ch&egrave;n carton, n&ecirc;m g\u1ed7 ho\u1eb7c x\u1ed1p b&ecirc;n trong) \u0111\u1ed1i v\u1edbi v\u1eadn chuy\u1ec3n \u0111\u01b0\u1eddng bi\u1ec3n ho\u1eb7c \u0111\u01b0\u1eddng b\u1ed9 v&agrave; trong th&ugrave;ng x\u1ed1p \u0111\u1eb7c \u0111\u1ed1i v\u1edbi v\u1eadn chuy\u1ec3n h&agrave;ng kh&ocirc;ng<\/span><\/p>\n<\/td>\n<\/tr>\n<tr>\n<td style=\"width: 273px;\">\n<p>\n\t\t\t\t\t<span style=\"font-size: 14px;\">9. Th\u1eddi h\u1ea1n giao h&agrave;ng:<\/span><\/p>\n<\/td>\n<td style=\"width: 623px;\">\n<p>\n\t\t\t\t\t<span style=\"font-size: 14px;\">30 &#8211; 45 ng&agrave;y sau khi nh\u1eadn \u0111\u01b0\u1ee3c ti\u1ec1n \u0111\u1eb7t c\u1ecdc t&ugrave;y theo t\u1eebng \u0111\u01a1n h&agrave;ng c\u1ee5 th\u1ec3<\/span><\/p>\n<div>\n\t\t\t\t\t&nbsp;<\/div>\n<\/td>\n<\/tr>\n<\/tbody>\n<\/table>\n<p style=\"text-align: justify;\">\n\t<span style=\"text-align: justify; font-size: 14px;\">M\u1eddi qu&yacute; kh&aacute;ch gh&eacute; xem b\u1ed9 s\u01b0u t\u1eadp \u0111a d\u1ea1ng c&aacute;c lo\u1ea1i t\u01b0\u1ee3ng \u0110\u1ee9c m\u1eb9 \u0110\u1ed3ng trinh, \u0110\u1ee9c m\u1eb9 La Vang, \u0110\u1ee9c m\u1eb9 v&agrave; Ch&ugrave;a h&agrave;i \u0111\u1ed3ng, Ch&uacute;a Gi&ecirc;su, Th&aacute;nh Gius&ecirc;, Gia \u0111&igrave;nh Ch&uacute;a, c&aacute;c M\u1ea7u nhi\u1ec7m M&acirc;n C&ocirc;i, Ch\u1eb7ng \u0111\u01b0\u1eddng Th&aacute;nh gi&aacute; v&agrave; nhi\u1ec1u t\u01b0\u1ee3ng Thi&ecirc;n ch&uacute;a gi&aacute;o kh&aacute;c b\u1eb1ng \u0111&aacute; t\u1ef1 nhi&ecirc;n c\u1ee7a Qu\u1ef9 \u0110i&ecirc;u kh\u1eafc \u0110&agrave; N\u1eb5ng t\u1ea1i&nbsp;<\/span><a href=\"http:\/\/danangsculpture.com\/vn\/product-cat\/2-tuong-chua\/\" style=\"text-align: justify; font-size: 14px;\"><u><strong><span style=\"color: rgb(255, 140, 0);\">DanangSculpture.com<\/span><\/strong><\/u><\/a><u style=\"text-align: justify; font-size: 14px;\"><strong><a href=\"http:\/\/danangsculpture.com\/vn\/product-cat\/2-tuong-chua\/\"><span style=\"color: rgb(255, 140, 0);\">.<\/span><\/a><\/strong><\/u><\/p>\n","protected":false},"excerpt":{"rendered":"<p>T\u01b0\u1ee3ng m\u00f4 t\u1ea3 c\u1ea3nh Ch\u00faa Gi\u00easu b\u1ecb x\u1eed \u00e1n ch\u1ebft, Ch\u1eb7ng th\u1ee9 nh\u1ea5t trong 14 Ch\u1eb7ng \u0111\u01b0\u1eddng Th\u00e1nh gi\u00e1, th\u1ef1c s\u1ef1 l\u00e0 m\u1ed9t t\u00e1c ph\u1ea9m ngh\u1ec7 thu\u1eadt, \u0111\u01b0\u1ee3c \u0111i\u00eau kh\u1eafc tinh t\u1ebf t\u1eeb \u0111\u00e1 c\u1ea9m th\u1ea1ch tr\u1eafng t\u1ef1 nhi\u00ean b\u1edfi b\u00e0n tay c\u1ee7a nh\u1eefng th\u1ee3 \u0111i\u00eau kh\u1eafc t\u00e0i hoa, th\u00edch h\u1ee3p trang tr\u00ed ngo\u00e0i tr\u1eddi<\/p>\n","protected":false},"featured_media":2144,"comment_status":"open","ping_status":"closed","template":"","meta":[],"product_cat":[121],"product_tag":[],"class_list":["post-2099","product","type-product","status-publish","has-post-thumbnail","hentry","product_cat-rosary-mysteries-stations-of-the-cross"],"yoast_head":"<!-- This site is optimized with the Yoast SEO plugin v16.6.1 - https:\/\/yoast.com\/wordpress\/plugins\/seo\/ -->\n<title>- T\u01b0\u1ee3ng Ch\u1eb7ng \u0111\u01b0\u1eddng Th\u00e1nh gi\u00e1 Ch\u00faa Gi\u00ea su b\u1ecb x\u1eed \u00e1n b\u1eb1ng \u0111\u00e1 DSF-C102 - Danang Sculpture Foundation<\/title>\n<meta name=\"robots\" content=\"index, follow, max-snippet:-1, max-image-preview:large, max-video-preview:-1\" \/>\n<link rel=\"canonical\" href=\"https:\/\/www.danangsculpture.com.vn\/product\/enjesus-condemned-to-death-first-station-of-the-cross-stone-statue-dsf-c102vituong-chang-duong-thanh-gia-chua-gie-su-bi-xu-an-bang-da-dsf-c102\/\" \/>\n<meta property=\"og:locale\" content=\"vi_VN\" \/>\n<meta property=\"og:type\" content=\"article\" \/>\n<meta property=\"og:title\" content=\"T\u01b0\u1ee3ng Ch\u1eb7ng \u0111\u01b0\u1eddng Th\u00e1nh gi\u00e1 Ch\u00faa Gi\u00ea su b\u1ecb x\u1eed \u00e1n b\u1eb1ng \u0111\u00e1 DSF-C102\" \/>\n<meta property=\"og:description\" content=\"T\u01b0\u1ee3ng m\u00f4 t\u1ea3 c\u1ea3nh Ch\u00faa Gi\u00easu b\u1ecb x\u1eed \u00e1n ch\u1ebft, Ch\u1eb7ng th\u1ee9 nh\u1ea5t trong 14 Ch\u1eb7ng \u0111\u01b0\u1eddng Th\u00e1nh gi\u00e1, th\u1ef1c s\u1ef1 l\u00e0 m\u1ed9t t\u00e1c ph\u1ea9m ngh\u1ec7 thu\u1eadt, \u0111\u01b0\u1ee3c \u0111i\u00eau kh\u1eafc tinh t\u1ebf t\u1eeb \u0111\u00e1 c\u1ea9m th\u1ea1ch tr\u1eafng t\u1ef1 nhi\u00ean b\u1edfi b\u00e0n tay c\u1ee7a nh\u1eefng th\u1ee3 \u0111i\u00eau kh\u1eafc t\u00e0i hoa, th\u00edch h\u1ee3p trang tr\u00ed ngo\u00e0i tr\u1eddi\" \/>\n<meta property=\"og:url\" content=\"https:\/\/www.danangsculpture.com.vn\/product\/enjesus-condemned-to-death-first-station-of-the-cross-stone-statue-dsf-c102vituong-chang-duong-thanh-gia-chua-gie-su-bi-xu-an-bang-da-dsf-c102\/\" \/>\n<meta property=\"og:site_name\" content=\"Danang Sculpture Foundation\" \/>\n<meta property=\"article:modified_time\" content=\"2021-06-14T06:20:58+00:00\" \/>\n<meta property=\"og:image\" content=\"http:\/\/danangsculpture.com.vn\/wp-content\/uploads\/2021\/06\/1496390256.jpg\" \/>\n\t<meta property=\"og:image:width\" content=\"450\" \/>\n\t<meta property=\"og:image:height\" content=\"600\" \/>\n<meta name=\"twitter:card\" content=\"summary_large_image\" \/>\n<meta name=\"twitter:label1\" content=\"\u01af\u1edbc t\u00ednh th\u1eddi gian \u0111\u1ecdc\" \/>\n\t<meta name=\"twitter:data1\" content=\"12 ph\u00fat\" \/>\n<script type=\"application\/ld+json\" class=\"yoast-schema-graph\">{\"@context\":\"https:\/\/schema.org\",\"@graph\":[{\"@type\":\"WebSite\",\"@id\":\"https:\/\/danangsculpture.com.vn\/#website\",\"url\":\"https:\/\/danangsculpture.com.vn\/\",\"name\":\"Danang Sculpture Foundation\",\"description\":\"Giving spirit to stones\",\"potentialAction\":[{\"@type\":\"SearchAction\",\"target\":{\"@type\":\"EntryPoint\",\"urlTemplate\":\"https:\/\/danangsculpture.com.vn\/?s={search_term_string}\"},\"query-input\":\"required name=search_term_string\"}],\"inLanguage\":\"vi\"},{\"@type\":\"ImageObject\",\"@id\":\"https:\/\/www.danangsculpture.com.vn\/product\/enjesus-condemned-to-death-first-station-of-the-cross-stone-statue-dsf-c102vituong-chang-duong-thanh-gia-chua-gie-su-bi-xu-an-bang-da-dsf-c102\/#primaryimage\",\"inLanguage\":\"vi\",\"url\":\"https:\/\/danangsculpture.com.vn\/wp-content\/uploads\/2021\/06\/1496390256.jpg\",\"contentUrl\":\"https:\/\/danangsculpture.com.vn\/wp-content\/uploads\/2021\/06\/1496390256.jpg\",\"width\":450,\"height\":600},{\"@type\":\"WebPage\",\"@id\":\"https:\/\/www.danangsculpture.com.vn\/product\/enjesus-condemned-to-death-first-station-of-the-cross-stone-statue-dsf-c102vituong-chang-duong-thanh-gia-chua-gie-su-bi-xu-an-bang-da-dsf-c102\/#webpage\",\"url\":\"https:\/\/www.danangsculpture.com.vn\/product\/enjesus-condemned-to-death-first-station-of-the-cross-stone-statue-dsf-c102vituong-chang-duong-thanh-gia-chua-gie-su-bi-xu-an-bang-da-dsf-c102\/\",\"name\":\"[:en]Jesus condemned to death - First Station of the Cross Stone Statue DSF-C102[:vi]T\\u01b0\\u1ee3ng Ch\\u1eb7ng \\u0111\\u01b0\\u1eddng Th\\u00e1nh gi\\u00e1 Ch\\u00faa Gi\\u00ea su b\\u1ecb x\\u1eed \\u00e1n b\\u1eb1ng \\u0111\\u00e1 DSF-C102[:] - Danang Sculpture Foundation\",\"isPartOf\":{\"@id\":\"https:\/\/danangsculpture.com.vn\/#website\"},\"primaryImageOfPage\":{\"@id\":\"https:\/\/www.danangsculpture.com.vn\/product\/enjesus-condemned-to-death-first-station-of-the-cross-stone-statue-dsf-c102vituong-chang-duong-thanh-gia-chua-gie-su-bi-xu-an-bang-da-dsf-c102\/#primaryimage\"},\"datePublished\":\"2021-06-14T06:15:12+00:00\",\"dateModified\":\"2021-06-14T06:20:58+00:00\",\"breadcrumb\":{\"@id\":\"https:\/\/www.danangsculpture.com.vn\/product\/enjesus-condemned-to-death-first-station-of-the-cross-stone-statue-dsf-c102vituong-chang-duong-thanh-gia-chua-gie-su-bi-xu-an-bang-da-dsf-c102\/#breadcrumb\"},\"inLanguage\":\"vi\",\"potentialAction\":[{\"@type\":\"ReadAction\",\"target\":[\"https:\/\/www.danangsculpture.com.vn\/product\/enjesus-condemned-to-death-first-station-of-the-cross-stone-statue-dsf-c102vituong-chang-duong-thanh-gia-chua-gie-su-bi-xu-an-bang-da-dsf-c102\/\"]}]},{\"@type\":\"BreadcrumbList\",\"@id\":\"https:\/\/www.danangsculpture.com.vn\/product\/enjesus-condemned-to-death-first-station-of-the-cross-stone-statue-dsf-c102vituong-chang-duong-thanh-gia-chua-gie-su-bi-xu-an-bang-da-dsf-c102\/#breadcrumb\",\"itemListElement\":[{\"@type\":\"ListItem\",\"position\":1,\"name\":\"Home\",\"item\":\"https:\/\/danangsculpture.com.vn\/\"},{\"@type\":\"ListItem\",\"position\":2,\"name\":\"Shop\",\"item\":\"https:\/\/www.danangsculpture.com.vn\/shop\/\"},{\"@type\":\"ListItem\",\"position\":3,\"name\":\"Jesus condemned to death &#8211; First Station of the Cross Stone Statue DSF-C102\"}]}]}<\/script>\n<!-- \/ Yoast SEO plugin. -->","_links":{"self":[{"href":"https:\/\/danangsculpture.com.vn\/vi\/wp-json\/wp\/v2\/product\/2099","targetHints":{"allow":["GET"]}}],"collection":[{"href":"https:\/\/danangsculpture.com.vn\/vi\/wp-json\/wp\/v2\/product"}],"about":[{"href":"https:\/\/danangsculpture.com.vn\/vi\/wp-json\/wp\/v2\/types\/product"}],"replies":[{"embeddable":true,"href":"https:\/\/danangsculpture.com.vn\/vi\/wp-json\/wp\/v2\/comments?post=2099"}],"wp:featuredmedia":[{"embeddable":true,"href":"https:\/\/danangsculpture.com.vn\/vi\/wp-json\/wp\/v2\/media\/2144"}],"wp:attachment":[{"href":"https:\/\/danangsculpture.com.vn\/vi\/wp-json\/wp\/v2\/media?parent=2099"}],"wp:term":[{"taxonomy":"product_cat","embeddable":true,"href":"https:\/\/danangsculpture.com.vn\/vi\/wp-json\/wp\/v2\/product_cat?post=2099"},{"taxonomy":"product_tag","embeddable":true,"href":"https:\/\/danangsculpture.com.vn\/vi\/wp-json\/wp\/v2\/product_tag?post=2099"}],"curies":[{"name":"wp","href":"https:\/\/api.w.org\/{rel}","templated":true}]}}