{"id":2243,"date":"2021-06-14T13:33:41","date_gmt":"2021-06-14T06:33:41","guid":{"rendered":"http:\/\/wordpress.dsp.vn\/?post_type=product&#038;p=2243"},"modified":"2021-12-31T13:10:38","modified_gmt":"2021-12-31T06:10:38","slug":"enchild-angel-on-sphere-stone-statue-dsf-eb54vituong-thien-than-lam-nung-bang-da-dsf-eb54","status":"publish","type":"product","link":"https:\/\/danangsculpture.com.vn\/vi\/product\/enchild-angel-on-sphere-stone-statue-dsf-eb54vituong-thien-than-lam-nung-bang-da-dsf-eb54\/","title":{"rendered":"T\u01b0\u1ee3ng thi\u00ean th\u1ea7n l\u00e0m n\u0169ng b\u1eb1ng \u0111\u00e1 DSF-EB54"},"content":{"rendered":"<p style=\"text-align: justify;\"><span style=\"font-size: 14px;\">T\u01b0\u1ee3ng thi\u00ean th\u1ea7n b\u00e9 nh\u1ecf ng\u1ed3i ph\u1ee5ng ph\u1ecbu l\u00e0m n\u0169ng tr\u00ean qu\u1ea3 c\u1ea7u r\u1ea5t \u0111\u00e1ng y\u00eau \u0111\u01b0\u1ee3c \u0111i\u00eau kh\u1eafc tinh t\u1ebf theo phong c\u00e1ch c\u1ed5 \u0111i\u1ec3n t\u1eeb \u0111\u00e1 c\u1ea9m th\u1ea1ch tr\u1eafng t\u1ef1 nhi\u00ean. \u0110\u00e2y l\u00e0 \u0111i\u1ec3m nh\u1ea5n ngh\u1ec7 thu\u1eadt \u0111\u1ed9c \u0111\u00e1o cho kh\u00f4ng gian ki\u1ebfn tr\u00fac c\u1ee7a b\u1ea1n, c\u00f3 th\u1ec3 trang tr\u00ed trong nh\u00e0 ho\u1eb7c ngo\u00e0i s\u00e2n v\u01b0\u1eddn.<\/span><\/p>\n<table style=\"width: 784px;\" border=\"1\" width=\"784\" cellspacing=\"0\" cellpadding=\"0\">\n<tbody>\n<tr>\n<td style=\"width: 161px;\"><span style=\"font-size: 14px;\">1. K\u00edch th\u01b0\u1edbc:<\/span><\/td>\n<td style=\"width: 624px;\"><span style=\"font-size: 14px;\">T\u1eeb 80cm tr\u1edf l\u00ean theo y\u00eau c\u1ea7u ri\u00eang c\u1ee7a b\u1ea1n<\/span><\/td>\n<\/tr>\n<tr>\n<td style=\"width: 161px;\"><span style=\"font-size: 14px;\">2. Nguy\u00ean v\u1eadt li\u1ec7u:<\/span><\/td>\n<td style=\"width: 624px;\"><span style=\"font-size: 14px;\">\u0110\u00e1 c\u1ea9m th\u1ea1ch, sa th\u1ea1ch ho\u1eb7c \u0111\u00e1 granite t\u1ef1 nhi\u00ean\u00a0<\/span><\/td>\n<\/tr>\n<tr>\n<td style=\"width: 161px;\"><span style=\"font-size: 14px;\">3. M\u00e0u s\u1eafc:<\/span><\/td>\n<td style=\"width: 624px;\"><span style=\"font-size: 14px;\">Tr\u1eafng\/V\u00e0ng\/\u0110en\/X\u00e1m\/H\u1ed3ng\/\u0110\u1ecf\u2026 theo y\u00eau c\u1ea7u ri\u00eang c\u1ee7a b\u1ea1n\u00a0<\/span><\/td>\n<\/tr>\n<tr>\n<td style=\"width: 161px;\"><span style=\"font-size: 14px;\">4. K\u1ef9 thu\u1eadt:<\/span><\/td>\n<td style=\"width: 624px;\"><span style=\"font-size: 14px;\">\u0110i\u00eau kh\u1eafc b\u1eb1ng tay, b\u1ec1 m\u1eb7t trong \u0111\u00e1nh b\u00f3ng, b\u1ec1 m\u1eb7t ngo\u00e0i \u0111\u00e1nh b\u00f3ng ho\u1eb7c m\u00e0i nh\u1eb5n ho\u1eb7c bu nh\u00e1m<\/span><\/td>\n<\/tr>\n<tr>\n<td style=\"width: 161px;\"><span style=\"font-size: 14px;\">5. Phong c\u00e1ch:<\/span><\/td>\n<td style=\"width: 624px;\"><span style=\"font-size: 14px;\">C\u1ed5 \u0111i\u1ec3n ho\u1eb7c hi\u1ec7n \u0111\u1ea1i, ph\u01b0\u01a1ng \u0110\u00f4ng ho\u1eb7c ph\u01b0\u01a1ng T\u00e2y t\u00f9y theo y\u00eau c\u1ea7u ri\u00eang c\u1ee7a b\u1ea1n\u00a0<\/span><\/td>\n<\/tr>\n<tr>\n<td style=\"width: 161px;\"><span style=\"font-size: 14px;\">6. C\u00e1ch s\u1eed d\u1ee5ng:<\/span><\/td>\n<td style=\"width: 624px;\"><span style=\"font-size: 14px;\">Trang tr\u00ed n\u1ed9i th\u1ea5t ho\u1eb7c s\u00e2n v\u01b0\u1eddn nh\u00e0 ri\u00eang, bi\u1ec7t th\u1ef1, kh\u00e1ch s\u1ea1n, khu ngh\u1ec9 m\u00e1t&#8230;<\/span><\/td>\n<\/tr>\n<tr>\n<td style=\"width: 161px;\"><span style=\"font-size: 14px;\">7. \u0110i\u1ec1u kho\u1ea3n mua b\u00e1n:<\/span><\/td>\n<td style=\"width: 624px;\"><span style=\"font-size: 14px;\">EXW, FOB, CFR, CIF, CPT, CIP t\u00f9y theo y\u00eau c\u1ea7u ri\u00eang c\u1ee7a b\u1ea1n\u00a0<\/span><\/td>\n<\/tr>\n<tr>\n<td style=\"width: 161px;\"><span style=\"font-size: 14px;\">8. Ph\u01b0\u01a1ng th\u1ee9c thanh to\u00e1n: \u00a0\u00a0<\/span><\/td>\n<td style=\"width: 624px;\"><span style=\"font-size: 14px;\">Chuy\u1ec3n kho\u1ea3n, th\u1ebb t\u00edn d\u1ee5ng trong n\u01b0\u1edbc v\u00e0 qu\u1ed1c t\u1ebf, Western Union ho\u1eb7c L\/C\u00a0tr\u1ea3 ngay<\/span><\/td>\n<\/tr>\n<tr>\n<td style=\"width: 161px;\"><span style=\"font-size: 14px;\">9. \u0110\u00f3ng g\u00f3i:<\/span><\/td>\n<td style=\"width: 624px;\"><span style=\"font-size: 14px;\">\u0110\u00f3ng trong ki\u1ec7n g\u1ed7 ch\u1eafc ch\u1eafn (c\u00f3 ch\u00e8n carton, n\u00eam g\u1ed7 ho\u1eb7c x\u1ed1p b\u00ean trong) \u0111\u1ed1i v\u1edbi v\u1eadn chuy\u1ec3n \u0111\u01b0\u1eddng bi\u1ec3n ho\u1eb7c \u0111\u01b0\u1eddng b\u1ed9 v\u00e0 trong th\u00f9ng x\u1ed1p \u0111\u1eb7c \u0111\u1ed1i v\u1edbi v\u1eadn chuy\u1ec3n h\u00e0ng kh\u00f4ng<\/span><\/td>\n<\/tr>\n<tr>\n<td style=\"width: 161px;\"><span style=\"font-size: 14px;\">10. Th\u1eddi h\u1ea1n giao h\u00e0ng:<\/span><\/td>\n<td style=\"width: 624px;\"><span style=\"font-size: 14px;\">30-45 ng\u00e0y sau khi nh\u1eadn \u0111\u01b0\u1ee3c ti\u1ec1n \u0111\u1eb7t c\u1ecdc t\u00f9y theo t\u1eebng \u0111\u01a1n h\u00e0ng c\u1ee5 th\u1ec3<\/span><\/p>\n<div><\/div>\n<\/td>\n<\/tr>\n<\/tbody>\n<\/table>\n<p><span style=\"font-size: 14px; text-align: justify;\">M\u1eddi qu\u00fd kh\u00e1ch gh\u00e9 xem b\u1ed9 s\u01b0u t\u1eadp \u0111a d\u1ea1ng c\u00e1c lo\u1ea1i\u00a0<\/span><span style=\"font-size: 14px; text-align: justify;\">t\u01b0\u1ee3ng em b\u00e9, t\u01b0\u1ee3ng tr\u1ebb em, t\u01b0\u1ee3ng em b\u00e9 thi\u00ean th\u1ea7n\u00a0b\u1eb1ng \u0111\u00e1 t\u1ef1 nhi\u00ean c\u1ee7a Qu\u1ef9 \u0110i\u00eau kh\u1eafc \u0110\u00e0 N\u1eb5ng t\u1ea1i\u00a0<\/span><a style=\"font-size: 14px; text-align: justify;\" href=\"https:\/\/danangsculpture.com.vn\/vi\/product-category\/angel-and-baby-statues\/baby-and-kid-statues\/\"><u><strong><span style=\"color: #ff8c00;\">DanangSculpture.com.vn<\/span><\/strong><\/u><\/a><a style=\"font-size: 14px; text-align: justify;\" href=\"http:\/\/danangsculpture.com\/vn\/product-cat\/48-tuong-em-be\/\"><u><strong><span style=\"color: #ff8c00;\">.<\/span><\/strong><\/u><\/a><\/p>\n","protected":false},"excerpt":{"rendered":"<p>T\u01b0\u1ee3ng thi\u00ean th\u1ea7n b\u00e9 nh\u1ecf ng\u1ed3i ph\u1ee5ng ph\u1ecbu l\u00e0m n\u0169ng tr\u00ean qu\u1ea3 c\u1ea7u r\u1ea5t \u0111\u00e1ng y\u00eau \u0111\u01b0\u1ee3c \u0111i\u00eau kh\u1eafc tinh t\u1ebf theo phong c\u00e1ch c\u1ed5 \u0111i\u1ec3n t\u1eeb \u0111\u00e1 c\u1ea9m th\u1ea1ch tr\u1eafng t\u1ef1 nhi\u00ean. \u0110\u00e2y l\u00e0 \u0111i\u1ec3m nh\u1ea5n ngh\u1ec7 thu\u1eadt \u0111\u1ed9c \u0111\u00e1o cho kh\u00f4ng gian ki\u1ebfn tr\u00fac c\u1ee7a b\u1ea1n, c\u00f3 th\u1ec3 trang tr\u00ed tr<\/p>\n","protected":false},"featured_media":2292,"comment_status":"open","ping_status":"closed","template":"","meta":[],"product_cat":[146,127],"product_tag":[],"class_list":["post-2243","product","type-product","status-publish","has-post-thumbnail","hentry","product_cat-best-selling","product_cat-baby-and-kid-statues"],"yoast_head":"<!-- This site is optimized with the Yoast SEO plugin v16.6.1 - https:\/\/yoast.com\/wordpress\/plugins\/seo\/ -->\n<title>T\u01b0\u1ee3ng thi\u00ean th\u1ea7n l\u00e0m n\u0169ng b\u1eb1ng \u0111\u00e1 DSF-EB54 - Danang Sculpture Foundation<\/title>\n<meta name=\"robots\" content=\"index, follow, max-snippet:-1, max-image-preview:large, max-video-preview:-1\" \/>\n<link rel=\"canonical\" href=\"https:\/\/danangsculpture.com.vn\/vi\/product\/enchild-angel-on-sphere-stone-statue-dsf-eb54vituong-thien-than-lam-nung-bang-da-dsf-eb54\/\" \/>\n<meta property=\"og:locale\" content=\"vi_VN\" \/>\n<meta property=\"og:type\" content=\"article\" \/>\n<meta property=\"og:title\" content=\"T\u01b0\u1ee3ng thi\u00ean th\u1ea7n l\u00e0m n\u0169ng b\u1eb1ng \u0111\u00e1 DSF-EB54\" \/>\n<meta property=\"og:description\" content=\"T\u01b0\u1ee3ng thi\u00ean th\u1ea7n b\u00e9 nh\u1ecf ng\u1ed3i ph\u1ee5ng ph\u1ecbu l\u00e0m n\u0169ng tr\u00ean qu\u1ea3 c\u1ea7u r\u1ea5t \u0111\u00e1ng y\u00eau \u0111\u01b0\u1ee3c \u0111i\u00eau kh\u1eafc tinh t\u1ebf theo phong c\u00e1ch c\u1ed5 \u0111i\u1ec3n t\u1eeb \u0111\u00e1 c\u1ea9m th\u1ea1ch tr\u1eafng t\u1ef1 nhi\u00ean. \u0110\u00e2y l\u00e0 \u0111i\u1ec3m nh\u1ea5n ngh\u1ec7 thu\u1eadt \u0111\u1ed9c \u0111\u00e1o cho kh\u00f4ng gian ki\u1ebfn tr\u00fac c\u1ee7a b\u1ea1n, c\u00f3 th\u1ec3 trang tr\u00ed tr\" \/>\n<meta property=\"og:url\" content=\"https:\/\/danangsculpture.com.vn\/vi\/product\/enchild-angel-on-sphere-stone-statue-dsf-eb54vituong-thien-than-lam-nung-bang-da-dsf-eb54\/\" \/>\n<meta property=\"og:site_name\" content=\"Danang Sculpture Foundation\" \/>\n<meta property=\"article:modified_time\" content=\"2021-12-31T06:10:38+00:00\" \/>\n<meta property=\"og:image\" content=\"https:\/\/danangsculpture.com.vn\/wp-content\/uploads\/2021\/06\/1497514489.jpg\" \/>\n\t<meta property=\"og:image:width\" content=\"450\" \/>\n\t<meta property=\"og:image:height\" content=\"600\" \/>\n<meta name=\"twitter:card\" content=\"summary_large_image\" \/>\n<meta name=\"twitter:label1\" content=\"\u01af\u1edbc t\u00ednh th\u1eddi gian \u0111\u1ecdc\" \/>\n\t<meta name=\"twitter:data1\" content=\"1 ph\u00fat\" \/>\n<script type=\"application\/ld+json\" class=\"yoast-schema-graph\">{\"@context\":\"https:\/\/schema.org\",\"@graph\":[{\"@type\":\"WebSite\",\"@id\":\"https:\/\/danangsculpture.com.vn\/#website\",\"url\":\"https:\/\/danangsculpture.com.vn\/\",\"name\":\"Danang Sculpture Foundation\",\"description\":\"Giving spirit to stones\",\"potentialAction\":[{\"@type\":\"SearchAction\",\"target\":{\"@type\":\"EntryPoint\",\"urlTemplate\":\"https:\/\/danangsculpture.com.vn\/?s={search_term_string}\"},\"query-input\":\"required name=search_term_string\"}],\"inLanguage\":\"vi\"},{\"@type\":\"ImageObject\",\"@id\":\"https:\/\/danangsculpture.com.vn\/vi\/product\/enchild-angel-on-sphere-stone-statue-dsf-eb54vituong-thien-than-lam-nung-bang-da-dsf-eb54\/#primaryimage\",\"inLanguage\":\"vi\",\"url\":\"https:\/\/danangsculpture.com.vn\/wp-content\/uploads\/2021\/06\/1497514489.jpg\",\"contentUrl\":\"https:\/\/danangsculpture.com.vn\/wp-content\/uploads\/2021\/06\/1497514489.jpg\",\"width\":450,\"height\":600},{\"@type\":\"WebPage\",\"@id\":\"https:\/\/danangsculpture.com.vn\/vi\/product\/enchild-angel-on-sphere-stone-statue-dsf-eb54vituong-thien-than-lam-nung-bang-da-dsf-eb54\/#webpage\",\"url\":\"https:\/\/danangsculpture.com.vn\/vi\/product\/enchild-angel-on-sphere-stone-statue-dsf-eb54vituong-thien-than-lam-nung-bang-da-dsf-eb54\/\",\"name\":\"[:en]Child Angel on Sphere Stone Statue DSF-EB54[:vi]T\\u01b0\\u1ee3ng thi\\u00ean th\\u1ea7n l\\u00e0m n\\u0169ng b\\u1eb1ng \\u0111\\u00e1 DSF-EB54[:] - Danang Sculpture Foundation\",\"isPartOf\":{\"@id\":\"https:\/\/danangsculpture.com.vn\/#website\"},\"primaryImageOfPage\":{\"@id\":\"https:\/\/danangsculpture.com.vn\/vi\/product\/enchild-angel-on-sphere-stone-statue-dsf-eb54vituong-thien-than-lam-nung-bang-da-dsf-eb54\/#primaryimage\"},\"datePublished\":\"2021-06-14T06:33:41+00:00\",\"dateModified\":\"2021-12-31T06:10:38+00:00\",\"breadcrumb\":{\"@id\":\"https:\/\/danangsculpture.com.vn\/vi\/product\/enchild-angel-on-sphere-stone-statue-dsf-eb54vituong-thien-than-lam-nung-bang-da-dsf-eb54\/#breadcrumb\"},\"inLanguage\":\"vi\",\"potentialAction\":[{\"@type\":\"ReadAction\",\"target\":[\"https:\/\/danangsculpture.com.vn\/vi\/product\/enchild-angel-on-sphere-stone-statue-dsf-eb54vituong-thien-than-lam-nung-bang-da-dsf-eb54\/\"]}]},{\"@type\":\"BreadcrumbList\",\"@id\":\"https:\/\/danangsculpture.com.vn\/vi\/product\/enchild-angel-on-sphere-stone-statue-dsf-eb54vituong-thien-than-lam-nung-bang-da-dsf-eb54\/#breadcrumb\",\"itemListElement\":[{\"@type\":\"ListItem\",\"position\":1,\"name\":\"Home\",\"item\":\"https:\/\/danangsculpture.com.vn\/\"},{\"@type\":\"ListItem\",\"position\":2,\"name\":\"Shop\",\"item\":\"https:\/\/www.danangsculpture.com.vn\/shop\/\"},{\"@type\":\"ListItem\",\"position\":3,\"name\":\"Child Angel on Sphere Stone Statue DSF-EB54\"}]}]}<\/script>\n<!-- \/ Yoast SEO plugin. -->","_links":{"self":[{"href":"https:\/\/danangsculpture.com.vn\/vi\/wp-json\/wp\/v2\/product\/2243","targetHints":{"allow":["GET"]}}],"collection":[{"href":"https:\/\/danangsculpture.com.vn\/vi\/wp-json\/wp\/v2\/product"}],"about":[{"href":"https:\/\/danangsculpture.com.vn\/vi\/wp-json\/wp\/v2\/types\/product"}],"replies":[{"embeddable":true,"href":"https:\/\/danangsculpture.com.vn\/vi\/wp-json\/wp\/v2\/comments?post=2243"}],"wp:featuredmedia":[{"embeddable":true,"href":"https:\/\/danangsculpture.com.vn\/vi\/wp-json\/wp\/v2\/media\/2292"}],"wp:attachment":[{"href":"https:\/\/danangsculpture.com.vn\/vi\/wp-json\/wp\/v2\/media?parent=2243"}],"wp:term":[{"taxonomy":"product_cat","embeddable":true,"href":"https:\/\/danangsculpture.com.vn\/vi\/wp-json\/wp\/v2\/product_cat?post=2243"},{"taxonomy":"product_tag","embeddable":true,"href":"https:\/\/danangsculpture.com.vn\/vi\/wp-json\/wp\/v2\/product_tag?post=2243"}],"curies":[{"name":"wp","href":"https:\/\/api.w.org\/{rel}","templated":true}]}}