{"id":2357,"date":"2021-06-14T13:48:15","date_gmt":"2021-06-14T06:48:15","guid":{"rendered":"http:\/\/wordpress.dsp.vn\/?post_type=product&#038;p=2357"},"modified":"2021-06-14T13:54:44","modified_gmt":"2021-06-14T06:54:44","slug":"envenus-de-milo-ancient-greek-stone-statue-dsf-cd52vituong-co-dien-than-ve-nu-milo-dsf-cd52","status":"publish","type":"product","link":"https:\/\/danangsculpture.com.vn\/vi\/product\/envenus-de-milo-ancient-greek-stone-statue-dsf-cd52vituong-co-dien-than-ve-nu-milo-dsf-cd52\/","title":{"rendered":"T\u01b0\u1ee3ng c\u1ed5 \u0111i\u1ec3n Th\u1ea7n V\u1ec7 n\u1eef Mil\u00f4 DSF-CD52"},"content":{"rendered":"<div class=\"mod\" data-md=\"1001\" data-ved=\"0ahUKEwjy67ab_afRAhUBxZQKHc3MANoQkCkI2gEoCDAr\" style=\"clear: none; padding-left: 15px; padding-right: 15px; line-height: 1.24; font-family: arial, sans-serif; font-size: 13px;\">\n<div class=\"_eFb\">\n<div class=\"mod\" data-md=\"1001\" data-ved=\"0ahUKEwjy67ab_afRAhUBxZQKHc3MANoQkCkI2gEoCDAr\" style=\"clear: none; padding-left: 15px; padding-right: 15px; line-height: 1.24;\">\n<div class=\"_eFb\">\n<p style=\"text-align: justify;\">\n\t\t\t\t\t<span style=\"font-size: 14px;\">B\u1ea3n sao t\u01b0\u1ee3ng Th\u1ea7n V\u1ec7 n\u1eef Mil&ocirc; \u0111\u01b0\u1ee3c \u0111i&ecirc;u kh\u1eafc tinh t\u1ebf theo phong c&aacute;ch Hy L\u1ea1p c\u1ed5 \u0111i\u1ec3n t\u1eeb \u0111&aacute; c\u1ea9m th\u1ea1ch tr\u1eafng t\u1ef1 nhi&ecirc;n.&nbsp;<\/span><span style=\"font-size: 14px;\">\u0110&acirc;y l&agrave; \u0111i\u1ec3m nh\u1ea5n ngh\u1ec7 thu\u1eadt \u0111\u1ed9c \u0111&aacute;o cho kh&ocirc;ng gian ki\u1ebfn tr&uacute;c c\u1ee7a b\u1ea1n, c&oacute; th\u1ec3 trang tr&iacute; trong nh&agrave; ho\u1eb7c ngo&agrave;i s&acirc;n v\u01b0\u1eddn.<\/span><\/p>\n<p style=\"text-align: justify;\">\n\t\t\t\t\t<span style=\"font-size:14px;\">Th\u1ea7n V\u1ec7 n\u1eef Mil&ocirc; l&agrave; m\u1ed9t b\u1ee9c t\u01b0\u1ee3ng Hy L\u1ea1p c\u1ed5 \u0111\u1ea1i v&agrave; l&agrave; m\u1ed9t trong nh\u1eefng t&aacute;c ph\u1ea9m n\u1ed5i ti\u1ebfng nh\u1ea5t c\u1ee7a t&aacute;c ph\u1ea9m \u0111i&ecirc;u kh\u1eafc Hy L\u1ea1p c\u1ed5 \u0111\u1ea1i. \u0110\u01b0\u1ee3c t\u1ea1o ra t\u1eeb kho\u1ea3ng 130 \u0111\u1ebfn 100 n\u0103m tr\u01b0\u1edbc C&ocirc;ng nguy&ecirc;n, b\u1ee9c t\u01b0\u1ee3ng \u0111\u01b0\u1ee3c cho l&agrave; mi&ecirc;u t\u1ea3 n\u1eef th\u1ea7n c\u1ee7a t&igrave;nh y&ecirc;u v&agrave; v\u1ebb \u0111\u1eb9p c\u1ee7a Hy L\u1ea1p. M\u1ed9t ph\u1ea7n c\u1ee7a c&aacute;nh tay v&agrave; \u0111\u1ebf t\u01b0\u1ee3ng ban \u0111\u1ea7u \u0111&atilde; b\u1ecb m\u1ea5t sau khi ph&aacute;t hi\u1ec7n ra b\u1ee9c t\u01b0\u1ee3ng. T\u1eeb m\u1ed9t d&ograve;ng ch\u1eef tr&ecirc;n ch&acirc;n tr\u1ee5, b\u1ee9c t\u01b0\u1ee3ng \u0111\u01b0\u1ee3c cho l&agrave; t&aacute;c ph\u1ea9m c\u1ee7a Alexandros c\u1ee7a Antioch. B\u1ea3n g\u1ed1c hi\u1ec7n \u0111ang \u0111\u01b0\u1ee3c tr\u01b0ng b&agrave;y v\u0129nh vi\u1ec5n t\u1ea1i B\u1ea3o t&agrave;ng Louvre \u1edf Paris. T\u01b0\u1ee3ng \u0111\u01b0\u1ee3c \u0111\u1eb7t t&ecirc;n theo h&ograve;n \u0111\u1ea3o Milos c\u1ee7a Hy L\u1ea1p, n\u01a1i n&oacute; \u0111\u01b0\u1ee3c ph&aacute;t hi\u1ec7n.<\/span><\/p>\n<table border=\"1\" cellpadding=\"0\" cellspacing=\"0\" style=\"width: 100%\" width=\"784\">\n<tbody>\n<tr>\n<td style=\"width: 161px;\">\n<p>\n\t\t\t\t\t\t\t\t\t<span style=\"font-size: 14px;\">1. K&iacute;ch th\u01b0\u1edbc:<\/span><\/p>\n<\/td>\n<td style=\"width: 624px;\">\n<p>\n\t\t\t\t\t\t\t\t\t<span style=\"font-size: 14px;\">T\u1eeb 140cm tr\u1edf l&ecirc;n theo y&ecirc;u c\u1ea7u ri&ecirc;ng c\u1ee7a b\u1ea1n<\/span><\/p>\n<\/td>\n<\/tr>\n<tr>\n<td style=\"width: 161px;\">\n<p>\n\t\t\t\t\t\t\t\t\t<span style=\"font-size: 14px;\">2. Nguy&ecirc;n v\u1eadt li\u1ec7u:<\/span><\/p>\n<\/td>\n<td style=\"width: 624px;\">\n<p>\n\t\t\t\t\t\t\t\t\t<span style=\"font-size: 14px;\">\u0110&aacute; c\u1ea9m th\u1ea1ch, sa th\u1ea1ch ho\u1eb7c \u0111&aacute; granite t\u1ef1 nhi&ecirc;n&nbsp;<\/span><\/p>\n<\/td>\n<\/tr>\n<tr>\n<td style=\"width: 161px;\">\n<p>\n\t\t\t\t\t\t\t\t\t<span style=\"font-size: 14px;\">3. M&agrave;u s\u1eafc:<\/span><\/p>\n<\/td>\n<td style=\"width: 624px;\">\n<p>\n\t\t\t\t\t\t\t\t\t<span style=\"font-size: 14px;\">Tr\u1eafng\/V&agrave;ng\/\u0110en\/X&aacute;m\/H\u1ed3ng\/\u0110\u1ecf&hellip; theo y&ecirc;u c\u1ea7u ri&ecirc;ng c\u1ee7a b\u1ea1n&nbsp;<\/span><\/p>\n<\/td>\n<\/tr>\n<tr>\n<td style=\"width: 161px;\">\n<p>\n\t\t\t\t\t\t\t\t\t<span style=\"font-size: 14px;\">4. K\u1ef9 thu\u1eadt:<\/span><\/p>\n<\/td>\n<td style=\"width: 624px;\">\n<p>\n\t\t\t\t\t\t\t\t\t<span style=\"font-size: 14px;\">\u0110i&ecirc;u kh\u1eafc b\u1eb1ng tay, b\u1ec1 m\u1eb7t trong \u0111&aacute;nh b&oacute;ng, b\u1ec1 m\u1eb7t ngo&agrave;i \u0111&aacute;nh b&oacute;ng ho\u1eb7c m&agrave;i nh\u1eb5n ho\u1eb7c bu nh&aacute;m<\/span><\/p>\n<\/td>\n<\/tr>\n<tr>\n<td style=\"width: 161px;\">\n<p>\n\t\t\t\t\t\t\t\t\t<span style=\"font-size: 14px;\">5. Phong c&aacute;ch:<\/span><\/p>\n<\/td>\n<td style=\"width: 624px;\">\n<p>\n\t\t\t\t\t\t\t\t\t<span style=\"font-size: 14px;\">C\u1ed5 \u0111i\u1ec3n Ch&acirc;u &Acirc;u<\/span><\/p>\n<\/td>\n<\/tr>\n<tr>\n<td style=\"width: 161px;\">\n<p>\n\t\t\t\t\t\t\t\t\t<span style=\"font-size: 14px;\">6. C&aacute;ch s\u1eed d\u1ee5ng:<\/span><\/p>\n<\/td>\n<td style=\"width: 624px;\">\n<p>\n\t\t\t\t\t\t\t\t\t<span style=\"font-size: 14px;\">Trang tr&iacute; n\u1ed9i th\u1ea5t ho\u1eb7c s&acirc;n v\u01b0\u1eddn nh&agrave; ri&ecirc;ng, bi\u1ec7t th\u1ef1, kh&aacute;ch s\u1ea1n, khu ngh\u1ec9 m&aacute;t&#8230;<\/span><\/p>\n<\/td>\n<\/tr>\n<tr>\n<td style=\"width: 161px;\">\n<p>\n\t\t\t\t\t\t\t\t\t<span style=\"font-size: 14px;\">7. \u0110i\u1ec1u kho\u1ea3n mua b&aacute;n:<\/span><\/p>\n<\/td>\n<td style=\"width: 624px;\">\n<p>\n\t\t\t\t\t\t\t\t\t<span style=\"font-size: 14px;\">EXW, FOB, CFR, CIF, CPT, CIP t&ugrave;y theo y&ecirc;u c\u1ea7u ri&ecirc;ng c\u1ee7a b\u1ea1n&nbsp;<\/span><\/p>\n<\/td>\n<\/tr>\n<tr>\n<td style=\"width: 161px;\">\n<p>\n\t\t\t\t\t\t\t\t\t<span style=\"font-size: 14px;\">8. Ph\u01b0\u01a1ng th\u1ee9c thanh to&aacute;n: &nbsp;&nbsp;<\/span><\/p>\n<\/td>\n<td style=\"width: 624px;\">\n<p>\n\t\t\t\t\t\t\t\t\t<span style=\"font-size: 14px;\">Chuy\u1ec3n kho\u1ea3n, th\u1ebb t&iacute;n d\u1ee5ng trong n\u01b0\u1edbc v&agrave; qu\u1ed1c t\u1ebf, Western Union ho\u1eb7c L\/C&nbsp;tr\u1ea3 ngay<\/span><\/p>\n<\/td>\n<\/tr>\n<tr>\n<td style=\"width: 161px;\">\n<p>\n\t\t\t\t\t\t\t\t\t<span style=\"font-size: 14px;\">9. \u0110&oacute;ng g&oacute;i:<\/span><\/p>\n<\/td>\n<td style=\"width: 624px;\">\n<p>\n\t\t\t\t\t\t\t\t\t<span style=\"font-size: 14px;\">\u0110&oacute;ng trong ki\u1ec7n g\u1ed7 ch\u1eafc ch\u1eafn (c&oacute; ch&egrave;n carton, n&ecirc;m g\u1ed7 ho\u1eb7c x\u1ed1p b&ecirc;n trong) \u0111\u1ed1i v\u1edbi v\u1eadn chuy\u1ec3n \u0111\u01b0\u1eddng bi\u1ec3n ho\u1eb7c \u0111\u01b0\u1eddng b\u1ed9 v&agrave; trong th&ugrave;ng x\u1ed1p \u0111\u1eb7c \u0111\u1ed1i v\u1edbi v\u1eadn chuy\u1ec3n h&agrave;ng kh&ocirc;ng<\/span><\/p>\n<\/td>\n<\/tr>\n<tr>\n<td style=\"width: 161px;\">\n<p>\n\t\t\t\t\t\t\t\t\t<span style=\"font-size: 14px;\">10. Th\u1eddi h\u1ea1n giao h&agrave;ng:<\/span><\/p>\n<\/td>\n<td style=\"width: 624px;\">\n<p>\n\t\t\t\t\t\t\t\t\t<span style=\"font-size: 14px;\">30-40 ng&agrave;y sau khi nh\u1eadn \u0111\u01b0\u1ee3c ti\u1ec1n \u0111\u1eb7t c\u1ecdc t&ugrave;y theo t\u1eebng \u0111\u01a1n h&agrave;ng c\u1ee5 th\u1ec3<\/span><\/p>\n<div>\n\t\t\t\t\t\t\t\t\t&nbsp;<\/div>\n<\/td>\n<\/tr>\n<\/tbody>\n<\/table><\/div>\n<\/p><\/div>\n<p style=\"text-align: justify;\">\n\t\t\t<span style=\"font-size: 14px;\">M\u1eddi b\u1ea1n xem th&ecirc;m nhi\u1ec1u&nbsp;lo\u1ea1i t\u01b0\u1ee3ng \u0111i&ecirc;u kh\u1eafc c\u1ed5 \u0111i\u1ec3n theo phong c&aacute;ch Hy L\u1ea1p, La M&atilde; c\u1ed5 \u0111\u1ea1i, t\u01b0\u1ee3ng sao ch&eacute;p c&aacute;c t&aacute;c ph\u1ea9m \u0111i&ecirc;u kh\u1eafc n\u1ed5i ti\u1ebfng th\u1ebf gi\u1edbi&nbsp;b\u1eb1ng \u0111&aacute; t\u1ef1 nhi&ecirc;n kh&aacute;c t\u1ea1i&nbsp;<u><strong><a href=\"http:\/\/danangsculpture.com\/vn\/product-cat\/12-tuong-co-dien\/\"><span style=\"color: rgb(255, 140, 0);\">DanangSculpture.com<\/span><\/a><a href=\"http:\/\/danangsculpture.com\/vn\/product-cat\/20-ban-ghe\/\">.<\/a><\/strong><\/u><\/span><\/p>\n<div>\n\t\t\t&nbsp;<\/div>\n<\/p><\/div>\n<\/div>\n<p>\n\t&nbsp;<\/p>\n","protected":false},"excerpt":{"rendered":"<p>B\u1ea3n sao t\u01b0\u1ee3ng Th\u1ea7n V\u1ec7 n\u1eef Mil\u00f4 \u0111\u01b0\u1ee3c \u0111i\u00eau kh\u1eafc tinh t\u1ebf theo phong c\u00e1ch Hy L\u1ea1p c\u1ed5 \u0111i\u1ec3n t\u1eeb \u0111\u00e1 c\u1ea9m th\u1ea1ch tr\u1eafng t\u1ef1 nhi\u00ean. \u0110\u00e2y l\u00e0 \u0111i\u1ec3m nh\u1ea5n ngh\u1ec7 thu\u1eadt \u0111\u1ed9c \u0111\u00e1o cho kh\u00f4ng gian ki\u1ebfn tr\u00fac c\u1ee7a b\u1ea1n, c\u00f3 th\u1ec3 trang tr\u00ed trong nh\u00e0 ho\u1eb7c ngo\u00e0i s\u00e2n v\u01b0\u1eddn.<\/p>\n","protected":false},"featured_media":2411,"comment_status":"open","ping_status":"closed","template":"","meta":[],"product_cat":[63],"product_tag":[],"class_list":["post-2357","product","type-product","status-publish","has-post-thumbnail","hentry","product_cat-ancient-statues-and-famous-artworks"],"yoast_head":"<!-- This site is optimized with the Yoast SEO plugin v16.6.1 - https:\/\/yoast.com\/wordpress\/plugins\/seo\/ -->\n<title>T\u01b0\u1ee3ng c\u1ed5 \u0111i\u1ec3n Th\u1ea7n V\u1ec7 n\u1eef Mil\u00f4 DSF-CD52 - Danang Sculpture Foundation<\/title>\n<meta name=\"robots\" content=\"index, follow, max-snippet:-1, max-image-preview:large, max-video-preview:-1\" \/>\n<link rel=\"canonical\" href=\"https:\/\/www.danangsculpture.com.vn\/product\/envenus-de-milo-ancient-greek-stone-statue-dsf-cd52vituong-co-dien-than-ve-nu-milo-dsf-cd52\/\" \/>\n<meta property=\"og:locale\" content=\"vi_VN\" \/>\n<meta property=\"og:type\" content=\"article\" \/>\n<meta property=\"og:title\" content=\"T\u01b0\u1ee3ng c\u1ed5 \u0111i\u1ec3n Th\u1ea7n V\u1ec7 n\u1eef Mil\u00f4 DSF-CD52\" \/>\n<meta property=\"og:description\" content=\"B\u1ea3n sao t\u01b0\u1ee3ng Th\u1ea7n V\u1ec7 n\u1eef Mil\u00f4 \u0111\u01b0\u1ee3c \u0111i\u00eau kh\u1eafc tinh t\u1ebf theo phong c\u00e1ch Hy L\u1ea1p c\u1ed5 \u0111i\u1ec3n t\u1eeb \u0111\u00e1 c\u1ea9m th\u1ea1ch tr\u1eafng t\u1ef1 nhi\u00ean. \u0110\u00e2y l\u00e0 \u0111i\u1ec3m nh\u1ea5n ngh\u1ec7 thu\u1eadt \u0111\u1ed9c \u0111\u00e1o cho kh\u00f4ng gian ki\u1ebfn tr\u00fac c\u1ee7a b\u1ea1n, c\u00f3 th\u1ec3 trang tr\u00ed trong nh\u00e0 ho\u1eb7c ngo\u00e0i s\u00e2n v\u01b0\u1eddn.\" \/>\n<meta property=\"og:url\" content=\"https:\/\/www.danangsculpture.com.vn\/product\/envenus-de-milo-ancient-greek-stone-statue-dsf-cd52vituong-co-dien-than-ve-nu-milo-dsf-cd52\/\" \/>\n<meta property=\"og:site_name\" content=\"Danang Sculpture Foundation\" \/>\n<meta property=\"article:modified_time\" content=\"2021-06-14T06:54:44+00:00\" \/>\n<meta property=\"og:image\" content=\"http:\/\/danangsculpture.com.vn\/wp-content\/uploads\/2021\/06\/1498720877.jpg\" \/>\n\t<meta property=\"og:image:width\" content=\"450\" \/>\n\t<meta property=\"og:image:height\" content=\"600\" \/>\n<meta name=\"twitter:card\" content=\"summary_large_image\" \/>\n<meta name=\"twitter:label1\" content=\"\u01af\u1edbc t\u00ednh th\u1eddi gian \u0111\u1ecdc\" \/>\n\t<meta name=\"twitter:data1\" content=\"15 ph\u00fat\" \/>\n<script type=\"application\/ld+json\" class=\"yoast-schema-graph\">{\"@context\":\"https:\/\/schema.org\",\"@graph\":[{\"@type\":\"WebSite\",\"@id\":\"https:\/\/danangsculpture.com.vn\/#website\",\"url\":\"https:\/\/danangsculpture.com.vn\/\",\"name\":\"Danang Sculpture Foundation\",\"description\":\"Giving spirit to stones\",\"potentialAction\":[{\"@type\":\"SearchAction\",\"target\":{\"@type\":\"EntryPoint\",\"urlTemplate\":\"https:\/\/danangsculpture.com.vn\/?s={search_term_string}\"},\"query-input\":\"required name=search_term_string\"}],\"inLanguage\":\"vi\"},{\"@type\":\"ImageObject\",\"@id\":\"https:\/\/www.danangsculpture.com.vn\/product\/envenus-de-milo-ancient-greek-stone-statue-dsf-cd52vituong-co-dien-than-ve-nu-milo-dsf-cd52\/#primaryimage\",\"inLanguage\":\"vi\",\"url\":\"https:\/\/danangsculpture.com.vn\/wp-content\/uploads\/2021\/06\/1498720877.jpg\",\"contentUrl\":\"https:\/\/danangsculpture.com.vn\/wp-content\/uploads\/2021\/06\/1498720877.jpg\",\"width\":450,\"height\":600},{\"@type\":\"WebPage\",\"@id\":\"https:\/\/www.danangsculpture.com.vn\/product\/envenus-de-milo-ancient-greek-stone-statue-dsf-cd52vituong-co-dien-than-ve-nu-milo-dsf-cd52\/#webpage\",\"url\":\"https:\/\/www.danangsculpture.com.vn\/product\/envenus-de-milo-ancient-greek-stone-statue-dsf-cd52vituong-co-dien-than-ve-nu-milo-dsf-cd52\/\",\"name\":\"[:en]Venus de Milo ancient Greek stone statue DSF-CD52[:vi]T\\u01b0\\u1ee3ng c\\u1ed5 \\u0111i\\u1ec3n Th\\u1ea7n V\\u1ec7 n\\u1eef Mil\\u00f4 DSF-CD52[:] - Danang Sculpture Foundation\",\"isPartOf\":{\"@id\":\"https:\/\/danangsculpture.com.vn\/#website\"},\"primaryImageOfPage\":{\"@id\":\"https:\/\/www.danangsculpture.com.vn\/product\/envenus-de-milo-ancient-greek-stone-statue-dsf-cd52vituong-co-dien-than-ve-nu-milo-dsf-cd52\/#primaryimage\"},\"datePublished\":\"2021-06-14T06:48:15+00:00\",\"dateModified\":\"2021-06-14T06:54:44+00:00\",\"breadcrumb\":{\"@id\":\"https:\/\/www.danangsculpture.com.vn\/product\/envenus-de-milo-ancient-greek-stone-statue-dsf-cd52vituong-co-dien-than-ve-nu-milo-dsf-cd52\/#breadcrumb\"},\"inLanguage\":\"vi\",\"potentialAction\":[{\"@type\":\"ReadAction\",\"target\":[\"https:\/\/www.danangsculpture.com.vn\/product\/envenus-de-milo-ancient-greek-stone-statue-dsf-cd52vituong-co-dien-than-ve-nu-milo-dsf-cd52\/\"]}]},{\"@type\":\"BreadcrumbList\",\"@id\":\"https:\/\/www.danangsculpture.com.vn\/product\/envenus-de-milo-ancient-greek-stone-statue-dsf-cd52vituong-co-dien-than-ve-nu-milo-dsf-cd52\/#breadcrumb\",\"itemListElement\":[{\"@type\":\"ListItem\",\"position\":1,\"name\":\"Home\",\"item\":\"https:\/\/danangsculpture.com.vn\/\"},{\"@type\":\"ListItem\",\"position\":2,\"name\":\"Shop\",\"item\":\"https:\/\/www.danangsculpture.com.vn\/shop\/\"},{\"@type\":\"ListItem\",\"position\":3,\"name\":\"Venus de Milo ancient Greek stone statue DSF-CD52\"}]}]}<\/script>\n<!-- \/ Yoast SEO plugin. -->","_links":{"self":[{"href":"https:\/\/danangsculpture.com.vn\/vi\/wp-json\/wp\/v2\/product\/2357","targetHints":{"allow":["GET"]}}],"collection":[{"href":"https:\/\/danangsculpture.com.vn\/vi\/wp-json\/wp\/v2\/product"}],"about":[{"href":"https:\/\/danangsculpture.com.vn\/vi\/wp-json\/wp\/v2\/types\/product"}],"replies":[{"embeddable":true,"href":"https:\/\/danangsculpture.com.vn\/vi\/wp-json\/wp\/v2\/comments?post=2357"}],"wp:featuredmedia":[{"embeddable":true,"href":"https:\/\/danangsculpture.com.vn\/vi\/wp-json\/wp\/v2\/media\/2411"}],"wp:attachment":[{"href":"https:\/\/danangsculpture.com.vn\/vi\/wp-json\/wp\/v2\/media?parent=2357"}],"wp:term":[{"taxonomy":"product_cat","embeddable":true,"href":"https:\/\/danangsculpture.com.vn\/vi\/wp-json\/wp\/v2\/product_cat?post=2357"},{"taxonomy":"product_tag","embeddable":true,"href":"https:\/\/danangsculpture.com.vn\/vi\/wp-json\/wp\/v2\/product_tag?post=2357"}],"curies":[{"name":"wp","href":"https:\/\/api.w.org\/{rel}","templated":true}]}}