{"id":2426,"date":"2021-06-14T13:55:50","date_gmt":"2021-06-14T06:55:50","guid":{"rendered":"http:\/\/wordpress.dsp.vn\/?post_type=product&#038;p=2426"},"modified":"2021-06-14T14:01:30","modified_gmt":"2021-06-14T07:01:30","slug":"enbuddha-sitting-on-naga-snake-cham-hindu-stone-statue-dsf-cp15vituo%cc%a3ng-pha%cc%a3t-ngoi-trong-toa-ran-naga-dsf-cp15","status":"publish","type":"product","link":"https:\/\/danangsculpture.com.vn\/vi\/product\/enbuddha-sitting-on-naga-snake-cham-hindu-stone-statue-dsf-cp15vituo%cc%a3ng-pha%cc%a3t-ngoi-trong-toa-ran-naga-dsf-cp15\/","title":{"rendered":"T\u01b0\u01a1\u0323ng Ph\u00e2\u0323t ng\u00f4\u0300i trong to\u0300a r\u0103\u0301n Naga DSF-CP15"},"content":{"rendered":"<p>\n\t<span style=\"font-size:14px;\">T\u01b0\u1ee3ng <\/span><span style=\"font-size: 14px;\">Ph\u1eadt ng\u1ed3i trong t&ograve;a r\u1eafn Naga&nbsp;<\/span><span style=\"font-size: 14px;\">\u0111\u01b0\u1ee3c \u0111i&ecirc;u kh\u1eafc tinh t\u1ebf t\u1eeb \u0111&aacute; sa th\u1ea1ch x&aacute;m t\u1ef1 nhi&ecirc;n, b\u1ec1 m\u1eb7t bu nh&aacute;m v&agrave; m&agrave;i nh\u1eb5n, th&iacute;ch h\u1ee3p trang tr&iacute; n\u1ed9i th\u1ea5t, s&acirc;n v\u01b0\u1eddn nh&agrave; ri&ecirc;ng, v\u0103n ph&ograve;ng, kh&aacute;ch s\u1ea1n, khu ngh\u1ec9 m&aacute;t&#8230;<\/span><\/p>\n<div style=\"text-align: justify;\">\n\t<span style=\"font-size:14px;\">T\u01b0\u01a1\u0323ng Ph&acirc;\u0323t trong t\u01b0 th&ecirc;\u0301 ng\u1ed3i khoanh ch&acirc;n, an t\u1ecda tr&ecirc;n t&ograve;a r\u0103\u0301n Naga co\u0301 7 \u0111&acirc;\u0300u cu&ocirc;\u0301n tha\u0300nh 3 vo\u0300ng. Ph&acirc;\u0323t \u0111&ecirc;\u0309 to\u0301c bu\u0301i cao, khu&ocirc;n m\u0103\u0323t b&acirc;\u0300u, m\u0103\u0301t x&ecirc;\u0301ch m\u01a1\u0309 to, l&ocirc;ng ma\u0300y ngang n&ocirc;\u0309i ro\u0303. Mi\u0300nh t\u01b0\u01a1\u0323ng \u0111&ecirc;\u0309 tr&acirc;\u0300n, 2 tay \u0111&ecirc;\u0309 ng\u01b0\u0309a \u0111\u0103\u0323t trong lo\u0300ng, gi\u01b0\u0303a lo\u0300ng ba\u0300n tay co\u0301 vo\u0300ng tro\u0300n s\u0103\u0301c kh&ocirc;ng. Tr&ecirc;n ng\u01b0\u0323c, hai c&ocirc;\u0309 tay va\u0300 b\u0103\u0301p tay cu\u0309a \u0110\u01b0\u0301c Ph&acirc;\u0323t co\u0301 \u0111eo trang s\u01b0\u0301c la\u0301 l&acirc;\u0323t va\u0300 hoa 4 ca\u0301nh. R\u0103\u0301n th&acirc;\u0300n Naga cu&ocirc;\u0323n tro\u0300n 3 vo\u0300ng, \u0111&ecirc;\u0309 mi\u0300nh v\u01b0\u01a1n ra sau ta\u0323o tha\u0300nh ta\u0301n phi\u0301a sau l\u01b0ng \u0110\u01b0\u0301c Ph&acirc;\u0323t. R\u0103\u0301n Naga co\u0301 7 \u0111&acirc;\u0300u, mi&ecirc;\u0323ng r&ocirc;\u0323ng, m\u0103\u0301t l&ocirc;\u0300i, th&acirc;n r\u0103\u0301n ta\u0323o ra nh\u01b0 v&acirc;\u0309y ca\u0301. Phi\u0301a sau to\u0300a r\u0103\u0301n Naga ta\u0323o nh\u01b0\u0303ng vo\u0300ng tro\u0300n hoa v\u0103n ca\u0301nh sen, ch&acirc;\u0301m tro\u0300n, hoa cu\u0301c. M\u0103\u0323t \u0110\u01b0\u0301c Ph&acirc;\u0323t co\u0301 khu&ocirc;n m\u0103\u0323t cu\u0309a th&acirc;\u0300n Shiva, \u0111&acirc;y cu\u0303ng chi\u0301nh la\u0300 m&ocirc;\u0323t trong nh\u01b0\u0303ng ho\u0301a phe\u0301p cu\u0309a th&acirc;\u0300n.<\/span><\/div>\n<div style=\"text-align: justify;\">\n\t&nbsp;<\/div>\n<div style=\"text-align: justify;\">\n\t<span style=\"font-size:14px;\">Hi\u0300nh t\u01b0\u01a1\u0323ng r\u0103\u0301n trong th&acirc;\u0300n thoa\u0323i &Acirc;\u0301n \u0110&ocirc;\u0323 \u0111\u01b0\u01a1\u0323c coi la\u0300 r\u0103\u0301n th&acirc;\u0300n. R\u0103\u0301n th&acirc;\u0300n Naga cu&ocirc;\u0323n khu\u0301c la\u0300m b&ecirc;\u0323 cho Ph&acirc;\u0323t ng&ocirc;\u0300i tu luy&ecirc;\u0323n v\u01b0\u01a1n ra che ch\u01a1\u0309 cho Ph&acirc;\u0323t Thi\u0301ch ca trong c\u01a1n gi&ocirc;ng t&ocirc;\u0301.<\/span><\/div>\n<div style=\"text-align: justify;\">\n\t&nbsp;<\/div>\n<table border=\"1\" cellpadding=\"0\" cellspacing=\"0\" style=\"width: 100%\" width=\"896\">\n<tbody>\n<tr>\n<td style=\"width:273px;\">\n<p>\n\t\t\t\t\t<span style=\"font-size:14px;\">1. K&iacute;ch th\u01b0\u1edbc:<\/span><\/p>\n<\/td>\n<td style=\"width:623px;\">\n<p>\n\t\t\t\t\t<span style=\"font-size:14px;\">T\u1eeb 80cm tr\u1edf l&ecirc;n theo y&ecirc;u c\u1ea7u ri&ecirc;ng c\u1ee7a qu&yacute; kh&aacute;ch<\/span><\/p>\n<\/td>\n<\/tr>\n<tr>\n<td style=\"width:273px;\">\n<p>\n\t\t\t\t\t<span style=\"font-size:14px;\">2. Nguy&ecirc;n v\u1eadt li\u1ec7u:<\/span><\/p>\n<\/td>\n<td style=\"width:623px;\">\n<p>\n\t\t\t\t\t<span style=\"font-size:14px;\">\u0110&aacute; sa th\u1ea1ch ho\u1eb7c c\u1ea9m th\u1ea1ch t\u1ef1 nhi&ecirc;n<\/span><\/p>\n<\/td>\n<\/tr>\n<tr>\n<td style=\"width:273px;\">\n<p>\n\t\t\t\t\t<span style=\"font-size:14px;\">3. M&agrave;u s\u1eafc:<\/span><\/p>\n<\/td>\n<td style=\"width:623px;\">\n<p>\n\t\t\t\t\t<span style=\"font-size:14px;\">X&aacute;m\/Tr\u1eafng\/\u0110en\/V&agrave;ng\/\u0110\u1ecf<\/span><\/p>\n<\/td>\n<\/tr>\n<tr>\n<td style=\"width:273px;\">\n<p>\n\t\t\t\t\t<span style=\"font-size:14px;\">4. K\u1ef9 thu\u1eadt:<\/span><\/p>\n<\/td>\n<td style=\"width:623px;\">\n<p>\n\t\t\t\t\t<span style=\"font-size:14px;\">\u0110i&ecirc;u kh\u1eafc b\u1eb1ng tay, b\u1ec1 m\u1eb7t bu nh&aacute;m ho\u1eb7c m&agrave;i nh\u1eb5n<\/span><\/p>\n<\/td>\n<\/tr>\n<tr>\n<td style=\"width:273px;\">\n<p>\n\t\t\t\t\t<span style=\"font-size:14px;\">5. C&aacute;ch s\u1eed d\u1ee5ng:<\/span><\/p>\n<\/td>\n<td style=\"width:623px;\">\n<p>\n\t\t\t\t\t<span style=\"font-size:14px;\">Trang tr&iacute; n\u1ed9i th\u1ea5t, ngo\u1ea1i th\u1ea5t, s&acirc;n v\u01b0\u1eddn cho nh&agrave; ri&ecirc;ng, v\u0103n ph&ograve;ng, kh&aacute;ch s\u1ea1n, nh&agrave; h&agrave;ng&#8230;<\/span><\/p>\n<\/td>\n<\/tr>\n<tr>\n<td style=\"width:273px;\">\n<p>\n\t\t\t\t\t<span style=\"font-size:14px;\">6. \u0110i\u1ec1u kho\u1ea3n mua b&aacute;n:<\/span><\/p>\n<\/td>\n<td style=\"width:623px;\">\n<p>\n\t\t\t\t\t<span style=\"font-size:14px;\">EXW, FOB, CFR, CIF, CPT, CIP t&ugrave;y theo y&ecirc;u c\u1ea7u ri&ecirc;ng c\u1ee7a b\u1ea1n&nbsp;<\/span><\/p>\n<\/td>\n<\/tr>\n<tr>\n<td style=\"width:273px;\">\n<p>\n\t\t\t\t\t<span style=\"font-size:14px;\">7. Ph\u01b0\u01a1ng th\u1ee9c thanh to&aacute;n: &nbsp;&nbsp;<\/span><\/p>\n<\/td>\n<td style=\"width:623px;\">\n<p>\n\t\t\t\t\t<span style=\"font-size:14px;\">Chuy\u1ec3n kho\u1ea3n, th\u1ebb t&iacute;n d\u1ee5ng trong n\u01b0\u1edbc v&agrave; qu\u1ed1c t\u1ebf, Western Union ho\u1eb7c L\/C&nbsp;tr\u1ea3 ngay<\/span><\/p>\n<\/td>\n<\/tr>\n<tr>\n<td style=\"width:273px;\">\n<p>\n\t\t\t\t\t<span style=\"font-size:14px;\">8. \u0110&oacute;ng g&oacute;i:<\/span><\/p>\n<\/td>\n<td style=\"width:623px;\">\n<p>\n\t\t\t\t\t<span style=\"font-size:14px;\">\u0110&oacute;ng trong ki\u1ec7n g\u1ed7 ch\u1eafc ch\u1eafn (c&oacute; ch&egrave;n carton, n&ecirc;m g\u1ed7 ho\u1eb7c x\u1ed1p b&ecirc;n trong) \u0111\u1ed1i v\u1edbi v\u1eadn chuy\u1ec3n \u0111\u01b0\u1eddng bi\u1ec3n ho\u1eb7c \u0111\u01b0\u1eddng b\u1ed9 v&agrave; trong th&ugrave;ng x\u1ed1p \u0111\u1eb7c \u0111\u1ed1i v\u1edbi v\u1eadn chuy\u1ec3n h&agrave;ng kh&ocirc;ng<\/span><\/p>\n<\/td>\n<\/tr>\n<tr>\n<td style=\"width:273px;\">\n<p>\n\t\t\t\t\t<span style=\"font-size:14px;\">9. Th\u1eddi h\u1ea1n giao h&agrave;ng:<\/span><\/p>\n<\/td>\n<td style=\"width:623px;\">\n<p>\n\t\t\t\t\t<span style=\"font-size:14px;\">20 &#8211; 40 ng&agrave;y sau khi nh\u1eadn \u0111\u01b0\u1ee3c ti\u1ec1n \u0111\u1eb7t c\u1ecdc t&ugrave;y theo t\u1eebng \u0111\u01a1n h&agrave;ng c\u1ee5 th\u1ec3<\/span><\/p>\n<\/td>\n<\/tr>\n<\/tbody>\n<\/table>\n<p style=\"text-align: justify;\">\n\t<span style=\"font-size: 14px; text-align: justify;\">M\u1eddi qu&yacute; kh&aacute;ch gh&eacute; xem b\u1ed9 s\u01b0u t\u1eadp \u0111a d\u1ea1ng c&aacute;c lo\u1ea1i&nbsp;t\u01b0\u1ee3ng \u0111i&ecirc;u kh\u1eafc ngh\u1ec7 thu\u1eadt Ch&agrave;m&nbsp;b\u1eb1ng \u0111&aacute; t\u1ef1 nhi&ecirc;n c\u1ee7a Qu\u1ef9 \u0110i&ecirc;u kh\u1eafc \u0110&agrave; N\u1eb5ng t\u1ea1i&nbsp;<\/span><u style=\"font-size: 14px; text-align: justify;\"><strong><a href=\"http:\/\/danangsculpture.com\/vn\/product-cat\/14-tuong-cham\/\"><span style=\"color: rgb(255, 140, 0);\">DanangSculpture.com<\/span><\/a><a href=\"http:\/\/danangsculpture.com\/vn\/product-cat\/20-ban-ghe\/\"><span style=\"color: rgb(255, 140, 0);\">.<\/span><\/a><\/strong><\/u><\/p>\n","protected":false},"excerpt":{"rendered":"<p>T\u01b0\u1ee3ng Ph\u1eadt ng\u1ed3i trong t\u00f2a r\u1eafn Naga \u0111\u01b0\u1ee3c \u0111i\u00eau kh\u1eafc tinh t\u1ebf t\u1eeb \u0111\u00e1 sa th\u1ea1ch x\u00e1m t\u1ef1 nhi\u00ean, th\u00edch h\u1ee3p trang tr\u00ed n\u1ed9i th\u1ea5t, s\u00e2n v\u01b0\u1eddn nh\u00e0 ri\u00eang, v\u0103n ph\u00f2ng, kh\u00e1ch s\u1ea1n, khu ngh\u1ec9 m\u00e1t&#8230; M\u1eddi qu\u00fd kh\u00e1ch gh\u00e9 DanangSculpture.com<\/p>\n","protected":false},"featured_media":2476,"comment_status":"open","ping_status":"closed","template":"","meta":[],"product_cat":[119],"product_tag":[],"class_list":["post-2426","product","type-product","status-publish","has-post-thumbnail","hentry","product_cat-champa-and-hindu-statues"],"yoast_head":"<!-- This site is optimized with the Yoast SEO plugin v16.6.1 - https:\/\/yoast.com\/wordpress\/plugins\/seo\/ -->\n<title>T\u01b0\u01a1\u0323ng Ph\u00e2\u0323t ng\u00f4\u0300i trong to\u0300a r\u0103\u0301n Naga DSF-CP15 - Danang Sculpture Foundation<\/title>\n<meta name=\"robots\" content=\"index, follow, max-snippet:-1, max-image-preview:large, max-video-preview:-1\" \/>\n<link rel=\"canonical\" href=\"https:\/\/danangsculpture.com.vn\/product\/enbuddha-sitting-on-naga-snake-cham-hindu-stone-statue-dsf-cp15vituo\u0323ng-pha\u0323t-ngoi-trong-toa-ran-naga-dsf-cp15\/\" \/>\n<meta property=\"og:locale\" content=\"vi_VN\" \/>\n<meta property=\"og:type\" content=\"article\" \/>\n<meta property=\"og:title\" content=\"T\u01b0\u01a1\u0323ng Ph\u00e2\u0323t ng\u00f4\u0300i trong to\u0300a r\u0103\u0301n Naga DSF-CP15\" \/>\n<meta property=\"og:description\" content=\"T\u01b0\u1ee3ng Ph\u1eadt ng\u1ed3i trong t\u00f2a r\u1eafn Naga \u0111\u01b0\u1ee3c \u0111i\u00eau kh\u1eafc tinh t\u1ebf t\u1eeb \u0111\u00e1 sa th\u1ea1ch x\u00e1m t\u1ef1 nhi\u00ean, th\u00edch h\u1ee3p trang tr\u00ed n\u1ed9i th\u1ea5t, s\u00e2n v\u01b0\u1eddn nh\u00e0 ri\u00eang, v\u0103n ph\u00f2ng, kh\u00e1ch s\u1ea1n, khu ngh\u1ec9 m\u00e1t... M\u1eddi qu\u00fd kh\u00e1ch gh\u00e9 DanangSculpture.com\" \/>\n<meta property=\"og:url\" content=\"https:\/\/danangsculpture.com.vn\/product\/enbuddha-sitting-on-naga-snake-cham-hindu-stone-statue-dsf-cp15vituo\u0323ng-pha\u0323t-ngoi-trong-toa-ran-naga-dsf-cp15\/\" \/>\n<meta property=\"og:site_name\" content=\"Danang Sculpture Foundation\" \/>\n<meta property=\"article:modified_time\" content=\"2021-06-14T07:01:30+00:00\" \/>\n<meta property=\"og:image\" content=\"https:\/\/danangsculpture.com.vn\/wp-content\/uploads\/2021\/06\/1503048571.jpg\" \/>\n\t<meta property=\"og:image:width\" content=\"450\" \/>\n\t<meta property=\"og:image:height\" content=\"600\" \/>\n<meta name=\"twitter:card\" content=\"summary_large_image\" \/>\n<meta name=\"twitter:label1\" content=\"\u01af\u1edbc t\u00ednh th\u1eddi gian \u0111\u1ecdc\" \/>\n\t<meta name=\"twitter:data1\" content=\"14 ph\u00fat\" \/>\n<script type=\"application\/ld+json\" class=\"yoast-schema-graph\">{\"@context\":\"https:\/\/schema.org\",\"@graph\":[{\"@type\":\"WebSite\",\"@id\":\"https:\/\/danangsculpture.com.vn\/#website\",\"url\":\"https:\/\/danangsculpture.com.vn\/\",\"name\":\"Danang Sculpture Foundation\",\"description\":\"Giving spirit to stones\",\"potentialAction\":[{\"@type\":\"SearchAction\",\"target\":{\"@type\":\"EntryPoint\",\"urlTemplate\":\"https:\/\/danangsculpture.com.vn\/?s={search_term_string}\"},\"query-input\":\"required name=search_term_string\"}],\"inLanguage\":\"vi\"},{\"@type\":\"ImageObject\",\"@id\":\"https:\/\/danangsculpture.com.vn\/product\/enbuddha-sitting-on-naga-snake-cham-hindu-stone-statue-dsf-cp15vituo%cc%a3ng-pha%cc%a3t-ngoi-trong-toa-ran-naga-dsf-cp15\/#primaryimage\",\"inLanguage\":\"vi\",\"url\":\"https:\/\/danangsculpture.com.vn\/wp-content\/uploads\/2021\/06\/1503048571.jpg\",\"contentUrl\":\"https:\/\/danangsculpture.com.vn\/wp-content\/uploads\/2021\/06\/1503048571.jpg\",\"width\":450,\"height\":600},{\"@type\":\"WebPage\",\"@id\":\"https:\/\/danangsculpture.com.vn\/product\/enbuddha-sitting-on-naga-snake-cham-hindu-stone-statue-dsf-cp15vituo%cc%a3ng-pha%cc%a3t-ngoi-trong-toa-ran-naga-dsf-cp15\/#webpage\",\"url\":\"https:\/\/danangsculpture.com.vn\/product\/enbuddha-sitting-on-naga-snake-cham-hindu-stone-statue-dsf-cp15vituo%cc%a3ng-pha%cc%a3t-ngoi-trong-toa-ran-naga-dsf-cp15\/\",\"name\":\"[:en]Buddha Sitting on Naga Snake Cham Hindu Stone Statue DSF-CP15[:vi]T\\u01b0\\u01a1\\u0323ng Ph\\u00e2\\u0323t ng\\u00f4\\u0300i trong to\\u0300a r\\u0103\\u0301n Naga DSF-CP15[:] - Danang Sculpture Foundation\",\"isPartOf\":{\"@id\":\"https:\/\/danangsculpture.com.vn\/#website\"},\"primaryImageOfPage\":{\"@id\":\"https:\/\/danangsculpture.com.vn\/product\/enbuddha-sitting-on-naga-snake-cham-hindu-stone-statue-dsf-cp15vituo%cc%a3ng-pha%cc%a3t-ngoi-trong-toa-ran-naga-dsf-cp15\/#primaryimage\"},\"datePublished\":\"2021-06-14T06:55:50+00:00\",\"dateModified\":\"2021-06-14T07:01:30+00:00\",\"breadcrumb\":{\"@id\":\"https:\/\/danangsculpture.com.vn\/product\/enbuddha-sitting-on-naga-snake-cham-hindu-stone-statue-dsf-cp15vituo%cc%a3ng-pha%cc%a3t-ngoi-trong-toa-ran-naga-dsf-cp15\/#breadcrumb\"},\"inLanguage\":\"vi\",\"potentialAction\":[{\"@type\":\"ReadAction\",\"target\":[\"https:\/\/danangsculpture.com.vn\/product\/enbuddha-sitting-on-naga-snake-cham-hindu-stone-statue-dsf-cp15vituo%cc%a3ng-pha%cc%a3t-ngoi-trong-toa-ran-naga-dsf-cp15\/\"]}]},{\"@type\":\"BreadcrumbList\",\"@id\":\"https:\/\/danangsculpture.com.vn\/product\/enbuddha-sitting-on-naga-snake-cham-hindu-stone-statue-dsf-cp15vituo%cc%a3ng-pha%cc%a3t-ngoi-trong-toa-ran-naga-dsf-cp15\/#breadcrumb\",\"itemListElement\":[{\"@type\":\"ListItem\",\"position\":1,\"name\":\"Home\",\"item\":\"https:\/\/danangsculpture.com.vn\/\"},{\"@type\":\"ListItem\",\"position\":2,\"name\":\"Shop\",\"item\":\"https:\/\/danangsculpture.com.vn\/shop\/\"},{\"@type\":\"ListItem\",\"position\":3,\"name\":\"Buddha Sitting on Naga Snake Cham Hindu Stone Statue DSF-CP15\"}]}]}<\/script>\n<!-- \/ Yoast SEO plugin. -->","_links":{"self":[{"href":"https:\/\/danangsculpture.com.vn\/vi\/wp-json\/wp\/v2\/product\/2426","targetHints":{"allow":["GET"]}}],"collection":[{"href":"https:\/\/danangsculpture.com.vn\/vi\/wp-json\/wp\/v2\/product"}],"about":[{"href":"https:\/\/danangsculpture.com.vn\/vi\/wp-json\/wp\/v2\/types\/product"}],"replies":[{"embeddable":true,"href":"https:\/\/danangsculpture.com.vn\/vi\/wp-json\/wp\/v2\/comments?post=2426"}],"wp:featuredmedia":[{"embeddable":true,"href":"https:\/\/danangsculpture.com.vn\/vi\/wp-json\/wp\/v2\/media\/2476"}],"wp:attachment":[{"href":"https:\/\/danangsculpture.com.vn\/vi\/wp-json\/wp\/v2\/media?parent=2426"}],"wp:term":[{"taxonomy":"product_cat","embeddable":true,"href":"https:\/\/danangsculpture.com.vn\/vi\/wp-json\/wp\/v2\/product_cat?post=2426"},{"taxonomy":"product_tag","embeddable":true,"href":"https:\/\/danangsculpture.com.vn\/vi\/wp-json\/wp\/v2\/product_tag?post=2426"}],"curies":[{"name":"wp","href":"https:\/\/api.w.org\/{rel}","templated":true}]}}