{"id":2502,"date":"2021-06-14T14:04:49","date_gmt":"2021-06-14T07:04:49","guid":{"rendered":"http:\/\/wordpress.dsp.vn\/?post_type=product&#038;p=2502"},"modified":"2021-08-04T16:04:43","modified_gmt":"2021-08-04T09:04:43","slug":"enbernini-apollo-and-daphne-famous-marble-statue-dsf-cd02vituong-co-dien-apollo-va-daphne-cua-bernini-dsf-cd02","status":"publish","type":"product","link":"https:\/\/danangsculpture.com.vn\/vi\/product\/enbernini-apollo-and-daphne-famous-marble-statue-dsf-cd02vituong-co-dien-apollo-va-daphne-cua-bernini-dsf-cd02\/","title":{"rendered":"T\u01b0\u1ee3ng c\u1ed5 \u0111i\u1ec3n Apollo v\u00e0 Daphne c\u1ee7a Bernini DSF-CD02"},"content":{"rendered":"<div class=\"mod\" data-md=\"1001\" data-ved=\"0ahUKEwjy67ab_afRAhUBxZQKHc3MANoQkCkI2gEoCDAr\" style=\"clear: none; padding-left: 15px; padding-right: 15px; line-height: 1.24; font-family: arial, sans-serif; font-size: 13px;\">\n<div class=\"_eFb\">\n<div class=\"mod\" data-md=\"1001\" data-ved=\"0ahUKEwjy67ab_afRAhUBxZQKHc3MANoQkCkI2gEoCDAr\" style=\"clear: none; padding-left: 15px; padding-right: 15px; line-height: 1.24;\">\n<div class=\"_eFb\">\n<div class=\"mod\" data-md=\"1001\" data-ved=\"0ahUKEwjy67ab_afRAhUBxZQKHc3MANoQkCkI2gEoCDAr\" style=\"clear: none; padding-left: 15px; padding-right: 15px; line-height: 1.24;\">\n<div class=\"_eFb\">\n<div class=\"mod\" data-md=\"1001\" data-ved=\"0ahUKEwjy67ab_afRAhUBxZQKHc3MANoQkCkI2gEoCDAr\" style=\"clear: none; padding-left: 15px; padding-right: 15px; line-height: 1.24;\">\n<div class=\"_eFb\">\n<p style=\"text-align: justify;\">\n\t\t\t\t\t\t\t\t\t<span style=\"font-size:14px;\"><span style=\"font-family:arial,helvetica,sans-serif;\">B\u1ea3n sao t\u01b0\u1ee3ng Apollo v&agrave; Daphne c\u1ee7a Bernini \u0111\u01b0\u1ee3c \u0111i&ecirc;u kh\u1eafc b\u1eb1ng tay h\u1ebft s\u1ee9c tinh t\u1ebf t\u1eeb \u0111&aacute; c\u1ea9m th\u1ea1ch tr\u1eafng t\u1ef1 nhi&ecirc;n b\u1edfi nh\u1eefng th\u1ee3 \u0111i&ecirc;u kh\u1eafc h&agrave;ng \u0111\u1ea7u c\u1ee7a ch&uacute;ng t&ocirc;i. B\u1ee9c t\u01b0\u1ee3ng s\u1ebd \u0111em \u0111\u1ebfn n&eacute;t duy&ecirc;n d&aacute;ng c\u1ed5 \u0111i\u1ec3n, sang tr\u1ecdng cho ng&ocirc;i nh&agrave; c\u1ee7a b\u1ea1n, khu v\u01b0\u1eddn, bi\u1ec7t th\u1ef1, c&aacute;c t&ograve;a nh&agrave;, kh&aacute;ch s\u1ea1n ho\u1eb7c khu ngh\u1ec9 m&aacute;t.<\/span><\/span><\/p>\n<p style=\"text-align: justify;\">\n\t\t\t\t\t\t\t\t\t<span style=\"font-size:14px;\"><span style=\"font-family:arial,helvetica,sans-serif;\">&quot;Apollo v&agrave; Daphne&quot; l&agrave; m\u1ed9t trong nh\u1eefng t&aacute;c ph\u1ea9m \u0111i&ecirc;u kh\u1eafc b\u1eb1ng \u0111&aacute; c\u1ea9m th\u1ea1ch n\u1ed5i ti\u1ebfng nh\u1ea5t c\u1ee7a ngh\u1ec7 s\u0129 ng\u01b0\u1eddi &Yacute; Gian Lorenzo Bernini, \u0111\u01b0\u1ee3c th\u1ef1c hi\u1ec7n t\u1eeb n\u0103m 1622 \u0111\u1ebfn n\u0103m 1625. Phi&ecirc;n b\u1ea3n g\u1ed1c \u0111\u01b0\u1ee3c \u0111\u1eb7t t\u1ea1i Galleria Borghese \u1edf Rome, Italy.<\/span><\/span><\/p>\n<p style=\"text-align: justify;\">\n\t\t\t\t\t\t\t\t\t<span style=\"font-size:14px;\"><span style=\"font-family:arial,helvetica,sans-serif;\">Daphne \u0111ang b\u1ecb theo \u0111u\u1ed5i m&atilde;nh li\u1ec7t b\u1edfi Apollo, v&agrave; ngay khi n\u1eef th\u1ea7n h\u1ebft s\u1ee9c m\u1ea1nh, n&agrave;ng kh&oacute;c v\u1edbi cha m&igrave;nh l&agrave; th\u1ea7n s&ocirc;ng, c\u1ea7u xin cha thay \u0111\u1ed5i h&igrave;nh d\u1ea1ng c\u1ee7a m&igrave;nh \u0111\u1ec3 ch\u1ea5m d\u1ee9t s\u1ef1 m&ecirc; m\u1ec7t c\u1ee7a Apollo v&igrave; s\u1ee9c \u0111\u1eb9p c\u1ee7a n&agrave;ng. Sau \u0111&oacute;, n&agrave;ng \u0111\u01b0\u1ee3c bi\u1ebfn th&agrave;nh m\u1ed9t c&acirc;y nguy\u1ec7t qu\u1ebf \u0111\u1ec3 tho&aacute;t s\u1ef1 theo \u0111u\u1ed5i c\u1ee7a Apollo.<\/span><\/span><\/p>\n<p style=\"text-align: justify;\">\n\t\t\t\t\t\t\t\t\t<span style=\"font-size:14px;\"><span style=\"font-family:arial,helvetica,sans-serif;\"><span style=\"text-align: justify;\">B\u1ee9c t\u01b0\u1ee3ng Apollo v&agrave; Daphne m&ocirc; t\u1ea3 c\u1ea3nh Apollo \u0111&atilde; b\u1eaft k\u1ecbp Daphne v&agrave; v&ograve;ng tay quanh eo c&ocirc;. Ngay khi Apollo ch\u1ea1m v&agrave;o Daphne, c\u01a1 th\u1ec3 n&agrave;ng b\u1eaft \u0111\u1ea7u bi\u1ebfn th&agrave;nh m\u1ed9t c&aacute;i c&acirc;y. S\u1ef1 ph\u1ea5n kh&iacute;ch c\u1ee7a ch&agrave;ng b\u1ecb ph&aacute; v\u1ee1 b\u1edfi c&uacute; s\u1ed1c khi Apollo th\u1ea5y ng\u01b0\u1eddi ch&agrave;ng y&ecirc;u bi\u1ebfn th&agrave;nh m\u1ed9t c&aacute;i c&acirc;y.&nbsp;<\/span><\/span><\/span><\/p>\n<table border=\"1\" cellpadding=\"0\" cellspacing=\"0\" style=\"width: 100%\" width=\"784\">\n<tbody>\n<tr>\n<td style=\"width: 161px;\">\n<p>\n\t\t\t\t\t\t\t\t\t\t\t\t\t<span style=\"font-size: 14px;\">1. K&iacute;ch th\u01b0\u1edbc:<\/span><\/p>\n<\/td>\n<td style=\"width: 624px;\">\n<p>\n\t\t\t\t\t\t\t\t\t\t\t\t\t<span style=\"font-size: 14px;\">T\u1eeb 140cm tr\u1edf l&ecirc;n theo y&ecirc;u c\u1ea7u ri&ecirc;ng c\u1ee7a b\u1ea1n<\/span><\/p>\n<\/td>\n<\/tr>\n<tr>\n<td style=\"width: 161px;\">\n<p>\n\t\t\t\t\t\t\t\t\t\t\t\t\t<span style=\"font-size: 14px;\">2. Nguy&ecirc;n v\u1eadt li\u1ec7u:<\/span><\/p>\n<\/td>\n<td style=\"width: 624px;\">\n<p>\n\t\t\t\t\t\t\t\t\t\t\t\t\t<span style=\"font-size: 14px;\">\u0110&aacute; c\u1ea9m th\u1ea1ch, sa th\u1ea1ch ho\u1eb7c \u0111&aacute; granite t\u1ef1 nhi&ecirc;n&nbsp;<\/span><\/p>\n<\/td>\n<\/tr>\n<tr>\n<td style=\"width: 161px;\">\n<p>\n\t\t\t\t\t\t\t\t\t\t\t\t\t<span style=\"font-size: 14px;\">3. M&agrave;u s\u1eafc:<\/span><\/p>\n<\/td>\n<td style=\"width: 624px;\">\n<p>\n\t\t\t\t\t\t\t\t\t\t\t\t\t<span style=\"font-size: 14px;\">Tr\u1eafng\/V&agrave;ng\/\u0110en\/X&aacute;m\/H\u1ed3ng\/\u0110\u1ecf&hellip; theo y&ecirc;u c\u1ea7u ri&ecirc;ng c\u1ee7a b\u1ea1n&nbsp;<\/span><\/p>\n<\/td>\n<\/tr>\n<tr>\n<td style=\"width: 161px;\">\n<p>\n\t\t\t\t\t\t\t\t\t\t\t\t\t<span style=\"font-size: 14px;\">4. K\u1ef9 thu\u1eadt:<\/span><\/p>\n<\/td>\n<td style=\"width: 624px;\">\n<p>\n\t\t\t\t\t\t\t\t\t\t\t\t\t<span style=\"font-size: 14px;\">\u0110i&ecirc;u kh\u1eafc b\u1eb1ng tay, b\u1ec1 m\u1eb7t trong \u0111&aacute;nh b&oacute;ng, b\u1ec1 m\u1eb7t ngo&agrave;i \u0111&aacute;nh b&oacute;ng ho\u1eb7c m&agrave;i nh\u1eb5n ho\u1eb7c bu nh&aacute;m<\/span><\/p>\n<\/td>\n<\/tr>\n<tr>\n<td style=\"width: 161px;\">\n<p>\n\t\t\t\t\t\t\t\t\t\t\t\t\t<span style=\"font-size: 14px;\">5. Phong c&aacute;ch:<\/span><\/p>\n<\/td>\n<td style=\"width: 624px;\">\n<p>\n\t\t\t\t\t\t\t\t\t\t\t\t\t<span style=\"font-size: 14px;\">C\u1ed5 \u0111i\u1ec3n Ch&acirc;u &Acirc;u<\/span><\/p>\n<\/td>\n<\/tr>\n<tr>\n<td style=\"width: 161px;\">\n<p>\n\t\t\t\t\t\t\t\t\t\t\t\t\t<span style=\"font-size: 14px;\">6. C&aacute;ch s\u1eed d\u1ee5ng:<\/span><\/p>\n<\/td>\n<td style=\"width: 624px;\">\n<p>\n\t\t\t\t\t\t\t\t\t\t\t\t\t<span style=\"font-size: 14px;\">Trang tr&iacute; n\u1ed9i th\u1ea5t ho\u1eb7c s&acirc;n v\u01b0\u1eddn nh&agrave; ri&ecirc;ng, bi\u1ec7t th\u1ef1, kh&aacute;ch s\u1ea1n, khu ngh\u1ec9 m&aacute;t&#8230;<\/span><\/p>\n<\/td>\n<\/tr>\n<tr>\n<td style=\"width: 161px;\">\n<p>\n\t\t\t\t\t\t\t\t\t\t\t\t\t<span style=\"font-size: 14px;\">7. \u0110i\u1ec1u kho\u1ea3n mua b&aacute;n:<\/span><\/p>\n<\/td>\n<td style=\"width: 624px;\">\n<p>\n\t\t\t\t\t\t\t\t\t\t\t\t\t<span style=\"font-size: 14px;\">EXW, FOB, CFR, CIF, CPT, CIP t&ugrave;y theo y&ecirc;u c\u1ea7u ri&ecirc;ng c\u1ee7a b\u1ea1n&nbsp;<\/span><\/p>\n<\/td>\n<\/tr>\n<tr>\n<td style=\"width: 161px;\">\n<p>\n\t\t\t\t\t\t\t\t\t\t\t\t\t<span style=\"font-size: 14px;\">8. Ph\u01b0\u01a1ng th\u1ee9c thanh to&aacute;n: &nbsp;&nbsp;<\/span><\/p>\n<\/td>\n<td style=\"width: 624px;\">\n<p>\n\t\t\t\t\t\t\t\t\t\t\t\t\t<span style=\"font-size: 14px;\">Chuy\u1ec3n kho\u1ea3n, th\u1ebb t&iacute;n d\u1ee5ng trong n\u01b0\u1edbc v&agrave; qu\u1ed1c t\u1ebf, Western Union ho\u1eb7c L\/C&nbsp;tr\u1ea3 ngay<\/span><\/p>\n<\/td>\n<\/tr>\n<tr>\n<td style=\"width: 161px;\">\n<p>\n\t\t\t\t\t\t\t\t\t\t\t\t\t<span style=\"font-size: 14px;\">9. \u0110&oacute;ng g&oacute;i:<\/span><\/p>\n<\/td>\n<td style=\"width: 624px;\">\n<p>\n\t\t\t\t\t\t\t\t\t\t\t\t\t<span style=\"font-size: 14px;\">\u0110&oacute;ng trong ki\u1ec7n g\u1ed7 ch\u1eafc ch\u1eafn (c&oacute; ch&egrave;n carton, n&ecirc;m g\u1ed7 ho\u1eb7c x\u1ed1p b&ecirc;n trong) \u0111\u1ed1i v\u1edbi v\u1eadn chuy\u1ec3n \u0111\u01b0\u1eddng bi\u1ec3n ho\u1eb7c \u0111\u01b0\u1eddng b\u1ed9 v&agrave; trong th&ugrave;ng x\u1ed1p \u0111\u1eb7c \u0111\u1ed1i v\u1edbi v\u1eadn chuy\u1ec3n h&agrave;ng kh&ocirc;ng<\/span><\/p>\n<\/td>\n<\/tr>\n<tr>\n<td style=\"width: 161px;\">\n<p>\n\t\t\t\t\t\t\t\t\t\t\t\t\t<span style=\"font-size: 14px;\">10. Th\u1eddi h\u1ea1n giao h&agrave;ng:<\/span><\/p>\n<\/td>\n<td style=\"width: 624px;\">\n<p>\n\t\t\t\t\t\t\t\t\t\t\t\t\t<span style=\"font-size: 14px;\">30-45 ng&agrave;y sau khi nh\u1eadn \u0111\u01b0\u1ee3c ti\u1ec1n \u0111\u1eb7t c\u1ecdc t&ugrave;y theo t\u1eebng \u0111\u01a1n h&agrave;ng c\u1ee5 th\u1ec3<\/span><\/p>\n<div>\n\t\t\t\t\t\t\t\t\t\t\t\t\t&nbsp;<\/div>\n<\/td>\n<\/tr>\n<\/tbody>\n<\/table><\/div>\n<\/p><\/div>\n<p style=\"text-align: justify;\">\n\t\t\t\t\t\t\t<span style=\"font-size: 14px;\">M\u1eddi b\u1ea1n xem th&ecirc;m nhi\u1ec1u&nbsp;lo\u1ea1i t\u01b0\u1ee3ng \u0111i&ecirc;u kh\u1eafc c\u1ed5 \u0111i\u1ec3n theo phong c&aacute;ch Hy L\u1ea1p, La M&atilde; c\u1ed5 \u0111\u1ea1i, t\u01b0\u1ee3ng sao ch&eacute;p c&aacute;c t&aacute;c ph\u1ea9m \u0111i&ecirc;u kh\u1eafc n\u1ed5i ti\u1ebfng th\u1ebf gi\u1edbi&nbsp;b\u1eb1ng \u0111&aacute; t\u1ef1 nhi&ecirc;n kh&aacute;c t\u1ea1i&nbsp;<u><strong><a href=\"http:\/\/danangsculpture.com\/vn\/product-cat\/12-tuong-co-dien\/\"><span style=\"color: rgb(255, 140, 0);\">DanangSculpture.com<\/span><\/a><a href=\"http:\/\/danangsculpture.com\/vn\/product-cat\/20-ban-ghe\/\">.<\/a><\/strong><\/u><\/span><\/p>\n<div>\n\t\t\t\t\t\t\t<br \/>\n\t\t\t\t\t\t\t&nbsp;<\/div>\n<\/p><\/div>\n<\/p><\/div>\n<\/p><\/div>\n<\/p><\/div>\n<\/p><\/div>\n<\/div>\n<p>\n\t&nbsp;<\/p>\n","protected":false},"excerpt":{"rendered":"<p>B\u1ea3n sao t\u01b0\u1ee3ng Apollo v\u00e0 Daphne c\u1ee7a Bernini \u0111\u01b0\u1ee3c \u0111i\u00eau kh\u1eafc b\u1eb1ng tay h\u1ebft s\u1ee9c tinh t\u1ebf t\u1eeb \u0111\u00e1 c\u1ea9m th\u1ea1ch tr\u1eafng t\u1ef1 nhi\u00ean b\u1edfi nh\u1eefng th\u1ee3 \u0111i\u00eau kh\u1eafc h\u00e0ng \u0111\u1ea7u c\u1ee7a ch\u00fang t\u00f4i. B\u1ee9c t\u01b0\u1ee3ng s\u1ebd \u0111em \u0111\u1ebfn n\u00e9t duy\u00ean d\u00e1ng c\u1ed5 \u0111i\u1ec3n, sang tr\u1ecdng cho ng\u00f4i nh\u00e0 c\u1ee7a b\u1ea1n, khu v\u01b0\u1eddn, bi\u1ec7t<\/p>\n","protected":false},"featured_media":2562,"comment_status":"open","ping_status":"closed","template":"","meta":[],"product_cat":[63],"product_tag":[],"class_list":["post-2502","product","type-product","status-publish","has-post-thumbnail","hentry","product_cat-ancient-statues-and-famous-artworks"],"yoast_head":"<!-- This site is optimized with the Yoast SEO plugin v16.6.1 - https:\/\/yoast.com\/wordpress\/plugins\/seo\/ -->\n<title>T\u01b0\u1ee3ng c\u1ed5 \u0111i\u1ec3n Apollo v\u00e0 Daphne c\u1ee7a Bernini DSF-CD02 - Danang Sculpture Foundation<\/title>\n<meta name=\"robots\" content=\"index, follow, max-snippet:-1, max-image-preview:large, max-video-preview:-1\" \/>\n<link rel=\"canonical\" href=\"https:\/\/danangsculpture.com.vn\/vi\/product\/enbernini-apollo-and-daphne-famous-marble-statue-dsf-cd02vituong-co-dien-apollo-va-daphne-cua-bernini-dsf-cd02\/\" \/>\n<meta property=\"og:locale\" content=\"vi_VN\" \/>\n<meta property=\"og:type\" content=\"article\" \/>\n<meta property=\"og:title\" content=\"T\u01b0\u1ee3ng c\u1ed5 \u0111i\u1ec3n Apollo v\u00e0 Daphne c\u1ee7a Bernini DSF-CD02\" \/>\n<meta property=\"og:description\" content=\"B\u1ea3n sao t\u01b0\u1ee3ng Apollo v\u00e0 Daphne c\u1ee7a Bernini \u0111\u01b0\u1ee3c \u0111i\u00eau kh\u1eafc b\u1eb1ng tay h\u1ebft s\u1ee9c tinh t\u1ebf t\u1eeb \u0111\u00e1 c\u1ea9m th\u1ea1ch tr\u1eafng t\u1ef1 nhi\u00ean b\u1edfi nh\u1eefng th\u1ee3 \u0111i\u00eau kh\u1eafc h\u00e0ng \u0111\u1ea7u c\u1ee7a ch\u00fang t\u00f4i. B\u1ee9c t\u01b0\u1ee3ng s\u1ebd \u0111em \u0111\u1ebfn n\u00e9t duy\u00ean d\u00e1ng c\u1ed5 \u0111i\u1ec3n, sang tr\u1ecdng cho ng\u00f4i nh\u00e0 c\u1ee7a b\u1ea1n, khu v\u01b0\u1eddn, bi\u1ec7t\" \/>\n<meta property=\"og:url\" content=\"https:\/\/danangsculpture.com.vn\/vi\/product\/enbernini-apollo-and-daphne-famous-marble-statue-dsf-cd02vituong-co-dien-apollo-va-daphne-cua-bernini-dsf-cd02\/\" \/>\n<meta property=\"og:site_name\" content=\"Danang Sculpture Foundation\" \/>\n<meta property=\"article:modified_time\" content=\"2021-08-04T09:04:43+00:00\" \/>\n<meta property=\"og:image\" content=\"http:\/\/danangsculpture.com.vn\/wp-content\/uploads\/2021\/06\/1541058599.jpg\" \/>\n\t<meta property=\"og:image:width\" content=\"450\" \/>\n\t<meta property=\"og:image:height\" content=\"641\" \/>\n<meta name=\"twitter:card\" content=\"summary_large_image\" \/>\n<meta name=\"twitter:label1\" content=\"\u01af\u1edbc t\u00ednh th\u1eddi gian \u0111\u1ecdc\" \/>\n\t<meta name=\"twitter:data1\" content=\"17 ph\u00fat\" \/>\n<script type=\"application\/ld+json\" class=\"yoast-schema-graph\">{\"@context\":\"https:\/\/schema.org\",\"@graph\":[{\"@type\":\"WebSite\",\"@id\":\"https:\/\/www.danangsculpture.com.vn\/#website\",\"url\":\"https:\/\/www.danangsculpture.com.vn\/\",\"name\":\"Danang Sculpture Foundation\",\"description\":\"Giving spirit to stones\",\"potentialAction\":[{\"@type\":\"SearchAction\",\"target\":{\"@type\":\"EntryPoint\",\"urlTemplate\":\"https:\/\/www.danangsculpture.com.vn\/?s={search_term_string}\"},\"query-input\":\"required name=search_term_string\"}],\"inLanguage\":\"vi\"},{\"@type\":\"ImageObject\",\"@id\":\"https:\/\/danangsculpture.com.vn\/vi\/product\/enbernini-apollo-and-daphne-famous-marble-statue-dsf-cd02vituong-co-dien-apollo-va-daphne-cua-bernini-dsf-cd02\/#primaryimage\",\"inLanguage\":\"vi\",\"url\":\"https:\/\/danangsculpture.com.vn\/wp-content\/uploads\/2021\/06\/1541058599.jpg\",\"contentUrl\":\"https:\/\/danangsculpture.com.vn\/wp-content\/uploads\/2021\/06\/1541058599.jpg\",\"width\":450,\"height\":641},{\"@type\":\"WebPage\",\"@id\":\"https:\/\/danangsculpture.com.vn\/vi\/product\/enbernini-apollo-and-daphne-famous-marble-statue-dsf-cd02vituong-co-dien-apollo-va-daphne-cua-bernini-dsf-cd02\/#webpage\",\"url\":\"https:\/\/danangsculpture.com.vn\/vi\/product\/enbernini-apollo-and-daphne-famous-marble-statue-dsf-cd02vituong-co-dien-apollo-va-daphne-cua-bernini-dsf-cd02\/\",\"name\":\"[:en]Bernini Apollo and Daphne famous marble statue DSF-CD02[:vi]T\\u01b0\\u1ee3ng c\\u1ed5 \\u0111i\\u1ec3n Apollo v\\u00e0 Daphne c\\u1ee7a Bernini DSF-CD02[:] - Danang Sculpture Foundation\",\"isPartOf\":{\"@id\":\"https:\/\/www.danangsculpture.com.vn\/#website\"},\"primaryImageOfPage\":{\"@id\":\"https:\/\/danangsculpture.com.vn\/vi\/product\/enbernini-apollo-and-daphne-famous-marble-statue-dsf-cd02vituong-co-dien-apollo-va-daphne-cua-bernini-dsf-cd02\/#primaryimage\"},\"datePublished\":\"2021-06-14T07:04:49+00:00\",\"dateModified\":\"2021-08-04T09:04:43+00:00\",\"breadcrumb\":{\"@id\":\"https:\/\/danangsculpture.com.vn\/vi\/product\/enbernini-apollo-and-daphne-famous-marble-statue-dsf-cd02vituong-co-dien-apollo-va-daphne-cua-bernini-dsf-cd02\/#breadcrumb\"},\"inLanguage\":\"vi\",\"potentialAction\":[{\"@type\":\"ReadAction\",\"target\":[\"https:\/\/danangsculpture.com.vn\/vi\/product\/enbernini-apollo-and-daphne-famous-marble-statue-dsf-cd02vituong-co-dien-apollo-va-daphne-cua-bernini-dsf-cd02\/\"]}]},{\"@type\":\"BreadcrumbList\",\"@id\":\"https:\/\/danangsculpture.com.vn\/vi\/product\/enbernini-apollo-and-daphne-famous-marble-statue-dsf-cd02vituong-co-dien-apollo-va-daphne-cua-bernini-dsf-cd02\/#breadcrumb\",\"itemListElement\":[{\"@type\":\"ListItem\",\"position\":1,\"name\":\"Home\",\"item\":\"https:\/\/www.danangsculpture.com.vn\/\"},{\"@type\":\"ListItem\",\"position\":2,\"name\":\"Shop\",\"item\":\"https:\/\/danangsculpture.com.vn\/vi\/shop\/\"},{\"@type\":\"ListItem\",\"position\":3,\"name\":\"Bernini Apollo and Daphne famous marble statue DSF-CD02\"}]}]}<\/script>\n<!-- \/ Yoast SEO plugin. -->","_links":{"self":[{"href":"https:\/\/danangsculpture.com.vn\/vi\/wp-json\/wp\/v2\/product\/2502","targetHints":{"allow":["GET"]}}],"collection":[{"href":"https:\/\/danangsculpture.com.vn\/vi\/wp-json\/wp\/v2\/product"}],"about":[{"href":"https:\/\/danangsculpture.com.vn\/vi\/wp-json\/wp\/v2\/types\/product"}],"replies":[{"embeddable":true,"href":"https:\/\/danangsculpture.com.vn\/vi\/wp-json\/wp\/v2\/comments?post=2502"}],"wp:featuredmedia":[{"embeddable":true,"href":"https:\/\/danangsculpture.com.vn\/vi\/wp-json\/wp\/v2\/media\/2562"}],"wp:attachment":[{"href":"https:\/\/danangsculpture.com.vn\/vi\/wp-json\/wp\/v2\/media?parent=2502"}],"wp:term":[{"taxonomy":"product_cat","embeddable":true,"href":"https:\/\/danangsculpture.com.vn\/vi\/wp-json\/wp\/v2\/product_cat?post=2502"},{"taxonomy":"product_tag","embeddable":true,"href":"https:\/\/danangsculpture.com.vn\/vi\/wp-json\/wp\/v2\/product_tag?post=2502"}],"curies":[{"name":"wp","href":"https:\/\/api.w.org\/{rel}","templated":true}]}}