{"id":2503,"date":"2021-06-14T14:04:51","date_gmt":"2021-06-14T07:04:51","guid":{"rendered":"http:\/\/wordpress.dsp.vn\/?post_type=product&#038;p=2503"},"modified":"2022-01-13T09:31:31","modified_gmt":"2022-01-13T02:31:31","slug":"entyche-artemis-fortune-goddess-bust-stone-statue-dsf-cd32vituong-co-dien-ban-than-nu-than-may-man-tyche-dsf-cd32","status":"publish","type":"product","link":"https:\/\/danangsculpture.com.vn\/vi\/product\/entyche-artemis-fortune-goddess-bust-stone-statue-dsf-cd32vituong-co-dien-ban-than-nu-than-may-man-tyche-dsf-cd32\/","title":{"rendered":"T\u01b0\u1ee3ng c\u1ed5 \u0111i\u1ec3n b\u00e1n th\u00e2n N\u1eef th\u1ea7n May m\u1eafn Tyche DSF-CD32"},"content":{"rendered":"<div class=\"mod\" style=\"clear: none; padding-left: 15px; padding-right: 15px; line-height: 1.24; font-family: arial, sans-serif; font-size: 13px;\" data-md=\"1001\" data-ved=\"0ahUKEwjy67ab_afRAhUBxZQKHc3MANoQkCkI2gEoCDAr\">\n<div class=\"_eFb\">\n<div class=\"mod\" style=\"clear: none; padding-left: 15px; padding-right: 15px; line-height: 1.24;\" data-md=\"1001\" data-ved=\"0ahUKEwjy67ab_afRAhUBxZQKHc3MANoQkCkI2gEoCDAr\">\n<div class=\"_eFb\">\n<div class=\"mod\" style=\"clear: none; padding-left: 15px; padding-right: 15px; line-height: 1.24;\" data-md=\"1001\" data-ved=\"0ahUKEwjy67ab_afRAhUBxZQKHc3MANoQkCkI2gEoCDAr\">\n<div class=\"_eFb\">\n<div class=\"mod\" style=\"clear: none; padding-left: 15px; padding-right: 15px; line-height: 1.24;\" data-md=\"1001\" data-ved=\"0ahUKEwjy67ab_afRAhUBxZQKHc3MANoQkCkI2gEoCDAr\">\n<div class=\"_eFb\">\n<p style=\"text-align: justify;\"><span style=\"font-size: 14px;\">T\u01b0\u1ee3ng b\u00e1n th\u00e2n N\u1eef th\u1ea7n May M\u1eafn Tyche \u0111\u01b0\u1ee3c \u0111i\u00eau kh\u1eafc tinh t\u1ebf theo phong c\u00e1ch\u00a0<\/span><span style=\"font-size: 14px;\">Hy L\u1ea1p c\u1ed5 \u0111\u1ea1i\u00a0<\/span><span style=\"font-size: 14px;\">t\u1eeb \u0111\u00e1 c\u1ea9m th\u1ea1ch tr\u1eafng t\u1ef1 nhi\u00ean.\u00a0<\/span><span style=\"font-size: 14px;\">\u0110\u00e2y l\u00e0 \u0111i\u1ec3m nh\u1ea5n ngh\u1ec7 thu\u1eadt \u0111\u1ed9c \u0111\u00e1o cho kh\u00f4ng gian ki\u1ebfn tr\u00fac c\u1ee7a b\u1ea1n, c\u00f3 th\u1ec3 trang tr\u00ed trong nh\u00e0 ho\u1eb7c ngo\u00e0i s\u00e2n v\u01b0\u1eddn.<\/span><\/p>\n<p style=\"text-align: justify;\">Tyche (t\u1eeb ti\u1ebfng Hy L\u1ea1p: c\u00f3 ngh\u0129a l\u00e0 &#8220;may m\u1eafn&#8221;; th\u1eddi La M\u00e3: Fortuna) l\u00e0 v\u1ecb th\u1ea7n ph\u1ee5 t\u00e1 ch\u1ee7 t\u1ecda, ng\u01b0\u1eddi \u0111i\u1ec1u h\u00e0nh t\u00e0i s\u1ea3n v\u00e0 s\u1ef1 th\u1ecbnh v\u01b0\u1ee3ng v\u00e0 v\u1eadn m\u1ec7nh c\u1ee7a m\u1ed9t th\u00e0nh ph\u1ed1. Trong th\u1ea7n tho\u1ea1i Hy L\u1ea1p c\u1ed5 \u0111i\u1ec3n, Tyche l\u00e0 con g\u00e1i c\u1ee7a Th\u1ea7n V\u1ec7 n\u1eef Aphrodite v\u00e0 Th\u1ea7n Zeus hay Hermes.<\/p>\n<table style=\"width: 100%;\" border=\"1\" width=\"784\" cellspacing=\"0\" cellpadding=\"0\">\n<tbody>\n<tr>\n<td style=\"width: 161px;\"><span style=\"font-size: 14px;\">1. K\u00edch th\u01b0\u1edbc:<\/span><\/td>\n<td style=\"width: 624px;\"><span style=\"font-size: 14px;\">T\u1eeb 40cm tr\u1edf l\u00ean theo y\u00eau c\u1ea7u ri\u00eang c\u1ee7a b\u1ea1n<\/span><\/td>\n<\/tr>\n<tr>\n<td style=\"width: 161px;\"><span style=\"font-size: 14px;\">2. Nguy\u00ean v\u1eadt li\u1ec7u:<\/span><\/td>\n<td style=\"width: 624px;\"><span style=\"font-size: 14px;\">\u0110\u00e1 c\u1ea9m th\u1ea1ch, sa th\u1ea1ch ho\u1eb7c \u0111\u00e1 granite t\u1ef1 nhi\u00ean\u00a0<\/span><\/td>\n<\/tr>\n<tr>\n<td style=\"width: 161px;\"><span style=\"font-size: 14px;\">3. M\u00e0u s\u1eafc:<\/span><\/td>\n<td style=\"width: 624px;\"><span style=\"font-size: 14px;\">Tr\u1eafng\/V\u00e0ng\/\u0110en\/X\u00e1m\/H\u1ed3ng\/\u0110\u1ecf\u2026 theo y\u00eau c\u1ea7u ri\u00eang c\u1ee7a b\u1ea1n\u00a0<\/span><\/td>\n<\/tr>\n<tr>\n<td style=\"width: 161px;\"><span style=\"font-size: 14px;\">4. K\u1ef9 thu\u1eadt:<\/span><\/td>\n<td style=\"width: 624px;\"><span style=\"font-size: 14px;\">\u0110i\u00eau kh\u1eafc b\u1eb1ng tay, b\u1ec1 m\u1eb7t trong \u0111\u00e1nh b\u00f3ng, b\u1ec1 m\u1eb7t ngo\u00e0i \u0111\u00e1nh b\u00f3ng ho\u1eb7c m\u00e0i nh\u1eb5n ho\u1eb7c bu nh\u00e1m<\/span><\/td>\n<\/tr>\n<tr>\n<td style=\"width: 161px;\"><span style=\"font-size: 14px;\">5. Phong c\u00e1ch:<\/span><\/td>\n<td style=\"width: 624px;\"><span style=\"font-size: 14px;\">C\u1ed5 \u0111i\u1ec3n Ch\u00e2u \u00c2u<\/span><\/td>\n<\/tr>\n<tr>\n<td style=\"width: 161px;\"><span style=\"font-size: 14px;\">6. C\u00e1ch s\u1eed d\u1ee5ng:<\/span><\/td>\n<td style=\"width: 624px;\"><span style=\"font-size: 14px;\">Trang tr\u00ed n\u1ed9i th\u1ea5t ho\u1eb7c s\u00e2n v\u01b0\u1eddn nh\u00e0 ri\u00eang, bi\u1ec7t th\u1ef1, kh\u00e1ch s\u1ea1n, khu ngh\u1ec9 m\u00e1t&#8230;<\/span><\/td>\n<\/tr>\n<tr>\n<td style=\"width: 161px;\"><span style=\"font-size: 14px;\">7. \u0110i\u1ec1u kho\u1ea3n mua b\u00e1n:<\/span><\/td>\n<td style=\"width: 624px;\"><span style=\"font-size: 14px;\">EXW, FOB, CFR, CIF, CPT, CIP t\u00f9y theo y\u00eau c\u1ea7u ri\u00eang c\u1ee7a b\u1ea1n\u00a0<\/span><\/td>\n<\/tr>\n<tr>\n<td style=\"width: 161px;\"><span style=\"font-size: 14px;\">8. Ph\u01b0\u01a1ng th\u1ee9c thanh to\u00e1n: \u00a0\u00a0<\/span><\/td>\n<td style=\"width: 624px;\"><span style=\"font-size: 14px;\">Chuy\u1ec3n kho\u1ea3n, th\u1ebb t\u00edn d\u1ee5ng trong n\u01b0\u1edbc v\u00e0 qu\u1ed1c t\u1ebf, Western Union ho\u1eb7c L\/C\u00a0tr\u1ea3 ngay<\/span><\/td>\n<\/tr>\n<tr>\n<td style=\"width: 161px;\"><span style=\"font-size: 14px;\">9. \u0110\u00f3ng g\u00f3i:<\/span><\/td>\n<td style=\"width: 624px;\"><span style=\"font-size: 14px;\">\u0110\u00f3ng trong ki\u1ec7n g\u1ed7 ch\u1eafc ch\u1eafn (c\u00f3 ch\u00e8n carton, n\u00eam g\u1ed7 ho\u1eb7c x\u1ed1p b\u00ean trong) \u0111\u1ed1i v\u1edbi v\u1eadn chuy\u1ec3n \u0111\u01b0\u1eddng bi\u1ec3n ho\u1eb7c \u0111\u01b0\u1eddng b\u1ed9 v\u00e0 trong th\u00f9ng x\u1ed1p \u0111\u1eb7c \u0111\u1ed1i v\u1edbi v\u1eadn chuy\u1ec3n h\u00e0ng kh\u00f4ng<\/span><\/td>\n<\/tr>\n<tr>\n<td style=\"width: 161px;\"><span style=\"font-size: 14px;\">10. Th\u1eddi h\u1ea1n giao h\u00e0ng:<\/span><\/td>\n<td style=\"width: 624px;\"><span style=\"font-size: 14px;\">20-30 ng\u00e0y sau khi nh\u1eadn \u0111\u01b0\u1ee3c ti\u1ec1n \u0111\u1eb7t c\u1ecdc t\u00f9y theo t\u1eebng \u0111\u01a1n h\u00e0ng c\u1ee5 th\u1ec3<\/span><\/p>\n<div><\/div>\n<\/td>\n<\/tr>\n<\/tbody>\n<\/table>\n<\/div>\n<\/div>\n<p style=\"text-align: justify;\"><span style=\"font-size: 14px;\">M\u1eddi b\u1ea1n xem th\u00eam nhi\u1ec1u\u00a0lo\u1ea1i t\u01b0\u1ee3ng \u0111i\u00eau kh\u1eafc c\u1ed5 \u0111i\u1ec3n theo phong c\u00e1ch Hy L\u1ea1p, La M\u00e3 c\u1ed5 \u0111\u1ea1i, t\u01b0\u1ee3ng sao ch\u00e9p c\u00e1c t\u00e1c ph\u1ea9m \u0111i\u00eau kh\u1eafc n\u1ed5i ti\u1ebfng th\u1ebf gi\u1edbi\u00a0b\u1eb1ng \u0111\u00e1 t\u1ef1 nhi\u00ean kh\u00e1c t\u1ea1i\u00a0<u><strong><a href=\"http:\/\/danangsculpture.com\/vn\/product-cat\/12-tuong-co-dien\/\"><span style=\"color: #ff8c00;\">DanangSculpture.com<\/span><\/a><a href=\"http:\/\/danangsculpture.com\/vn\/product-cat\/20-ban-ghe\/\">.<\/a><\/strong><\/u><\/span><\/p>\n<div>\n<p>&nbsp;<\/p>\n<\/div>\n<\/div>\n<\/div>\n<\/div>\n<\/div>\n<\/div>\n<\/div>\n<p>&nbsp;<\/p>\n","protected":false},"excerpt":{"rendered":"<p>T\u01b0\u1ee3ng b\u00e1n th\u00e2n N\u1eef th\u1ea7n May M\u1eafn Tyche \u0111\u01b0\u1ee3c \u0111i\u00eau kh\u1eafc tinh t\u1ebf theo phong c\u00e1ch Hy L\u1ea1p c\u1ed5 \u0111\u1ea1i t\u1eeb \u0111\u00e1 c\u1ea9m th\u1ea1ch tr\u1eafng t\u1ef1 nhi\u00ean. \u0110\u00e2y l\u00e0 \u0111i\u1ec3m nh\u1ea5n ngh\u1ec7 thu\u1eadt \u0111\u1ed9c \u0111\u00e1o cho kh\u00f4ng gian ki\u1ebfn tr\u00fac c\u1ee7a b\u1ea1n, c\u00f3 th\u1ec3 trang tr\u00ed trong nh\u00e0 ho\u1eb7c ngo\u00e0i s\u00e2n v\u01b0\u1eddn.<\/p>\n","protected":false},"featured_media":2563,"comment_status":"open","ping_status":"closed","template":"","meta":[],"product_cat":[63],"product_tag":[],"class_list":["post-2503","product","type-product","status-publish","has-post-thumbnail","hentry","product_cat-ancient-statues-and-famous-artworks"],"yoast_head":"<!-- This site is optimized with the Yoast SEO plugin v16.6.1 - https:\/\/yoast.com\/wordpress\/plugins\/seo\/ -->\n<title>T\u01b0\u1ee3ng c\u1ed5 \u0111i\u1ec3n b\u00e1n th\u00e2n N\u1eef th\u1ea7n May m\u1eafn Tyche DSF-CD32 - Danang Sculpture Foundation<\/title>\n<meta name=\"robots\" content=\"index, follow, max-snippet:-1, max-image-preview:large, max-video-preview:-1\" \/>\n<link rel=\"canonical\" href=\"https:\/\/danangsculpture.com.vn\/product\/entyche-artemis-fortune-goddess-bust-stone-statue-dsf-cd32vituong-co-dien-ban-than-nu-than-may-man-tyche-dsf-cd32\/\" \/>\n<meta property=\"og:locale\" content=\"vi_VN\" \/>\n<meta property=\"og:type\" content=\"article\" \/>\n<meta property=\"og:title\" content=\"T\u01b0\u1ee3ng c\u1ed5 \u0111i\u1ec3n b\u00e1n th\u00e2n N\u1eef th\u1ea7n May m\u1eafn Tyche DSF-CD32\" \/>\n<meta property=\"og:description\" content=\"T\u01b0\u1ee3ng b\u00e1n th\u00e2n N\u1eef th\u1ea7n May M\u1eafn Tyche \u0111\u01b0\u1ee3c \u0111i\u00eau kh\u1eafc tinh t\u1ebf theo phong c\u00e1ch Hy L\u1ea1p c\u1ed5 \u0111\u1ea1i t\u1eeb \u0111\u00e1 c\u1ea9m th\u1ea1ch tr\u1eafng t\u1ef1 nhi\u00ean. \u0110\u00e2y l\u00e0 \u0111i\u1ec3m nh\u1ea5n ngh\u1ec7 thu\u1eadt \u0111\u1ed9c \u0111\u00e1o cho kh\u00f4ng gian ki\u1ebfn tr\u00fac c\u1ee7a b\u1ea1n, c\u00f3 th\u1ec3 trang tr\u00ed trong nh\u00e0 ho\u1eb7c ngo\u00e0i s\u00e2n v\u01b0\u1eddn.\" \/>\n<meta property=\"og:url\" content=\"https:\/\/danangsculpture.com.vn\/product\/entyche-artemis-fortune-goddess-bust-stone-statue-dsf-cd32vituong-co-dien-ban-than-nu-than-may-man-tyche-dsf-cd32\/\" \/>\n<meta property=\"og:site_name\" content=\"Danang Sculpture Foundation\" \/>\n<meta property=\"article:modified_time\" content=\"2022-01-13T02:31:31+00:00\" \/>\n<meta property=\"og:image\" content=\"https:\/\/danangsculpture.com.vn\/wp-content\/uploads\/2021\/06\/1541060476.jpg\" \/>\n\t<meta property=\"og:image:width\" content=\"451\" \/>\n\t<meta property=\"og:image:height\" content=\"600\" \/>\n<meta name=\"twitter:card\" content=\"summary_large_image\" \/>\n<meta name=\"twitter:label1\" content=\"\u01af\u1edbc t\u00ednh th\u1eddi gian \u0111\u1ecdc\" \/>\n\t<meta name=\"twitter:data1\" content=\"4 ph\u00fat\" \/>\n<script type=\"application\/ld+json\" class=\"yoast-schema-graph\">{\"@context\":\"https:\/\/schema.org\",\"@graph\":[{\"@type\":\"WebSite\",\"@id\":\"https:\/\/www.danangsculpture.com.vn\/#website\",\"url\":\"https:\/\/www.danangsculpture.com.vn\/\",\"name\":\"Danang Sculpture Foundation\",\"description\":\"Giving spirit to stones\",\"potentialAction\":[{\"@type\":\"SearchAction\",\"target\":{\"@type\":\"EntryPoint\",\"urlTemplate\":\"https:\/\/www.danangsculpture.com.vn\/?s={search_term_string}\"},\"query-input\":\"required name=search_term_string\"}],\"inLanguage\":\"vi\"},{\"@type\":\"ImageObject\",\"@id\":\"https:\/\/danangsculpture.com.vn\/product\/entyche-artemis-fortune-goddess-bust-stone-statue-dsf-cd32vituong-co-dien-ban-than-nu-than-may-man-tyche-dsf-cd32\/#primaryimage\",\"inLanguage\":\"vi\",\"url\":\"https:\/\/danangsculpture.com.vn\/wp-content\/uploads\/2021\/06\/1541060476.jpg\",\"contentUrl\":\"https:\/\/danangsculpture.com.vn\/wp-content\/uploads\/2021\/06\/1541060476.jpg\",\"width\":451,\"height\":600},{\"@type\":\"WebPage\",\"@id\":\"https:\/\/danangsculpture.com.vn\/product\/entyche-artemis-fortune-goddess-bust-stone-statue-dsf-cd32vituong-co-dien-ban-than-nu-than-may-man-tyche-dsf-cd32\/#webpage\",\"url\":\"https:\/\/danangsculpture.com.vn\/product\/entyche-artemis-fortune-goddess-bust-stone-statue-dsf-cd32vituong-co-dien-ban-than-nu-than-may-man-tyche-dsf-cd32\/\",\"name\":\"[:en]Tyche Artemis Fortune Goddess Bust Stone Statue DSF-CD32[:vi]T\\u01b0\\u1ee3ng c\\u1ed5 \\u0111i\\u1ec3n b\\u00e1n th\\u00e2n N\\u1eef th\\u1ea7n May m\\u1eafn Tyche DSF-CD32[:] - Danang Sculpture Foundation\",\"isPartOf\":{\"@id\":\"https:\/\/www.danangsculpture.com.vn\/#website\"},\"primaryImageOfPage\":{\"@id\":\"https:\/\/danangsculpture.com.vn\/product\/entyche-artemis-fortune-goddess-bust-stone-statue-dsf-cd32vituong-co-dien-ban-than-nu-than-may-man-tyche-dsf-cd32\/#primaryimage\"},\"datePublished\":\"2021-06-14T07:04:51+00:00\",\"dateModified\":\"2022-01-13T02:31:31+00:00\",\"breadcrumb\":{\"@id\":\"https:\/\/danangsculpture.com.vn\/product\/entyche-artemis-fortune-goddess-bust-stone-statue-dsf-cd32vituong-co-dien-ban-than-nu-than-may-man-tyche-dsf-cd32\/#breadcrumb\"},\"inLanguage\":\"vi\",\"potentialAction\":[{\"@type\":\"ReadAction\",\"target\":[\"https:\/\/danangsculpture.com.vn\/product\/entyche-artemis-fortune-goddess-bust-stone-statue-dsf-cd32vituong-co-dien-ban-than-nu-than-may-man-tyche-dsf-cd32\/\"]}]},{\"@type\":\"BreadcrumbList\",\"@id\":\"https:\/\/danangsculpture.com.vn\/product\/entyche-artemis-fortune-goddess-bust-stone-statue-dsf-cd32vituong-co-dien-ban-than-nu-than-may-man-tyche-dsf-cd32\/#breadcrumb\",\"itemListElement\":[{\"@type\":\"ListItem\",\"position\":1,\"name\":\"Home\",\"item\":\"https:\/\/www.danangsculpture.com.vn\/\"},{\"@type\":\"ListItem\",\"position\":2,\"name\":\"Shop\",\"item\":\"https:\/\/danangsculpture.com.vn\/vi\/shop\/\"},{\"@type\":\"ListItem\",\"position\":3,\"name\":\"T\\u01b0\\u1ee3ng c\\u1ed5 \\u0111i\\u1ec3n b\\u00e1n th\\u00e2n N\\u1eef th\\u1ea7n May m\\u1eafn Tyche DSF-CD32\"}]}]}<\/script>\n<!-- \/ Yoast SEO plugin. -->","_links":{"self":[{"href":"https:\/\/danangsculpture.com.vn\/vi\/wp-json\/wp\/v2\/product\/2503","targetHints":{"allow":["GET"]}}],"collection":[{"href":"https:\/\/danangsculpture.com.vn\/vi\/wp-json\/wp\/v2\/product"}],"about":[{"href":"https:\/\/danangsculpture.com.vn\/vi\/wp-json\/wp\/v2\/types\/product"}],"replies":[{"embeddable":true,"href":"https:\/\/danangsculpture.com.vn\/vi\/wp-json\/wp\/v2\/comments?post=2503"}],"wp:featuredmedia":[{"embeddable":true,"href":"https:\/\/danangsculpture.com.vn\/vi\/wp-json\/wp\/v2\/media\/2563"}],"wp:attachment":[{"href":"https:\/\/danangsculpture.com.vn\/vi\/wp-json\/wp\/v2\/media?parent=2503"}],"wp:term":[{"taxonomy":"product_cat","embeddable":true,"href":"https:\/\/danangsculpture.com.vn\/vi\/wp-json\/wp\/v2\/product_cat?post=2503"},{"taxonomy":"product_tag","embeddable":true,"href":"https:\/\/danangsculpture.com.vn\/vi\/wp-json\/wp\/v2\/product_tag?post=2503"}],"curies":[{"name":"wp","href":"https:\/\/api.w.org\/{rel}","templated":true}]}}