{"id":777,"date":"2021-06-14T11:18:23","date_gmt":"2021-06-14T04:18:23","guid":{"rendered":"http:\/\/wordpress.dsp.vn\/?post_type=product&#038;p=777"},"modified":"2021-06-14T11:24:42","modified_gmt":"2021-06-14T04:24:42","slug":"enancient-marble-pillarvitru-da-kieu-co-dien","status":"publish","type":"product","link":"https:\/\/danangsculpture.com.vn\/vi\/product\/enancient-marble-pillarvitru-da-kieu-co-dien\/","title":{"rendered":"Tr\u1ee5 \u0111\u00e1 ki\u1ec3u c\u1ed5 \u0111i\u1ec3n"},"content":{"rendered":"<p>\n\tTr\u1ee5 \u0111\u01b0\u1ee3c \u0111i&ecirc;u kh\u1eafc tinh t\u1ebf v\u1edbi 4 m\u1eb7t l&agrave; c&aacute;c ph&ugrave; \u0111i&ecirc;u hoa v\u0103n hoa qu\u1ea3 trang tr&iacute; sinh \u0111\u1ed9ng theo phong c&aacute;ch c\u1ed5 \u0111i\u1ec3n. Tr\u1ee5 \u0111\u01b0\u1ee3c l&agrave;m b\u1eb1ng \u0111&aacute; c\u1ea9m th\u1ea1ch tr\u1eafng t\u1ef1 nhi&ecirc;n, b\u1ec1 m\u1eb7t \u0111&aacute;nh b&oacute;ng. M\u1eddi qu&yacute; kh&aacute;ch xem th&ecirc;m nhi\u1ec1u s\u1ea3n ph\u1ea9m ki\u1ebfn tr&uacute;c b\u1eb1ng \u0111&aacute; kh&aacute;c t\u1ea1i&nbsp;<a href=\"http:\/\/danangsculpture.com\/vn\/product-cat\/22-san-pham-kien-truc\/\">DanangSculpture.com<\/a>.<\/p>\n<p>\n\t&nbsp;<\/p>\n<table border=\"1\" cellpadding=\"0\" cellspacing=\"0\" style=\"width: 784px;\" width=\"784\">\n<tbody>\n<tr>\n<td style=\"width: 161px;\">\n<p>\n\t\t\t\t\t1. K&iacute;ch th\u01b0\u1edbc:<\/p>\n<\/td>\n<td style=\"width: 624px;\">\n<p>\n\t\t\t\t\tTheo y&ecirc;u c\u1ea7u ri&ecirc;ng c\u1ee7a b\u1ea1n, cao t\u1eeb 1.5m tr\u1edf l&ecirc;n&nbsp;<\/p>\n<\/td>\n<\/tr>\n<tr>\n<td style=\"width: 161px;\">\n<p>\n\t\t\t\t\t2. Nguy&ecirc;n v\u1eadt li\u1ec7u:<\/p>\n<\/td>\n<td style=\"width: 624px;\">\n<p>\n\t\t\t\t\t\u0110&aacute; c\u1ea9m th\u1ea1ch, sa th\u1ea1ch ho\u1eb7c \u0111&aacute; hoa c\u01b0\u01a1ng t\u1ef1 nhi&ecirc;n&nbsp;<\/p>\n<\/td>\n<\/tr>\n<tr>\n<td style=\"width: 161px;\">\n<p>\n\t\t\t\t\t3. M&agrave;u s\u1eafc:<\/p>\n<\/td>\n<td style=\"width: 624px;\">\n<p>\n\t\t\t\t\tTr\u1eafng\/V&agrave;ng\/\u0110en\/X&aacute;m\/H\u1ed3ng\/\u0110\u1ecf&hellip; theo y&ecirc;u c\u1ea7u ri&ecirc;ng c\u1ee7a b\u1ea1n&nbsp;<\/p>\n<\/td>\n<\/tr>\n<tr>\n<td style=\"width: 161px;\">\n<p>\n\t\t\t\t\t4. K\u1ef9 thu\u1eadt:<\/p>\n<\/td>\n<td style=\"width: 624px;\">\n<p>\n\t\t\t\t\t\u0110i&ecirc;u kh\u1eafc b\u1eb1ng tay, b\u1ec1 m\u1eb7t \u0111&aacute;nh b&oacute;ng ho\u1eb7c m&agrave;i nh\u1eb5n ho\u1eb7c bu nh&aacute;m<\/p>\n<\/td>\n<\/tr>\n<tr>\n<td style=\"width: 161px;\">\n<p>\n\t\t\t\t\t5. Phong c&aacute;ch:<\/p>\n<\/td>\n<td style=\"width: 624px;\">\n<p>\n\t\t\t\t\tC\u1ed5 \u0111i\u1ec3n ho\u1eb7c hi\u1ec7n \u0111\u1ea1i, ph\u01b0\u01a1ng \u0110&ocirc;ng ho\u1eb7c ph\u01b0\u01a1ng T&acirc;y t&ugrave;y theo y&ecirc;u c\u1ea7u ri&ecirc;ng c\u1ee7a b\u1ea1n&nbsp;<\/p>\n<\/td>\n<\/tr>\n<tr>\n<td style=\"width: 161px;\">\n<p>\n\t\t\t\t\t6. C&aacute;ch s\u1eed d\u1ee5ng:<\/p>\n<\/td>\n<td style=\"width: 624px;\">\n<p>\n\t\t\t\t\tTr\u1ee5 trang tr&iacute; ttrong nh&agrave;, ngo&agrave;i tr\u1eddi<\/p>\n<\/td>\n<\/tr>\n<tr>\n<td style=\"width: 161px;\">\n<p>\n\t\t\t\t\t7. \u0110i\u1ec1u kho\u1ea3n mua b&aacute;n:<\/p>\n<\/td>\n<td style=\"width: 624px;\">\n<p>\n\t\t\t\t\tEXW, FOB, CFR, CIF, CPT, CIP t&ugrave;y theo y&ecirc;u c\u1ea7u ri&ecirc;ng c\u1ee7a b\u1ea1n&nbsp;<\/p>\n<\/td>\n<\/tr>\n<tr>\n<td style=\"width: 161px;\">\n<p>\n\t\t\t\t\t8. Ph\u01b0\u01a1ng th\u1ee9c thanh to&aacute;n: &nbsp;&nbsp;<\/p>\n<\/td>\n<td style=\"width: 624px;\">\n<p>\n\t\t\t\t\tChuy\u1ec3n kho\u1ea3n, th\u1ebb t&iacute;n d\u1ee5ng trong n\u01b0\u1edbc v&agrave; qu\u1ed1c t\u1ebf, Western Union ho\u1eb7c L\/C&nbsp;tr\u1ea3 ngay<\/p>\n<\/td>\n<\/tr>\n<tr>\n<td style=\"width: 161px;\">\n<p>\n\t\t\t\t\t9. \u0110&oacute;ng g&oacute;i:<\/p>\n<\/td>\n<td style=\"width: 624px;\">\n<p>\n\t\t\t\t\t\u0110&oacute;ng trong ki\u1ec7n g\u1ed7 ch\u1eafc ch\u1eafn (c&oacute; ch&egrave;n carton, n&ecirc;m g\u1ed7 ho\u1eb7c x\u1ed1p b&ecirc;n trong) \u0111\u1ed1i v\u1edbi v\u1eadn chuy\u1ec3n \u0111\u01b0\u1eddng bi\u1ec3n ho\u1eb7c \u0111\u01b0\u1eddng b\u1ed9 v&agrave; trong th&ugrave;ng x\u1ed1p \u0111\u1eb7c \u0111\u1ed1i v\u1edbi v\u1eadn chuy\u1ec3n h&agrave;ng kh&ocirc;ng<\/p>\n<\/td>\n<\/tr>\n<tr>\n<td style=\"width: 161px;\">\n<p>\n\t\t\t\t\t10. Th\u1eddi h\u1ea1n giao h&agrave;ng:<\/p>\n<\/td>\n<td style=\"width: 624px;\">\n<p>\n\t\t\t\t\t30-60 ng&agrave;y sau khi nh\u1eadn \u0111\u01b0\u1ee3c ti\u1ec1n \u0111\u1eb7t c\u1ecdc t&ugrave;y theo t\u1eebng \u0111\u01a1n h&agrave;ng c\u1ee5 th\u1ec3<\/p>\n<\/td>\n<\/tr>\n<\/tbody>\n<\/table>\n<p>\n\t&nbsp;<\/p>\n","protected":false},"excerpt":{"rendered":"<p>Tr\u1ee5 \u0111\u01b0\u1ee3c \u0111i\u00eau kh\u1eafc tinh t\u1ebf v\u1edbi 4 m\u1eb7t l\u00e0 c\u00e1c ph\u00f9 \u0111i\u00eau hoa v\u0103n hoa qu\u1ea3 trang tr\u00ed sinh \u0111\u1ed9ng theo phong c\u00e1ch c\u1ed5 \u0111i\u1ec3n. Tr\u1ee5 \u0111\u01b0\u1ee3c l\u00e0m b\u1eb1ng \u0111\u00e1 c\u1ea9m th\u1ea1ch tr\u1eafng t\u1ef1 nhi\u00ean, b\u1ec1 m\u1eb7t \u0111\u00e1nh b\u00f3ng.<\/p>\n","protected":false},"featured_media":826,"comment_status":"open","ping_status":"closed","template":"","meta":[],"product_cat":[81],"product_tag":[],"class_list":["post-777","product","type-product","status-publish","has-post-thumbnail","hentry","product_cat-columns"],"yoast_head":"<!-- This site is optimized with the Yoast SEO plugin v16.6.1 - https:\/\/yoast.com\/wordpress\/plugins\/seo\/ -->\n<title>Tr\u1ee5 \u0111\u00e1 ki\u1ec3u c\u1ed5 \u0111i\u1ec3n - Danang Sculpture Foundation<\/title>\n<meta name=\"robots\" content=\"index, follow, max-snippet:-1, max-image-preview:large, max-video-preview:-1\" \/>\n<link rel=\"canonical\" href=\"https:\/\/danangsculpture.com.vn\/product\/enancient-marble-pillarvitru-da-kieu-co-dien\/\" \/>\n<meta property=\"og:locale\" content=\"vi_VN\" \/>\n<meta property=\"og:type\" content=\"article\" \/>\n<meta property=\"og:title\" content=\"Tr\u1ee5 \u0111\u00e1 ki\u1ec3u c\u1ed5 \u0111i\u1ec3n\" \/>\n<meta property=\"og:description\" content=\"Tr\u1ee5 \u0111\u01b0\u1ee3c \u0111i\u00eau kh\u1eafc tinh t\u1ebf v\u1edbi 4 m\u1eb7t l\u00e0 c\u00e1c ph\u00f9 \u0111i\u00eau hoa v\u0103n hoa qu\u1ea3 trang tr\u00ed sinh \u0111\u1ed9ng theo phong c\u00e1ch c\u1ed5 \u0111i\u1ec3n. Tr\u1ee5 \u0111\u01b0\u1ee3c l\u00e0m b\u1eb1ng \u0111\u00e1 c\u1ea9m th\u1ea1ch tr\u1eafng t\u1ef1 nhi\u00ean, b\u1ec1 m\u1eb7t \u0111\u00e1nh b\u00f3ng.\" \/>\n<meta property=\"og:url\" content=\"https:\/\/danangsculpture.com.vn\/product\/enancient-marble-pillarvitru-da-kieu-co-dien\/\" \/>\n<meta property=\"og:site_name\" content=\"Danang Sculpture Foundation\" \/>\n<meta property=\"article:modified_time\" content=\"2021-06-14T04:24:42+00:00\" \/>\n<meta property=\"og:image\" content=\"http:\/\/danangsculpture.com.vn\/wp-content\/uploads\/2021\/06\/1487229333.jpg\" \/>\n\t<meta property=\"og:image:width\" content=\"450\" \/>\n\t<meta property=\"og:image:height\" content=\"600\" \/>\n<meta name=\"twitter:card\" content=\"summary_large_image\" \/>\n<meta name=\"twitter:label1\" content=\"\u01af\u1edbc t\u00ednh th\u1eddi gian \u0111\u1ecdc\" \/>\n\t<meta name=\"twitter:data1\" content=\"8 ph\u00fat\" \/>\n<script type=\"application\/ld+json\" class=\"yoast-schema-graph\">{\"@context\":\"https:\/\/schema.org\",\"@graph\":[{\"@type\":\"WebSite\",\"@id\":\"https:\/\/www.danangsculpture.com.vn\/#website\",\"url\":\"https:\/\/www.danangsculpture.com.vn\/\",\"name\":\"Danang Sculpture Foundation\",\"description\":\"Giving spirit to stones\",\"potentialAction\":[{\"@type\":\"SearchAction\",\"target\":{\"@type\":\"EntryPoint\",\"urlTemplate\":\"https:\/\/www.danangsculpture.com.vn\/?s={search_term_string}\"},\"query-input\":\"required name=search_term_string\"}],\"inLanguage\":\"vi\"},{\"@type\":\"ImageObject\",\"@id\":\"https:\/\/danangsculpture.com.vn\/product\/enancient-marble-pillarvitru-da-kieu-co-dien\/#primaryimage\",\"inLanguage\":\"vi\",\"url\":\"https:\/\/danangsculpture.com.vn\/wp-content\/uploads\/2021\/06\/1487229333.jpg\",\"contentUrl\":\"https:\/\/danangsculpture.com.vn\/wp-content\/uploads\/2021\/06\/1487229333.jpg\",\"width\":450,\"height\":600},{\"@type\":\"WebPage\",\"@id\":\"https:\/\/danangsculpture.com.vn\/product\/enancient-marble-pillarvitru-da-kieu-co-dien\/#webpage\",\"url\":\"https:\/\/danangsculpture.com.vn\/product\/enancient-marble-pillarvitru-da-kieu-co-dien\/\",\"name\":\"[:en]Ancient Marble Pillar[:vi]Tr\\u1ee5 \\u0111\\u00e1 ki\\u1ec3u c\\u1ed5 \\u0111i\\u1ec3n[:] - Danang Sculpture Foundation\",\"isPartOf\":{\"@id\":\"https:\/\/www.danangsculpture.com.vn\/#website\"},\"primaryImageOfPage\":{\"@id\":\"https:\/\/danangsculpture.com.vn\/product\/enancient-marble-pillarvitru-da-kieu-co-dien\/#primaryimage\"},\"datePublished\":\"2021-06-14T04:18:23+00:00\",\"dateModified\":\"2021-06-14T04:24:42+00:00\",\"breadcrumb\":{\"@id\":\"https:\/\/danangsculpture.com.vn\/product\/enancient-marble-pillarvitru-da-kieu-co-dien\/#breadcrumb\"},\"inLanguage\":\"vi\",\"potentialAction\":[{\"@type\":\"ReadAction\",\"target\":[\"https:\/\/danangsculpture.com.vn\/product\/enancient-marble-pillarvitru-da-kieu-co-dien\/\"]}]},{\"@type\":\"BreadcrumbList\",\"@id\":\"https:\/\/danangsculpture.com.vn\/product\/enancient-marble-pillarvitru-da-kieu-co-dien\/#breadcrumb\",\"itemListElement\":[{\"@type\":\"ListItem\",\"position\":1,\"name\":\"Home\",\"item\":\"https:\/\/www.danangsculpture.com.vn\/\"},{\"@type\":\"ListItem\",\"position\":2,\"name\":\"Shop\",\"item\":\"https:\/\/danangsculpture.com.vn\/vi\/shop\/\"},{\"@type\":\"ListItem\",\"position\":3,\"name\":\"Ancient Marble Pillar\"}]}]}<\/script>\n<!-- \/ Yoast SEO plugin. -->","_links":{"self":[{"href":"https:\/\/danangsculpture.com.vn\/vi\/wp-json\/wp\/v2\/product\/777","targetHints":{"allow":["GET"]}}],"collection":[{"href":"https:\/\/danangsculpture.com.vn\/vi\/wp-json\/wp\/v2\/product"}],"about":[{"href":"https:\/\/danangsculpture.com.vn\/vi\/wp-json\/wp\/v2\/types\/product"}],"replies":[{"embeddable":true,"href":"https:\/\/danangsculpture.com.vn\/vi\/wp-json\/wp\/v2\/comments?post=777"}],"wp:featuredmedia":[{"embeddable":true,"href":"https:\/\/danangsculpture.com.vn\/vi\/wp-json\/wp\/v2\/media\/826"}],"wp:attachment":[{"href":"https:\/\/danangsculpture.com.vn\/vi\/wp-json\/wp\/v2\/media?parent=777"}],"wp:term":[{"taxonomy":"product_cat","embeddable":true,"href":"https:\/\/danangsculpture.com.vn\/vi\/wp-json\/wp\/v2\/product_cat?post=777"},{"taxonomy":"product_tag","embeddable":true,"href":"https:\/\/danangsculpture.com.vn\/vi\/wp-json\/wp\/v2\/product_tag?post=777"}],"curies":[{"name":"wp","href":"https:\/\/api.w.org\/{rel}","templated":true}]}}