{"id":819,"date":"2021-06-14T11:24:00","date_gmt":"2021-06-14T04:24:00","guid":{"rendered":"http:\/\/wordpress.dsp.vn\/?post_type=product&#038;p=819"},"modified":"2021-06-14T11:29:19","modified_gmt":"2021-06-14T04:29:19","slug":"enboy-angel-stone-fireplace-surroundvilo-suoi-em-be-thien-than-bang-da","status":"publish","type":"product","link":"https:\/\/danangsculpture.com.vn\/vi\/product\/enboy-angel-stone-fireplace-surroundvilo-suoi-em-be-thien-than-bang-da\/","title":{"rendered":"L\u00f2 s\u01b0\u1edfi em b\u00e9 thi\u00ean th\u1ea7n b\u1eb1ng \u0111\u00e1"},"content":{"rendered":"<p>\n\tL&ograve; s\u01b0\u1edfi ki\u1ec3u c\u1ed5 \u0111i\u1ec3n, \u0111i&ecirc;u kh\u1eafc hai thi&ecirc;n th\u1ea7n tr&ecirc;n \u0111\u1ec9nh tr\u1ee5, hai thi&ecirc;n th\u1ea7n \u1edf gi\u1eefa b\u1ec7 v&agrave; nhi\u1ec1u hoa v\u0103n trang tr&iacute; \u0111\u1ed9c \u0111&aacute;o. L&ograve; s\u01b0\u1edfi \u0111\u01b0\u1ee3c \u0111i&ecirc;u kh\u1eafc tinh t\u1ebf b\u1eb1ng \u0111&aacute; c\u1ea9m th\u1ea1ch tr\u1eafng t\u1ef1 nhi&ecirc;n, b\u1ec1 m\u1eb7t \u0111&aacute;nh b&oacute;ng. M\u1eddi qu&yacute; kh&aacute;ch xem th&ecirc;m nhi\u1ec1u ki\u1ec3u d&aacute;ng l&ograve; s\u01b0\u1edfi kh&aacute;c t\u1ea1i t\u1ea1i&nbsp;<a href=\"http:\/\/danangsculpture.com\/vn\/product-cat\/21-lo-suoi\/\">DanangSculpture.com<\/a>.<\/p>\n<p>\n\t&nbsp;<\/p>\n<table border=\"1\" cellpadding=\"0\" cellspacing=\"0\" style=\"width: 784px;\" width=\"784\">\n<tbody>\n<tr>\n<td style=\"width: 161px;\">\n<p>\n\t\t\t\t\t1. K&iacute;ch th\u01b0\u1edbc:<\/p>\n<\/td>\n<td style=\"width: 624px;\">\n<p>\n\t\t\t\t\tTheo y&ecirc;u c\u1ea7u ri&ecirc;ng c\u1ee7a b\u1ea1n&nbsp;<\/p>\n<\/td>\n<\/tr>\n<tr>\n<td style=\"width: 161px;\">\n<p>\n\t\t\t\t\t2. Nguy&ecirc;n v\u1eadt li\u1ec7u:<\/p>\n<\/td>\n<td style=\"width: 624px;\">\n<p>\n\t\t\t\t\t\u0110&aacute; c\u1ea9m th\u1ea1ch, sa th\u1ea1ch ho\u1eb7c \u0111&aacute; hoa c\u01b0\u01a1ng t\u1ef1 nhi&ecirc;n&nbsp;<\/p>\n<\/td>\n<\/tr>\n<tr>\n<td style=\"width: 161px;\">\n<p>\n\t\t\t\t\t3. M&agrave;u s\u1eafc:<\/p>\n<\/td>\n<td style=\"width: 624px;\">\n<p>\n\t\t\t\t\tTr\u1eafng\/V&agrave;ng\/\u0110en\/X&aacute;m\/H\u1ed3ng\/\u0110\u1ecf&hellip; theo y&ecirc;u c\u1ea7u ri&ecirc;ng c\u1ee7a b\u1ea1n&nbsp;<\/p>\n<\/td>\n<\/tr>\n<tr>\n<td style=\"width: 161px;\">\n<p>\n\t\t\t\t\t4. K\u1ef9 thu\u1eadt:<\/p>\n<\/td>\n<td style=\"width: 624px;\">\n<p>\n\t\t\t\t\t\u0110i&ecirc;u kh\u1eafc b\u1eb1ng tay, b\u1ec1 m\u1eb7t \u0111&aacute;nh b&oacute;ng ho\u1eb7c m&agrave;i nh\u1eb5n ho\u1eb7c bu nh&aacute;m<\/p>\n<\/td>\n<\/tr>\n<tr>\n<td style=\"width: 161px;\">\n<p>\n\t\t\t\t\t5. Phong c&aacute;ch:<\/p>\n<\/td>\n<td style=\"width: 624px;\">\n<p>\n\t\t\t\t\tC\u1ed5 \u0111i\u1ec3n ho\u1eb7c hi\u1ec7n \u0111\u1ea1i, ph\u01b0\u01a1ng \u0110&ocirc;ng ho\u1eb7c ph\u01b0\u01a1ng T&acirc;y t&ugrave;y theo y&ecirc;u c\u1ea7u ri&ecirc;ng c\u1ee7a b\u1ea1n&nbsp;<\/p>\n<\/td>\n<\/tr>\n<tr>\n<td style=\"width: 161px;\">\n<p>\n\t\t\t\t\t6. C&aacute;ch s\u1eed d\u1ee5ng:<\/p>\n<\/td>\n<td style=\"width: 624px;\">\n<p>\n\t\t\t\t\tL&ograve; s\u01b0\u1edfi trong nh&agrave;, l&ograve; s\u01b0\u1edfi ngo&agrave;i tr\u1eddi<\/p>\n<\/td>\n<\/tr>\n<tr>\n<td style=\"width: 161px;\">\n<p>\n\t\t\t\t\t7. \u0110i\u1ec1u kho\u1ea3n mua b&aacute;n:<\/p>\n<\/td>\n<td style=\"width: 624px;\">\n<p>\n\t\t\t\t\tEXW, FOB, CFR, CIF, CPT, CIP t&ugrave;y theo y&ecirc;u c\u1ea7u ri&ecirc;ng c\u1ee7a b\u1ea1n&nbsp;<\/p>\n<\/td>\n<\/tr>\n<tr>\n<td style=\"width: 161px;\">\n<p>\n\t\t\t\t\t8. Ph\u01b0\u01a1ng th\u1ee9c thanh to&aacute;n: &nbsp;&nbsp;<\/p>\n<\/td>\n<td style=\"width: 624px;\">\n<p>\n\t\t\t\t\tChuy\u1ec3n kho\u1ea3n, th\u1ebb t&iacute;n d\u1ee5ng trong n\u01b0\u1edbc v&agrave; qu\u1ed1c t\u1ebf, Western Union ho\u1eb7c L\/C&nbsp;tr\u1ea3 ngay<\/p>\n<\/td>\n<\/tr>\n<tr>\n<td style=\"width: 161px;\">\n<p>\n\t\t\t\t\t9. \u0110&oacute;ng g&oacute;i:<\/p>\n<\/td>\n<td style=\"width: 624px;\">\n<p>\n\t\t\t\t\t\u0110&oacute;ng trong ki\u1ec7n g\u1ed7 ch\u1eafc ch\u1eafn (c&oacute; ch&egrave;n carton, n&ecirc;m g\u1ed7 ho\u1eb7c x\u1ed1p b&ecirc;n trong) \u0111\u1ed1i v\u1edbi v\u1eadn chuy\u1ec3n \u0111\u01b0\u1eddng bi\u1ec3n ho\u1eb7c \u0111\u01b0\u1eddng b\u1ed9 v&agrave; trong th&ugrave;ng x\u1ed1p \u0111\u1eb7c \u0111\u1ed1i v\u1edbi v\u1eadn chuy\u1ec3n h&agrave;ng kh&ocirc;ng<\/p>\n<\/td>\n<\/tr>\n<tr>\n<td style=\"width: 161px;\">\n<p>\n\t\t\t\t\t10. Th\u1eddi h\u1ea1n giao h&agrave;ng:<\/p>\n<\/td>\n<td style=\"width: 624px;\">\n<p>\n\t\t\t\t\t30-60 ng&agrave;y sau khi nh\u1eadn \u0111\u01b0\u1ee3c ti\u1ec1n \u0111\u1eb7t c\u1ecdc t&ugrave;y theo t\u1eebng \u0111\u01a1n h&agrave;ng c\u1ee5 th\u1ec3<\/p>\n<\/td>\n<\/tr>\n<\/tbody>\n<\/table>\n<p>\n\t&nbsp;<\/p>\n","protected":false},"excerpt":{"rendered":"<p>L\u00f2 s\u01b0\u1edfi ki\u1ec3u c\u1ed5 \u0111i\u1ec3n, \u0111i\u00eau kh\u1eafc hai thi\u00ean th\u1ea7n tr\u00ean \u0111\u1ec9nh tr\u1ee5, hai thi\u00ean th\u1ea7n \u1edf gi\u1eefa b\u1ec7 v\u00e0 nhi\u1ec1u hoa v\u0103n trang tr\u00ed \u0111\u1ed9c \u0111\u00e1o. L\u00f2 s\u01b0\u1edfi \u0111\u01b0\u1ee3c \u0111i\u00eau kh\u1eafc tinh t\u1ebf b\u1eb1ng \u0111\u00e1 c\u1ea9m th\u1ea1ch tr\u1eafng t\u1ef1 nhi\u00ean, b\u1ec1 m\u1eb7t \u0111\u00e1nh b\u00f3ng. M\u1eddi qu\u00fd kh\u00e1ch xem th\u00eam nhi\u1ec1u ki\u1ec3u d\u00e1ng l\u00f2 s\u01b0\u1edfi kh<\/p>\n","protected":false},"featured_media":869,"comment_status":"open","ping_status":"closed","template":"","meta":[],"product_cat":[69],"product_tag":[],"class_list":["post-819","product","type-product","status-publish","has-post-thumbnail","hentry","product_cat-fireplaces"],"yoast_head":"<!-- This site is optimized with the Yoast SEO plugin v16.6.1 - https:\/\/yoast.com\/wordpress\/plugins\/seo\/ -->\n<title>L\u00f2 s\u01b0\u1edfi em b\u00e9 thi\u00ean th\u1ea7n b\u1eb1ng \u0111\u00e1 - Danang Sculpture Foundation<\/title>\n<meta name=\"robots\" content=\"index, follow, max-snippet:-1, max-image-preview:large, max-video-preview:-1\" \/>\n<link rel=\"canonical\" href=\"https:\/\/danangsculpture.com.vn\/product\/enboy-angel-stone-fireplace-surroundvilo-suoi-em-be-thien-than-bang-da\/\" \/>\n<meta property=\"og:locale\" content=\"vi_VN\" \/>\n<meta property=\"og:type\" content=\"article\" \/>\n<meta property=\"og:title\" content=\"L\u00f2 s\u01b0\u1edfi em b\u00e9 thi\u00ean th\u1ea7n b\u1eb1ng \u0111\u00e1\" \/>\n<meta property=\"og:description\" content=\"L\u00f2 s\u01b0\u1edfi ki\u1ec3u c\u1ed5 \u0111i\u1ec3n, \u0111i\u00eau kh\u1eafc hai thi\u00ean th\u1ea7n tr\u00ean \u0111\u1ec9nh tr\u1ee5, hai thi\u00ean th\u1ea7n \u1edf gi\u1eefa b\u1ec7 v\u00e0 nhi\u1ec1u hoa v\u0103n trang tr\u00ed \u0111\u1ed9c \u0111\u00e1o. L\u00f2 s\u01b0\u1edfi \u0111\u01b0\u1ee3c \u0111i\u00eau kh\u1eafc tinh t\u1ebf b\u1eb1ng \u0111\u00e1 c\u1ea9m th\u1ea1ch tr\u1eafng t\u1ef1 nhi\u00ean, b\u1ec1 m\u1eb7t \u0111\u00e1nh b\u00f3ng. M\u1eddi qu\u00fd kh\u00e1ch xem th\u00eam nhi\u1ec1u ki\u1ec3u d\u00e1ng l\u00f2 s\u01b0\u1edfi kh\" \/>\n<meta property=\"og:url\" content=\"https:\/\/danangsculpture.com.vn\/product\/enboy-angel-stone-fireplace-surroundvilo-suoi-em-be-thien-than-bang-da\/\" \/>\n<meta property=\"og:site_name\" content=\"Danang Sculpture Foundation\" \/>\n<meta property=\"article:modified_time\" content=\"2021-06-14T04:29:19+00:00\" \/>\n<meta property=\"og:image\" content=\"http:\/\/danangsculpture.com.vn\/wp-content\/uploads\/2021\/06\/1488272116.jpg\" \/>\n\t<meta property=\"og:image:width\" content=\"450\" \/>\n\t<meta property=\"og:image:height\" content=\"600\" \/>\n<meta name=\"twitter:card\" content=\"summary_large_image\" \/>\n<meta name=\"twitter:label1\" content=\"\u01af\u1edbc t\u00ednh th\u1eddi gian \u0111\u1ecdc\" \/>\n\t<meta name=\"twitter:data1\" content=\"8 ph\u00fat\" \/>\n<script type=\"application\/ld+json\" class=\"yoast-schema-graph\">{\"@context\":\"https:\/\/schema.org\",\"@graph\":[{\"@type\":\"WebSite\",\"@id\":\"https:\/\/danangsculpture.com.vn\/#website\",\"url\":\"https:\/\/danangsculpture.com.vn\/\",\"name\":\"Danang Sculpture Foundation\",\"description\":\"Giving spirit to stones\",\"potentialAction\":[{\"@type\":\"SearchAction\",\"target\":{\"@type\":\"EntryPoint\",\"urlTemplate\":\"https:\/\/danangsculpture.com.vn\/?s={search_term_string}\"},\"query-input\":\"required name=search_term_string\"}],\"inLanguage\":\"vi\"},{\"@type\":\"ImageObject\",\"@id\":\"https:\/\/danangsculpture.com.vn\/product\/enboy-angel-stone-fireplace-surroundvilo-suoi-em-be-thien-than-bang-da\/#primaryimage\",\"inLanguage\":\"vi\",\"url\":\"https:\/\/danangsculpture.com.vn\/wp-content\/uploads\/2021\/06\/1488272116.jpg\",\"contentUrl\":\"https:\/\/danangsculpture.com.vn\/wp-content\/uploads\/2021\/06\/1488272116.jpg\",\"width\":450,\"height\":600},{\"@type\":\"WebPage\",\"@id\":\"https:\/\/danangsculpture.com.vn\/product\/enboy-angel-stone-fireplace-surroundvilo-suoi-em-be-thien-than-bang-da\/#webpage\",\"url\":\"https:\/\/danangsculpture.com.vn\/product\/enboy-angel-stone-fireplace-surroundvilo-suoi-em-be-thien-than-bang-da\/\",\"name\":\"[:en]Boy Angel Stone Fireplace Surround[:vi]L\\u00f2 s\\u01b0\\u1edfi em b\\u00e9 thi\\u00ean th\\u1ea7n b\\u1eb1ng \\u0111\\u00e1[:] - Danang Sculpture Foundation\",\"isPartOf\":{\"@id\":\"https:\/\/danangsculpture.com.vn\/#website\"},\"primaryImageOfPage\":{\"@id\":\"https:\/\/danangsculpture.com.vn\/product\/enboy-angel-stone-fireplace-surroundvilo-suoi-em-be-thien-than-bang-da\/#primaryimage\"},\"datePublished\":\"2021-06-14T04:24:00+00:00\",\"dateModified\":\"2021-06-14T04:29:19+00:00\",\"breadcrumb\":{\"@id\":\"https:\/\/danangsculpture.com.vn\/product\/enboy-angel-stone-fireplace-surroundvilo-suoi-em-be-thien-than-bang-da\/#breadcrumb\"},\"inLanguage\":\"vi\",\"potentialAction\":[{\"@type\":\"ReadAction\",\"target\":[\"https:\/\/danangsculpture.com.vn\/product\/enboy-angel-stone-fireplace-surroundvilo-suoi-em-be-thien-than-bang-da\/\"]}]},{\"@type\":\"BreadcrumbList\",\"@id\":\"https:\/\/danangsculpture.com.vn\/product\/enboy-angel-stone-fireplace-surroundvilo-suoi-em-be-thien-than-bang-da\/#breadcrumb\",\"itemListElement\":[{\"@type\":\"ListItem\",\"position\":1,\"name\":\"Home\",\"item\":\"https:\/\/danangsculpture.com.vn\/\"},{\"@type\":\"ListItem\",\"position\":2,\"name\":\"Shop\",\"item\":\"https:\/\/danangsculpture.com.vn\/vi\/shop\/\"},{\"@type\":\"ListItem\",\"position\":3,\"name\":\"Boy Angel Stone Fireplace Surround\"}]}]}<\/script>\n<!-- \/ Yoast SEO plugin. -->","_links":{"self":[{"href":"https:\/\/danangsculpture.com.vn\/vi\/wp-json\/wp\/v2\/product\/819","targetHints":{"allow":["GET"]}}],"collection":[{"href":"https:\/\/danangsculpture.com.vn\/vi\/wp-json\/wp\/v2\/product"}],"about":[{"href":"https:\/\/danangsculpture.com.vn\/vi\/wp-json\/wp\/v2\/types\/product"}],"replies":[{"embeddable":true,"href":"https:\/\/danangsculpture.com.vn\/vi\/wp-json\/wp\/v2\/comments?post=819"}],"wp:featuredmedia":[{"embeddable":true,"href":"https:\/\/danangsculpture.com.vn\/vi\/wp-json\/wp\/v2\/media\/869"}],"wp:attachment":[{"href":"https:\/\/danangsculpture.com.vn\/vi\/wp-json\/wp\/v2\/media?parent=819"}],"wp:term":[{"taxonomy":"product_cat","embeddable":true,"href":"https:\/\/danangsculpture.com.vn\/vi\/wp-json\/wp\/v2\/product_cat?post=819"},{"taxonomy":"product_tag","embeddable":true,"href":"https:\/\/danangsculpture.com.vn\/vi\/wp-json\/wp\/v2\/product_tag?post=819"}],"curies":[{"name":"wp","href":"https:\/\/api.w.org\/{rel}","templated":true}]}}